{"id":2547,"date":"2026-01-19T10:25:37","date_gmt":"2026-01-19T10:25:37","guid":{"rendered":"https:\/\/www.shouyasanitary.com\/?post_type=product&#038;p=2547"},"modified":"2026-01-19T10:25:56","modified_gmt":"2026-01-19T10:25:56","slug":"modern-bathroom-vanities-wholesale","status":"publish","type":"product","link":"https:\/\/www.shouyasanitary.com\/es\/producto\/modern-bathroom-vanities-wholesale\/","title":{"rendered":"Tocadores de ba\u00f1o al por mayor, mueble de ba\u00f1o de pared Fabricante"},"content":{"rendered":"<div class=\"wp-block-columns is-layout-flex wp-container-core-columns-is-layout-9d6595d7 wp-block-columns-is-layout-flex\">\n<div class=\"wp-block-column is-layout-flow wp-block-column-is-layout-flow\">\n<h2 class=\"wp-block-heading\">Caracter\u00edsticas de los tocadores de ba\u00f1o modernos\uff1a<\/h2>\n\n\n\n<p><strong>Ligero y f\u00e1cil de instalar: <\/strong>El tablero de PVC es ligero y tiene una buena procesabilidad, lo que crea un armario suspendido que no s\u00f3lo reduce la carga sobre la pared, sino que tambi\u00e9n tiene una mayor comodidad de instalaci\u00f3n. <\/p>\n\n\n\n<p><strong>Material impermeable: <\/strong>El propio material de PVC no absorbe agua ni se estropea, y resiste perfectamente la invasi\u00f3n de vapor de agua en el cuarto de ba\u00f1o. Aunque est\u00e9 mucho tiempo en un ambiente h\u00famedo, no se enmohece ni se deforma como los armarios de madera, por lo que es especialmente adecuado para zonas de ba\u00f1o con poca ventilaci\u00f3n, y es m\u00e1s duradero para el uso diario.<\/p>\n\n\n\n<p><strong>Aspecto moderno: <\/strong>El mueble de PVC gris oscuro y el lavabo de cer\u00e1mica blanca crean un contraste cl\u00e1sico, mientras que los sencillos espejos circulares y las l\u00edneas minimalistas aportan una sensaci\u00f3n de lujo que encaja a la perfecci\u00f3n en varios estilos de ba\u00f1o.<\/p>\n\n\n\n<p><strong>Limpieza y mantenimiento sencillos: <\/strong> La superficie de PVC es lisa y compacta, y el lavabo de cer\u00e1mica tambi\u00e9n es f\u00e1cil de limpiar. Las manchas diarias de salpicaduras de agua y espuma pueden limpiarse con un trapo, y el mueble resiste ligeros ara\u00f1azos. Se puede mantener siempre limpio y bonito sin tener que ocuparse del mantenimiento.<\/p>\n\n\n\n<p><strong>Estricto control de calidad en origen<\/strong>: Como fabricante, Shouya tiene un profundo conocimiento de cada detalle del producto, lo que puede garantizar la calidad estable del producto y la coherencia con el efecto de visualizaci\u00f3n desde el origen, reduciendo la inspecci\u00f3n de calidad y los costes posventa.<\/p>\n<\/div>\n\n\n\n<div class=\"wp-block-column is-layout-flow wp-block-column-is-layout-flow\"><div class=\"wp-block-image\">\n<figure class=\"aligncenter size-full\"><img decoding=\"async\" width=\"700\" height=\"700\" src=\"https:\/\/www.shouyasanitary.com\/wp-content\/uploads\/2025\/12\/Custom-Solutions-Bathroom-Cabinet-With-Drawers.jpg\" alt=\"Soluciones a medida Armario de ba\u00f1o con cajones\" class=\"wp-image-2548\" style=\"object-fit:cover\" srcset=\"https:\/\/www.shouyasanitary.com\/wp-content\/uploads\/2025\/12\/Custom-Solutions-Bathroom-Cabinet-With-Drawers.jpg 700w, https:\/\/www.shouyasanitary.com\/wp-content\/uploads\/2025\/12\/Custom-Solutions-Bathroom-Cabinet-With-Drawers-300x300.jpg 300w, https:\/\/www.shouyasanitary.com\/wp-content\/uploads\/2025\/12\/Custom-Solutions-Bathroom-Cabinet-With-Drawers-150x150.jpg 150w, https:\/\/www.shouyasanitary.com\/wp-content\/uploads\/2025\/12\/Custom-Solutions-Bathroom-Cabinet-With-Drawers-12x12.jpg 12w, https:\/\/www.shouyasanitary.com\/wp-content\/uploads\/2025\/12\/Custom-Solutions-Bathroom-Cabinet-With-Drawers-600x600.jpg 600w, https:\/\/www.shouyasanitary.com\/wp-content\/uploads\/2025\/12\/Custom-Solutions-Bathroom-Cabinet-With-Drawers-100x100.jpg 100w\" sizes=\"(max-width: 700px) 100vw, 700px\" \/><\/figure>\n<\/div><\/div>\n<\/div>","protected":false},"excerpt":{"rendered":"<p>Los tocadores de ba\u00f1o modernos de Shouya se venden al por mayor con armarios de PVC montados en la pared con cajones y espejos, que combinan un dise\u00f1o minimalista con una funcionalidad que ahorra espacio, perfecta para proyectos B2B. P\u00f3ngase en contacto con nosotros para obtener un presupuesto y un cat\u00e1logo de productos.<\/p>\n<h2>tocadores de ba\u00f1o modernos atributos\uff1a<\/h2>\n<p><strong>Material del armario:<\/strong> PVC<br \/><strong>Color del armario:\u00a0<\/strong>Gris<br \/><strong>Espejo:<\/strong> Espejo LED (3,5 mm\/3,8 mm), iluminaci\u00f3n tricolor, desempa\u00f1ado con un solo toque, protegido con embalaje de espuma multicapa<br \/><strong>Tipo de instalaci\u00f3n:<\/strong>\u00a0Montaje en pared<br \/><strong>Dimensiones (L\u00d7A\u00d7H):<\/strong> 100*47,5*50 cm<br \/><strong>Peso bruto:<\/strong> 38 kg\/set<\/p>\n<h2>Personalizaci\u00f3n y servicios:<\/h2>\n<p><strong>OEM Y ODM<\/strong>: Soporte<br \/><strong>Dise\u00f1o<\/strong>: Gratis<br \/><strong>Accesorios<\/strong>: Lavabos, espejos, grifos y otros accesorios de ba\u00f1o<br \/><strong>Embalaje<\/strong>: Listo para montar<\/p>","protected":false},"featured_media":2548,"comment_status":"closed","ping_status":"closed","template":"","meta":{"_acf_changed":true},"product_brand":[],"product_cat":[24],"product_tag":[],"class_list":{"0":"post-2547","1":"product","2":"type-product","3":"status-publish","4":"has-post-thumbnail","6":"product_cat-wholesale-pvc-bathroom-vanity-cabinets","8":"first","9":"instock","10":"shipping-taxable","11":"product-type-simple"},"acf":[],"_links":{"self":[{"href":"https:\/\/www.shouyasanitary.com\/es\/wp-json\/wp\/v2\/product\/2547","targetHints":{"allow":["GET"]}}],"collection":[{"href":"https:\/\/www.shouyasanitary.com\/es\/wp-json\/wp\/v2\/product"}],"about":[{"href":"https:\/\/www.shouyasanitary.com\/es\/wp-json\/wp\/v2\/types\/product"}],"replies":[{"embeddable":true,"href":"https:\/\/www.shouyasanitary.com\/es\/wp-json\/wp\/v2\/comments?post=2547"}],"wp:featuredmedia":[{"embeddable":true,"href":"https:\/\/www.shouyasanitary.com\/es\/wp-json\/wp\/v2\/media\/2548"}],"wp:attachment":[{"href":"https:\/\/www.shouyasanitary.com\/es\/wp-json\/wp\/v2\/media?parent=2547"}],"wp:term":[{"taxonomy":"product_brand","embeddable":true,"href":"https:\/\/www.shouyasanitary.com\/es\/wp-json\/wp\/v2\/product_brand?post=2547"},{"taxonomy":"product_cat","embeddable":true,"href":"https:\/\/www.shouyasanitary.com\/es\/wp-json\/wp\/v2\/product_cat?post=2547"},{"taxonomy":"product_tag","embeddable":true,"href":"https:\/\/www.shouyasanitary.com\/es\/wp-json\/wp\/v2\/product_tag?post=2547"}],"curies":[{"name":"wp","href":"https:\/\/api.w.org\/{rel}","templated":true}]}}