{"id":2610,"date":"2026-01-24T08:44:36","date_gmt":"2026-01-24T08:44:36","guid":{"rendered":"https:\/\/www.shouyasanitary.com\/?post_type=product&#038;p=2610"},"modified":"2026-01-24T08:46:09","modified_gmt":"2026-01-24T08:46:09","slug":"custom-green-bathroom-vanity-cabinet","status":"publish","type":"product","link":"https:\/\/www.shouyasanitary.com\/es\/producto\/custom-green-bathroom-vanity-cabinet\/","title":{"rendered":"Custom Green Cuarto de ba\u00f1o Vanity Cabinet, Wall Hung BathroomCabinet PVC para Apartamento Hotel a granel"},"content":{"rendered":"<div class=\"wp-block-columns is-layout-flex wp-container-core-columns-is-layout-9d6595d7 wp-block-columns-is-layout-flex\">\n<div class=\"wp-block-column is-layout-flow wp-block-column-is-layout-flow\">\n<h2 class=\"wp-block-heading\">Caracter\u00edsticas del gabinete de la vanidad del cuarto de ba\u00f1o verde\uff1a<\/h2>\n\n\n\n<p><strong>Armario de PVC:<\/strong> Fabricado con tablero de PVC de alta calidad, con acabado mate y tacto delicado. No s\u00f3lo tiene un aspecto fresco y curativo, sino que tambi\u00e9n posee una excelente resistencia a la humedad y a las manchas. La estructura molecular del material de PVC es herm\u00e9tica, lo que puede aislar el vapor de agua y la humedad en el cuarto de ba\u00f1o. No es f\u00e1cil que se enmohezca o deforme tras un uso prolongado.<\/p>\n\n\n\n<p><strong>F\u00e1cil de mantener<\/strong>en: La limpieza diaria s\u00f3lo requiere pasar suavemente un pa\u00f1o h\u00famedo, y las manchas de agua y suciedad de la superficie pueden eliminarse f\u00e1cilmente, sin ninguna carga de mantenimiento.<\/p>\n\n\n\n<p><strong>Base integrada de cer\u00e1mica antibacteriana<\/strong>en: El lavabo integrado de cer\u00e1mica a juego se cuece a alta temperatura, con una superficie lisa y densa que no es f\u00e1cil de criar bacterias, y las manchas se pueden limpiar inmediatamente. El dise\u00f1o integrado elimina los puntos ciegos de higiene en el borde del lavabo, diciendo adi\u00f3s a los problemas de filtraciones de agua y moho de los lavabos tradicionales, manteniendo la encimera limpia y refrescante en todo momento.<\/p>\n\n\n\n<p><strong>Armario con espejo luminoso inteligente:<\/strong> Las tiras de luz LED est\u00e1n incrustadas en ambos lados del espejo, con luz suave y no deslumbrante, que puede presentar claramente los detalles faciales durante el maquillaje y el cuidado de la piel. El espejo viene con una pantalla de tiempo y una funci\u00f3n de desempa\u00f1ado de un solo clic, lo que le permite restaurar r\u00e1pidamente im\u00e1genes claras sin limpiar despu\u00e9s del ba\u00f1o.<\/p>\n\n\n\n<p><strong>Dise\u00f1o de almacenamiento en capas:<\/strong> la combinaci\u00f3n de una puerta de armario cerrada a la izquierda y un caj\u00f3n doble a la derecha consigue una divisi\u00f3n cient\u00edfica de los suministros del cuarto de ba\u00f1o. Los art\u00edculos de aseo comunes pueden guardarse en cajones, mientras que los art\u00edculos grandes, como toallas y albornoces, pueden colocarse en armarios laterales, lo que permite que la encimera diga adi\u00f3s al desorden y crea un espacio de ba\u00f1o limpio y ordenado.<\/p>\n<\/div>\n\n\n\n<div class=\"wp-block-column is-layout-flow wp-block-column-is-layout-flow\"><div class=\"wp-block-image\">\n<figure class=\"aligncenter size-full\"><img decoding=\"async\" width=\"700\" height=\"700\" src=\"https:\/\/www.shouyasanitary.com\/wp-content\/uploads\/2026\/01\/Custom-Solutions-Bathroom-Vanity-1.webp\" alt=\"\" class=\"wp-image-2612\" style=\"object-fit:cover\" srcset=\"https:\/\/www.shouyasanitary.com\/wp-content\/uploads\/2026\/01\/Custom-Solutions-Bathroom-Vanity-1.webp 700w, https:\/\/www.shouyasanitary.com\/wp-content\/uploads\/2026\/01\/Custom-Solutions-Bathroom-Vanity-1-300x300.webp 300w, https:\/\/www.shouyasanitary.com\/wp-content\/uploads\/2026\/01\/Custom-Solutions-Bathroom-Vanity-1-150x150.webp 150w, https:\/\/www.shouyasanitary.com\/wp-content\/uploads\/2026\/01\/Custom-Solutions-Bathroom-Vanity-1-12x12.webp 12w, https:\/\/www.shouyasanitary.com\/wp-content\/uploads\/2026\/01\/Custom-Solutions-Bathroom-Vanity-1-600x600.webp 600w, https:\/\/www.shouyasanitary.com\/wp-content\/uploads\/2026\/01\/Custom-Solutions-Bathroom-Vanity-1-100x100.webp 100w\" sizes=\"(max-width: 700px) 100vw, 700px\" \/><\/figure>\n<\/div><\/div>\n<\/div>\n\n\n\n<p><\/p>","protected":false},"excerpt":{"rendered":"<p>Mueble de ba\u00f1o ecol\u00f3gico a medida con cuerpo de PVC, lavabo de cer\u00e1mica antibacteriana, espejo LED y almacenamiento inteligente, que equilibra a la perfecci\u00f3n comodidad y elegancia para proyectos residenciales y comerciales. \u00a1P\u00f3ngase en contacto con nosotros para obtener un presupuesto y un cat\u00e1logo de productos!<\/p>\n<h2>Gabinete de la vanidad del cuarto de ba\u00f1o verde Attributes\uff1a<\/h2>\n<p><strong>Modelo:<\/strong>6108-80<strong><br \/>Material del armario:<\/strong> PVC<br \/><strong>Color del armario: <\/strong>Verde<br \/><strong>Espejo:<\/strong> Espejo LED (3,5 mm\/3,8 mm), iluminaci\u00f3n tricolor, desempa\u00f1ado con un solo toque, protegido con embalaje de espuma multicapa<br \/><strong>Tipo de instalaci\u00f3n:<\/strong>\u00a0Montaje en pared<br \/><strong>Dimensiones (L\u00d7A\u00d7H):<\/strong> 80*48*50 cm<br \/><strong>Peso bruto:<\/strong> 32 kg\/set<\/p>\n<h2>Personalizaci\u00f3n y servicios:<\/h2>\n<p><strong>OEM Y ODM<\/strong>: Soporte<br \/><strong>Dise\u00f1o<\/strong>: Gratis<br \/><strong>Accesorios<\/strong>: Lavabos, espejos, grifos y otros accesorios de ba\u00f1o<br \/><strong>Embalaje<\/strong>: Listo para montar<\/p>","protected":false},"featured_media":2614,"comment_status":"closed","ping_status":"closed","template":"","meta":{"_acf_changed":true},"product_brand":[],"product_cat":[24],"product_tag":[],"class_list":{"0":"post-2610","1":"product","2":"type-product","3":"status-publish","4":"has-post-thumbnail","6":"product_cat-wholesale-pvc-bathroom-vanity-cabinets","8":"first","9":"instock","10":"shipping-taxable","11":"product-type-simple"},"acf":[],"_links":{"self":[{"href":"https:\/\/www.shouyasanitary.com\/es\/wp-json\/wp\/v2\/product\/2610","targetHints":{"allow":["GET"]}}],"collection":[{"href":"https:\/\/www.shouyasanitary.com\/es\/wp-json\/wp\/v2\/product"}],"about":[{"href":"https:\/\/www.shouyasanitary.com\/es\/wp-json\/wp\/v2\/types\/product"}],"replies":[{"embeddable":true,"href":"https:\/\/www.shouyasanitary.com\/es\/wp-json\/wp\/v2\/comments?post=2610"}],"wp:featuredmedia":[{"embeddable":true,"href":"https:\/\/www.shouyasanitary.com\/es\/wp-json\/wp\/v2\/media\/2614"}],"wp:attachment":[{"href":"https:\/\/www.shouyasanitary.com\/es\/wp-json\/wp\/v2\/media?parent=2610"}],"wp:term":[{"taxonomy":"product_brand","embeddable":true,"href":"https:\/\/www.shouyasanitary.com\/es\/wp-json\/wp\/v2\/product_brand?post=2610"},{"taxonomy":"product_cat","embeddable":true,"href":"https:\/\/www.shouyasanitary.com\/es\/wp-json\/wp\/v2\/product_cat?post=2610"},{"taxonomy":"product_tag","embeddable":true,"href":"https:\/\/www.shouyasanitary.com\/es\/wp-json\/wp\/v2\/product_tag?post=2610"}],"curies":[{"name":"wp","href":"https:\/\/api.w.org\/{rel}","templated":true}]}}