{"id":2615,"date":"2026-01-24T09:01:53","date_gmt":"2026-01-24T09:01:53","guid":{"rendered":"https:\/\/www.shouyasanitary.com\/?post_type=product&#038;p=2615"},"modified":"2026-01-24T09:11:37","modified_gmt":"2026-01-24T09:11:37","slug":"oem-bathroom-vanity-cabinet-with-sink","status":"publish","type":"product","link":"https:\/\/www.shouyasanitary.com\/es\/producto\/oem-bathroom-vanity-cabinet-with-sink\/","title":{"rendered":"OEM Armario de Ba\u00f1o con Lavabo, Armario de Ba\u00f1o con Espejo LED Inteligente Proveedor"},"content":{"rendered":"<div class=\"wp-block-columns is-layout-flex wp-container-core-columns-is-layout-9d6595d7 wp-block-columns-is-layout-flex\">\n<div class=\"wp-block-column is-layout-flow wp-block-column-is-layout-flow\">\n<h2 class=\"wp-block-heading\">Caracter\u00edsticas del gabinete de la vanidad del cuarto de ba\u00f1o con el fregadero\uff1a<\/h2>\n\n\n\n<p><strong>Estilo minimalista:<\/strong> El mueble principal es de un solo color dorado, de aspecto muy grandioso y adecuado para los tiempos modernos. Es un espacio de ba\u00f1o lujoso con un dise\u00f1o visual sencillo y materiales de alta calidad.<\/p>\n\n\n\n<p><strong>Almacenamiento pr\u00e1ctico:<\/strong>\u00a0Cuerpo de mueble de un solo caj\u00f3n, almacena f\u00e1cilmente los art\u00edculos de aseo. La instalaci\u00f3n en la pared ahorra espacio en el suelo, al mismo tiempo que evita rincones ocultos, lo que hace que la limpieza sea m\u00e1s c\u00f3moda.<\/p>\n\n\n\n<p><strong>Base cer\u00e1mica integrada<\/strong>en: Haciendo que el espacio de la encimera sea suficiente, puede contener la colada diaria y otros art\u00edculos, y es f\u00e1cil de coger, es resistente a las manchas y f\u00e1cil de limpiar. Basta con pasar un pa\u00f1o de limpieza y las manchas se pueden quitar f\u00e1cilmente.<\/p>\n\n\n\n<p><strong>Materiales de alta calidad:<\/strong>\u00a0Utiliza material de PVC de alta calidad y respetuoso con el medio ambiente. Es impermeable y a prueba de humedad, la superficie de la puerta del armario es resistente a los ara\u00f1azos y resistente al desgaste, y tiene una fuerte durabilidad.<\/p>\n\n\n\n<p><strong>Fabricante profesional de sanitarios:<\/strong> Un equipo con 20 a\u00f1os de experiencia en exportaci\u00f3n comprueba estrictamente la calidad, toda la cadena de producci\u00f3n controla la calidad, personaliza embalajes de alta calidad para garantizar el transporte, y el servicio posventa es excelente, por lo que la compra de armarios de ba\u00f1o aporta una doble tranquilidad.<\/p>\n<\/div>\n\n\n\n<div class=\"wp-block-column is-layout-flow wp-block-column-is-layout-flow\"><div class=\"wp-block-image\">\n<figure class=\"aligncenter size-full\"><img decoding=\"async\" width=\"700\" height=\"700\" src=\"https:\/\/www.shouyasanitary.com\/wp-content\/uploads\/2026\/01\/wholesale-customization-PVC-wall-mounted-bathroom-vanity.webp\" alt=\"personalizaci\u00f3n al por mayor PVC montado en la pared tocador de ba\u00f1o\" class=\"wp-image-2616\" style=\"object-fit:cover\" srcset=\"https:\/\/www.shouyasanitary.com\/wp-content\/uploads\/2026\/01\/wholesale-customization-PVC-wall-mounted-bathroom-vanity.webp 700w, https:\/\/www.shouyasanitary.com\/wp-content\/uploads\/2026\/01\/wholesale-customization-PVC-wall-mounted-bathroom-vanity-300x300.webp 300w, https:\/\/www.shouyasanitary.com\/wp-content\/uploads\/2026\/01\/wholesale-customization-PVC-wall-mounted-bathroom-vanity-150x150.webp 150w, https:\/\/www.shouyasanitary.com\/wp-content\/uploads\/2026\/01\/wholesale-customization-PVC-wall-mounted-bathroom-vanity-12x12.webp 12w, https:\/\/www.shouyasanitary.com\/wp-content\/uploads\/2026\/01\/wholesale-customization-PVC-wall-mounted-bathroom-vanity-600x600.webp 600w, https:\/\/www.shouyasanitary.com\/wp-content\/uploads\/2026\/01\/wholesale-customization-PVC-wall-mounted-bathroom-vanity-100x100.webp 100w\" sizes=\"(max-width: 700px) 100vw, 700px\" \/><\/figure>\n<\/div><\/div>\n<\/div>","protected":false},"excerpt":{"rendered":"<p>Mueble de ba\u00f1o OEM con lavabo de elegante dise\u00f1o dorado, cuerpo de PVC respetuoso con el medio ambiente y lavabo de cer\u00e1mica integrado. El dise\u00f1o de un solo caj\u00f3n montado en la pared ahorra espacio y es f\u00e1cil de limpiar. Shouya fabricante de suministros, ofrece personalizaci\u00f3n y excelentes servicios. P\u00f3ngase en contacto con nosotros hoy mismo para solicitar un presupuesto.<\/p>\n<h2>Gabinete de la vanidad del cuarto de ba\u00f1o con los atributos del fregadero\uff1a<\/h2>\n<p><strong>Modelo:<\/strong>6113-80<strong><br \/>Material del armario:<\/strong> PVC<br \/><strong>Color del armario: <\/strong>Marr\u00f3n<br \/><strong>Espejo:<\/strong> Espejo LED (3,5 mm\/3,8 mm), iluminaci\u00f3n tricolor, desempa\u00f1ado con un solo toque, protegido con embalaje de espuma multicapa<br \/><strong>Tipo de instalaci\u00f3n:<\/strong>\u00a0Montaje en pared<br \/><strong>Dimensiones (L\u00d7A\u00d7H):<\/strong> 80*47*50 cm<br \/><strong>Peso bruto:<\/strong> 35 kg\/set<\/p>\n<h2>Personalizaci\u00f3n y servicios:<\/h2>\n<p><strong>OEM Y ODM<\/strong>: Soporte<br \/><strong>Dise\u00f1o<\/strong>: Gratis<br \/><strong>Accesorios<\/strong>: Lavabos, espejos, grifos y otros accesorios de ba\u00f1o<br \/><strong>Embalaje<\/strong>: Listo para montar<\/p>","protected":false},"featured_media":2616,"comment_status":"closed","ping_status":"closed","template":"","meta":{"_acf_changed":true},"product_brand":[],"product_cat":[24],"product_tag":[],"class_list":{"0":"post-2615","1":"product","2":"type-product","3":"status-publish","4":"has-post-thumbnail","6":"product_cat-wholesale-pvc-bathroom-vanity-cabinets","8":"first","9":"instock","10":"shipping-taxable","11":"product-type-simple"},"acf":[],"_links":{"self":[{"href":"https:\/\/www.shouyasanitary.com\/es\/wp-json\/wp\/v2\/product\/2615","targetHints":{"allow":["GET"]}}],"collection":[{"href":"https:\/\/www.shouyasanitary.com\/es\/wp-json\/wp\/v2\/product"}],"about":[{"href":"https:\/\/www.shouyasanitary.com\/es\/wp-json\/wp\/v2\/types\/product"}],"replies":[{"embeddable":true,"href":"https:\/\/www.shouyasanitary.com\/es\/wp-json\/wp\/v2\/comments?post=2615"}],"wp:featuredmedia":[{"embeddable":true,"href":"https:\/\/www.shouyasanitary.com\/es\/wp-json\/wp\/v2\/media\/2616"}],"wp:attachment":[{"href":"https:\/\/www.shouyasanitary.com\/es\/wp-json\/wp\/v2\/media?parent=2615"}],"wp:term":[{"taxonomy":"product_brand","embeddable":true,"href":"https:\/\/www.shouyasanitary.com\/es\/wp-json\/wp\/v2\/product_brand?post=2615"},{"taxonomy":"product_cat","embeddable":true,"href":"https:\/\/www.shouyasanitary.com\/es\/wp-json\/wp\/v2\/product_cat?post=2615"},{"taxonomy":"product_tag","embeddable":true,"href":"https:\/\/www.shouyasanitary.com\/es\/wp-json\/wp\/v2\/product_tag?post=2615"}],"curies":[{"name":"wp","href":"https:\/\/api.w.org\/{rel}","templated":true}]}}