{"id":2619,"date":"2026-01-30T03:48:26","date_gmt":"2026-01-30T03:48:26","guid":{"rendered":"https:\/\/www.shouyasanitary.com\/?post_type=product&#038;p=2619"},"modified":"2026-03-04T02:59:48","modified_gmt":"2026-03-04T02:59:48","slug":"custom-grey-bathroom-cabinets","status":"publish","type":"product","link":"https:\/\/www.shouyasanitary.com\/es\/producto\/custom-grey-bathroom-cabinets\/","title":{"rendered":"Gabinetes de Ba\u00f1o Grises Personalizados, Vanitorio de Ba\u00f1o Flotante con Espejo Inteligente Proveedor de Doble Caj\u00f3n"},"content":{"rendered":"<div class=\"wp-block-columns is-layout-flex wp-container-core-columns-is-layout-9d6595d7 wp-block-columns-is-layout-flex\">\n<div class=\"wp-block-column is-layout-flow wp-block-column-is-layout-flow\">\n<h2 class=\"wp-block-heading\">Caracter\u00edsticas de los armarios de ba\u00f1o grises\uff1a<\/h2>\n\n\n\n<p><strong>Tono gris moderno:<\/strong> El cuerpo principal del armario est\u00e1 realizado en un dise\u00f1o de tonos grises, presentando un estilo sencillo. La superficie del armario est\u00e1 tratada con un acabado mate, presentando una textura suave y similar a la piel, perfecta para un hotel o apartamento. <\/p>\n\n\n\n<p><strong>Material impermeable<\/strong>: Est\u00e1 fabricado con material ecol\u00f3gico de PVC, impermeable y resistente a la humedad, con un excelente rendimiento y apto para entornos h\u00famedos. La limpieza diaria solo requiere un pa\u00f1o suave.<\/p>\n\n\n\n<p><strong>Funciones pr\u00e1cticas:<\/strong> Adopta un dise\u00f1o de instalaci\u00f3n suspendida, ahorrando espacio en el suelo de forma eficaz. Puede ayudarnos a evitar los puntos ciegos de limpieza al limpiar y est\u00e1 equipado con un dise\u00f1o de almacenamiento de doble caj\u00f3n, lo que facilita el almacenamiento de art\u00edculos de tocador.<\/p>\n\n\n\n<p><strong>Armario con espejo LED inteligente: <\/strong>Presenta un armario con espejo LED rectangular, sencillo y elegante. Los bordes est\u00e1n dise\u00f1ados con esquinas redondeadas para evitar ara\u00f1azos. El espejo tiene tres opciones de color, con retroiluminaci\u00f3n en la parte posterior, un interruptor de control t\u00e1ctil y admite funciones de iluminaci\u00f3n\/desempa\u00f1ado, equilibrando est\u00e9tica y practicidad.<\/p>\n\n\n\n<p><strong>Compatibilidad de estilo: <\/strong>El cuerpo gris del mueble y el sencillo tirador largo, combinados con un lavabo de cer\u00e1mica blanca y un dise\u00f1o de doble caj\u00f3n, pueden aprovechar un gran espacio, almacenando art\u00edculos cotidianos y de aseo. Es compatible con varios estilos de decoraci\u00f3n de ba\u00f1o, realzando f\u00e1cilmente la textura del espacio.<\/p>\n<\/div>\n\n\n\n<div class=\"wp-block-column is-layout-flow wp-block-column-is-layout-flow\"><div class=\"wp-block-image\">\n<figure class=\"aligncenter size-full\"><img decoding=\"async\" width=\"700\" height=\"700\" src=\"https:\/\/www.shouyasanitary.com\/wp-content\/uploads\/2026\/01\/bulk-purchase-large-size-bathroom-cabinet-vanity.webp\" alt=\"compra a granel gran tama\u00f1o mueble de ba\u00f1o vanidad\" class=\"wp-image-2621\" style=\"object-fit:cover\" srcset=\"https:\/\/www.shouyasanitary.com\/wp-content\/uploads\/2026\/01\/bulk-purchase-large-size-bathroom-cabinet-vanity.webp 700w, https:\/\/www.shouyasanitary.com\/wp-content\/uploads\/2026\/01\/bulk-purchase-large-size-bathroom-cabinet-vanity-300x300.webp 300w, https:\/\/www.shouyasanitary.com\/wp-content\/uploads\/2026\/01\/bulk-purchase-large-size-bathroom-cabinet-vanity-150x150.webp 150w, https:\/\/www.shouyasanitary.com\/wp-content\/uploads\/2026\/01\/bulk-purchase-large-size-bathroom-cabinet-vanity-12x12.webp 12w, https:\/\/www.shouyasanitary.com\/wp-content\/uploads\/2026\/01\/bulk-purchase-large-size-bathroom-cabinet-vanity-600x600.webp 600w, https:\/\/www.shouyasanitary.com\/wp-content\/uploads\/2026\/01\/bulk-purchase-large-size-bathroom-cabinet-vanity-100x100.webp 100w\" sizes=\"(max-width: 700px) 100vw, 700px\" \/><\/figure>\n<\/div><\/div>\n<\/div>","protected":false},"excerpt":{"rendered":"<p>Armario gris personalizado Shouya, fabricado en PVC respetuoso con el medio ambiente, con un panel mate y un dise\u00f1o colgante que ahorra espacio. Cuenta con doble caj\u00f3n de almacenamiento, un lavabo de cer\u00e1mica blanca y un armario con espejo LED rectangular con iluminaci\u00f3n t\u00e1ctil y funci\u00f3n de desempa\u00f1ado. Se adapta a varios estilos de decoraci\u00f3n de ba\u00f1o. Personalizaci\u00f3n y venta al por mayor est\u00e1n disponibles. \u00a1Cons\u00faltenos ahora!<\/p>\n<h2>Gabinetes de Ba\u00f1o Grises Atributos\uff1a<\/h2>\n<p><strong>Modelo:<\/strong> 6610-80<br \/><strong>Material del armario:<\/strong> PVC<br \/><strong>Color del armario: <\/strong>Gris<br \/><strong>Espejo:<\/strong> Espejo LED (3,5 mm\/3,8 mm), iluminaci\u00f3n tricolor, desempa\u00f1ado con un solo toque, protegido con embalaje de espuma multicapa<br \/><strong>Tipo de instalaci\u00f3n:<\/strong>\u00a0Montaje en pared<br \/><strong>Dimensiones (L\u00d7A\u00d7H):<\/strong> 80*47*50 cm<br \/><strong>Peso bruto:<\/strong> 34 kg\/set<\/p>\n<h2>Personalizaci\u00f3n y servicios:<\/h2>\n<p><strong>OEM Y ODM<\/strong>: Soporte<br \/><strong>Dise\u00f1o<\/strong>: Gratis<br \/><strong>Accesorios<\/strong>: Lavabos, espejos, grifos y otros accesorios de ba\u00f1o<br \/><strong>Embalaje<\/strong>: Listo para montar<\/p>","protected":false},"featured_media":2621,"comment_status":"closed","ping_status":"closed","template":"","meta":{"_acf_changed":false},"product_brand":[],"product_cat":[24],"product_tag":[],"class_list":{"0":"post-2619","1":"product","2":"type-product","3":"status-publish","4":"has-post-thumbnail","6":"product_cat-wholesale-pvc-bathroom-vanity-cabinets","8":"first","9":"instock","10":"shipping-taxable","11":"product-type-simple"},"acf":[],"_links":{"self":[{"href":"https:\/\/www.shouyasanitary.com\/es\/wp-json\/wp\/v2\/product\/2619","targetHints":{"allow":["GET"]}}],"collection":[{"href":"https:\/\/www.shouyasanitary.com\/es\/wp-json\/wp\/v2\/product"}],"about":[{"href":"https:\/\/www.shouyasanitary.com\/es\/wp-json\/wp\/v2\/types\/product"}],"replies":[{"embeddable":true,"href":"https:\/\/www.shouyasanitary.com\/es\/wp-json\/wp\/v2\/comments?post=2619"}],"wp:featuredmedia":[{"embeddable":true,"href":"https:\/\/www.shouyasanitary.com\/es\/wp-json\/wp\/v2\/media\/2621"}],"wp:attachment":[{"href":"https:\/\/www.shouyasanitary.com\/es\/wp-json\/wp\/v2\/media?parent=2619"}],"wp:term":[{"taxonomy":"product_brand","embeddable":true,"href":"https:\/\/www.shouyasanitary.com\/es\/wp-json\/wp\/v2\/product_brand?post=2619"},{"taxonomy":"product_cat","embeddable":true,"href":"https:\/\/www.shouyasanitary.com\/es\/wp-json\/wp\/v2\/product_cat?post=2619"},{"taxonomy":"product_tag","embeddable":true,"href":"https:\/\/www.shouyasanitary.com\/es\/wp-json\/wp\/v2\/product_tag?post=2619"}],"curies":[{"name":"wp","href":"https:\/\/api.w.org\/{rel}","templated":true}]}}