{"id":2633,"date":"2026-02-03T07:33:30","date_gmt":"2026-02-03T07:33:30","guid":{"rendered":"https:\/\/www.shouyasanitary.com\/?post_type=product&#038;p=2633"},"modified":"2026-02-03T07:36:55","modified_gmt":"2026-02-03T07:36:55","slug":"custom-mirrors-for-bathrooms","status":"publish","type":"product","link":"https:\/\/www.shouyasanitary.com\/es\/producto\/custom-mirrors-for-bathrooms\/","title":{"rendered":"Espejos a medida para ba\u00f1os Marco negro Espejo LED para hotel"},"content":{"rendered":"<div class=\"wp-block-columns is-layout-flex wp-container-core-columns-is-layout-9d6595d7 wp-block-columns-is-layout-flex\">\n<div class=\"wp-block-column is-layout-flow wp-block-column-is-layout-flow\">\n<h2 class=\"wp-block-heading\">Caracter\u00edsticas de los espejos para ba\u00f1os\uff1a<\/h2>\n\n\n\n<p><strong>Luz de relleno inteligente<\/strong>: Las perlas LED incrustadas en el espejo proporcionan una luz uniforme y suave, simulan los efectos de la luz natural, reducen las sombras faciales y presentan con precisi\u00f3n los detalles durante el maquillaje y el cuidado de la piel.<\/p>\n\n\n\n<p><strong>Impermeable y seguro:<\/strong> Tanto el circuito como las perlas de la l\u00e1mpara llevan un tratamiento impermeable, que cumple las normas de seguridad para la electricidad del cuarto de ba\u00f1o.<\/p>\n\n\n\n<p><strong>Gran durabilidad<\/strong>: El material del bastidor, a prueba de humedad y \u00f3xido, tambi\u00e9n puede soportar ambientes h\u00famedos durante mucho tiempo, no se deforma ni se enmohece con facilidad y tiene una vida \u00fatil m\u00e1s larga.<\/p>\n\n\n\n<p><strong>Sencillo y bonito:<\/strong> El dise\u00f1o del borde arqueado tiene l\u00edneas suaves, y el borde blanco est\u00e1 muy integrado con el estilo de ba\u00f1o moderno. Puede realzar la delicadeza general y la atm\u00f3sfera del espacio.<\/p>\n\n\n\n<p><strong>Gran capacidad de producci\u00f3n en serie:<\/strong> Contamos con l\u00edneas de producci\u00f3n y sistemas de control de calidad maduros, que soportan pedidos de gran volumen con plazos de entrega estables, lo que nos hace id\u00f3neos para la cooperaci\u00f3n a largo plazo con mayoristas extranjeros y proyectos de ingenier\u00eda.<\/p>\n<\/div>\n\n\n\n<div class=\"wp-block-column is-layout-flow wp-block-column-is-layout-flow\"><div class=\"wp-block-image\">\n<figure class=\"aligncenter size-full\"><img decoding=\"async\" width=\"700\" height=\"700\" src=\"https:\/\/www.shouyasanitary.com\/wp-content\/uploads\/2026\/01\/Custom-With-Mirror.webp\" alt=\"Espejo de ba\u00f1o a medida\" class=\"wp-image-2638\" style=\"object-fit:cover\" srcset=\"https:\/\/www.shouyasanitary.com\/wp-content\/uploads\/2026\/01\/Custom-With-Mirror.webp 700w, https:\/\/www.shouyasanitary.com\/wp-content\/uploads\/2026\/01\/Custom-With-Mirror-300x300.webp 300w, https:\/\/www.shouyasanitary.com\/wp-content\/uploads\/2026\/01\/Custom-With-Mirror-150x150.webp 150w, https:\/\/www.shouyasanitary.com\/wp-content\/uploads\/2026\/01\/Custom-With-Mirror-12x12.webp 12w, https:\/\/www.shouyasanitary.com\/wp-content\/uploads\/2026\/01\/Custom-With-Mirror-600x600.webp 600w, https:\/\/www.shouyasanitary.com\/wp-content\/uploads\/2026\/01\/Custom-With-Mirror-100x100.webp 100w\" sizes=\"(max-width: 700px) 100vw, 700px\" \/><\/figure>\n<\/div><\/div>\n<\/div>","protected":false},"excerpt":{"rendered":"<p>Los espejos personalizados para cuartos de ba\u00f1o cuentan con una suave iluminaci\u00f3n LED que simula la luz natural, circuitos impermeables y seguros, marcos duraderos antihumedad y un dise\u00f1o blanco limpio y curvado. Producci\u00f3n estable al por mayor disponible. P\u00f3ngase en contacto con nosotros para proyectos y consultas al por mayor.<\/p>\n<h2>Espejos para Ba\u00f1os Atributos\uff1a<\/h2>\n<p><strong>Material:<\/strong> Pl\u00e1stico ABS y vidrio<br \/><strong>Funci\u00f3n:<\/strong> Iluminaci\u00f3n tricolor, desempa\u00f1ado con un solo toque<strong><br \/><\/strong><strong>Dimensiones:<\/strong> 50\u00d770 cm<br \/><strong>Grosor del espejo:<\/strong> 3,5 mm\/3,8 mm<br \/><strong>Peso bruto:<\/strong> 5kg\/PCS<\/p>\n<h2>Personalizaci\u00f3n y servicios:<\/h2>\n<p><strong>OEM Y ODM<\/strong>: Soporte<br \/><strong>Dise\u00f1o<\/strong>: Gratis<br \/><strong>Embalaje<\/strong>: Embalaje fijo de espuma multicapa<\/p>","protected":false},"featured_media":2638,"comment_status":"closed","ping_status":"closed","template":"","meta":{"_acf_changed":false},"product_brand":[],"product_cat":[26],"product_tag":[],"class_list":{"0":"post-2633","1":"product","2":"type-product","3":"status-publish","4":"has-post-thumbnail","6":"product_cat-wholesale-bathroom-mirror","8":"first","9":"instock","10":"shipping-taxable","11":"product-type-simple"},"acf":[],"_links":{"self":[{"href":"https:\/\/www.shouyasanitary.com\/es\/wp-json\/wp\/v2\/product\/2633","targetHints":{"allow":["GET"]}}],"collection":[{"href":"https:\/\/www.shouyasanitary.com\/es\/wp-json\/wp\/v2\/product"}],"about":[{"href":"https:\/\/www.shouyasanitary.com\/es\/wp-json\/wp\/v2\/types\/product"}],"replies":[{"embeddable":true,"href":"https:\/\/www.shouyasanitary.com\/es\/wp-json\/wp\/v2\/comments?post=2633"}],"wp:featuredmedia":[{"embeddable":true,"href":"https:\/\/www.shouyasanitary.com\/es\/wp-json\/wp\/v2\/media\/2638"}],"wp:attachment":[{"href":"https:\/\/www.shouyasanitary.com\/es\/wp-json\/wp\/v2\/media?parent=2633"}],"wp:term":[{"taxonomy":"product_brand","embeddable":true,"href":"https:\/\/www.shouyasanitary.com\/es\/wp-json\/wp\/v2\/product_brand?post=2633"},{"taxonomy":"product_cat","embeddable":true,"href":"https:\/\/www.shouyasanitary.com\/es\/wp-json\/wp\/v2\/product_cat?post=2633"},{"taxonomy":"product_tag","embeddable":true,"href":"https:\/\/www.shouyasanitary.com\/es\/wp-json\/wp\/v2\/product_tag?post=2633"}],"curies":[{"name":"wp","href":"https:\/\/api.w.org\/{rel}","templated":true}]}}