{"id":2634,"date":"2026-01-30T03:23:35","date_gmt":"2026-01-30T03:23:35","guid":{"rendered":"https:\/\/www.shouyasanitary.com\/?post_type=product&#038;p=2634"},"modified":"2026-01-30T03:26:07","modified_gmt":"2026-01-30T03:26:07","slug":"custom-bathroom-mirror","status":"publish","type":"product","link":"https:\/\/www.shouyasanitary.com\/es\/producto\/custom-bathroom-mirror\/","title":{"rendered":"Espejo de ba\u00f1o personalizado, espejo de ba\u00f1o LED montado en la pared de aleaci\u00f3n de aluminio con interruptor t\u00e1ctil"},"content":{"rendered":"<div class=\"wp-block-columns is-layout-flex wp-container-core-columns-is-layout-9d6595d7 wp-block-columns-is-layout-flex\">\n<div class=\"wp-block-column is-layout-flow wp-block-column-is-layout-flow\">\n<h2 class=\"wp-block-heading\">Caracter\u00edsticas del espejo de ba\u00f1o\uff1a<\/h2>\n\n\n\n<p><strong>Apariencia a la moda:<\/strong> Adopta una art\u00edstica forma de gota de agua, con un contorno suave y l\u00edneas suavizadas, adecuado para diversos estilos, rompiendo el estereotipo del tradicional espejo de forma cuadrada. El marco ofrece m\u00faltiples colores como dorado verdoso, negro, blanco y plateado, proporcionando diversas opciones.<\/p>\n\n\n\n<p><strong>Iluminaci\u00f3n inteligente:<\/strong> Incorpora tiras de LED de alto brillo, la parte posterior de la lente emite luz, proporcionando tres modos de temperatura de color de luz blanca, luz c\u00e1lida y luz natural, que satisfacen diferentes requisitos de escena. <\/p>\n\n\n\n<p><strong>Dise\u00f1o del interruptor t\u00e1ctil<\/strong>: Permite seleccionar el tipo de iluminaci\u00f3n deseado simplemente tocando, y una pulsaci\u00f3n larga puede ajustar el brillo, creando un ambiente c\u00e1lido. El funcionamiento es c\u00f3modo y lleno de sofisticaci\u00f3n.<\/p>\n\n\n\n<p><strong>Material seguro:<\/strong> El armaz\u00f3n est\u00e1 fabricado con material de aluminio de alta calidad, resistente a la oxidaci\u00f3n y la corrosi\u00f3n, y puede utilizarse durante mucho tiempo. La parte trasera est\u00e1 equipada con un gancho reforzado con gran capacidad de carga e instalaci\u00f3n firme. Adem\u00e1s, la superficie del espejo ha sido tratada a prueba de explosiones, lo que lo hace duradero y m\u00e1s c\u00f3modo de usar.<\/p>\n\n\n\n<p><strong>Reflexi\u00f3n realista:<\/strong> Imagen de espejo plateado de alta definici\u00f3n, fiel y sin distorsiones, con gran precisi\u00f3n de reproducci\u00f3n de las diferencias de color. <\/p>\n<\/div>\n\n\n\n<div class=\"wp-block-column is-layout-flow wp-block-column-is-layout-flow\"><div class=\"wp-block-image\">\n<figure class=\"aligncenter size-full\"><img decoding=\"async\" width=\"700\" height=\"700\" src=\"https:\/\/www.shouyasanitary.com\/wp-content\/uploads\/2026\/01\/bulk-purchase-smart-mirror-with-warm-light.webp\" alt=\"compra al por mayor espejo inteligente con luz c\u00e1lida\" class=\"wp-image-2635\" style=\"object-fit:cover\" srcset=\"https:\/\/www.shouyasanitary.com\/wp-content\/uploads\/2026\/01\/bulk-purchase-smart-mirror-with-warm-light.webp 700w, https:\/\/www.shouyasanitary.com\/wp-content\/uploads\/2026\/01\/bulk-purchase-smart-mirror-with-warm-light-300x300.webp 300w, https:\/\/www.shouyasanitary.com\/wp-content\/uploads\/2026\/01\/bulk-purchase-smart-mirror-with-warm-light-150x150.webp 150w, https:\/\/www.shouyasanitary.com\/wp-content\/uploads\/2026\/01\/bulk-purchase-smart-mirror-with-warm-light-12x12.webp 12w, https:\/\/www.shouyasanitary.com\/wp-content\/uploads\/2026\/01\/bulk-purchase-smart-mirror-with-warm-light-600x600.webp 600w, https:\/\/www.shouyasanitary.com\/wp-content\/uploads\/2026\/01\/bulk-purchase-smart-mirror-with-warm-light-100x100.webp 100w\" sizes=\"(max-width: 700px) 100vw, 700px\" \/><\/figure>\n<\/div><\/div>\n<\/div>","protected":false},"excerpt":{"rendered":"<p>Espejo de ba\u00f1o personalizado con forma de l\u00e1grima art\u00edstica, iluminaci\u00f3n LED tricolor de temperatura sensible al tacto, superficie de espejo de alta definici\u00f3n, a prueba de explosiones y alto brillo, y marco de aleaci\u00f3n de aluminio resistente y duradero. Tama\u00f1os y colores personalizables, adecuados para compras al por mayor por hoteles y proyectos de cuartos de ba\u00f1o. Se aceptan consultas.<\/p>\n<h2>Espejo de ba\u00f1o Atributos\uff1a<\/h2>\n<p><strong>Material:<\/strong> Marco de aleaci\u00f3n de aluminio y cristal<br \/><strong>Funci\u00f3n:<\/strong>\u00a0Iluminaci\u00f3n tricolor, desempa\u00f1ado con un solo toque<strong><br \/><\/strong><strong>Dimensiones:<\/strong> 60\u00d780 cm<br \/><strong>Grosor del espejo:<\/strong>\u00a03,5 mm\/3,8 mm<br \/><strong>Peso bruto:<\/strong> 7kg\/PCS<\/p>\n<h2>Personalizaci\u00f3n y servicios:<\/h2>\n<p><strong>OEM Y ODM<\/strong>: Soporte<br \/><strong>Dise\u00f1o<\/strong>: Gratis<br \/><strong>Embalaje<\/strong>: Embalaje fijo de espuma multicapa<\/p>","protected":false},"featured_media":2635,"comment_status":"closed","ping_status":"closed","template":"","meta":{"_acf_changed":true},"product_brand":[],"product_cat":[26],"product_tag":[],"class_list":{"0":"post-2634","1":"product","2":"type-product","3":"status-publish","4":"has-post-thumbnail","6":"product_cat-wholesale-bathroom-mirror","8":"first","9":"instock","10":"shipping-taxable","11":"product-type-simple"},"acf":[],"_links":{"self":[{"href":"https:\/\/www.shouyasanitary.com\/es\/wp-json\/wp\/v2\/product\/2634","targetHints":{"allow":["GET"]}}],"collection":[{"href":"https:\/\/www.shouyasanitary.com\/es\/wp-json\/wp\/v2\/product"}],"about":[{"href":"https:\/\/www.shouyasanitary.com\/es\/wp-json\/wp\/v2\/types\/product"}],"replies":[{"embeddable":true,"href":"https:\/\/www.shouyasanitary.com\/es\/wp-json\/wp\/v2\/comments?post=2634"}],"wp:featuredmedia":[{"embeddable":true,"href":"https:\/\/www.shouyasanitary.com\/es\/wp-json\/wp\/v2\/media\/2635"}],"wp:attachment":[{"href":"https:\/\/www.shouyasanitary.com\/es\/wp-json\/wp\/v2\/media?parent=2634"}],"wp:term":[{"taxonomy":"product_brand","embeddable":true,"href":"https:\/\/www.shouyasanitary.com\/es\/wp-json\/wp\/v2\/product_brand?post=2634"},{"taxonomy":"product_cat","embeddable":true,"href":"https:\/\/www.shouyasanitary.com\/es\/wp-json\/wp\/v2\/product_cat?post=2634"},{"taxonomy":"product_tag","embeddable":true,"href":"https:\/\/www.shouyasanitary.com\/es\/wp-json\/wp\/v2\/product_tag?post=2634"}],"curies":[{"name":"wp","href":"https:\/\/api.w.org\/{rel}","templated":true}]}}