{"id":2641,"date":"2026-02-03T08:13:37","date_gmt":"2026-02-03T08:13:37","guid":{"rendered":"https:\/\/www.shouyasanitary.com\/?post_type=product&#038;p=2641"},"modified":"2026-02-03T09:09:32","modified_gmt":"2026-02-03T09:09:32","slug":"custom-mirrors-bathroom","status":"publish","type":"product","link":"https:\/\/www.shouyasanitary.com\/es\/producto\/custom-mirrors-bathroom\/","title":{"rendered":"Espejos Personalizados Ba\u00f1o con Luces, Espejo Cuadrado de Aluminio 3 Modelos de Color Proveedor"},"content":{"rendered":"<div class=\"wp-block-columns is-layout-flex wp-container-core-columns-is-layout-9d6595d7 wp-block-columns-is-layout-flex\">\n<div class=\"wp-block-column is-layout-flow wp-block-column-is-layout-flow\">\n<h2 class=\"wp-block-heading\">Caracter\u00edsticas de Espejos Ba\u00f1o con Luces\uff1a<\/h2>\n\n\n\n<p><strong>Iluminaci\u00f3n ambiental<\/strong>: Efectos de iluminaci\u00f3n estilo Hollywood, perlas de luz LED dispuestas en un patr\u00f3n circular, con alta calidad de iluminaci\u00f3n de pantalla, luz uniforme y suave, reproduciendo verdaderamente el color de las caracter\u00edsticas, y controlando cada detalle.<\/p>\n\n\n\n<p><strong>Ajuste de temperatura multicolor<\/strong>: Hay tres opciones de color disponibles, el apoyo a la luz blanca, luz c\u00e1lida, y la luz natural de tres modos de temperatura de color. Pulse tres veces para cambiar entre las tres luces, satisfacer diversas necesidades de iluminaci\u00f3n.<\/p>\n\n\n\n<p><strong>Espejo de ba\u00f1o de calidad: <\/strong>Fabricado con espejo de aluminio de alta definici\u00f3n, la imagen es clara y fiel, sin deformaciones, con gran precisi\u00f3n de reproducci\u00f3n de las diferencias de color.<\/p>\n\n\n\n<p><strong>Material de alta resistencia: <\/strong>El marco est\u00e1 hecho de material de aleaci\u00f3n de aluminio de alta calidad, resistente a la oxidaci\u00f3n y la corrosi\u00f3n, f\u00e1cil de montar, y con un gancho de montaje para uso a largo plazo, se mantiene estable como nuevo. La superficie del espejo ha sido sometida a un tratamiento antideflagrante para garantizar nuestra seguridad.<\/p>\n\n\n\n<p><strong>Adecuado para varios espacios de ba\u00f1o:<\/strong> Nuestros espejos de ba\u00f1o incluyen dise\u00f1os redondos, curvos, rectangulares y personalizados, con un estilo minimalista y moderno, que se adaptan a diferentes esquemas de decoraci\u00f3n de ba\u00f1os y realzan la calidad general del espacio.<\/p>\n<\/div>\n\n\n\n<div class=\"wp-block-column is-layout-flow wp-block-column-is-layout-flow\"><div class=\"wp-block-image\">\n<figure class=\"aligncenter size-full\"><img decoding=\"async\" width=\"700\" height=\"700\" src=\"https:\/\/www.shouyasanitary.com\/wp-content\/uploads\/2026\/01\/OEM-customization-wall-mounted-led-mirror.webp\" alt=\"Espejo led de pared con personalizaci\u00f3n OEM\" class=\"wp-image-2643\" style=\"object-fit:cover\" srcset=\"https:\/\/www.shouyasanitary.com\/wp-content\/uploads\/2026\/01\/OEM-customization-wall-mounted-led-mirror.webp 700w, https:\/\/www.shouyasanitary.com\/wp-content\/uploads\/2026\/01\/OEM-customization-wall-mounted-led-mirror-300x300.webp 300w, https:\/\/www.shouyasanitary.com\/wp-content\/uploads\/2026\/01\/OEM-customization-wall-mounted-led-mirror-150x150.webp 150w, https:\/\/www.shouyasanitary.com\/wp-content\/uploads\/2026\/01\/OEM-customization-wall-mounted-led-mirror-12x12.webp 12w, https:\/\/www.shouyasanitary.com\/wp-content\/uploads\/2026\/01\/OEM-customization-wall-mounted-led-mirror-600x600.webp 600w, https:\/\/www.shouyasanitary.com\/wp-content\/uploads\/2026\/01\/OEM-customization-wall-mounted-led-mirror-100x100.webp 100w\" sizes=\"(max-width: 700px) 100vw, 700px\" \/><\/figure>\n<\/div><\/div>\n<\/div>","protected":false},"excerpt":{"rendered":"<p>Espejos de ba\u00f1o personalizados con iluminaci\u00f3n LED, control de temperatura tricolor, espejo HD a prueba de explosiones y marco de aluminio duradero. M\u00faltiples formas disponibles para proyectos y pedidos al por mayor. P\u00f3ngase en contacto con nosotros para la personalizaci\u00f3n.<\/p>\n<h2>Espejos Ba\u00f1o con Luces Atributos\uff1a<\/h2>\n<p><strong>Material:<\/strong> Pl\u00e1stico ABS y vidrio<br \/><strong>Funci\u00f3n:<\/strong> Iluminaci\u00f3n tricolor, desempa\u00f1ado con un solo toque<strong><br \/><\/strong><strong>Dimensiones:<\/strong> 80\u00d760 cm<br \/><strong>Grosor del espejo:<\/strong> 3,5 mm\/3,8 mm<br \/><strong>Peso bruto:<\/strong> 6kg\/PCS<\/p>\n<h2>Personalizaci\u00f3n y servicios:<\/h2>\n<p><strong>OEM Y ODM<\/strong>: Soporte<br \/><strong>Dise\u00f1o<\/strong>: Gratis<br \/><strong>Embalaje<\/strong>: Embalaje fijo de espuma multicapa<\/p>","protected":false},"featured_media":2643,"comment_status":"closed","ping_status":"closed","template":"","meta":{"_acf_changed":true},"product_brand":[],"product_cat":[26],"product_tag":[],"class_list":{"0":"post-2641","1":"product","2":"type-product","3":"status-publish","4":"has-post-thumbnail","6":"product_cat-wholesale-bathroom-mirror","8":"first","9":"instock","10":"shipping-taxable","11":"product-type-simple"},"acf":[],"_links":{"self":[{"href":"https:\/\/www.shouyasanitary.com\/es\/wp-json\/wp\/v2\/product\/2641","targetHints":{"allow":["GET"]}}],"collection":[{"href":"https:\/\/www.shouyasanitary.com\/es\/wp-json\/wp\/v2\/product"}],"about":[{"href":"https:\/\/www.shouyasanitary.com\/es\/wp-json\/wp\/v2\/types\/product"}],"replies":[{"embeddable":true,"href":"https:\/\/www.shouyasanitary.com\/es\/wp-json\/wp\/v2\/comments?post=2641"}],"wp:featuredmedia":[{"embeddable":true,"href":"https:\/\/www.shouyasanitary.com\/es\/wp-json\/wp\/v2\/media\/2643"}],"wp:attachment":[{"href":"https:\/\/www.shouyasanitary.com\/es\/wp-json\/wp\/v2\/media?parent=2641"}],"wp:term":[{"taxonomy":"product_brand","embeddable":true,"href":"https:\/\/www.shouyasanitary.com\/es\/wp-json\/wp\/v2\/product_brand?post=2641"},{"taxonomy":"product_cat","embeddable":true,"href":"https:\/\/www.shouyasanitary.com\/es\/wp-json\/wp\/v2\/product_cat?post=2641"},{"taxonomy":"product_tag","embeddable":true,"href":"https:\/\/www.shouyasanitary.com\/es\/wp-json\/wp\/v2\/product_tag?post=2641"}],"curies":[{"name":"wp","href":"https:\/\/api.w.org\/{rel}","templated":true}]}}