{"id":2642,"date":"2026-02-24T08:24:30","date_gmt":"2026-02-24T08:24:30","guid":{"rendered":"https:\/\/www.shouyasanitary.com\/?post_type=product&#038;p=2642"},"modified":"2026-02-24T08:25:14","modified_gmt":"2026-02-24T08:25:14","slug":"custom-lighted-bathroom-mirror","status":"publish","type":"product","link":"https:\/\/www.shouyasanitary.com\/es\/producto\/custom-lighted-bathroom-mirror\/","title":{"rendered":"Espejo de ba\u00f1o iluminado personalizado, Espejo de ba\u00f1o LED para hotel al por mayor"},"content":{"rendered":"<div class=\"wp-block-columns is-layout-flex wp-container-core-columns-is-layout-9d6595d7 wp-block-columns-is-layout-flex\">\n<div class=\"wp-block-column is-layout-flow wp-block-column-is-layout-flow\">\n<h2 class=\"wp-block-heading\">Espejo de ba\u00f1o iluminado Caracter\u00edsticas\uff1a<\/h2>\n\n\n\n<p><strong>Silueta org\u00e1nica y resplandor flotante<\/strong>: Eleve el cuarto de ba\u00f1o con un sofisticado dise\u00f1o de \"ardilla\". La retroiluminaci\u00f3n LED oculta crea un impresionante efecto de halo suspendido, proyectando un suave resplandor sin reflejos que a\u00f1ade profundidad al espacio.<\/p>\n\n\n\n<p><strong>Toque inteligente para adaptarse a las necesidades<\/strong>: Controla totalmente el ambiente. Un solo toque sensible permite alternar entre 3 temperaturas de color. Pulsa prolongadamente para ajustar el brillo, mientras que el chip de memoria integrado recuerda tu \u00faltimo ajuste para una rutina perfecta.<\/p>\n\n\n\n<p><strong>Tecnolog\u00eda antivaho transparente<\/strong>: Equipado con un elemento de calentamiento r\u00e1pido y un revestimiento nanom\u00e9trico, el centro del espejo se aclara al instante despu\u00e9s de una ducha caliente. Se acabaron las toallitas, las rayas y los reflejos impecables.<\/p>\n\n\n\n<p><strong>Color fiel a la realidad (CRI 90+)<\/strong>: Dise\u00f1ado para la precisi\u00f3n. Nuestro cristal de alta definici\u00f3n con un \u00edndice de reproducci\u00f3n crom\u00e1tica (IRC) superior a 90 garantiza que el reflejo sea tan natural como la luz del d\u00eda. Perfecto para una aplicaci\u00f3n impecable del maquillaje, el aseo y el cuidado de la piel.<\/p>\n\n\n\n<p><strong>Impermeable<\/strong>: Fabricado para el entorno h\u00famedo del cuarto de ba\u00f1o. Con tecnolog\u00eda de sellado profesional y cristal inastillable, este espejo es altamente resistente al agua y al polvo, lo que garantiza a\u00f1os de uso seguro.<\/p>\n\n\n\n<p><strong>Personalizaci\u00f3n OEM\/ODM de primera calidad<\/strong>: Como fabricante especializado, ofrecemos personalizaci\u00f3n a gran escala. Adapte las dimensiones, el grosor del cristal, la temperatura de color de los LED (CCT) y la disposici\u00f3n del sensor t\u00e1ctil para satisfacer los requisitos espec\u00edficos de su proyecto o la identidad de su marca.<\/p>\n<\/div>\n\n\n\n<div class=\"wp-block-column is-layout-flow wp-block-column-is-layout-flow\"><div class=\"wp-block-image\">\n<figure class=\"aligncenter size-full\"><img decoding=\"async\" width=\"700\" height=\"700\" src=\"https:\/\/www.shouyasanitary.com\/wp-content\/uploads\/2026\/01\/OEM-Mirror-with-Lighting.webp\" alt=\"Espejo OEM con iluminaci\u00f3n\" class=\"wp-image-2646\" style=\"object-fit:cover\" srcset=\"https:\/\/www.shouyasanitary.com\/wp-content\/uploads\/2026\/01\/OEM-Mirror-with-Lighting.webp 700w, https:\/\/www.shouyasanitary.com\/wp-content\/uploads\/2026\/01\/OEM-Mirror-with-Lighting-300x300.webp 300w, https:\/\/www.shouyasanitary.com\/wp-content\/uploads\/2026\/01\/OEM-Mirror-with-Lighting-150x150.webp 150w, https:\/\/www.shouyasanitary.com\/wp-content\/uploads\/2026\/01\/OEM-Mirror-with-Lighting-12x12.webp 12w, https:\/\/www.shouyasanitary.com\/wp-content\/uploads\/2026\/01\/OEM-Mirror-with-Lighting-600x600.webp 600w, https:\/\/www.shouyasanitary.com\/wp-content\/uploads\/2026\/01\/OEM-Mirror-with-Lighting-100x100.webp 100w\" sizes=\"(max-width: 700px) 100vw, 700px\" \/><\/figure>\n<\/div><\/div>\n<\/div>","protected":false},"excerpt":{"rendered":"<p>Espejo de ba\u00f1o iluminado personalizado de alta calidad con retroiluminaci\u00f3n LED, funci\u00f3n antivaho, cristal CRI 90+ y material impermeable. Totalmente personalizable en tama\u00f1o, temperatura de color y control t\u00e1ctil, ideal para hoteles, proyectos residenciales y marcas OEM. P\u00f3ngase en contacto con nosotros para obtener un presupuesto y un cat\u00e1logo de productos.<\/p>\n<h2>Espejo de ba\u00f1o iluminado Atributos\uff1a<\/h2>\n<p><strong>Material:<\/strong>\u00a0Pl\u00e1stico ABS y vidrio<br \/><strong>Funci\u00f3n:<\/strong>\u00a0Iluminaci\u00f3n tricolor, desempa\u00f1ado con un solo toque<strong><br \/><\/strong><strong>Dimensiones:<\/strong> 60\u00d760 cm<br \/><strong>Grosor del espejo:<\/strong>\u00a03,5 mm\/3,8 mm<br \/><strong>Peso bruto:<\/strong> 5kg\/PCS<\/p>\n<h2>Personalizaci\u00f3n y servicios:<\/h2>\n<p><strong>OEM Y ODM<\/strong>: Soporte<br \/><strong>Dise\u00f1o<\/strong>: Gratis<br \/><strong>Embalaje<\/strong>: Embalaje fijo de espuma multicapa<\/p>","protected":false},"featured_media":2646,"comment_status":"closed","ping_status":"closed","template":"","meta":{"_acf_changed":false},"product_brand":[],"product_cat":[26],"product_tag":[],"class_list":{"0":"post-2642","1":"product","2":"type-product","3":"status-publish","4":"has-post-thumbnail","6":"product_cat-wholesale-bathroom-mirror","8":"first","9":"instock","10":"shipping-taxable","11":"product-type-simple"},"acf":[],"_links":{"self":[{"href":"https:\/\/www.shouyasanitary.com\/es\/wp-json\/wp\/v2\/product\/2642","targetHints":{"allow":["GET"]}}],"collection":[{"href":"https:\/\/www.shouyasanitary.com\/es\/wp-json\/wp\/v2\/product"}],"about":[{"href":"https:\/\/www.shouyasanitary.com\/es\/wp-json\/wp\/v2\/types\/product"}],"replies":[{"embeddable":true,"href":"https:\/\/www.shouyasanitary.com\/es\/wp-json\/wp\/v2\/comments?post=2642"}],"wp:featuredmedia":[{"embeddable":true,"href":"https:\/\/www.shouyasanitary.com\/es\/wp-json\/wp\/v2\/media\/2646"}],"wp:attachment":[{"href":"https:\/\/www.shouyasanitary.com\/es\/wp-json\/wp\/v2\/media?parent=2642"}],"wp:term":[{"taxonomy":"product_brand","embeddable":true,"href":"https:\/\/www.shouyasanitary.com\/es\/wp-json\/wp\/v2\/product_brand?post=2642"},{"taxonomy":"product_cat","embeddable":true,"href":"https:\/\/www.shouyasanitary.com\/es\/wp-json\/wp\/v2\/product_cat?post=2642"},{"taxonomy":"product_tag","embeddable":true,"href":"https:\/\/www.shouyasanitary.com\/es\/wp-json\/wp\/v2\/product_tag?post=2642"}],"curies":[{"name":"wp","href":"https:\/\/api.w.org\/{rel}","templated":true}]}}