{"id":2664,"date":"2026-02-24T09:02:27","date_gmt":"2026-02-24T09:02:27","guid":{"rendered":"https:\/\/www.shouyasanitary.com\/?post_type=product&#038;p=2664"},"modified":"2026-02-24T09:03:37","modified_gmt":"2026-02-24T09:03:37","slug":"custom-led-bathroom-mirror","status":"publish","type":"product","link":"https:\/\/www.shouyasanitary.com\/es\/producto\/custom-led-bathroom-mirror\/","title":{"rendered":"Espejo de ba\u00f1o LED a medida Espejo retroiluminado en forma de huevo moderno a granel"},"content":{"rendered":"<div class=\"wp-block-columns is-layout-flex wp-container-core-columns-is-layout-9d6595d7 wp-block-columns-is-layout-flex\">\n<div class=\"wp-block-column is-layout-flow wp-block-column-is-layout-flow\">\n<h2 class=\"wp-block-heading\">Espejo de ba\u00f1o LED Caracter\u00edsticas\uff1a<\/h2>\n\n\n\n<p><strong>Iluminaci\u00f3n LED suave y uniforme<\/strong>: Las tiras de LED incrustadas de doble capa proporcionan una iluminaci\u00f3n uniforme y sin deslumbramientos. Restaura con precisi\u00f3n el tono y los detalles de la piel del rostro, garantizando un maquillaje y un cuidado de la piel precisos para hoteles, proyectos residenciales y pedidos OEM de marca.<\/p>\n\n\n\n<p><strong>Dise\u00f1o moderno en forma de huevo:<\/strong> El suave contorno de huevo con delicados bordes dorados combina suavidad y elegancia. Ideal para ba\u00f1os Wabi Sabi, de lujo moderno o de estilo boutique, mejora el reconocimiento del estilo y la est\u00e9tica general del dise\u00f1o.<\/p>\n\n\n\n<p><strong>Espejo antivaho de alta definici\u00f3n<\/strong>: Fabricado con espejo plateado de primera calidad y revestimiento antivaho nano. Permanece transparente inmediatamente despu\u00e9s del ba\u00f1o, lo que permite comprobar al instante el peinado y el maquillaje, mejorando la eficacia en proyectos comerciales o residenciales.<\/p>\n\n\n\n<p><strong>Personalizable para proyectos:<\/strong> Dimensiones totalmente ajustables, temperatura de color de los LED, controles t\u00e1ctiles y opciones de marca OEM\/ODM, perfectas para pedidos al por mayor, instalaciones hoteleras y proyectos de dise\u00f1o.<\/p>\n<\/div>\n\n\n\n<div class=\"wp-block-column is-layout-flow wp-block-column-is-layout-flow\"><div class=\"wp-block-image\">\n<figure class=\"aligncenter size-full\"><img decoding=\"async\" width=\"700\" height=\"700\" src=\"https:\/\/www.shouyasanitary.com\/wp-content\/uploads\/2026\/01\/Wholesale-Mirror.webp\" alt=\"Espejo al por mayor\" class=\"wp-image-2665\" style=\"object-fit:cover\" srcset=\"https:\/\/www.shouyasanitary.com\/wp-content\/uploads\/2026\/01\/Wholesale-Mirror.webp 700w, https:\/\/www.shouyasanitary.com\/wp-content\/uploads\/2026\/01\/Wholesale-Mirror-300x300.webp 300w, https:\/\/www.shouyasanitary.com\/wp-content\/uploads\/2026\/01\/Wholesale-Mirror-150x150.webp 150w, https:\/\/www.shouyasanitary.com\/wp-content\/uploads\/2026\/01\/Wholesale-Mirror-12x12.webp 12w, https:\/\/www.shouyasanitary.com\/wp-content\/uploads\/2026\/01\/Wholesale-Mirror-600x600.webp 600w, https:\/\/www.shouyasanitary.com\/wp-content\/uploads\/2026\/01\/Wholesale-Mirror-100x100.webp 100w\" sizes=\"(max-width: 700px) 100vw, 700px\" \/><\/figure>\n<\/div><\/div>\n<\/div>","protected":false},"excerpt":{"rendered":"<p data-start=\"91\" data-end=\"360\">Espejo de ba\u00f1o LED personalizado Shouya con iluminaci\u00f3n suave y antideslumbrante, superficie antivaho de alta definici\u00f3n y elegantes bordes en forma de huevo. Totalmente personalizable en tama\u00f1o, color de LED, controles t\u00e1ctiles y marca OEM\/ODM, ideal para hoteles, proyectos residenciales e instalaciones de dise\u00f1o. P\u00f3ngase en contacto con nosotros.<\/p>\n<h2>Espejo de ba\u00f1o LED Atributos\uff1a<\/h2>\n<p><strong>Material:<\/strong> Marco de aleaci\u00f3n de aluminio y cristal<br \/><strong>Funci\u00f3n:<\/strong>\u00a0Iluminaci\u00f3n tricolor, desempa\u00f1ado con un solo toque<strong><br \/><\/strong><strong>Dimensiones:<\/strong> 50\u00d780 cm<br \/><strong>Grosor del espejo:<\/strong>\u00a03,5 mm\/3,8 mm<br \/><strong>Peso bruto:<\/strong> 6kg\/PCS<\/p>\n<h2>Personalizaci\u00f3n y servicios:<\/h2>\n<p><strong>OEM Y ODM<\/strong>: Soporte<br \/><strong>Dise\u00f1o<\/strong>: Gratis<br \/><strong>Embalaje<\/strong>: Embalaje fijo de espuma multicapa<\/p>","protected":false},"featured_media":2665,"comment_status":"closed","ping_status":"closed","template":"","meta":{"_acf_changed":false},"product_brand":[],"product_cat":[26],"product_tag":[],"class_list":{"0":"post-2664","1":"product","2":"type-product","3":"status-publish","4":"has-post-thumbnail","6":"product_cat-wholesale-bathroom-mirror","8":"first","9":"instock","10":"shipping-taxable","11":"product-type-simple"},"acf":[],"_links":{"self":[{"href":"https:\/\/www.shouyasanitary.com\/es\/wp-json\/wp\/v2\/product\/2664","targetHints":{"allow":["GET"]}}],"collection":[{"href":"https:\/\/www.shouyasanitary.com\/es\/wp-json\/wp\/v2\/product"}],"about":[{"href":"https:\/\/www.shouyasanitary.com\/es\/wp-json\/wp\/v2\/types\/product"}],"replies":[{"embeddable":true,"href":"https:\/\/www.shouyasanitary.com\/es\/wp-json\/wp\/v2\/comments?post=2664"}],"wp:featuredmedia":[{"embeddable":true,"href":"https:\/\/www.shouyasanitary.com\/es\/wp-json\/wp\/v2\/media\/2665"}],"wp:attachment":[{"href":"https:\/\/www.shouyasanitary.com\/es\/wp-json\/wp\/v2\/media?parent=2664"}],"wp:term":[{"taxonomy":"product_brand","embeddable":true,"href":"https:\/\/www.shouyasanitary.com\/es\/wp-json\/wp\/v2\/product_brand?post=2664"},{"taxonomy":"product_cat","embeddable":true,"href":"https:\/\/www.shouyasanitary.com\/es\/wp-json\/wp\/v2\/product_cat?post=2664"},{"taxonomy":"product_tag","embeddable":true,"href":"https:\/\/www.shouyasanitary.com\/es\/wp-json\/wp\/v2\/product_tag?post=2664"}],"curies":[{"name":"wp","href":"https:\/\/api.w.org\/{rel}","templated":true}]}}