{"id":2668,"date":"2026-03-14T03:12:50","date_gmt":"2026-03-14T03:12:50","guid":{"rendered":"https:\/\/www.shouyasanitary.com\/?post_type=product&#038;p=2668"},"modified":"2026-03-14T03:17:48","modified_gmt":"2026-03-14T03:17:48","slug":"custom-round-led-bathroom-mirror","status":"publish","type":"product","link":"https:\/\/www.shouyasanitary.com\/es\/producto\/custom-round-led-bathroom-mirror\/","title":{"rendered":"Custom Ronda LED Espejo de ba\u00f1o, ba\u00f1o Espejo de pared con luz para el proveedor del hotel"},"content":{"rendered":"<div class=\"wp-block-columns is-layout-flex wp-container-core-columns-is-layout-9d6595d7 wp-block-columns-is-layout-flex\">\n<div class=\"wp-block-column is-layout-flow wp-block-column-is-layout-flow\">\n<h2 class=\"wp-block-heading\">Espejo de ba\u00f1o LED redondo Caracter\u00edsticas\uff1a<\/h2>\n\n\n\n<p><strong>Fuente de luz ambiental circular: <\/strong>El espejo LED redondo adopta una tira de luz circular incrustada, y la luz se difunde uniformemente tras ser suavizada por el borde mate. Puede utilizarse como fuente de luz suplementaria para el maquillaje o como luz ambiental en el ba\u00f1o, a\u00f1adiendo una capa c\u00e1lida al espacio de tonos fr\u00edos y diciendo adi\u00f3s a la monoton\u00eda en la zona de lavado.<\/p>\n\n\n\n<p><strong>Dise\u00f1o minimalista de bordes estrechos: <\/strong>Los bordes estrechos de color negro mate combinados con contornos circulares afilados debilitan la pesadez de los espejos, por lo que no s\u00f3lo son adecuados para cuartos de ba\u00f1o minimalistas modernos, sino que tambi\u00e9n se integran en escenas transfronterizas como salones de t\u00e9 de oficinas y zonas de ocio, combinando practicidad y decoraci\u00f3n, convirti\u00e9ndose en un punto de atracci\u00f3n visual en el espacio.<\/p>\n\n\n\n<p><strong>Calidad de imagen de alta definici\u00f3n:<\/strong>\u00a0Fabricado con material de espejo plateado de alta transparencia, la imagen no presenta distorsiones y puede restaurar claramente la textura de la piel del rostro y los detalles del maquillaje. Al realizar el cuidado diario de la piel o el peinado, no es necesario acercarse para ver los detalles, lo que mejora la eficacia y la experiencia de lavado y maquillaje.<\/p>\n\n\n\n<p><strong>Servicio al por mayor personalizado<\/strong>: Admite la personalizaci\u00f3n del tama\u00f1o, la iluminaci\u00f3n, los materiales, etc., directamente de f\u00e1brica, con capacidad de producci\u00f3n estable y control de calidad, para satisfacer las necesidades de compra al por mayor y transfronterizas de los clientes B2B.<\/p>\n<\/div>\n\n\n\n<div class=\"wp-block-column is-layout-flow wp-block-column-is-layout-flow\"><div class=\"wp-block-image\">\n<figure class=\"aligncenter size-full\"><img decoding=\"async\" width=\"700\" height=\"700\" src=\"https:\/\/www.shouyasanitary.com\/wp-content\/uploads\/2026\/01\/Custom-Solutions-with-mirror-1.webp\" alt=\"Soluciones a medida con espejo\" class=\"wp-image-2669\" style=\"object-fit:cover\" srcset=\"https:\/\/www.shouyasanitary.com\/wp-content\/uploads\/2026\/01\/Custom-Solutions-with-mirror-1.webp 700w, https:\/\/www.shouyasanitary.com\/wp-content\/uploads\/2026\/01\/Custom-Solutions-with-mirror-1-300x300.webp 300w, https:\/\/www.shouyasanitary.com\/wp-content\/uploads\/2026\/01\/Custom-Solutions-with-mirror-1-150x150.webp 150w, https:\/\/www.shouyasanitary.com\/wp-content\/uploads\/2026\/01\/Custom-Solutions-with-mirror-1-12x12.webp 12w, https:\/\/www.shouyasanitary.com\/wp-content\/uploads\/2026\/01\/Custom-Solutions-with-mirror-1-600x600.webp 600w, https:\/\/www.shouyasanitary.com\/wp-content\/uploads\/2026\/01\/Custom-Solutions-with-mirror-1-100x100.webp 100w\" sizes=\"(max-width: 700px) 100vw, 700px\" \/><\/figure>\n<\/div><\/div>\n<\/div>\n\n\n\n<p><\/p>","protected":false},"excerpt":{"rendered":"<p>El espejo de ba\u00f1o LED redondo personalizado Shouya incorpora una tira de luz ambiental en forma de anillo, un bisel estrecho negro mate y una imagen de alta definici\u00f3n. Se puede personalizar y vender al por mayor, y es adecuado para cuartos de ba\u00f1o, salas de descanso de oficinas y otros entornos. P\u00f3ngase en contacto con nosotros para obtener un presupuesto y un cat\u00e1logo de productos.<\/p>\n<h2>Espejo de ba\u00f1o LED redondo Atributos\uff1a<\/h2>\n<p><strong>Material:<\/strong>\u00a0Pl\u00e1stico ABS y vidrio<br \/><strong>Funci\u00f3n:<\/strong>\u00a0Iluminaci\u00f3n tricolor, desempa\u00f1ado con un solo toque<strong><br \/><\/strong><strong>Dimensiones:<\/strong> 60\u00d760 cm<br \/><strong>Grosor del espejo:<\/strong>\u00a03,5 mm\/3,8 mm<br \/><strong>Peso bruto:<\/strong> 5kg\/PCS<\/p>\n<h2>Personalizaci\u00f3n y servicios:<\/h2>\n<p><strong>OEM Y ODM<\/strong>: Soporte<br \/><strong>Dise\u00f1o<\/strong>: Gratis<br \/><strong>Embalaje<\/strong>: Embalaje fijo de espuma multicapa<\/p>","protected":false},"featured_media":2669,"comment_status":"closed","ping_status":"closed","template":"","meta":{"_acf_changed":false},"product_brand":[],"product_cat":[26],"product_tag":[],"class_list":{"0":"post-2668","1":"product","2":"type-product","3":"status-publish","4":"has-post-thumbnail","6":"product_cat-wholesale-bathroom-mirror","8":"first","9":"instock","10":"shipping-taxable","11":"product-type-simple"},"acf":[],"_links":{"self":[{"href":"https:\/\/www.shouyasanitary.com\/es\/wp-json\/wp\/v2\/product\/2668","targetHints":{"allow":["GET"]}}],"collection":[{"href":"https:\/\/www.shouyasanitary.com\/es\/wp-json\/wp\/v2\/product"}],"about":[{"href":"https:\/\/www.shouyasanitary.com\/es\/wp-json\/wp\/v2\/types\/product"}],"replies":[{"embeddable":true,"href":"https:\/\/www.shouyasanitary.com\/es\/wp-json\/wp\/v2\/comments?post=2668"}],"wp:featuredmedia":[{"embeddable":true,"href":"https:\/\/www.shouyasanitary.com\/es\/wp-json\/wp\/v2\/media\/2669"}],"wp:attachment":[{"href":"https:\/\/www.shouyasanitary.com\/es\/wp-json\/wp\/v2\/media?parent=2668"}],"wp:term":[{"taxonomy":"product_brand","embeddable":true,"href":"https:\/\/www.shouyasanitary.com\/es\/wp-json\/wp\/v2\/product_brand?post=2668"},{"taxonomy":"product_cat","embeddable":true,"href":"https:\/\/www.shouyasanitary.com\/es\/wp-json\/wp\/v2\/product_cat?post=2668"},{"taxonomy":"product_tag","embeddable":true,"href":"https:\/\/www.shouyasanitary.com\/es\/wp-json\/wp\/v2\/product_tag?post=2668"}],"curies":[{"name":"wp","href":"https:\/\/api.w.org\/{rel}","templated":true}]}}