{"id":2672,"date":"2026-03-14T03:36:27","date_gmt":"2026-03-14T03:36:27","guid":{"rendered":"https:\/\/www.shouyasanitary.com\/?post_type=product&#038;p=2672"},"modified":"2026-03-14T03:37:24","modified_gmt":"2026-03-14T03:37:24","slug":"custom-mirrors-for-bathroom","status":"publish","type":"product","link":"https:\/\/www.shouyasanitary.com\/es\/producto\/custom-mirrors-for-bathroom\/","title":{"rendered":"Espejos a Medida para Ba\u00f1o, Lujoso Espejo Floral LED Inteligente con Aluminio Dorado a Granel"},"content":{"rendered":"<div class=\"wp-block-columns is-layout-flex wp-container-core-columns-is-layout-9d6595d7 wp-block-columns-is-layout-flex\">\n<div class=\"wp-block-column is-layout-flow wp-block-column-is-layout-flow\">\n<h2 class=\"wp-block-heading\">Caracter\u00edsticas de los espejos para ba\u00f1o\uff1a<\/h2>\n\n\n\n<p><strong>Aspecto art\u00edstico de lujo<\/strong>: Un marco de aluminio dorado con detalles en forma de p\u00e9talo y l\u00edneas radiantes crea un aspecto que combina lujo y arte, complementando varios estilos de decoraci\u00f3n del hogar y convirti\u00e9ndose en un punto focal visual.<\/p>\n\n\n\n<p><strong>Iluminaci\u00f3n regulable inteligente:<\/strong> La tira de LED admite la conmutaci\u00f3n de tres colores, lo que proporciona una luz uniforme y suave. El bot\u00f3n de encendido\/apagado y la pulsaci\u00f3n larga para ajustar el brillo garantizan un tono de piel claro y detalles de maquillaje durante la aplicaci\u00f3n y el cuidado de la piel.<\/p>\n\n\n\n<p><strong>Im\u00e1genes duraderas y de alta definici\u00f3n<\/strong>: Utilizando un espejo plateado de alta definici\u00f3n, la imagen es clara y sin distorsiones, restaurando la apariencia real. El marco de aluminio es resistente a la humedad y al \u00f3xido, apto para un uso prolongado en cuartos de ba\u00f1o h\u00famedos.<\/p>\n\n\n\n<p><strong>Adaptabilidad personalizable:<\/strong> Admite la personalizaci\u00f3n del tama\u00f1o, la iluminaci\u00f3n y los detalles de apariencia para satisfacer las necesidades de los mayoristas B2B y la decoraci\u00f3n personalizada del hogar, equilibrando est\u00e9tica y practicidad.<\/p>\n\n\n\n<p><strong>Compatibilidad con escenas vers\u00e1tiles: <\/strong>Adecuado para el aseo y el maquillaje en el ba\u00f1o, as\u00ed como para servir de espejo decorativo en entradas y salones, adapt\u00e1ndose a la perfecci\u00f3n a diversos estilos espaciales, como el lujoso, el natural y el moderno.<\/p>\n<\/div>\n\n\n\n<div class=\"wp-block-column is-layout-flow wp-block-column-is-layout-flow\"><div class=\"wp-block-image\">\n<figure class=\"aligncenter size-full\"><img decoding=\"async\" width=\"700\" height=\"700\" src=\"https:\/\/www.shouyasanitary.com\/wp-content\/uploads\/2026\/01\/oem-purchase-smart-mirror-with-3-color.webp\" alt=\"oem compra espejo inteligente con 3 colores\" class=\"wp-image-2674\" style=\"object-fit:cover\" srcset=\"https:\/\/www.shouyasanitary.com\/wp-content\/uploads\/2026\/01\/oem-purchase-smart-mirror-with-3-color.webp 700w, https:\/\/www.shouyasanitary.com\/wp-content\/uploads\/2026\/01\/oem-purchase-smart-mirror-with-3-color-300x300.webp 300w, https:\/\/www.shouyasanitary.com\/wp-content\/uploads\/2026\/01\/oem-purchase-smart-mirror-with-3-color-150x150.webp 150w, https:\/\/www.shouyasanitary.com\/wp-content\/uploads\/2026\/01\/oem-purchase-smart-mirror-with-3-color-12x12.webp 12w, https:\/\/www.shouyasanitary.com\/wp-content\/uploads\/2026\/01\/oem-purchase-smart-mirror-with-3-color-600x600.webp 600w, https:\/\/www.shouyasanitary.com\/wp-content\/uploads\/2026\/01\/oem-purchase-smart-mirror-with-3-color-100x100.webp 100w\" sizes=\"(max-width: 700px) 100vw, 700px\" \/><\/figure>\n<\/div><\/div>\n<\/div>","protected":false},"excerpt":{"rendered":"<p>Los espejos personalizados para ba\u00f1o cuentan con un lujoso marco de aluminio dorado con dise\u00f1o de p\u00e9talos, iluminaci\u00f3n LED regulable en tres colores y un espejo plateado de alta definici\u00f3n, que ofrece una imagen n\u00edtida y una iluminaci\u00f3n elegante para ba\u00f1os modernos. Suministro directo de f\u00e1brica con opciones de tama\u00f1o e iluminaci\u00f3n personalizables. Contacte con nosotros para precios al por mayor y detalles de personalizaci\u00f3n.<\/p>\n<h2>Espejos de ba\u00f1o Atributos\uff1a<\/h2>\n<p><strong>Material:<\/strong>\u00a0Pl\u00e1stico ABS y vidrio<br \/><strong>Funci\u00f3n:<\/strong>\u00a0Iluminaci\u00f3n tricolor, desempa\u00f1ado con un solo toque<strong><br \/><\/strong><strong>Dimensiones:<\/strong> 60\u00d760 cm<br \/><strong>Grosor del espejo:<\/strong>\u00a03,5 mm\/3,8 mm<br \/><strong>Peso bruto:<\/strong> 5kg\/PCS<\/p>\n<h2>Personalizaci\u00f3n y servicios:<\/h2>\n<p><strong>OEM Y ODM<\/strong>: Soporte<br \/><strong>Dise\u00f1o<\/strong>: Gratis<br \/><strong>Embalaje<\/strong>: Embalaje fijo de espuma multicapa<\/p>","protected":false},"featured_media":2674,"comment_status":"closed","ping_status":"closed","template":"","meta":{"_acf_changed":false},"product_brand":[],"product_cat":[26],"product_tag":[],"class_list":{"0":"post-2672","1":"product","2":"type-product","3":"status-publish","4":"has-post-thumbnail","6":"product_cat-wholesale-bathroom-mirror","8":"first","9":"instock","10":"shipping-taxable","11":"product-type-simple"},"acf":[],"_links":{"self":[{"href":"https:\/\/www.shouyasanitary.com\/es\/wp-json\/wp\/v2\/product\/2672","targetHints":{"allow":["GET"]}}],"collection":[{"href":"https:\/\/www.shouyasanitary.com\/es\/wp-json\/wp\/v2\/product"}],"about":[{"href":"https:\/\/www.shouyasanitary.com\/es\/wp-json\/wp\/v2\/types\/product"}],"replies":[{"embeddable":true,"href":"https:\/\/www.shouyasanitary.com\/es\/wp-json\/wp\/v2\/comments?post=2672"}],"wp:featuredmedia":[{"embeddable":true,"href":"https:\/\/www.shouyasanitary.com\/es\/wp-json\/wp\/v2\/media\/2674"}],"wp:attachment":[{"href":"https:\/\/www.shouyasanitary.com\/es\/wp-json\/wp\/v2\/media?parent=2672"}],"wp:term":[{"taxonomy":"product_brand","embeddable":true,"href":"https:\/\/www.shouyasanitary.com\/es\/wp-json\/wp\/v2\/product_brand?post=2672"},{"taxonomy":"product_cat","embeddable":true,"href":"https:\/\/www.shouyasanitary.com\/es\/wp-json\/wp\/v2\/product_cat?post=2672"},{"taxonomy":"product_tag","embeddable":true,"href":"https:\/\/www.shouyasanitary.com\/es\/wp-json\/wp\/v2\/product_tag?post=2672"}],"curies":[{"name":"wp","href":"https:\/\/api.w.org\/{rel}","templated":true}]}}