{"id":2673,"date":"2026-03-14T04:01:50","date_gmt":"2026-03-14T04:01:50","guid":{"rendered":"https:\/\/www.shouyasanitary.com\/?post_type=product&#038;p=2673"},"modified":"2026-03-14T06:13:34","modified_gmt":"2026-03-14T06:13:34","slug":"custom-bathroom-mirror-with-lights","status":"publish","type":"product","link":"https:\/\/www.shouyasanitary.com\/es\/producto\/custom-bathroom-mirror-with-lights\/","title":{"rendered":"Espejo de Ba\u00f1o Personalizado con Luces, Espejo de Maquillaje LED Circular con Iluminaci\u00f3n de 3 Colores al por Mayor"},"content":{"rendered":"<div class=\"wp-block-columns is-layout-flex wp-container-core-columns-is-layout-9d6595d7 wp-block-columns-is-layout-flex\">\n<div class=\"wp-block-column is-layout-flow wp-block-column-is-layout-flow\">\n<h2 class=\"wp-block-heading\">Espejo de ba\u00f1o con luces Caracter\u00edsticas\uff1a<\/h2>\n\n\n\n<p><strong>Dise\u00f1o cl\u00e1sico de anillos luminosos de Hollywood<\/strong>: Las bombillas LED de alta luminosidad rodean el espejo, distribuidas uniformemente y sin reflejos, reproduciendo la atm\u00f3sfera de un camerino de celebridades. Espejo de excelente calidad, que combina practicidad para la belleza y la decoraci\u00f3n del hogar.<\/p>\n\n\n\n<p><strong>Regulaci\u00f3n inteligente de la temperatura tricolor<\/strong>: Permite cambiar con un solo bot\u00f3n entre luz fr\u00eda (6000K), luz natural (4500K) y luz c\u00e1lida (3000K). Los controles t\u00e1ctiles de pulsaci\u00f3n larga ajustan el brillo, simulando diferentes escenarios de iluminaci\u00f3n para adaptarse a los desplazamientos, la oficina y las necesidades de cuidado de la piel.<\/p>\n\n\n\n<p><strong>Instalaci\u00f3n en modo dual para mayor flexibilidad<\/strong>: Admite tanto la instalaci\u00f3n en pared como en sobremesa. La instalaci\u00f3n mural ahorra espacio en el cuarto de ba\u00f1o, mientras que la de sobremesa es m\u00f3vil para tocadores. Los accesorios completos facilitan la instalaci\u00f3n y se adaptan a distintas situaciones de uso.<\/p>\n\n\n\n<p><strong>Seguro, duradero y rentable:<\/strong> El espejo utiliza cristal antideflagrante para mejorar la seguridad. El uso a largo plazo elimina la necesidad de sustituciones frecuentes, lo que ofrece una gran durabilidad y una excelente rentabilidad.<\/p>\n\n\n\n<p><strong>Personalizaci\u00f3n y asistencia al mayorista<\/strong>: Admite la personalizaci\u00f3n del tama\u00f1o, el n\u00famero de bombillas LED y los detalles de apariencia. El suministro directo de f\u00e1brica garantiza un control de calidad estable, satisfaciendo las necesidades de compra a granel de mayoristas, distribuidores y proyectos de mejoras para el hogar.<\/p>\n<\/div>\n\n\n\n<div class=\"wp-block-column is-layout-flow wp-block-column-is-layout-flow\"><div class=\"wp-block-image\">\n<figure class=\"aligncenter size-full\"><img decoding=\"async\" width=\"700\" height=\"700\" src=\"https:\/\/www.shouyasanitary.com\/wp-content\/uploads\/2026\/01\/wholesale-led-Hollywood-lamp-ring-design-mirror.webp\" alt=\"venta al por mayor led Hollywood l\u00e1mpara anillo de dise\u00f1o espejo\" class=\"wp-image-2677\" style=\"object-fit:cover\" srcset=\"https:\/\/www.shouyasanitary.com\/wp-content\/uploads\/2026\/01\/wholesale-led-Hollywood-lamp-ring-design-mirror.webp 700w, https:\/\/www.shouyasanitary.com\/wp-content\/uploads\/2026\/01\/wholesale-led-Hollywood-lamp-ring-design-mirror-300x300.webp 300w, https:\/\/www.shouyasanitary.com\/wp-content\/uploads\/2026\/01\/wholesale-led-Hollywood-lamp-ring-design-mirror-150x150.webp 150w, https:\/\/www.shouyasanitary.com\/wp-content\/uploads\/2026\/01\/wholesale-led-Hollywood-lamp-ring-design-mirror-12x12.webp 12w, https:\/\/www.shouyasanitary.com\/wp-content\/uploads\/2026\/01\/wholesale-led-Hollywood-lamp-ring-design-mirror-600x600.webp 600w, https:\/\/www.shouyasanitary.com\/wp-content\/uploads\/2026\/01\/wholesale-led-Hollywood-lamp-ring-design-mirror-100x100.webp 100w\" sizes=\"(max-width: 700px) 100vw, 700px\" \/><\/figure>\n<\/div><\/div>\n<\/div>","protected":false},"excerpt":{"rendered":"<p>Espejo de ba\u00f1o personalizado con luces que incorpora un anillo de bombillas LED estilo Hollywood con iluminaci\u00f3n regulable en 3 colores para una iluminaci\u00f3n brillante y uniforme. Instalaci\u00f3n en pared o sobremesa con opciones personalizables. P\u00f3ngase en contacto con nosotros para consultas al por mayor.<\/p>\n<h2>Espejo de Ba\u00f1o con Luces Atributos\uff1a<\/h2>\n<p><strong><br \/>Material:<\/strong> Pl\u00e1stico ABS y vidrio<br \/><strong>Funci\u00f3n:<\/strong> Iluminaci\u00f3n tricolor, desempa\u00f1ado con un solo toque<strong><br \/><\/strong><strong>Dimensiones:<\/strong> 70\u00d770 cm<br \/><strong>Grosor del espejo:<\/strong> 3,5 mm\/3,8 mm<br \/><strong>Peso bruto:<\/strong> 7kg\/PCS<\/p>\n<h2>Personalizaci\u00f3n y servicios:<\/h2>\n<p><strong>OEM Y ODM<\/strong>: Soporte<br \/><strong>Dise\u00f1o<\/strong>: Gratis<br \/><strong>Embalaje<\/strong>: Embalaje fijo de espuma multicapa<\/p>","protected":false},"featured_media":2677,"comment_status":"closed","ping_status":"closed","template":"","meta":{"_acf_changed":false},"product_brand":[],"product_cat":[26],"product_tag":[],"class_list":{"0":"post-2673","1":"product","2":"type-product","3":"status-publish","4":"has-post-thumbnail","6":"product_cat-wholesale-bathroom-mirror","8":"first","9":"instock","10":"shipping-taxable","11":"product-type-simple"},"acf":[],"_links":{"self":[{"href":"https:\/\/www.shouyasanitary.com\/es\/wp-json\/wp\/v2\/product\/2673","targetHints":{"allow":["GET"]}}],"collection":[{"href":"https:\/\/www.shouyasanitary.com\/es\/wp-json\/wp\/v2\/product"}],"about":[{"href":"https:\/\/www.shouyasanitary.com\/es\/wp-json\/wp\/v2\/types\/product"}],"replies":[{"embeddable":true,"href":"https:\/\/www.shouyasanitary.com\/es\/wp-json\/wp\/v2\/comments?post=2673"}],"wp:featuredmedia":[{"embeddable":true,"href":"https:\/\/www.shouyasanitary.com\/es\/wp-json\/wp\/v2\/media\/2677"}],"wp:attachment":[{"href":"https:\/\/www.shouyasanitary.com\/es\/wp-json\/wp\/v2\/media?parent=2673"}],"wp:term":[{"taxonomy":"product_brand","embeddable":true,"href":"https:\/\/www.shouyasanitary.com\/es\/wp-json\/wp\/v2\/product_brand?post=2673"},{"taxonomy":"product_cat","embeddable":true,"href":"https:\/\/www.shouyasanitary.com\/es\/wp-json\/wp\/v2\/product_cat?post=2673"},{"taxonomy":"product_tag","embeddable":true,"href":"https:\/\/www.shouyasanitary.com\/es\/wp-json\/wp\/v2\/product_tag?post=2673"}],"curies":[{"name":"wp","href":"https:\/\/api.w.org\/{rel}","templated":true}]}}