{"id":2728,"date":"2026-03-14T07:59:38","date_gmt":"2026-03-14T07:59:38","guid":{"rendered":"https:\/\/www.shouyasanitary.com\/?post_type=product&#038;p=2728"},"modified":"2026-03-14T08:03:50","modified_gmt":"2026-03-14T08:03:50","slug":"free-standing-bathroom-vanities-custom","status":"publish","type":"product","link":"https:\/\/www.shouyasanitary.com\/es\/producto\/free-standing-bathroom-vanities-custom\/","title":{"rendered":"Tocadores de ba\u00f1o independientes a medida, armarios de ba\u00f1o marrones con espejo cajones dobles al por mayor"},"content":{"rendered":"<div class=\"wp-block-columns is-layout-flex wp-container-core-columns-is-layout-9d6595d7 wp-block-columns-is-layout-flex\">\n<div class=\"wp-block-column is-layout-flow wp-block-column-is-layout-flow\">\n<h2 class=\"wp-block-heading\">Caracter\u00edsticas de los lavabos de pie\uff1a<\/h2>\n\n\n\n<p><strong>Paleta de colores vers\u00e1til<\/strong>: Los tonos marrones neutros combinan a la perfecci\u00f3n con cualquier decoraci\u00f3n, toallas, alfombras u obras de arte, creando un ambiente sereno y de spa en el ba\u00f1o.<\/p>\n\n\n\n<p><strong>Amplio dise\u00f1o de doble caj\u00f3n<\/strong>: Dos cajones de extracci\u00f3n total proporcionan un amplio espacio de almacenamiento para art\u00edculos de tocador, toallas, secadores de pelo, cosm\u00e9ticos y art\u00edculos de limpieza, manteniendo las encimeras despejadas.<\/p>\n\n\n\n<p><strong>Lavabo de cer\u00e1mica Premium:<\/strong> El lavabo de cer\u00e1mica blanca cocida a alta temperatura no tiene juntas, es resistente a los ara\u00f1azos y f\u00e1cil de limpiar, lo que garantiza una larga durabilidad e higiene.<\/p>\n\n\n\n<p><strong>Ligero y f\u00e1cil de instalar<\/strong>: El dise\u00f1o ligero del armario facilita la manipulaci\u00f3n, el montaje en pared y la instalaci\u00f3n. Su bajo peso de env\u00edo reduce los costes de log\u00edstica transfronteriza y almacenamiento.<\/p>\n\n\n\n<p><strong>Personalizaci\u00f3n OEM\/ODM:<\/strong> Shouya admite la fabricaci\u00f3n por contrato de marcas espec\u00edficas con opciones de dise\u00f1o flexibles para logotipos y detalles de productos, ideales para establecer o ampliar l\u00edneas de marcas B2B.<\/p>\n<\/div>\n\n\n\n<div class=\"wp-block-column is-layout-flow wp-block-column-is-layout-flow\"><div class=\"wp-block-image\">\n<figure class=\"aligncenter size-full\"><img decoding=\"async\" width=\"700\" height=\"700\" src=\"https:\/\/www.shouyasanitary.com\/wp-content\/uploads\/2026\/03\/wholesale-floor-standing-cabinet.webp\" alt=\"venta al por mayor armario de pie\" class=\"wp-image-2729\" style=\"object-fit:cover\" srcset=\"https:\/\/www.shouyasanitary.com\/wp-content\/uploads\/2026\/03\/wholesale-floor-standing-cabinet.webp 700w, https:\/\/www.shouyasanitary.com\/wp-content\/uploads\/2026\/03\/wholesale-floor-standing-cabinet-300x300.webp 300w, https:\/\/www.shouyasanitary.com\/wp-content\/uploads\/2026\/03\/wholesale-floor-standing-cabinet-150x150.webp 150w, https:\/\/www.shouyasanitary.com\/wp-content\/uploads\/2026\/03\/wholesale-floor-standing-cabinet-12x12.webp 12w, https:\/\/www.shouyasanitary.com\/wp-content\/uploads\/2026\/03\/wholesale-floor-standing-cabinet-600x600.webp 600w, https:\/\/www.shouyasanitary.com\/wp-content\/uploads\/2026\/03\/wholesale-floor-standing-cabinet-100x100.webp 100w\" sizes=\"(max-width: 700px) 100vw, 700px\" \/><\/figure>\n<\/div><\/div>\n<\/div>","protected":false},"excerpt":{"rendered":"<p>Los lavabos de pie personalizados presentan un acabado marr\u00f3n neutro, dos amplios cajones y un lavabo de cer\u00e1mica resistente. Ligeros, f\u00e1ciles de instalar y personalizables OEM\/ODM. P\u00f3ngase en contacto con nosotros para consultas al por mayor y detalles del cat\u00e1logo.<\/p>\n<h2>Tocadores de ba\u00f1o independientes Atributos\uff1a<\/h2>\n<p><strong>Modelo\uff1a<\/strong>SYY26BA14<br \/><strong>Material del armario:<\/strong> PVC<br \/><strong>Color del armario:<\/strong> Marr\u00f3n<br \/><strong>Espejo:<\/strong> Espejo LED (3,5 mm\/3,8 mm), iluminaci\u00f3n tricolor, desempa\u00f1ado con un solo toque, protegido con embalaje de espuma multicapa<br \/><strong>Tipo de instalaci\u00f3n:<\/strong> De pie<br \/><strong>Dimensiones (L\u00d7A\u00d7H):<\/strong> 50x47x70 cm<br \/><strong>Peso bruto:<\/strong> 30 kg\/set<\/p>\n<h2>Personalizaci\u00f3n y servicios:<\/h2>\n<p><strong>OEM Y ODM<\/strong>: Soporte<br \/><strong>Dise\u00f1o<\/strong>: Gratis<br \/><strong>Accesorios<\/strong>: Lavabos, espejos, grifos y otros accesorios de ba\u00f1o<br \/><strong>Embalaje<\/strong>: Listo para montar<\/p>","protected":false},"featured_media":2729,"comment_status":"closed","ping_status":"closed","template":"","meta":{"_acf_changed":false},"product_brand":[],"product_cat":[24],"product_tag":[],"class_list":{"0":"post-2728","1":"product","2":"type-product","3":"status-publish","4":"has-post-thumbnail","6":"product_cat-wholesale-pvc-bathroom-vanity-cabinets","8":"first","9":"instock","10":"shipping-taxable","11":"product-type-simple"},"acf":[],"_links":{"self":[{"href":"https:\/\/www.shouyasanitary.com\/es\/wp-json\/wp\/v2\/product\/2728","targetHints":{"allow":["GET"]}}],"collection":[{"href":"https:\/\/www.shouyasanitary.com\/es\/wp-json\/wp\/v2\/product"}],"about":[{"href":"https:\/\/www.shouyasanitary.com\/es\/wp-json\/wp\/v2\/types\/product"}],"replies":[{"embeddable":true,"href":"https:\/\/www.shouyasanitary.com\/es\/wp-json\/wp\/v2\/comments?post=2728"}],"wp:featuredmedia":[{"embeddable":true,"href":"https:\/\/www.shouyasanitary.com\/es\/wp-json\/wp\/v2\/media\/2729"}],"wp:attachment":[{"href":"https:\/\/www.shouyasanitary.com\/es\/wp-json\/wp\/v2\/media?parent=2728"}],"wp:term":[{"taxonomy":"product_brand","embeddable":true,"href":"https:\/\/www.shouyasanitary.com\/es\/wp-json\/wp\/v2\/product_brand?post=2728"},{"taxonomy":"product_cat","embeddable":true,"href":"https:\/\/www.shouyasanitary.com\/es\/wp-json\/wp\/v2\/product_cat?post=2728"},{"taxonomy":"product_tag","embeddable":true,"href":"https:\/\/www.shouyasanitary.com\/es\/wp-json\/wp\/v2\/product_tag?post=2728"}],"curies":[{"name":"wp","href":"https:\/\/api.w.org\/{rel}","templated":true}]}}