{"id":2732,"date":"2026-03-14T07:28:07","date_gmt":"2026-03-14T07:28:07","guid":{"rendered":"https:\/\/www.shouyasanitary.com\/?post_type=product&#038;p=2732"},"modified":"2026-03-14T07:29:24","modified_gmt":"2026-03-14T07:29:24","slug":"custom-wall-bathroom-cabinets","status":"publish","type":"product","link":"https:\/\/www.shouyasanitary.com\/es\/producto\/custom-wall-bathroom-cabinets\/","title":{"rendered":"Custom Wall Armarios de Ba\u00f1o, Blanco Doble Capas Moderno Ba\u00f1o Vanidad Proveedor"},"content":{"rendered":"<div class=\"wp-block-columns is-layout-flex wp-container-core-columns-is-layout-9d6595d7 wp-block-columns-is-layout-flex\">\n<div class=\"wp-block-column is-layout-flow wp-block-column-is-layout-flow\">\n<h2 class=\"wp-block-heading\">Armarios de ba\u00f1o de pared Caracter\u00edsticas\uff1a<\/h2>\n\n\n\n<p><strong>Elegante y espacioso:<\/strong>\u00a0Maximice el espacio del suelo con este minimalista\u00a0<strong>lavabo suspendido<\/strong>. El acabado en blanco n\u00edtido crea un aspecto aireado y limpio.<\/p>\n\n\n\n<p><strong>Almacenamiento inteligente:<\/strong>\u00a0Dos cajones profundos de cierre suave proporcionan un amplio almacenamiento oculto para mantener las encimeras libres de desorden.<\/p>\n\n\n\n<p><strong>Impresionante espejo:<\/strong>\u00a0El espejo incluido tiene un dise\u00f1o funcional y decorativo, equipado con iluminaci\u00f3n LED, y est\u00e1 dise\u00f1ado para ser la pieza central de la pared del cuarto de ba\u00f1o.<\/p>\n\n\n\n<p><strong>Salud y seguridad<\/strong>: Tableros de PVC respetuosos con el medio ambiente, sin formaldeh\u00eddo, sin olor, listos para usar despu\u00e9s de la instalaci\u00f3n, adecuados para casas, hoteles y proyectos de apartamentos.<\/p>\n\n\n\n<p><strong>Servicio OEM \/ ODM:<\/strong> El maduro sistema de producci\u00f3n OEM\/ODM de Shouya, capaz de fabricar por contrato seg\u00fan los est\u00e1ndares de la marca del cliente, admite el dise\u00f1o diferenciado del LOGO y los detalles del producto, ayudando a los clientes a establecer o ampliar r\u00e1pidamente sus propias l\u00edneas de marca.<\/p>\n<\/div>\n\n\n\n<div class=\"wp-block-column is-layout-flow wp-block-column-is-layout-flow\"><div class=\"wp-block-image\">\n<figure class=\"aligncenter size-full\"><img decoding=\"async\" width=\"700\" height=\"700\" src=\"https:\/\/www.shouyasanitary.com\/wp-content\/uploads\/2026\/03\/bulk-purchase-cabinet.webp\" alt=\"armario de compra a granel\" class=\"wp-image-2733\" style=\"object-fit:cover\" srcset=\"https:\/\/www.shouyasanitary.com\/wp-content\/uploads\/2026\/03\/bulk-purchase-cabinet.webp 700w, https:\/\/www.shouyasanitary.com\/wp-content\/uploads\/2026\/03\/bulk-purchase-cabinet-300x300.webp 300w, https:\/\/www.shouyasanitary.com\/wp-content\/uploads\/2026\/03\/bulk-purchase-cabinet-150x150.webp 150w, https:\/\/www.shouyasanitary.com\/wp-content\/uploads\/2026\/03\/bulk-purchase-cabinet-12x12.webp 12w, https:\/\/www.shouyasanitary.com\/wp-content\/uploads\/2026\/03\/bulk-purchase-cabinet-600x600.webp 600w, https:\/\/www.shouyasanitary.com\/wp-content\/uploads\/2026\/03\/bulk-purchase-cabinet-100x100.webp 100w\" sizes=\"(max-width: 700px) 100vw, 700px\" \/><\/figure>\n<\/div><\/div>\n<\/div>","protected":false},"excerpt":{"rendered":"<div class=\"flex max-w-full flex-col gap-4 grow\">\n<div class=\"min-h-8 text-message relative flex w-full flex-col items-end gap-2 text-start break-words whitespace-normal [.text-message+&amp;]:mt-1\" dir=\"auto\" data-message-author-role=\"assistant\" data-message-id=\"e034d4b1-bcf6-43c8-82b7-0a3fa7fa4b8f\" data-message-model-slug=\"gpt-5-mini\">\n<div class=\"flex w-full flex-col gap-1 empty:hidden\">\n<div class=\"markdown prose dark:prose-invert w-full wrap-break-word light markdown-new-styling\">\n<p data-start=\"0\" data-end=\"260\" data-is-last-node=\"\" data-is-only-node=\"\">Los armarios de ba\u00f1o de pared personalizados ofrecen un elegante dise\u00f1o colgado de la pared con dos cajones de cierre suave, un espejo LED decorativo y una construcci\u00f3n de PVC respetuosa con el medio ambiente. M\u00faltiples estilos y personalizaci\u00f3n OEM\/ODM disponibles. P\u00f3ngase en contacto con nosotros para las opciones de venta al por mayor y de marca.<\/p>\n<\/div>\n<\/div>\n<\/div>\n<\/div>\n<h2>Armarios de ba\u00f1o de pared Atributos\uff1a<\/h2>\n<p><strong>Modelo\uff1a<\/strong>SYY26BA15<br \/><strong>Material del armario:<\/strong> PVC<br \/><strong>Color del armario:<\/strong> Blanco<br \/><strong>Espejo:<\/strong> Espejo LED (3,5 mm\/3,8 mm), iluminaci\u00f3n tricolor, desempa\u00f1ado con un solo toque, protegido con embalaje de espuma multicapa<br \/><strong>Tipo de instalaci\u00f3n:<\/strong> Montaje en pared<br \/><strong>Dimensiones (L\u00d7A\u00d7H):<\/strong> 80x47x48 cm<br \/><strong>Peso bruto:<\/strong> 32 kg\/set<\/p>\n<h2>Personalizaci\u00f3n y servicios:<\/h2>\n<p><strong>OEM Y ODM<\/strong>: Soporte<br \/><strong>Dise\u00f1o<\/strong>: Gratis<br \/><strong>Accesorios<\/strong>: Lavabos, espejos, grifos y otros accesorios de ba\u00f1o<br \/><strong>Embalaje<\/strong>: Listo para montar<\/p>","protected":false},"featured_media":2733,"comment_status":"closed","ping_status":"closed","template":"","meta":{"_acf_changed":false},"product_brand":[],"product_cat":[24],"product_tag":[],"class_list":{"0":"post-2732","1":"product","2":"type-product","3":"status-publish","4":"has-post-thumbnail","6":"product_cat-wholesale-pvc-bathroom-vanity-cabinets","8":"first","9":"instock","10":"shipping-taxable","11":"product-type-simple"},"acf":[],"_links":{"self":[{"href":"https:\/\/www.shouyasanitary.com\/es\/wp-json\/wp\/v2\/product\/2732","targetHints":{"allow":["GET"]}}],"collection":[{"href":"https:\/\/www.shouyasanitary.com\/es\/wp-json\/wp\/v2\/product"}],"about":[{"href":"https:\/\/www.shouyasanitary.com\/es\/wp-json\/wp\/v2\/types\/product"}],"replies":[{"embeddable":true,"href":"https:\/\/www.shouyasanitary.com\/es\/wp-json\/wp\/v2\/comments?post=2732"}],"wp:featuredmedia":[{"embeddable":true,"href":"https:\/\/www.shouyasanitary.com\/es\/wp-json\/wp\/v2\/media\/2733"}],"wp:attachment":[{"href":"https:\/\/www.shouyasanitary.com\/es\/wp-json\/wp\/v2\/media?parent=2732"}],"wp:term":[{"taxonomy":"product_brand","embeddable":true,"href":"https:\/\/www.shouyasanitary.com\/es\/wp-json\/wp\/v2\/product_brand?post=2732"},{"taxonomy":"product_cat","embeddable":true,"href":"https:\/\/www.shouyasanitary.com\/es\/wp-json\/wp\/v2\/product_cat?post=2732"},{"taxonomy":"product_tag","embeddable":true,"href":"https:\/\/www.shouyasanitary.com\/es\/wp-json\/wp\/v2\/product_tag?post=2732"}],"curies":[{"name":"wp","href":"https:\/\/api.w.org\/{rel}","templated":true}]}}