{"id":2736,"date":"2026-03-14T08:51:23","date_gmt":"2026-03-14T08:51:23","guid":{"rendered":"https:\/\/www.shouyasanitary.com\/?post_type=product&#038;p=2736"},"modified":"2026-03-14T09:11:41","modified_gmt":"2026-03-14T09:11:41","slug":"double-vanity-bathroom-wholesale","status":"publish","type":"product","link":"https:\/\/www.shouyasanitary.com\/es\/producto\/double-vanity-bathroom-wholesale\/","title":{"rendered":"Doble tocador de ba\u00f1o al por mayor, colgado de la pared del gabinete de ba\u00f1o Conjunto Gris SPC Proveedor"},"content":{"rendered":"<div class=\"wp-block-columns is-layout-flex wp-container-core-columns-is-layout-9d6595d7 wp-block-columns-is-layout-flex\">\n<div class=\"wp-block-column is-layout-flow wp-block-column-is-layout-flow\">\n<h2 class=\"wp-block-heading\">Caracter\u00edsticas del ba\u00f1o con doble lavabo\uff1a<\/h2>\n\n\n\n<p><strong>Dise\u00f1o mural que ahorra espacio<\/strong>: Libera espacio en el suelo para conseguir un cuarto de ba\u00f1o m\u00e1s abierto, ideal para hoteles y residencias compactas. Elimina los huecos bajo el mueble para facilitar la limpieza y reducir la acumulaci\u00f3n de humedad.<\/p>\n\n\n\n<p><strong>Construcci\u00f3n SPC resistente a la humedad:<\/strong> El material SPC 100% impermeable de primera calidad evita que se deforme, agriete y descascarille, lo que garantiza una larga durabilidad en entornos de ba\u00f1o de alta humedad y minimiza las reclamaciones de garant\u00eda para los compradores al por mayor.<\/p>\n\n\n\n<p><strong>Disposici\u00f3n del fregadero doble: <\/strong>Dos lavabos espaciosos permiten el uso simult\u00e1neo, maximizando la eficiencia para ba\u00f1os de hoteles, pensiones y grandes casas familiares, simplificando las rutinas matutinas y nocturnas.<\/p>\n\n\n\n<p><strong>Est\u00e9tica moderna y vers\u00e1til:<\/strong> El elegante acabado gris complementa una amplia gama de estilos de dise\u00f1o, desde el minimalista hasta el industrial, sirviendo como punto focal de moda que atrae a los compradores preocupados por las tendencias.<\/p>\n\n\n\n<p><strong>Suministro directo del fabricante: <\/strong>Producci\u00f3n directa de f\u00e1brica de lavabos Shouya con control de calidad estable, capacidad de suministro a granel y personalizaci\u00f3n OEM\/ODM de marcas, tama\u00f1os y detalles de dise\u00f1o, ideal para distribuidores, contratistas de proyectos y compradores B2B.<\/p>\n<\/div>\n\n\n\n<div class=\"wp-block-column is-layout-flow wp-block-column-is-layout-flow\"><div class=\"wp-block-image\">\n<figure class=\"aligncenter size-full\"><img decoding=\"async\" width=\"700\" height=\"700\" src=\"https:\/\/www.shouyasanitary.com\/wp-content\/uploads\/2026\/03\/bulk-lot-bathroom-cabinet.webp\" alt=\"lote a granel mueble de ba\u00f1o\" class=\"wp-image-2738\" style=\"object-fit:cover\" srcset=\"https:\/\/www.shouyasanitary.com\/wp-content\/uploads\/2026\/03\/bulk-lot-bathroom-cabinet.webp 700w, https:\/\/www.shouyasanitary.com\/wp-content\/uploads\/2026\/03\/bulk-lot-bathroom-cabinet-300x300.webp 300w, https:\/\/www.shouyasanitary.com\/wp-content\/uploads\/2026\/03\/bulk-lot-bathroom-cabinet-150x150.webp 150w, https:\/\/www.shouyasanitary.com\/wp-content\/uploads\/2026\/03\/bulk-lot-bathroom-cabinet-12x12.webp 12w, https:\/\/www.shouyasanitary.com\/wp-content\/uploads\/2026\/03\/bulk-lot-bathroom-cabinet-600x600.webp 600w, https:\/\/www.shouyasanitary.com\/wp-content\/uploads\/2026\/03\/bulk-lot-bathroom-cabinet-100x100.webp 100w\" sizes=\"(max-width: 700px) 100vw, 700px\" \/><\/figure>\n<\/div><\/div>\n<\/div>","protected":false},"excerpt":{"rendered":"<p>Shouya doble cuarto de ba\u00f1o de la vanidad al por mayor con montado en la pared SPC dise\u00f1o y acabado gris moderno ofrece soluciones duraderas, ahorro de espacio para hoteles y proyectos. \u00a1Suministro directo de f\u00e1brica con precios al por mayor y opciones personalizadas! \u00a1P\u00f3ngase en contacto con nosotros para obtener un presupuesto!<\/p>\n<h2>Atributos del ba\u00f1o con tocador doble\uff1a<\/h2>\n<p><strong>Art\u00edculo No:<\/strong>SYY26BA16<strong><br \/>Material del armario: <\/strong>Tablero de pl\u00e1stico p\u00e9treo<br \/><strong>Color del armario: <\/strong>Gris<br \/><strong>Espejo:<\/strong> Espejo LED (3,5 mm\/3,8 mm), iluminaci\u00f3n tricolor, desempa\u00f1ado con un solo toque, protegido con embalaje de espuma multicapa<br \/><strong>Tipo de instalaci\u00f3n:<\/strong>\u00a0Montaje en pared<br \/><strong>Dimensiones (L\u00d7A\u00d7H):<\/strong> 100*47,5*48,5 cm<br \/><strong>Peso bruto:<\/strong> 28kg\/set<\/p>\n<h2>Personalizaci\u00f3n y servicios:<\/h2>\n<p><strong>OEM Y ODM<\/strong>: Soporte<br \/><strong>Dise\u00f1o<\/strong>: Gratis<br \/><strong>Accesorios<\/strong>: Lavabos, espejos, grifos y otros accesorios de ba\u00f1o<br \/><strong>Embalaje<\/strong>: Listo para montar<\/p>","protected":false},"featured_media":2738,"comment_status":"closed","ping_status":"closed","template":"","meta":{"_acf_changed":true},"product_brand":[],"product_cat":[29],"product_tag":[],"class_list":{"0":"post-2736","1":"product","2":"type-product","3":"status-publish","4":"has-post-thumbnail","6":"product_cat-wholesale-spc-bathroom-vanity-cabinets","8":"first","9":"instock","10":"shipping-taxable","11":"product-type-simple"},"acf":[],"_links":{"self":[{"href":"https:\/\/www.shouyasanitary.com\/es\/wp-json\/wp\/v2\/product\/2736","targetHints":{"allow":["GET"]}}],"collection":[{"href":"https:\/\/www.shouyasanitary.com\/es\/wp-json\/wp\/v2\/product"}],"about":[{"href":"https:\/\/www.shouyasanitary.com\/es\/wp-json\/wp\/v2\/types\/product"}],"replies":[{"embeddable":true,"href":"https:\/\/www.shouyasanitary.com\/es\/wp-json\/wp\/v2\/comments?post=2736"}],"wp:featuredmedia":[{"embeddable":true,"href":"https:\/\/www.shouyasanitary.com\/es\/wp-json\/wp\/v2\/media\/2738"}],"wp:attachment":[{"href":"https:\/\/www.shouyasanitary.com\/es\/wp-json\/wp\/v2\/media?parent=2736"}],"wp:term":[{"taxonomy":"product_brand","embeddable":true,"href":"https:\/\/www.shouyasanitary.com\/es\/wp-json\/wp\/v2\/product_brand?post=2736"},{"taxonomy":"product_cat","embeddable":true,"href":"https:\/\/www.shouyasanitary.com\/es\/wp-json\/wp\/v2\/product_cat?post=2736"},{"taxonomy":"product_tag","embeddable":true,"href":"https:\/\/www.shouyasanitary.com\/es\/wp-json\/wp\/v2\/product_tag?post=2736"}],"curies":[{"name":"wp","href":"https:\/\/api.w.org\/{rel}","templated":true}]}}