{"id":2737,"date":"2026-03-18T08:39:05","date_gmt":"2026-03-18T08:39:05","guid":{"rendered":"https:\/\/www.shouyasanitary.com\/?post_type=product&#038;p=2737"},"modified":"2026-03-18T08:46:13","modified_gmt":"2026-03-18T08:46:13","slug":"custom-floating-vanity-for-bathroom","status":"publish","type":"product","link":"https:\/\/www.shouyasanitary.com\/es\/producto\/custom-floating-vanity-for-bathroom\/","title":{"rendered":"Tocador Flotante a Medida para Ba\u00f1o Moderno Blanco con Espejo LED y Armario Lateral Proveedor"},"content":{"rendered":"<div class=\"wp-block-columns is-layout-flex wp-container-core-columns-is-layout-9d6595d7 wp-block-columns-is-layout-flex\">\n<div class=\"wp-block-column is-layout-flow wp-block-column-is-layout-flow\">\n<h2 class=\"wp-block-heading\">Caracter\u00edsticas de un tocador flotante para ba\u00f1o\uff1a<\/h2>\n\n\n\n<p><strong>Durabilidad superior:<\/strong> Fabricado en aluminio de alta densidad resistente al agua, este tocador de ba\u00f1o colgado de la pared resiste el alabeo en ambientes h\u00famedos y tiene una garant\u00eda de 10 a\u00f1os, ideal para hoteles y proyectos residenciales.<\/p>\n\n\n\n<p><strong>Dise\u00f1o que ahorra espacio:<\/strong> La disposici\u00f3n montada en la pared y la torre lateral estrecha maximizan el almacenamiento vertical y en el suelo, lo que resulta perfecto para cuartos de ba\u00f1o compactos a la vez que mantiene organizados los art\u00edculos de aseo.<\/p>\n\n\n\n<p><strong>Funcionalidad moderna integrada: <\/strong>El espejo LED integrado con sensor de movimiento proporciona una iluminaci\u00f3n sin sombras, mejorando la experiencia del usuario y eliminando la necesidad de espejos independientes.<\/p>\n\n\n\n<p><strong>Configuraci\u00f3n modular y personalizable<\/strong>: El conjunto de 3 piezas, que incluye el lavabo, el espejo y el armario lateral, permite una instalaci\u00f3n flexible y pedidos al por mayor; admite la personalizaci\u00f3n del color RAL y el acabado de los herrajes para diversas especificaciones de proyecto.<\/p>\n\n\n\n<p><strong>Asistencia OEM\/ODM<\/strong>: Opciones totalmente personalizables de color, tama\u00f1o, estilo de espejo y caracter\u00edsticas de iluminaci\u00f3n para satisfacer diferentes requisitos de proyectos de ingenier\u00eda, hoteleros o residenciales.<\/p>\n<\/div>\n\n\n\n<div class=\"wp-block-column is-layout-flow wp-block-column-is-layout-flow\"><div class=\"wp-block-image\">\n<figure class=\"aligncenter size-full\"><img decoding=\"async\" width=\"700\" height=\"700\" src=\"https:\/\/www.shouyasanitary.com\/wp-content\/uploads\/2026\/03\/wholesale-bathroom-cabinet.webp\" alt=\"venta al por mayor mueble de ba\u00f1o\" class=\"wp-image-2741\" style=\"object-fit:cover\" srcset=\"https:\/\/www.shouyasanitary.com\/wp-content\/uploads\/2026\/03\/wholesale-bathroom-cabinet.webp 700w, https:\/\/www.shouyasanitary.com\/wp-content\/uploads\/2026\/03\/wholesale-bathroom-cabinet-300x300.webp 300w, https:\/\/www.shouyasanitary.com\/wp-content\/uploads\/2026\/03\/wholesale-bathroom-cabinet-150x150.webp 150w, https:\/\/www.shouyasanitary.com\/wp-content\/uploads\/2026\/03\/wholesale-bathroom-cabinet-12x12.webp 12w, https:\/\/www.shouyasanitary.com\/wp-content\/uploads\/2026\/03\/wholesale-bathroom-cabinet-600x600.webp 600w, https:\/\/www.shouyasanitary.com\/wp-content\/uploads\/2026\/03\/wholesale-bathroom-cabinet-100x100.webp 100w\" sizes=\"(max-width: 700px) 100vw, 700px\" \/><\/figure>\n<\/div><\/div>\n<\/div>","protected":false},"excerpt":{"rendered":"<p>El tocador flotante a medida para ba\u00f1o cuenta con aluminio impermeable de alta densidad, un dise\u00f1o colgado de la pared que ahorra espacio, dos cajones y un armario lateral para almacenamiento, y un espejo LED integrado con iluminaci\u00f3n con sensor de movimiento. Modular, duradero y personalizable OEM\/ODM, p\u00f3ngase en contacto con nosotros para consultas al por mayor.<\/p>\n<h2>Vanidad flotante para atributos de ba\u00f1o\uff1a<\/h2>\n<p><strong>Art\u00edculo No: <\/strong>SYY26BA16<strong><br \/>Material del armario:<\/strong> Aluminio<br \/><strong>Color del armario:<\/strong> Blanco<br \/><strong>Espejo:<\/strong> Espejo LED (3,5 mm\/3,8 mm), iluminaci\u00f3n tricolor, desempa\u00f1ado con un solo toque, protegido con embalaje de espuma multicapa<br \/><strong>Tipo de instalaci\u00f3n:<\/strong>\u00a0Montaje en pared<br \/><strong>Dimensiones (L\u00d7A\u00d7H):<\/strong> 80x47x45 cm 25x22x90 cm<br \/><strong>Peso bruto:<\/strong> 35 kg\/set<\/p>\n<h2>Personalizaci\u00f3n y servicios:<\/h2>\n<p><strong>OEM Y ODM<\/strong>: Soporte<br \/><strong>Dise\u00f1o<\/strong>: Gratis<br \/><strong>Accesorios<\/strong>: Lavabos, espejos, grifos y otros accesorios de ba\u00f1o<br \/><strong>Embalaje<\/strong>: Listo para montar<\/p>","protected":false},"featured_media":2741,"comment_status":"closed","ping_status":"closed","template":"","meta":{"_acf_changed":false},"product_brand":[],"product_cat":[23],"product_tag":[],"class_list":{"0":"post-2737","1":"product","2":"type-product","3":"status-publish","4":"has-post-thumbnail","6":"product_cat-wholesale-aluminum-bathroom-vanity-cabinets","8":"first","9":"instock","10":"shipping-taxable","11":"product-type-simple"},"acf":[],"_links":{"self":[{"href":"https:\/\/www.shouyasanitary.com\/es\/wp-json\/wp\/v2\/product\/2737","targetHints":{"allow":["GET"]}}],"collection":[{"href":"https:\/\/www.shouyasanitary.com\/es\/wp-json\/wp\/v2\/product"}],"about":[{"href":"https:\/\/www.shouyasanitary.com\/es\/wp-json\/wp\/v2\/types\/product"}],"replies":[{"embeddable":true,"href":"https:\/\/www.shouyasanitary.com\/es\/wp-json\/wp\/v2\/comments?post=2737"}],"wp:featuredmedia":[{"embeddable":true,"href":"https:\/\/www.shouyasanitary.com\/es\/wp-json\/wp\/v2\/media\/2741"}],"wp:attachment":[{"href":"https:\/\/www.shouyasanitary.com\/es\/wp-json\/wp\/v2\/media?parent=2737"}],"wp:term":[{"taxonomy":"product_brand","embeddable":true,"href":"https:\/\/www.shouyasanitary.com\/es\/wp-json\/wp\/v2\/product_brand?post=2737"},{"taxonomy":"product_cat","embeddable":true,"href":"https:\/\/www.shouyasanitary.com\/es\/wp-json\/wp\/v2\/product_cat?post=2737"},{"taxonomy":"product_tag","embeddable":true,"href":"https:\/\/www.shouyasanitary.com\/es\/wp-json\/wp\/v2\/product_tag?post=2737"}],"curies":[{"name":"wp","href":"https:\/\/api.w.org\/{rel}","templated":true}]}}