{"id":2745,"date":"2026-03-18T09:07:44","date_gmt":"2026-03-18T09:07:44","guid":{"rendered":"https:\/\/www.shouyasanitary.com\/?post_type=product&#038;p=2745"},"modified":"2026-03-18T09:08:41","modified_gmt":"2026-03-18T09:08:41","slug":"bathroom-vanity-double-sink-wholesale","status":"publish","type":"product","link":"https:\/\/www.shouyasanitary.com\/es\/producto\/bathroom-vanity-double-sink-wholesale\/","title":{"rendered":"Ba\u00f1o Vanidad Doble Fregadero al por mayor, pared colgado gabinete de ba\u00f1o de lujo de madera de grano personalizado"},"content":{"rendered":"<div class=\"wp-block-columns is-layout-flex wp-container-core-columns-is-layout-9d6595d7 wp-block-columns-is-layout-flex\">\n<div class=\"wp-block-column is-layout-flow wp-block-column-is-layout-flow\">\n<h2 class=\"wp-block-heading\">Caracter\u00edsticas del lavabo doble del tocador del cuarto de ba\u00f1o\uff1a<\/h2>\n\n\n\n<p><strong>Dise\u00f1o mural que ahorra espacio<\/strong>: La instalaci\u00f3n flotante maximiza el espacio del suelo, mantiene el \u00e1rea limpia y crea un aspecto moderno y ordenado, perfecto para ba\u00f1os residenciales y de hoteles.<\/p>\n\n\n\n<p><strong>Fregaderos de cer\u00e1mica dobles:<\/strong> Dos lavabos cer\u00e1micos de alta calidad ofrecen un amplio espacio de lavado, superficies lisas y resistentes a los ara\u00f1azos, y una limpieza f\u00e1cil para uso familiar o comercial de mucho tr\u00e1nsito.<\/p>\n\n\n\n<p><strong>Acabado con rayas de madera: <\/strong>La elegante textura a rayas de madera combina la calidez natural con la est\u00e9tica contempor\u00e1nea; fabricada en PVC impermeable y resistente a la humedad para una larga durabilidad en entornos h\u00famedos.<\/p>\n\n\n\n<p><strong>Espejo desempa\u00f1ador LED inteligente:<\/strong> El espejo LED de bajo consumo integrado con funci\u00f3n antivaho proporciona una iluminaci\u00f3n suave y uniforme y un reflejo de alta definici\u00f3n, lo que mejora el maquillaje, el aseo y la experiencia general en el ba\u00f1o.<\/p>\n\n\n\n<p><strong>Personalizaci\u00f3n flexible para proyectos B2B: <\/strong>Disponibles en varios tama\u00f1os y colores, se adaptan a las necesidades de hoteles, espacios residenciales y proyectos comerciales. Los pedidos a granel son totalmente compatibles con las diversas demandas del mercado.<\/p>\n<\/div>\n\n\n\n<div class=\"wp-block-column is-layout-flow wp-block-column-is-layout-flow\"><div class=\"wp-block-image\">\n<figure class=\"aligncenter size-full\"><img decoding=\"async\" width=\"700\" height=\"700\" src=\"https:\/\/www.shouyasanitary.com\/wp-content\/uploads\/2026\/03\/Container-load-bathroom-cabinet.webp\" alt=\"Contenedor carga mueble ba\u00f1o\" class=\"wp-image-2746\" style=\"object-fit:cover\" srcset=\"https:\/\/www.shouyasanitary.com\/wp-content\/uploads\/2026\/03\/Container-load-bathroom-cabinet.webp 700w, https:\/\/www.shouyasanitary.com\/wp-content\/uploads\/2026\/03\/Container-load-bathroom-cabinet-300x300.webp 300w, https:\/\/www.shouyasanitary.com\/wp-content\/uploads\/2026\/03\/Container-load-bathroom-cabinet-150x150.webp 150w, https:\/\/www.shouyasanitary.com\/wp-content\/uploads\/2026\/03\/Container-load-bathroom-cabinet-12x12.webp 12w, https:\/\/www.shouyasanitary.com\/wp-content\/uploads\/2026\/03\/Container-load-bathroom-cabinet-600x600.webp 600w, https:\/\/www.shouyasanitary.com\/wp-content\/uploads\/2026\/03\/Container-load-bathroom-cabinet-100x100.webp 100w\" sizes=\"(max-width: 700px) 100vw, 700px\" \/><\/figure>\n<\/div><\/div>\n<\/div>","protected":false},"excerpt":{"rendered":"<p>Cuarto de ba\u00f1o vanidad doble fregadero al por mayor cuenta con un dise\u00f1o de ahorro de espacio montado en la pared, dos lavabos de cer\u00e1mica, un acabado de grano de madera, y un espejo LED desempa\u00f1ado inteligente. Personalizable para proyectos B2B con calidad estable y rentable, perfecto para proyectos hoteleros, distribuidores, importadores y compradores globales. P\u00f3ngase en contacto con nosotros para solicitar presupuestos al por mayor.<\/p>\n<h2>Mueble de ba\u00f1o lavabo doble atributos\uff1a<\/h2>\n<p><strong>Art\u00edculo No:<\/strong>SYY26BA12<strong><br \/>Material del armario: <\/strong>Tablero de pl\u00e1stico p\u00e9treo<br \/><strong>Color del armario: <\/strong>Amarillo<br \/><strong>Espejo:<\/strong> Espejo LED (3,5 mm\/3,8 mm), iluminaci\u00f3n tricolor, desempa\u00f1ado con un solo toque, protegido con embalaje de espuma multicapa<br \/><strong>Tipo de instalaci\u00f3n:<\/strong>\u00a0Montaje en pared<br \/><strong>Dimensiones (L\u00d7A\u00d7H):<\/strong> 100*47,5*48,5 cm<br \/><strong>Peso bruto:<\/strong> 28kg\/set<\/p>\n<h2>Personalizaci\u00f3n y servicios:<\/h2>\n<p><strong>OEM Y ODM<\/strong>: Soporte<br \/><strong>Dise\u00f1o<\/strong>: Gratis<br \/><strong>Accesorios<\/strong>: Lavabos, espejos, grifos y otros accesorios de ba\u00f1o<br \/><strong>Embalaje<\/strong>: Listo para montar<\/p>","protected":false},"featured_media":2746,"comment_status":"closed","ping_status":"closed","template":"","meta":{"_acf_changed":false},"product_brand":[],"product_cat":[29],"product_tag":[],"class_list":{"0":"post-2745","1":"product","2":"type-product","3":"status-publish","4":"has-post-thumbnail","6":"product_cat-wholesale-spc-bathroom-vanity-cabinets","8":"first","9":"instock","10":"shipping-taxable","11":"product-type-simple"},"acf":[],"_links":{"self":[{"href":"https:\/\/www.shouyasanitary.com\/es\/wp-json\/wp\/v2\/product\/2745","targetHints":{"allow":["GET"]}}],"collection":[{"href":"https:\/\/www.shouyasanitary.com\/es\/wp-json\/wp\/v2\/product"}],"about":[{"href":"https:\/\/www.shouyasanitary.com\/es\/wp-json\/wp\/v2\/types\/product"}],"replies":[{"embeddable":true,"href":"https:\/\/www.shouyasanitary.com\/es\/wp-json\/wp\/v2\/comments?post=2745"}],"wp:featuredmedia":[{"embeddable":true,"href":"https:\/\/www.shouyasanitary.com\/es\/wp-json\/wp\/v2\/media\/2746"}],"wp:attachment":[{"href":"https:\/\/www.shouyasanitary.com\/es\/wp-json\/wp\/v2\/media?parent=2745"}],"wp:term":[{"taxonomy":"product_brand","embeddable":true,"href":"https:\/\/www.shouyasanitary.com\/es\/wp-json\/wp\/v2\/product_brand?post=2745"},{"taxonomy":"product_cat","embeddable":true,"href":"https:\/\/www.shouyasanitary.com\/es\/wp-json\/wp\/v2\/product_cat?post=2745"},{"taxonomy":"product_tag","embeddable":true,"href":"https:\/\/www.shouyasanitary.com\/es\/wp-json\/wp\/v2\/product_tag?post=2745"}],"curies":[{"name":"wp","href":"https:\/\/api.w.org\/{rel}","templated":true}]}}