{"id":2862,"date":"2026-04-21T07:32:37","date_gmt":"2026-04-21T07:32:37","guid":{"rendered":"https:\/\/www.shouyasanitary.com\/?post_type=product&#038;p=2862"},"modified":"2026-04-21T07:36:14","modified_gmt":"2026-04-21T07:36:14","slug":"wholesale-black-bathroom-vanity","status":"publish","type":"product","link":"https:\/\/www.shouyasanitary.com\/es\/producto\/wholesale-black-bathroom-vanity\/","title":{"rendered":"Mayorista Tocador de Ba\u00f1o Negro para Hotel, Armario de Ba\u00f1o de Madera Contrachapada Montado en la Pared Personalizado"},"content":{"rendered":"<div class=\"wp-block-columns is-layout-flex wp-container-core-columns-is-layout-9d6595d7 wp-block-columns-is-layout-flex\">\n<div class=\"wp-block-column is-layout-flow wp-block-column-is-layout-flow\">\n<h2 class=\"wp-block-heading\">Tocador de ba\u00f1o negro Caracter\u00edsticas:<\/h2>\n\n\n\n<p><strong>Construcci\u00f3n duradera de madera contrachapada<\/strong>: Construido con madera contrachapada de alta densidad mediante tecnolog\u00eda de moldeado integrado para obtener una superficie lisa y refinada. Su excelente resistencia a la humedad, la corrosi\u00f3n y el desgaste garantiza un rendimiento duradero en entornos h\u00famedos.<\/p>\n\n\n\n<p><strong>Dise\u00f1o mural que ahorra espacio<\/strong>: La instalaci\u00f3n flotante maximiza el espacio del suelo y mejora la apertura visual. Ideal para ba\u00f1os modernos, dise\u00f1os compactos y proyectos de hosteler\u00eda con mucho tr\u00e1fico.<\/p>\n\n\n\n<p><strong>Caracter\u00edsticas funcionales y centradas en el usuario<\/strong>: Equipado con cajones de cierre suave y organizadores integrados para un almacenamiento eficiente. Un armario con espejo LED opcional con controles t\u00e1ctiles y visualizaci\u00f3n de la hora mejora la facilidad de uso y la experiencia del usuario.<\/p>\n\n\n\n<p><strong>Calidad fiable y garant\u00eda posventa<\/strong>: Los materiales con certificaci\u00f3n ecol\u00f3gica y los herrajes inoxidables garantizan la seguridad y la durabilidad. Cada unidad se somete a pruebas de impermeabilidad y resistencia a la carga, lo que proporciona una calidad fiable para proyectos a gran escala.<\/p>\n\n\n\n<p><strong>Servicio completo de personalizaci\u00f3n OEM\/ODM<\/strong>: Personalizaci\u00f3n integral, desde el color y la textura del mueble hasta la distribuci\u00f3n del almacenamiento y la selecci\u00f3n de herrajes. Le ayudamos a desarrollar colecciones de lavabos exclusivas adaptadas a su marca y a las necesidades de su proyecto.<\/p>\n<\/div>\n\n\n\n<div class=\"wp-block-column is-layout-flow wp-block-column-is-layout-flow\"><div class=\"wp-block-image\">\n<figure class=\"aligncenter size-full\"><img decoding=\"async\" width=\"700\" height=\"700\" src=\"https:\/\/www.shouyasanitary.com\/wp-content\/uploads\/2026\/04\/modern-design-wholesale-bathroom-cabinet-with-LED-mirrorplywood-material-bathroom-vanity-sets-for-hotel.webp\" alt=\"dise\u00f1o moderno al por mayor mueble de ba\u00f1o, con espejo LED y material de madera contrachapada cuarto de ba\u00f1o vanidad establece para el hotel\" class=\"wp-image-2864\" style=\"object-fit:cover\" srcset=\"https:\/\/www.shouyasanitary.com\/wp-content\/uploads\/2026\/04\/modern-design-wholesale-bathroom-cabinet-with-LED-mirrorplywood-material-bathroom-vanity-sets-for-hotel.webp 700w, https:\/\/www.shouyasanitary.com\/wp-content\/uploads\/2026\/04\/modern-design-wholesale-bathroom-cabinet-with-LED-mirrorplywood-material-bathroom-vanity-sets-for-hotel-300x300.webp 300w, https:\/\/www.shouyasanitary.com\/wp-content\/uploads\/2026\/04\/modern-design-wholesale-bathroom-cabinet-with-LED-mirrorplywood-material-bathroom-vanity-sets-for-hotel-150x150.webp 150w, https:\/\/www.shouyasanitary.com\/wp-content\/uploads\/2026\/04\/modern-design-wholesale-bathroom-cabinet-with-LED-mirrorplywood-material-bathroom-vanity-sets-for-hotel-12x12.webp 12w, https:\/\/www.shouyasanitary.com\/wp-content\/uploads\/2026\/04\/modern-design-wholesale-bathroom-cabinet-with-LED-mirrorplywood-material-bathroom-vanity-sets-for-hotel-600x600.webp 600w, https:\/\/www.shouyasanitary.com\/wp-content\/uploads\/2026\/04\/modern-design-wholesale-bathroom-cabinet-with-LED-mirrorplywood-material-bathroom-vanity-sets-for-hotel-100x100.webp 100w\" sizes=\"(max-width: 700px) 100vw, 700px\" \/><\/figure>\n<\/div><\/div>\n<\/div>","protected":false},"excerpt":{"rendered":"<p>El tocador de ba\u00f1o negro al por mayor cuenta con un moderno acabado mate, una duradera construcci\u00f3n de madera contrachapada y un dise\u00f1o montado en la pared que ahorra espacio. Ideal para hoteles y proyectos residenciales. P\u00f3ngase en contacto con nosotros para precios de f\u00e1brica y soluciones OEM\/ODM.<\/p>\n<h2>Atributos del tocador de ba\u00f1o negro\uff1a<\/h2>\n<p><strong>N\u00ba de art\u00edculo<\/strong>: 6706-60<br \/><strong>Material del armario<\/strong>: Contrachapado<br \/><strong>Espejo:<\/strong> Espejo LED (3,5 mm\/3,8 mm), iluminaci\u00f3n tricolor, desempa\u00f1ado con un solo toque, protegido con embalaje de espuma multicapa<br \/><strong>Tipo de instalaci\u00f3n:<\/strong>\u00a0Montaje en pared<br \/><strong>Dimensiones (L\u00d7A\u00d7H):<\/strong> 60*47*48cm<\/p>\n<h2>Personalizaci\u00f3n y servicios:<\/h2>\n<p><strong>OEM Y ODM<\/strong>: Soporte<br \/><strong>Dise\u00f1o<\/strong>: Gratis<br \/><strong>Accesorios<\/strong>: Lavabos, espejos, grifos y otros accesorios de ba\u00f1o<br \/><strong>Embalaje<\/strong>: Listo para montar<\/p>","protected":false},"featured_media":2864,"comment_status":"closed","ping_status":"closed","template":"","meta":{"_acf_changed":true},"product_brand":[],"product_cat":[20],"product_tag":[],"class_list":{"0":"post-2862","1":"product","2":"type-product","3":"status-publish","4":"has-post-thumbnail","6":"product_cat-wholesale-plywood-bathroom-vanity-cabinets","8":"first","9":"instock","10":"shipping-taxable","11":"product-type-simple"},"acf":[],"_links":{"self":[{"href":"https:\/\/www.shouyasanitary.com\/es\/wp-json\/wp\/v2\/product\/2862","targetHints":{"allow":["GET"]}}],"collection":[{"href":"https:\/\/www.shouyasanitary.com\/es\/wp-json\/wp\/v2\/product"}],"about":[{"href":"https:\/\/www.shouyasanitary.com\/es\/wp-json\/wp\/v2\/types\/product"}],"replies":[{"embeddable":true,"href":"https:\/\/www.shouyasanitary.com\/es\/wp-json\/wp\/v2\/comments?post=2862"}],"wp:featuredmedia":[{"embeddable":true,"href":"https:\/\/www.shouyasanitary.com\/es\/wp-json\/wp\/v2\/media\/2864"}],"wp:attachment":[{"href":"https:\/\/www.shouyasanitary.com\/es\/wp-json\/wp\/v2\/media?parent=2862"}],"wp:term":[{"taxonomy":"product_brand","embeddable":true,"href":"https:\/\/www.shouyasanitary.com\/es\/wp-json\/wp\/v2\/product_brand?post=2862"},{"taxonomy":"product_cat","embeddable":true,"href":"https:\/\/www.shouyasanitary.com\/es\/wp-json\/wp\/v2\/product_cat?post=2862"},{"taxonomy":"product_tag","embeddable":true,"href":"https:\/\/www.shouyasanitary.com\/es\/wp-json\/wp\/v2\/product_tag?post=2862"}],"curies":[{"name":"wp","href":"https:\/\/api.w.org\/{rel}","templated":true}]}}