{"id":379,"date":"2025-04-09T12:55:25","date_gmt":"2025-04-09T12:55:25","guid":{"rendered":"https:\/\/www.shouyasanitary.com\/?post_type=product&#038;p=379"},"modified":"2025-05-12T10:19:33","modified_gmt":"2025-05-12T10:19:33","slug":"custom-bathroom-vanity-cabinets","status":"publish","type":"product","link":"https:\/\/www.shouyasanitary.com\/es\/producto\/custom-bathroom-vanity-cabinets\/","title":{"rendered":"Armarios de ba\u00f1o a medida Lavabo de madera contrachapada a granel"},"content":{"rendered":"<div class=\"wp-block-columns is-layout-flex wp-container-core-columns-is-layout-9d6595d7 wp-block-columns-is-layout-flex\">\n<div class=\"wp-block-column is-layout-flow wp-block-column-is-layout-flow\">\n<h2 class=\"wp-block-heading\">Caracter\u00edsticas de los gabinetes de la vanidad del cuarto de ba\u00f1o\uff1a<\/h2>\n\n\n\n<p><strong>Material de contrachapado de primera calidad<\/strong>: Respetuoso con el medio ambiente, duradero y resistente a la humedad, perfecto para cuartos de ba\u00f1o h\u00famedos.<\/p>\n\n\n\n<p><strong>Acabado moderno y elegante<\/strong>: Color gris moderno, acabado liso no es f\u00e1cil de retener las manchas, estilo elegante y de moda, realzando la belleza general.<\/p>\n\n\n\n<p><strong>Dise\u00f1o mural que ahorra espacio<\/strong>: El moderno estilo flotante maximiza el espacio del suelo, haciendo que el cuarto de ba\u00f1o parezca m\u00e1s espacioso y ordenado.<\/p>\n\n\n\n<p><strong>Integraci\u00f3n de espejos LED personalizados<\/strong>: Iluminaci\u00f3n LED de bajo consumo, control t\u00e1ctil inteligente, brillo opcional, visualizaci\u00f3n de la hora y la temperatura, f\u00e1cil de usar, puede mejorar la visibilidad y la belleza.<\/p>\n\n\n\n<p><strong>Dise\u00f1o de almacenamiento vers\u00e1til<\/strong>: Dise\u00f1o con m\u00faltiples espacios de almacenamiento, cajones y compartimentos de cierre suave, sin ruidos de funcionamiento.<\/p>\n\n\n\n<p><strong>Asistencia mayorista y personalizada<\/strong>: Disponible en varios tama\u00f1os, colores y acabados para ofrecer flexibilidad de marca y dise\u00f1o.<\/p>\n<\/div>\n\n\n\n<div class=\"wp-block-column is-layout-flow wp-block-column-is-layout-flow\"><div class=\"wp-block-image\">\n<figure class=\"aligncenter size-full\"><img decoding=\"async\" width=\"800\" height=\"800\" src=\"https:\/\/www.shouyasanitary.com\/wp-content\/uploads\/2025\/04\/Custom-Bathroom-Vanity-Cabinets-Wash-Basin-Unit-Wholesale-3.webp\" alt=\"Mueble de Ba\u00f1o Lavabo Mayorista (3)\" class=\"wp-image-380\" style=\"object-fit:cover\" srcset=\"https:\/\/www.shouyasanitary.com\/wp-content\/uploads\/2025\/04\/Custom-Bathroom-Vanity-Cabinets-Wash-Basin-Unit-Wholesale-3.webp 800w, https:\/\/www.shouyasanitary.com\/wp-content\/uploads\/2025\/04\/Custom-Bathroom-Vanity-Cabinets-Wash-Basin-Unit-Wholesale-3-300x300.webp 300w, https:\/\/www.shouyasanitary.com\/wp-content\/uploads\/2025\/04\/Custom-Bathroom-Vanity-Cabinets-Wash-Basin-Unit-Wholesale-3-150x150.webp 150w, https:\/\/www.shouyasanitary.com\/wp-content\/uploads\/2025\/04\/Custom-Bathroom-Vanity-Cabinets-Wash-Basin-Unit-Wholesale-3-768x768.webp 768w, https:\/\/www.shouyasanitary.com\/wp-content\/uploads\/2025\/04\/Custom-Bathroom-Vanity-Cabinets-Wash-Basin-Unit-Wholesale-3-600x600.webp 600w, https:\/\/www.shouyasanitary.com\/wp-content\/uploads\/2025\/04\/Custom-Bathroom-Vanity-Cabinets-Wash-Basin-Unit-Wholesale-3-100x100.webp 100w\" sizes=\"(max-width: 800px) 100vw, 800px\" \/><\/figure>\n<\/div><\/div>\n<\/div>","protected":false},"excerpt":{"rendered":"<p>Armarios de ba\u00f1o a medida, dise\u00f1o moderno montado en la pared, almacenamiento en cajones de varias capas, espejos LED a juego, grifos y accesorios de ba\u00f1o, etc. Garant\u00eda de suministro estable, precios al por mayor. P\u00f3ngase en contacto con nosotros para obtener un presupuesto al por mayor.\u00a0<\/p>\n<h2>Atributos del gabinete del cuarto de ba\u00f1o de la madera contrachapada\uff1a<\/h2>\n<p><strong>Art\u00edculo No: <\/strong>SY2011-80<strong><br \/>Material del armario:<\/strong>\u00a0Contrachapado<br \/><strong>Color del armario:<\/strong> Gris<br \/><strong>Espejo:<\/strong> Espejo LED (3,5 mm\/3,8 mm), iluminaci\u00f3n tricolor, desempa\u00f1ado con un solo toque, protegido con embalaje de espuma multicapa<br \/><strong>Tipo de instalaci\u00f3n:<\/strong>\u00a0Montaje en pared<br \/><strong>Dimensiones (L\u00d7A\u00d7H):<\/strong> 80x47x47 cm<br \/><strong>Peso bruto:<\/strong> 30 kg\/set<\/p>\n<h2>Personalizaci\u00f3n y servicios:<\/h2>\n<p><strong>OEM Y ODM<\/strong>: Soporte<br \/><strong>Dise\u00f1o<\/strong>: Gratis<br \/><strong>Accesorios<\/strong>: Lavabos, espejos, grifos y otros accesorios de ba\u00f1o<br \/><strong>Embalaje<\/strong>: Listo para montar<\/p>","protected":false},"featured_media":380,"comment_status":"closed","ping_status":"closed","template":"","meta":{"_acf_changed":true},"product_brand":[],"product_cat":[20],"product_tag":[],"class_list":{"0":"post-379","1":"product","2":"type-product","3":"status-publish","4":"has-post-thumbnail","6":"product_cat-wholesale-plywood-bathroom-vanity-cabinets","8":"first","9":"instock","10":"shipping-taxable","11":"product-type-simple"},"acf":[],"_links":{"self":[{"href":"https:\/\/www.shouyasanitary.com\/es\/wp-json\/wp\/v2\/product\/379","targetHints":{"allow":["GET"]}}],"collection":[{"href":"https:\/\/www.shouyasanitary.com\/es\/wp-json\/wp\/v2\/product"}],"about":[{"href":"https:\/\/www.shouyasanitary.com\/es\/wp-json\/wp\/v2\/types\/product"}],"replies":[{"embeddable":true,"href":"https:\/\/www.shouyasanitary.com\/es\/wp-json\/wp\/v2\/comments?post=379"}],"wp:featuredmedia":[{"embeddable":true,"href":"https:\/\/www.shouyasanitary.com\/es\/wp-json\/wp\/v2\/media\/380"}],"wp:attachment":[{"href":"https:\/\/www.shouyasanitary.com\/es\/wp-json\/wp\/v2\/media?parent=379"}],"wp:term":[{"taxonomy":"product_brand","embeddable":true,"href":"https:\/\/www.shouyasanitary.com\/es\/wp-json\/wp\/v2\/product_brand?post=379"},{"taxonomy":"product_cat","embeddable":true,"href":"https:\/\/www.shouyasanitary.com\/es\/wp-json\/wp\/v2\/product_cat?post=379"},{"taxonomy":"product_tag","embeddable":true,"href":"https:\/\/www.shouyasanitary.com\/es\/wp-json\/wp\/v2\/product_tag?post=379"}],"curies":[{"name":"wp","href":"https:\/\/api.w.org\/{rel}","templated":true}]}}