{"id":393,"date":"2025-04-09T12:30:12","date_gmt":"2025-04-09T12:30:12","guid":{"rendered":"https:\/\/www.shouyasanitary.com\/?post_type=product&#038;p=393"},"modified":"2025-10-28T07:04:10","modified_gmt":"2025-10-28T07:04:10","slug":"bathroom-cabinet-wholesale","status":"publish","type":"product","link":"https:\/\/www.shouyasanitary.com\/es\/producto\/bathroom-cabinet-wholesale\/","title":{"rendered":"Armario de ba\u00f1o de madera contrachapada al por mayor, tocador de ba\u00f1o flotante con espejo ovalado Proveedor"},"content":{"rendered":"<div class=\"wp-block-columns is-layout-flex wp-container-core-columns-is-layout-9d6595d7 wp-block-columns-is-layout-flex\">\n<div class=\"wp-block-column is-layout-flow wp-block-column-is-layout-flow\">\n<h2 class=\"wp-block-heading\">Armario de ba\u00f1o de madera contrachapada Caracter\u00edsticas:<\/h2>\n\n\n\n<p><strong>Material contrachapado de alta calidad<\/strong>Estructura estable, resistente a la humedad y duradera, material ligero, f\u00e1cil de transportar e instalar.<\/p>\n\n\n\n<p><strong>Exclusiva forma de espejo ovalado:<\/strong> La elegante forma ovalada crea suavidad visual y fluidez espacial, realza la moda del espacio de ba\u00f1o y es adecuada para viviendas de alta gama y hoteles boutique.<\/p>\n\n\n\n<p><strong>Instalaci\u00f3n contra la pared<\/strong>Dise\u00f1o elevado, a prueba de humedad y moho, f\u00e1cil de limpiar, especialmente adecuado para hoteles de lujo, clubes, apartamentos, etc.<\/p>\n\n\n\n<p><strong>Esquinas suavemente redondeadas<\/strong>: Las esquinas del armario y el espejo est\u00e1n hechas con chaflanes redondeados, que no chocan y son seguros, y las l\u00edneas muestran una textura suave y una artesan\u00eda de primera clase.<\/p>\n\n\n\n<p><strong>Servicios personalizados de apoyo<\/strong>: puede proporcionar m\u00faltiples especificaciones de personalizaci\u00f3n, apoyar el color del espejo, el color del gabinete y la personalizaci\u00f3n de la decoraci\u00f3n para satisfacer las necesidades de los diferentes proyectos de decoraci\u00f3n.<\/p>\n\n\n\n<p><strong>Salida de f\u00e1brica, suministro estable<\/strong>: La personalizaci\u00f3n a granel disfruta de m\u00e1s descuentos para satisfacer las necesidades de aprovisionamiento.<\/p>\n<\/div>\n\n\n\n<div class=\"wp-block-column is-layout-flow wp-block-column-is-layout-flow\"><div class=\"wp-block-image\">\n<figure class=\"aligncenter size-full\"><img decoding=\"async\" width=\"1080\" height=\"1080\" src=\"https:\/\/www.shouyasanitary.com\/wp-content\/uploads\/2025\/04\/bathroom-cabinet-wholesale-luxury-vanities-custom-1.webp\" alt=\"mueble de ba\u00f1o al por mayor tocadores de lujo a medida (1)\" class=\"wp-image-381\" style=\"object-fit:cover\" srcset=\"https:\/\/www.shouyasanitary.com\/wp-content\/uploads\/2025\/04\/bathroom-cabinet-wholesale-luxury-vanities-custom-1.webp 1080w, https:\/\/www.shouyasanitary.com\/wp-content\/uploads\/2025\/04\/bathroom-cabinet-wholesale-luxury-vanities-custom-1-300x300.webp 300w, https:\/\/www.shouyasanitary.com\/wp-content\/uploads\/2025\/04\/bathroom-cabinet-wholesale-luxury-vanities-custom-1-150x150.webp 150w, https:\/\/www.shouyasanitary.com\/wp-content\/uploads\/2025\/04\/bathroom-cabinet-wholesale-luxury-vanities-custom-1-768x768.webp 768w, https:\/\/www.shouyasanitary.com\/wp-content\/uploads\/2025\/04\/bathroom-cabinet-wholesale-luxury-vanities-custom-1-600x600.webp 600w, https:\/\/www.shouyasanitary.com\/wp-content\/uploads\/2025\/04\/bathroom-cabinet-wholesale-luxury-vanities-custom-1-100x100.webp 100w\" sizes=\"(max-width: 1080px) 100vw, 1080px\" \/><\/figure>\n<\/div><\/div>\n<\/div>","protected":false},"excerpt":{"rendered":"<p>Bienvenido a la venta al por mayor gabinetes de ba\u00f1o con espejos ovalados LED, lavabos, grifos, etc. \u00a1Dise\u00f1o moderno gabinete montado en la pared, stock a granel, apoyar la personalizaci\u00f3n del OEM, Shouya venta directa de f\u00e1brica, bienvenido a preguntar!<\/p>\n<h2>Atributos de los armarios de ba\u00f1o\uff1a<\/h2>\n<p><strong>Art\u00edculo No:<\/strong>LD2026-80<strong><br \/>Material del armario:<\/strong> Contrachapado<br \/><strong>Color del armario: <\/strong> Blanco<br \/><strong>Espejo:<\/strong>\u00a0Espejo LED (3,5 mm \/ 3,8 mm), iluminaci\u00f3n tricolor, desempa\u00f1ado con un solo toque, protegido con embalaje de espuma multicapa<br \/><strong>Tipo de instalaci\u00f3n:<\/strong>\u00a0Montaje en pared<br \/><strong>Dimensiones (L \u00d7 A \u00d7 A):<\/strong> 80 x 50 x 47 cm<br \/><strong>Peso bruto:<\/strong> 30 kg\/set<\/p>\n<h2>Personalizaci\u00f3n y servicios:<\/h2>\n<p><strong>OEM Y ODM<\/strong>: Soporte<br \/><strong>Dise\u00f1o<\/strong>: Gratis<br \/><strong>Accesorios<\/strong>: Lavabos, espejos, grifos y otros accesorios de ba\u00f1o<br \/><strong>Embalaje<\/strong>: Listo para montar<\/p>","protected":false},"featured_media":381,"comment_status":"closed","ping_status":"closed","template":"","meta":{"_acf_changed":false},"product_brand":[],"product_cat":[20],"product_tag":[],"class_list":{"0":"post-393","1":"product","2":"type-product","3":"status-publish","4":"has-post-thumbnail","6":"product_cat-wholesale-plywood-bathroom-vanity-cabinets","8":"first","9":"instock","10":"shipping-taxable","11":"product-type-simple"},"acf":[],"_links":{"self":[{"href":"https:\/\/www.shouyasanitary.com\/es\/wp-json\/wp\/v2\/product\/393","targetHints":{"allow":["GET"]}}],"collection":[{"href":"https:\/\/www.shouyasanitary.com\/es\/wp-json\/wp\/v2\/product"}],"about":[{"href":"https:\/\/www.shouyasanitary.com\/es\/wp-json\/wp\/v2\/types\/product"}],"replies":[{"embeddable":true,"href":"https:\/\/www.shouyasanitary.com\/es\/wp-json\/wp\/v2\/comments?post=393"}],"wp:featuredmedia":[{"embeddable":true,"href":"https:\/\/www.shouyasanitary.com\/es\/wp-json\/wp\/v2\/media\/381"}],"wp:attachment":[{"href":"https:\/\/www.shouyasanitary.com\/es\/wp-json\/wp\/v2\/media?parent=393"}],"wp:term":[{"taxonomy":"product_brand","embeddable":true,"href":"https:\/\/www.shouyasanitary.com\/es\/wp-json\/wp\/v2\/product_brand?post=393"},{"taxonomy":"product_cat","embeddable":true,"href":"https:\/\/www.shouyasanitary.com\/es\/wp-json\/wp\/v2\/product_cat?post=393"},{"taxonomy":"product_tag","embeddable":true,"href":"https:\/\/www.shouyasanitary.com\/es\/wp-json\/wp\/v2\/product_tag?post=393"}],"curies":[{"name":"wp","href":"https:\/\/api.w.org\/{rel}","templated":true}]}}