{"id":394,"date":"2025-04-09T12:43:10","date_gmt":"2025-04-09T12:43:10","guid":{"rendered":"https:\/\/www.shouyasanitary.com\/?post_type=product&#038;p=394"},"modified":"2025-05-12T10:17:23","modified_gmt":"2025-05-12T10:17:23","slug":"wholesale-bathroom-cabinets","status":"publish","type":"product","link":"https:\/\/www.shouyasanitary.com\/es\/producto\/wholesale-bathroom-cabinets\/","title":{"rendered":"Mayorista Armarios de Ba\u00f1o de Pared con Espejo, Mueble de Ba\u00f1o al por Mayor"},"content":{"rendered":"<div class=\"wp-block-columns is-layout-flex wp-container-core-columns-is-layout-9d6595d7 wp-block-columns-is-layout-flex\">\n<div class=\"wp-block-column is-layout-flow wp-block-column-is-layout-flow\">\n<h2 class=\"wp-block-heading\">Caracter\u00edsticas de los armarios de ba\u00f1o\uff1a<\/h2>\n\n\n\n<p><strong>Contrachapado de alta resistencia: <\/strong>Se adopta una estructura de madera maciza multicapa para mejorar la resistencia a la deformaci\u00f3n y la durabilidad. El excelente rendimiento a prueba de humedad garantiza que el armario pueda adaptarse al entorno de alta humedad del cuarto de ba\u00f1o.<\/p>\n\n\n\n<p><strong>Dise\u00f1o mural: <\/strong>La instalaci\u00f3n suspendida ahorra espacio en el suelo, es f\u00e1cil de limpiar y realza la sensaci\u00f3n de cuarto de ba\u00f1o moderno. Se adapta a los requisitos de instalaci\u00f3n a diferentes alturas y tiene una gran flexibilidad.<\/p>\n\n\n\n<p><strong>Iluminaci\u00f3n inteligente del armario con espejos LED:<\/strong> Tira de luz LED suave incorporada, que proporciona luz natural. Interruptor t\u00e1ctil o de inducci\u00f3n, f\u00e1cil de manejar.<\/p>\n\n\n\n<p><strong>Espacio de almacenamiento multifuncional: <\/strong>Combinaci\u00f3n de armario espejo y armario principal, separaci\u00f3n de seco y h\u00famedo, almacenamiento clasificado. Los estantes ajustables y las diapositivas silenciosas hacen almacenamiento m\u00e1s eficiente y liso.<\/p>\n\n\n\n<p><strong>F\u00e1cil de instalar: <\/strong>Los armarios de ba\u00f1o son f\u00e1ciles de instalar y se montan r\u00e1pidamente sin operaciones complicadas, lo que ahorra tiempo y mano de obra.<\/p>\n\n\n\n<p><strong>Multicolor y multiestilo opcionales: <\/strong>Proporcionan una variedad de acabados y opciones de tama\u00f1o para satisfacer las necesidades personalizadas. Admite personalizaci\u00f3n OEM\/ODM<\/p>\n<\/div>\n\n\n\n<div class=\"wp-block-column is-layout-flow wp-block-column-is-layout-flow\"><div class=\"wp-block-image\">\n<figure class=\"aligncenter size-full\"><img decoding=\"async\" width=\"800\" height=\"800\" src=\"https:\/\/www.shouyasanitary.com\/wp-content\/uploads\/2025\/04\/wholesale-bathroom-cabinets-wall-mounted-vanity-bulk-1.webp\" alt=\"venta al por mayor armarios de ba\u00f1o montado en la pared vanidad a granel (1)\" class=\"wp-image-389\" style=\"object-fit:cover\" srcset=\"https:\/\/www.shouyasanitary.com\/wp-content\/uploads\/2025\/04\/wholesale-bathroom-cabinets-wall-mounted-vanity-bulk-1.webp 800w, https:\/\/www.shouyasanitary.com\/wp-content\/uploads\/2025\/04\/wholesale-bathroom-cabinets-wall-mounted-vanity-bulk-1-300x300.webp 300w, https:\/\/www.shouyasanitary.com\/wp-content\/uploads\/2025\/04\/wholesale-bathroom-cabinets-wall-mounted-vanity-bulk-1-150x150.webp 150w, https:\/\/www.shouyasanitary.com\/wp-content\/uploads\/2025\/04\/wholesale-bathroom-cabinets-wall-mounted-vanity-bulk-1-768x768.webp 768w, https:\/\/www.shouyasanitary.com\/wp-content\/uploads\/2025\/04\/wholesale-bathroom-cabinets-wall-mounted-vanity-bulk-1-600x600.webp 600w, https:\/\/www.shouyasanitary.com\/wp-content\/uploads\/2025\/04\/wholesale-bathroom-cabinets-wall-mounted-vanity-bulk-1-100x100.webp 100w\" sizes=\"(max-width: 800px) 100vw, 800px\" \/><\/figure>\n<\/div><\/div>\n<\/div>","protected":false},"excerpt":{"rendered":"<p>Venta al por mayor de armarios de ba\u00f1o con cajones dobles, armario con espejo y grifo, conjunto completo de soluciones de tocador de ba\u00f1o. Aspecto moderno y sencillo, de gama alta y elegante, f\u00e1cil de instalar, apoyar el servicio OEM \/ ODM. \u00a1P\u00f3ngase en contacto con nosotros ahora para soluciones personalizadas y cotizaciones al por mayor!<\/p>\n<h2>Atributos de los armarios de ba\u00f1o\uff1a<\/h2>\n<p><strong>N\u00ba de art\u00edculo<\/strong>: SY2016-60<br \/><strong>Material del armario:<\/strong>\u00a0Contrachapado<br \/><strong>Color del armario: <\/strong>Blanco<br \/><strong>Espejo:<\/strong> Espejo LED (3,5 mm\/3,8 mm), iluminaci\u00f3n tricolor, desempa\u00f1ado con un solo toque, protegido con embalaje de espuma multicapa<br \/><strong>Tipo de instalaci\u00f3n:<\/strong>\u00a0Montaje en pared<br \/><strong>Dimensiones (L\u00d7A\u00d7H):<\/strong> 60x50x47 cm<br \/><strong>Peso bruto:<\/strong> 27 kg\/set<\/p>\n<h2>Personalizaci\u00f3n y servicios:<\/h2>\n<p><strong>OEM Y ODM<\/strong>: Soporte<br \/><strong>Dise\u00f1o<\/strong>: Gratis<br \/><strong>Accesorios<\/strong>: Lavabos, espejos, grifos y otros accesorios de ba\u00f1o<br \/><strong>Embalaje<\/strong>: Listo para montar<\/p>","protected":false},"featured_media":389,"comment_status":"closed","ping_status":"closed","template":"","meta":{"_acf_changed":true},"product_brand":[],"product_cat":[20],"product_tag":[],"class_list":{"0":"post-394","1":"product","2":"type-product","3":"status-publish","4":"has-post-thumbnail","6":"product_cat-wholesale-plywood-bathroom-vanity-cabinets","8":"first","9":"instock","10":"shipping-taxable","11":"product-type-simple"},"acf":[],"_links":{"self":[{"href":"https:\/\/www.shouyasanitary.com\/es\/wp-json\/wp\/v2\/product\/394","targetHints":{"allow":["GET"]}}],"collection":[{"href":"https:\/\/www.shouyasanitary.com\/es\/wp-json\/wp\/v2\/product"}],"about":[{"href":"https:\/\/www.shouyasanitary.com\/es\/wp-json\/wp\/v2\/types\/product"}],"replies":[{"embeddable":true,"href":"https:\/\/www.shouyasanitary.com\/es\/wp-json\/wp\/v2\/comments?post=394"}],"wp:featuredmedia":[{"embeddable":true,"href":"https:\/\/www.shouyasanitary.com\/es\/wp-json\/wp\/v2\/media\/389"}],"wp:attachment":[{"href":"https:\/\/www.shouyasanitary.com\/es\/wp-json\/wp\/v2\/media?parent=394"}],"wp:term":[{"taxonomy":"product_brand","embeddable":true,"href":"https:\/\/www.shouyasanitary.com\/es\/wp-json\/wp\/v2\/product_brand?post=394"},{"taxonomy":"product_cat","embeddable":true,"href":"https:\/\/www.shouyasanitary.com\/es\/wp-json\/wp\/v2\/product_cat?post=394"},{"taxonomy":"product_tag","embeddable":true,"href":"https:\/\/www.shouyasanitary.com\/es\/wp-json\/wp\/v2\/product_tag?post=394"}],"curies":[{"name":"wp","href":"https:\/\/api.w.org\/{rel}","templated":true}]}}