{"id":411,"date":"2025-04-09T11:14:20","date_gmt":"2025-04-09T11:14:20","guid":{"rendered":"https:\/\/www.shouyasanitary.com\/?post_type=product&#038;p=411"},"modified":"2025-05-12T10:07:50","modified_gmt":"2025-05-12T10:07:50","slug":"bathroom-vanity-wholesale","status":"publish","type":"product","link":"https:\/\/www.shouyasanitary.com\/es\/producto\/bathroom-vanity-wholesale\/","title":{"rendered":"Ba\u00f1o Vanidad al por mayor, moderno montado en la pared lavabo gabinete personalizado"},"content":{"rendered":"<div class=\"wp-block-columns is-layout-flex wp-container-core-columns-is-layout-9d6595d7 wp-block-columns-is-layout-flex\">\n<div class=\"wp-block-column is-layout-flow wp-block-column-is-layout-flow\">\n<h2 class=\"wp-block-heading\">Caracter\u00edsticas del lavabo\uff1a<\/h2>\n\n\n\n<p><strong>Material mable de alta gama:<\/strong> Resistente al desgaste y grueso, f\u00e1cil de limpiar, lo que garantiza que el mueble de ba\u00f1o pueda mantenerse en buen estado durante mucho tiempo, incluso en un entorno h\u00famedo.<\/p>\n\n\n\n<p><strong>Decoraci\u00f3n de grano de madera rosa: <\/strong>dise\u00f1o de grano de roca rosa natural, a la moda, adecuado para ba\u00f1os de gama alta<\/p>\n\n\n\n<p><strong>Dise\u00f1o mural: <\/strong>El dise\u00f1o montado en la pared facilita la limpieza del mueble de ba\u00f1o, aumenta el espacio de almacenamiento, evita la acumulaci\u00f3n de agua y lo mantiene limpio y ordenado.<\/p>\n\n\n\n<p><strong>Dise\u00f1o de fregadero doble: <\/strong>El dise\u00f1o de doble lavabo proporciona m\u00e1s espacio de uso para ba\u00f1os dom\u00e9sticos o p\u00fablicos.<\/p>\n\n\n\n<p><strong>Lujosa soluci\u00f3n para el cuarto de ba\u00f1o: <\/strong>equipado con accesorios de ba\u00f1o como grifer\u00eda en negro mate y grandes espejos LED inteligentes para crear un tocador de ba\u00f1o lujoso y a la moda<\/p>\n\n\n\n<p><strong>Admite personalizaci\u00f3n OEM y ODM: <\/strong>Se puede personalizar el tama\u00f1o, el color, el estilo del espejo, los accesorios de grifer\u00eda, etc. Proporcionar planes de cooperaci\u00f3n flexibles, como ingenier\u00eda de proyectos, agencia de marca, distribuci\u00f3n al por mayor, etc.<\/p>\n<\/div>\n\n\n\n<div class=\"wp-block-column is-layout-flow wp-block-column-is-layout-flow\"><div class=\"wp-block-image\">\n<figure class=\"aligncenter size-full\"><img decoding=\"async\" width=\"1200\" height=\"1200\" src=\"https:\/\/www.shouyasanitary.com\/wp-content\/uploads\/2025\/04\/Bathroom-Vanity-Wholesale-Wash-Basin-Cabinet-Bulk-4.webp\" alt=\"Mueble de lavabo al por mayor (4)\" class=\"wp-image-428\" style=\"object-fit:cover\" srcset=\"https:\/\/www.shouyasanitary.com\/wp-content\/uploads\/2025\/04\/Bathroom-Vanity-Wholesale-Wash-Basin-Cabinet-Bulk-4.webp 1200w, https:\/\/www.shouyasanitary.com\/wp-content\/uploads\/2025\/04\/Bathroom-Vanity-Wholesale-Wash-Basin-Cabinet-Bulk-4-300x300.webp 300w, https:\/\/www.shouyasanitary.com\/wp-content\/uploads\/2025\/04\/Bathroom-Vanity-Wholesale-Wash-Basin-Cabinet-Bulk-4-150x150.webp 150w, https:\/\/www.shouyasanitary.com\/wp-content\/uploads\/2025\/04\/Bathroom-Vanity-Wholesale-Wash-Basin-Cabinet-Bulk-4-768x768.webp 768w, https:\/\/www.shouyasanitary.com\/wp-content\/uploads\/2025\/04\/Bathroom-Vanity-Wholesale-Wash-Basin-Cabinet-Bulk-4-600x600.webp 600w, https:\/\/www.shouyasanitary.com\/wp-content\/uploads\/2025\/04\/Bathroom-Vanity-Wholesale-Wash-Basin-Cabinet-Bulk-4-100x100.webp 100w\" sizes=\"(max-width: 1200px) 100vw, 1200px\" \/><\/figure>\n<\/div><\/div>\n<\/div>","protected":false},"excerpt":{"rendered":"<p>Bienvenido a los tocadores de ba\u00f1o al por mayor y a medida, que presentan una estilizada estructura montada en la pared con un elegante acabado en m\u00e1rmol. Equipados con iluminaci\u00f3n integrada, grifos y espejos LED inteligentes, cree lujosas soluciones de ba\u00f1o. Disfrute de precios de f\u00e1brica y servicios log\u00edsticos fiables para pedidos al por mayor. P\u00f3ngase en contacto con nosotros para obtener presupuestos y cat\u00e1logos de productos gratuitos.<\/p>\n<h2>Atributos del lavabo\uff1a<\/h2>\n<p><strong>N\u00ba de art\u00edculo<\/strong>: SYZ1052<br \/><strong>Material del armario<\/strong>: M\u00e1rmol <br \/><strong>Color del armario<\/strong>: Rosa<br \/><strong>Espejo<\/strong>: Espejo LED (3,5 mm \/ 3,8 mm), iluminaci\u00f3n tricolor, desempa\u00f1ado con un solo toque, protegido con embalaje de espuma multicapa <br \/><strong>Tipo de instalaci\u00f3n<\/strong>: Montaje en pared <br \/><strong>Dimensiones (L \u00d7 A \u00d7 A)<\/strong>: 100 \u00d7 47 \u00d7 25 cm <br \/><strong>Peso bruto<\/strong>: 30 kg\/set<\/p>\n<h2>Personalizaci\u00f3n y servicios:<\/h2>\n<p><strong>OEM Y ODM<\/strong>: Soporte<br \/><strong>Dise\u00f1o<\/strong>: Gratis<br \/><strong>Accesorios<\/strong>: Lavabos, espejos, grifos y otros accesorios de ba\u00f1o<br \/><strong>Embalaje<\/strong>: Listo para montar<\/p>","protected":false},"featured_media":428,"comment_status":"closed","ping_status":"closed","template":"","meta":{"_acf_changed":true},"product_brand":[],"product_cat":[22],"product_tag":[],"class_list":{"0":"post-411","1":"product","2":"type-product","3":"status-publish","4":"has-post-thumbnail","6":"product_cat-wholesale-marble-bathroom-vanity-cabinets","8":"first","9":"instock","10":"shipping-taxable","11":"product-type-simple"},"acf":[],"_links":{"self":[{"href":"https:\/\/www.shouyasanitary.com\/es\/wp-json\/wp\/v2\/product\/411","targetHints":{"allow":["GET"]}}],"collection":[{"href":"https:\/\/www.shouyasanitary.com\/es\/wp-json\/wp\/v2\/product"}],"about":[{"href":"https:\/\/www.shouyasanitary.com\/es\/wp-json\/wp\/v2\/types\/product"}],"replies":[{"embeddable":true,"href":"https:\/\/www.shouyasanitary.com\/es\/wp-json\/wp\/v2\/comments?post=411"}],"wp:featuredmedia":[{"embeddable":true,"href":"https:\/\/www.shouyasanitary.com\/es\/wp-json\/wp\/v2\/media\/428"}],"wp:attachment":[{"href":"https:\/\/www.shouyasanitary.com\/es\/wp-json\/wp\/v2\/media?parent=411"}],"wp:term":[{"taxonomy":"product_brand","embeddable":true,"href":"https:\/\/www.shouyasanitary.com\/es\/wp-json\/wp\/v2\/product_brand?post=411"},{"taxonomy":"product_cat","embeddable":true,"href":"https:\/\/www.shouyasanitary.com\/es\/wp-json\/wp\/v2\/product_cat?post=411"},{"taxonomy":"product_tag","embeddable":true,"href":"https:\/\/www.shouyasanitary.com\/es\/wp-json\/wp\/v2\/product_tag?post=411"}],"curies":[{"name":"wp","href":"https:\/\/api.w.org\/{rel}","templated":true}]}}