{"id":422,"date":"2025-04-09T07:47:56","date_gmt":"2025-04-09T07:47:56","guid":{"rendered":"https:\/\/www.shouyasanitary.com\/?post_type=product&#038;p=422"},"modified":"2025-10-28T06:54:39","modified_gmt":"2025-10-28T06:54:39","slug":"wholesale-bathroom-vanity","status":"publish","type":"product","link":"https:\/\/www.shouyasanitary.com\/es\/producto\/wholesale-bathroom-vanity\/","title":{"rendered":"Mayorista Tocador de Ba\u00f1o Mueble de Ba\u00f1o de M\u00e1rmol con Espejo Lavabo Doble"},"content":{"rendered":"<div class=\"wp-block-columns is-layout-flex wp-container-core-columns-is-layout-9d6595d7 wp-block-columns-is-layout-flex\">\n<div class=\"wp-block-column is-layout-flow wp-block-column-is-layout-flow\">\n<h2 class=\"wp-block-heading\">Caracter\u00edsticas de los tocadores de ba\u00f1o al por mayor:<\/h2>\n\n\n\n<p><strong>Material de m\u00e1rmol de alta calidad:<\/strong> Hecho de m\u00e1rmol, es impermeable, suave, resistente al desgaste y muy duradero.<\/p>\n\n\n\n<p><strong>Motivo de m\u00e1rmol especial<\/strong>: El dise\u00f1o del patr\u00f3n de m\u00e1rmol proporciona una textura distintiva y natural, que combina modernidad y naturaleza, y aporta elegancia al cuarto de ba\u00f1o.<\/p>\n\n\n\n<p><strong>Fregadero doble de gran capacidad: <\/strong>El fregadero doble permite que varias personas lo utilicen al mismo tiempo, el fregadero profundo ensanchado es a prueba de salpicaduras, y el desag\u00fce es r\u00e1pido y no se atasca, lo que resulta adecuado para familias con varias personas y escenas comerciales.<\/p>\n\n\n\n<p><strong>Dise\u00f1o mural:<\/strong> Ahorra espacio en el suelo, mejora la experiencia visual del espacio de ba\u00f1o y aumenta la sensaci\u00f3n de apertura del cuarto de ba\u00f1o.<\/p>\n\n\n\n<p><strong>Servicio de personalizaci\u00f3n flexible:<\/strong> Admite personalizaci\u00f3n de tama\u00f1o, color, logotipo y otras necesidades, y ofrece servicios OEM\/ODM.<\/p>\n<\/div>\n\n\n\n<div class=\"wp-block-column is-layout-flow wp-block-column-is-layout-flow\"><div class=\"wp-block-image\">\n<figure class=\"aligncenter size-full\"><img decoding=\"async\" width=\"1200\" height=\"1200\" src=\"https:\/\/www.shouyasanitary.com\/wp-content\/uploads\/2025\/04\/Wholesale-Bathroom-Vanity-Double-Sink-Custom-4-1.webp\" alt=\"Mayorista Lavabo Doble Custom (4)\" class=\"wp-image-425\" style=\"object-fit:cover\" srcset=\"https:\/\/www.shouyasanitary.com\/wp-content\/uploads\/2025\/04\/Wholesale-Bathroom-Vanity-Double-Sink-Custom-4-1.webp 1200w, https:\/\/www.shouyasanitary.com\/wp-content\/uploads\/2025\/04\/Wholesale-Bathroom-Vanity-Double-Sink-Custom-4-1-300x300.webp 300w, https:\/\/www.shouyasanitary.com\/wp-content\/uploads\/2025\/04\/Wholesale-Bathroom-Vanity-Double-Sink-Custom-4-1-150x150.webp 150w, https:\/\/www.shouyasanitary.com\/wp-content\/uploads\/2025\/04\/Wholesale-Bathroom-Vanity-Double-Sink-Custom-4-1-768x768.webp 768w, https:\/\/www.shouyasanitary.com\/wp-content\/uploads\/2025\/04\/Wholesale-Bathroom-Vanity-Double-Sink-Custom-4-1-600x600.webp 600w, https:\/\/www.shouyasanitary.com\/wp-content\/uploads\/2025\/04\/Wholesale-Bathroom-Vanity-Double-Sink-Custom-4-1-100x100.webp 100w\" sizes=\"(max-width: 1200px) 100vw, 1200px\" \/><\/figure>\n<\/div><\/div>\n<\/div>","protected":false},"excerpt":{"rendered":"<p>Venta al por mayor mueble de ba\u00f1o con lavabo doble, cuenta con un dise\u00f1o \u00fanico encimera hueco arqueado, moderno y elegante. \u00a1Shouya gabinete de ba\u00f1o fabricante de venta directa, ofrece servicios personalizados y el conjunto completo de accesorios de ba\u00f1o orden a granel, bienvenido a preguntar!<\/p>\n<h2>Atributos del lavabo\uff1a<\/h2>\n<p><strong>N\u00ba de art\u00edculo<\/strong>: SYZ1051<br \/><strong>Material del armario<\/strong>: M\u00e1rmol <br \/><strong>Color del armario<\/strong>: Blanco y negro <br \/><strong>Espejo<\/strong>: Espejo LED (3,5 mm \/ 3,8 mm), iluminaci\u00f3n tricolor, desempa\u00f1ado con un solo toque, protegido con embalaje de espuma multicapa <br \/><strong>Tipo de instalaci\u00f3n<\/strong>: Montaje en pared <br \/><strong>Dimensiones (L \u00d7 A \u00d7 A)<\/strong>: 100 \u00d7 47 \u00d7 25 cm <br \/><strong>Peso bruto<\/strong>: 31 kg\/set<\/p>\n<h2>Personalizaci\u00f3n y servicios:<\/h2>\n<p><strong>OEM Y ODM<\/strong>: Soporte<br \/><strong>Dise\u00f1o<\/strong>: Gratis<br \/><strong>Accesorios<\/strong>: Lavabos, espejos, grifos y otros accesorios de ba\u00f1o<br \/><strong>Embalaje<\/strong>: Listo para montar<\/p>","protected":false},"featured_media":425,"comment_status":"closed","ping_status":"closed","template":"","meta":{"_acf_changed":false},"product_brand":[],"product_cat":[22],"product_tag":[],"class_list":{"0":"post-422","1":"product","2":"type-product","3":"status-publish","4":"has-post-thumbnail","6":"product_cat-wholesale-marble-bathroom-vanity-cabinets","8":"first","9":"instock","10":"shipping-taxable","11":"product-type-simple"},"acf":[],"_links":{"self":[{"href":"https:\/\/www.shouyasanitary.com\/es\/wp-json\/wp\/v2\/product\/422","targetHints":{"allow":["GET"]}}],"collection":[{"href":"https:\/\/www.shouyasanitary.com\/es\/wp-json\/wp\/v2\/product"}],"about":[{"href":"https:\/\/www.shouyasanitary.com\/es\/wp-json\/wp\/v2\/types\/product"}],"replies":[{"embeddable":true,"href":"https:\/\/www.shouyasanitary.com\/es\/wp-json\/wp\/v2\/comments?post=422"}],"wp:featuredmedia":[{"embeddable":true,"href":"https:\/\/www.shouyasanitary.com\/es\/wp-json\/wp\/v2\/media\/425"}],"wp:attachment":[{"href":"https:\/\/www.shouyasanitary.com\/es\/wp-json\/wp\/v2\/media?parent=422"}],"wp:term":[{"taxonomy":"product_brand","embeddable":true,"href":"https:\/\/www.shouyasanitary.com\/es\/wp-json\/wp\/v2\/product_brand?post=422"},{"taxonomy":"product_cat","embeddable":true,"href":"https:\/\/www.shouyasanitary.com\/es\/wp-json\/wp\/v2\/product_cat?post=422"},{"taxonomy":"product_tag","embeddable":true,"href":"https:\/\/www.shouyasanitary.com\/es\/wp-json\/wp\/v2\/product_tag?post=422"}],"curies":[{"name":"wp","href":"https:\/\/api.w.org\/{rel}","templated":true}]}}