{"id":430,"date":"2025-04-09T06:43:34","date_gmt":"2025-04-09T06:43:34","guid":{"rendered":"https:\/\/www.shouyasanitary.com\/?post_type=product&#038;p=430"},"modified":"2025-05-12T10:01:33","modified_gmt":"2025-05-12T10:01:33","slug":"bathroom-cabinets-wholesale","status":"publish","type":"product","link":"https:\/\/www.shouyasanitary.com\/es\/producto\/bathroom-cabinets-wholesale\/","title":{"rendered":"Armarios De Ba\u00f1o Al Por Mayor, M\u00e1rmol Vanidad Individual A Granel Personalizado"},"content":{"rendered":"<div class=\"wp-block-columns is-layout-flex wp-container-core-columns-is-layout-9d6595d7 wp-block-columns-is-layout-flex\">\n<div class=\"wp-block-column is-layout-flow wp-block-column-is-layout-flow\">\n<h2 class=\"wp-block-heading\">Caracter\u00edsticas de los gabinetes de ba\u00f1o de m\u00e1rmol al por mayor\uff1a<\/h2>\n\n\n\n<p><strong>Dise\u00f1o moderno y minimalista: <\/strong>Su forma elegante y geom\u00e9trica, con lavabo y encimera integrados, ahorra espacio y resulta muy adecuada para proyectos de ba\u00f1os comerciales y residenciales modernos.<\/p>\n\n\n\n<p><strong>Acabado de m\u00e1rmol de primera calidad:<\/strong> La elegante textura de m\u00e1rmol con veteado negro, superficie lisa, excelente resistencia al agua y a los ara\u00f1azos, crea un aspecto lujoso y atemporal.<\/p>\n\n\n\n<p><strong>Dise\u00f1o de fregadero de un seno montado en la pared:<\/strong> Adecuado para cuartos de ba\u00f1o peque\u00f1os y medianos, la plataforma lateral adicional es conveniente para almacenar \/ mostrar las necesidades de ba\u00f1o, la experiencia de uso simple y eficiente, para satisfacer las necesidades diarias de lavado.<\/p>\n\n\n\n<p><strong>Espejo con LED: <\/strong>El espejo del armario del ba\u00f1o est\u00e1 equipado con una tira de luz LED, que ahorra energ\u00eda y es conveniente, y proporciona una iluminaci\u00f3n clara y brillante.<\/p>\n\n\n\n<p><strong>Opciones de personalizaci\u00f3n (pedido al por mayor):<\/strong> Existe una gran variedad de dise\u00f1os de m\u00e1rmol y acabados de color. Estilos de espejo, tipos de grifos y acabados de herrajes opcionales. Apoyo a los servicios de OEM y ODM, personalizaci\u00f3n del proyecto est\u00e1 disponible.<\/p>\n<\/div>\n\n\n\n<div class=\"wp-block-column is-layout-flow wp-block-column-is-layout-flow\"><div class=\"wp-block-image\">\n<figure class=\"aligncenter size-full\"><img decoding=\"async\" width=\"1200\" height=\"1200\" src=\"https:\/\/www.shouyasanitary.com\/wp-content\/uploads\/2025\/04\/Bathroom-Cabinets-Wholesale-Single-Vanity-in-Bulk-1.webp\" alt=\"Armarios de Ba\u00f1o al por mayor Vanitorio individual al por mayor (1)\" class=\"wp-image-416\" style=\"object-fit:cover\" srcset=\"https:\/\/www.shouyasanitary.com\/wp-content\/uploads\/2025\/04\/Bathroom-Cabinets-Wholesale-Single-Vanity-in-Bulk-1.webp 1200w, https:\/\/www.shouyasanitary.com\/wp-content\/uploads\/2025\/04\/Bathroom-Cabinets-Wholesale-Single-Vanity-in-Bulk-1-300x300.webp 300w, https:\/\/www.shouyasanitary.com\/wp-content\/uploads\/2025\/04\/Bathroom-Cabinets-Wholesale-Single-Vanity-in-Bulk-1-150x150.webp 150w, https:\/\/www.shouyasanitary.com\/wp-content\/uploads\/2025\/04\/Bathroom-Cabinets-Wholesale-Single-Vanity-in-Bulk-1-768x768.webp 768w, https:\/\/www.shouyasanitary.com\/wp-content\/uploads\/2025\/04\/Bathroom-Cabinets-Wholesale-Single-Vanity-in-Bulk-1-600x600.webp 600w, https:\/\/www.shouyasanitary.com\/wp-content\/uploads\/2025\/04\/Bathroom-Cabinets-Wholesale-Single-Vanity-in-Bulk-1-100x100.webp 100w\" sizes=\"(max-width: 1200px) 100vw, 1200px\" \/><\/figure>\n<\/div><\/div>\n<\/div>","protected":false},"excerpt":{"rendered":"<p>Mayorista mueble de ba\u00f1o con lavabo individual, espejo LED, grifo. Soluci\u00f3n de tocador de ba\u00f1o moderno y sencillo, hecho de m\u00e1rmol de alta calidad, equipado con encimeras laterales para el almacenamiento conveniente. \u00a1Salida de la f\u00e1brica, a granel semi-personalizada de valores, proporcionar servicios de OEM y ODM para satisfacer su proyecto o marca necesita!<\/p>\n<h2>Armarios de Ba\u00f1o Atributos\uff1a<\/h2>\n<p><strong>N\u00ba de art\u00edculo<\/strong>: SYY1054 <br \/><strong>Material del armario<\/strong>: M\u00e1rmol <br \/><strong>Color del armario<\/strong>: Blanco y negro <br \/><strong>Espejo<\/strong>: Espejo LED (3,5 mm \/ 3,8 mm), iluminaci\u00f3n tricolor, desempa\u00f1ado con un solo toque, protegido con embalaje de espuma multicapa <br \/><strong>Tipo de instalaci\u00f3n<\/strong>: Montaje en pared <br \/><strong>Dimensiones (L \u00d7 A \u00d7 A)<\/strong>: 80 \u00d7 48 \u00d7 25 cm <br \/><strong>Peso bruto<\/strong>: 30 kg\/set<\/p>\n<h2>Personalizaci\u00f3n y servicios:<\/h2>\n<p><strong>OEM Y ODM<\/strong>: Soporte<br \/><strong>Dise\u00f1o<\/strong>: Gratis<br \/><strong>Accesorios<\/strong>: Lavabos, espejos, grifos y otros accesorios de ba\u00f1o<br \/><strong>Embalaje<\/strong>: Listo para montar<\/p>","protected":false},"featured_media":416,"comment_status":"closed","ping_status":"closed","template":"","meta":{"_acf_changed":false},"product_brand":[],"product_cat":[22],"product_tag":[],"class_list":{"0":"post-430","1":"product","2":"type-product","3":"status-publish","4":"has-post-thumbnail","6":"product_cat-wholesale-marble-bathroom-vanity-cabinets","8":"first","9":"instock","10":"shipping-taxable","11":"product-type-simple"},"acf":[],"_links":{"self":[{"href":"https:\/\/www.shouyasanitary.com\/es\/wp-json\/wp\/v2\/product\/430","targetHints":{"allow":["GET"]}}],"collection":[{"href":"https:\/\/www.shouyasanitary.com\/es\/wp-json\/wp\/v2\/product"}],"about":[{"href":"https:\/\/www.shouyasanitary.com\/es\/wp-json\/wp\/v2\/types\/product"}],"replies":[{"embeddable":true,"href":"https:\/\/www.shouyasanitary.com\/es\/wp-json\/wp\/v2\/comments?post=430"}],"wp:featuredmedia":[{"embeddable":true,"href":"https:\/\/www.shouyasanitary.com\/es\/wp-json\/wp\/v2\/media\/416"}],"wp:attachment":[{"href":"https:\/\/www.shouyasanitary.com\/es\/wp-json\/wp\/v2\/media?parent=430"}],"wp:term":[{"taxonomy":"product_brand","embeddable":true,"href":"https:\/\/www.shouyasanitary.com\/es\/wp-json\/wp\/v2\/product_brand?post=430"},{"taxonomy":"product_cat","embeddable":true,"href":"https:\/\/www.shouyasanitary.com\/es\/wp-json\/wp\/v2\/product_cat?post=430"},{"taxonomy":"product_tag","embeddable":true,"href":"https:\/\/www.shouyasanitary.com\/es\/wp-json\/wp\/v2\/product_tag?post=430"}],"curies":[{"name":"wp","href":"https:\/\/api.w.org\/{rel}","templated":true}]}}