{"id":510,"date":"2025-04-10T18:04:39","date_gmt":"2025-04-10T18:04:39","guid":{"rendered":"https:\/\/www.shouyasanitary.com\/?post_type=product&#038;p=510"},"modified":"2025-05-12T10:25:56","modified_gmt":"2025-05-12T10:25:56","slug":"custom-cabinets-bathroom","status":"publish","type":"product","link":"https:\/\/www.shouyasanitary.com\/es\/producto\/custom-cabinets-bathroom\/","title":{"rendered":"Armarios de ba\u00f1o a medida, Unidad de tocador montado en la pared al por mayor"},"content":{"rendered":"<div class=\"wp-block-columns is-layout-flex wp-container-core-columns-is-layout-9d6595d7 wp-block-columns-is-layout-flex\">\n<div class=\"wp-block-column is-layout-flow wp-block-column-is-layout-flow\">\n<h2 class=\"wp-block-heading\">Armarios Caracter\u00edsticas del ba\u00f1o\uff1a<\/h2>\n\n\n\n<p><strong>Material de PVC de alta calidad<\/strong>: Con una estructura de material de PVC duradero y resistente, no es f\u00e1cil que se agriete y deforme y tiene excelentes propiedades impermeables y a prueba de humedad, adecuado para entornos de ba\u00f1o h\u00famedos.<\/p>\n\n\n\n<p><strong>Aspecto moderno de alta gama:<\/strong> El armario con espejo m\u00e1s armario de ba\u00f1o es sencillo y elegante, y el color blanco puro realza la luminosidad y la textura del espacio.<\/p>\n\n\n\n<p><strong>Dise\u00f1o mural<\/strong>: El m\u00e9todo de instalaci\u00f3n mural es f\u00e1cil de limpiar y visualmente transparente. Es adecuado para apartamentos modernos, hoteles y otros lugares con altos requisitos de belleza y practicidad.<\/p>\n\n\n\n<p><strong>Armario con espejo multifuncional<\/strong>: El armario con espejo integra espejos de alta definici\u00f3n, tiras de luz LED, desempa\u00f1ador y funciones t\u00e1ctiles para mejorar la experiencia en el ba\u00f1o. El dise\u00f1o de la zona de almacenamiento interna de varias capas satisface las necesidades de almacenamiento clasificado de art\u00edculos de aseo.<\/p>\n\n\n\n<p><strong>F\u00e1cil de instalar<\/strong>: La estructura modular hace que sea c\u00f3modo y r\u00e1pido de instalar en la pared, ahorrando tiempo de construcci\u00f3n y costes de mano de obra.<\/p>\n\n\n\n<p><strong>Apoyar soluciones personalizadas<\/strong>: Proporcionar m\u00faltiples servicios personalizados en tama\u00f1o, color, material, LOGO y embalaje, y adaptarse con flexibilidad a las diferentes necesidades del mercado en todo el mundo.<\/p>\n<\/div>\n\n\n\n<div class=\"wp-block-column is-layout-flow wp-block-column-is-layout-flow\"><div class=\"wp-block-image\">\n<figure class=\"aligncenter size-full\"><img decoding=\"async\" width=\"3000\" height=\"3000\" src=\"https:\/\/www.shouyasanitary.com\/wp-content\/uploads\/2025\/04\/Custom-Cabinets-Bathroom-Modern-Wall-Mounted-Vanity-Unit-Wholesale-1.webp\" alt=\"Gabinetes de ba\u00f1o a medida moderno montado en la pared tocador unidad de venta al por mayor (1)\" class=\"wp-image-512\" style=\"object-fit:cover\" srcset=\"https:\/\/www.shouyasanitary.com\/wp-content\/uploads\/2025\/04\/Custom-Cabinets-Bathroom-Modern-Wall-Mounted-Vanity-Unit-Wholesale-1.webp 3000w, https:\/\/www.shouyasanitary.com\/wp-content\/uploads\/2025\/04\/Custom-Cabinets-Bathroom-Modern-Wall-Mounted-Vanity-Unit-Wholesale-1-300x300.webp 300w, https:\/\/www.shouyasanitary.com\/wp-content\/uploads\/2025\/04\/Custom-Cabinets-Bathroom-Modern-Wall-Mounted-Vanity-Unit-Wholesale-1-150x150.webp 150w, https:\/\/www.shouyasanitary.com\/wp-content\/uploads\/2025\/04\/Custom-Cabinets-Bathroom-Modern-Wall-Mounted-Vanity-Unit-Wholesale-1-768x768.webp 768w, https:\/\/www.shouyasanitary.com\/wp-content\/uploads\/2025\/04\/Custom-Cabinets-Bathroom-Modern-Wall-Mounted-Vanity-Unit-Wholesale-1-1200x1200.webp 1200w, https:\/\/www.shouyasanitary.com\/wp-content\/uploads\/2025\/04\/Custom-Cabinets-Bathroom-Modern-Wall-Mounted-Vanity-Unit-Wholesale-1-600x600.webp 600w, https:\/\/www.shouyasanitary.com\/wp-content\/uploads\/2025\/04\/Custom-Cabinets-Bathroom-Modern-Wall-Mounted-Vanity-Unit-Wholesale-1-100x100.webp 100w\" sizes=\"(max-width: 3000px) 100vw, 3000px\" \/><\/figure>\n<\/div><\/div>\n<\/div>","protected":false},"excerpt":{"rendered":"<p>Custom gabinetes de ba\u00f1o, blanco moderno dise\u00f1o montado en la pared, emparejado con gabinetes de espejo y otros accesorios de ba\u00f1o, pr\u00e1ctico y hermoso. \u00a1Directo de f\u00e1brica, precio al por mayor, recepci\u00f3n para entrarnos en contacto con para las cotizaciones y las soluciones de la vanidad del cuarto de ba\u00f1o!<\/p>\n<h2>Armarios Ba\u00f1o Atributos\uff1a<\/h2>\n<p><strong>Art\u00edculo No: <\/strong>JL1001-60VD<strong><br \/>Material del armario:<\/strong> PVC<br \/><strong>Color del armario:<\/strong> Blanco<br \/><strong>Espejo:<\/strong> Espejo LED (3,5 mm\/3,8 mm), iluminaci\u00f3n tricolor, desempa\u00f1ado con un solo toque, protegido con embalaje de espuma multicapa<br \/><strong>Tipo de instalaci\u00f3n:<\/strong>\u00a0Montaje en pared<br \/><strong>Dimensiones (L\u00d7A\u00d7H):<\/strong> 60x47x45 cm<br \/><strong>Peso bruto:<\/strong> 27 kg\/set<\/p>\n<h2>Personalizaci\u00f3n y servicios:<\/h2>\n<p><strong>OEM Y ODM<\/strong>: Soporte<br \/><strong>Dise\u00f1o<\/strong>: Gratis<br \/><strong>Accesorios<\/strong>: Lavabos, espejos, grifos y otros accesorios de ba\u00f1o<br \/><strong>Embalaje<\/strong>: Listo para montar<\/p>","protected":false},"featured_media":512,"comment_status":"closed","ping_status":"closed","template":"","meta":{"_acf_changed":true},"product_brand":[],"product_cat":[24],"product_tag":[],"class_list":{"0":"post-510","1":"product","2":"type-product","3":"status-publish","4":"has-post-thumbnail","6":"product_cat-wholesale-pvc-bathroom-vanity-cabinets","8":"first","9":"instock","10":"shipping-taxable","11":"product-type-simple"},"acf":[],"_links":{"self":[{"href":"https:\/\/www.shouyasanitary.com\/es\/wp-json\/wp\/v2\/product\/510","targetHints":{"allow":["GET"]}}],"collection":[{"href":"https:\/\/www.shouyasanitary.com\/es\/wp-json\/wp\/v2\/product"}],"about":[{"href":"https:\/\/www.shouyasanitary.com\/es\/wp-json\/wp\/v2\/types\/product"}],"replies":[{"embeddable":true,"href":"https:\/\/www.shouyasanitary.com\/es\/wp-json\/wp\/v2\/comments?post=510"}],"wp:featuredmedia":[{"embeddable":true,"href":"https:\/\/www.shouyasanitary.com\/es\/wp-json\/wp\/v2\/media\/512"}],"wp:attachment":[{"href":"https:\/\/www.shouyasanitary.com\/es\/wp-json\/wp\/v2\/media?parent=510"}],"wp:term":[{"taxonomy":"product_brand","embeddable":true,"href":"https:\/\/www.shouyasanitary.com\/es\/wp-json\/wp\/v2\/product_brand?post=510"},{"taxonomy":"product_cat","embeddable":true,"href":"https:\/\/www.shouyasanitary.com\/es\/wp-json\/wp\/v2\/product_cat?post=510"},{"taxonomy":"product_tag","embeddable":true,"href":"https:\/\/www.shouyasanitary.com\/es\/wp-json\/wp\/v2\/product_tag?post=510"}],"curies":[{"name":"wp","href":"https:\/\/api.w.org\/{rel}","templated":true}]}}