{"id":514,"date":"2025-04-10T18:08:24","date_gmt":"2025-04-10T18:08:24","guid":{"rendered":"https:\/\/www.shouyasanitary.com\/?post_type=product&#038;p=514"},"modified":"2025-05-12T10:27:22","modified_gmt":"2025-05-12T10:27:22","slug":"bathroom-cabinets-custom","status":"publish","type":"product","link":"https:\/\/www.shouyasanitary.com\/es\/producto\/bathroom-cabinets-custom\/","title":{"rendered":"Armarios de Ba\u00f1o Negros a Medida, Tocador con Espejo al por Mayor"},"content":{"rendered":"<div class=\"wp-block-columns is-layout-flex wp-container-core-columns-is-layout-9d6595d7 wp-block-columns-is-layout-flex\">\n<div class=\"wp-block-column is-layout-flow wp-block-column-is-layout-flow\">\n<h2 class=\"wp-block-heading\">Caracter\u00edsticas de los armarios de ba\u00f1o\uff1a<\/h2>\n\n\n\n<p><strong>Estilo negro mate<\/strong>: El negro es tranquilo y t\u00e1ctil, y refleja un ba\u00f1o sencillo, lujoso y contempor\u00e1neo, perfecto para hoteles, apartamentos y proyectos residenciales de alto nivel.<\/p>\n\n\n\n<p><strong>L\u00e1mina de PVC verde<\/strong>: La gruesa l\u00e1mina de PVC es impermeable, antihumedad, antimoho, resistente a la abrasi\u00f3n y duradera, perfecta para cuartos de ba\u00f1o calientes y h\u00famedos.<\/p>\n\n\n\n<p><strong>Superficie antiara\u00f1azos<\/strong>: La superficie del mueble ha sido tratada con resistencia al desgaste y resistencia especial a los ara\u00f1azos, y es dif\u00edcil que deje marcas despu\u00e9s de ser utilizado durante mucho tiempo.<\/p>\n\n\n\n<p><strong>Armario con espejo integrado<\/strong>: El armario y el espejo est\u00e1n integrados, y hay luces LED, que poseen funciones de almacenamiento y puede satisfacer las necesidades de vestir, moderno y pr\u00e1ctico.<\/p>\n\n\n\n<p><strong>F\u00e1cil de limpiar<\/strong>: La superficie de PVC muy lisa no es f\u00e1cil de absorber las manchas de agua o polvo, y las manchas de agua y el polvo se pueden limpiar simplemente.<\/p>\n\n\n\n<p><strong>Soluciones flexibles y personalizadas<\/strong>: Se pueden ofrecer soluciones a medida para los armarios de ba\u00f1o de PVC, por ejemplo, color, acabado, tama\u00f1o, marca, logotipo, etc. para adaptarse a sus necesidades de marca.<\/p>\n<\/div>\n\n\n\n<div class=\"wp-block-column is-layout-flow wp-block-column-is-layout-flow\"><div class=\"wp-block-image\">\n<figure class=\"aligncenter size-full\"><img decoding=\"async\" width=\"3000\" height=\"3000\" src=\"https:\/\/www.shouyasanitary.com\/wp-content\/uploads\/2025\/04\/Bathroom-Cabinets-Custom-PVC-Black-Bathroom-with-Mirror-Manufacturer-1.webp\" alt=\"Armarios de ba\u00f1o a medida PVC Negro Ba\u00f1o con Espejo Fabricante (1)\" class=\"wp-image-515\" style=\"object-fit:cover\" srcset=\"https:\/\/www.shouyasanitary.com\/wp-content\/uploads\/2025\/04\/Bathroom-Cabinets-Custom-PVC-Black-Bathroom-with-Mirror-Manufacturer-1.webp 3000w, https:\/\/www.shouyasanitary.com\/wp-content\/uploads\/2025\/04\/Bathroom-Cabinets-Custom-PVC-Black-Bathroom-with-Mirror-Manufacturer-1-300x300.webp 300w, https:\/\/www.shouyasanitary.com\/wp-content\/uploads\/2025\/04\/Bathroom-Cabinets-Custom-PVC-Black-Bathroom-with-Mirror-Manufacturer-1-150x150.webp 150w, https:\/\/www.shouyasanitary.com\/wp-content\/uploads\/2025\/04\/Bathroom-Cabinets-Custom-PVC-Black-Bathroom-with-Mirror-Manufacturer-1-768x768.webp 768w, https:\/\/www.shouyasanitary.com\/wp-content\/uploads\/2025\/04\/Bathroom-Cabinets-Custom-PVC-Black-Bathroom-with-Mirror-Manufacturer-1-1200x1200.webp 1200w, https:\/\/www.shouyasanitary.com\/wp-content\/uploads\/2025\/04\/Bathroom-Cabinets-Custom-PVC-Black-Bathroom-with-Mirror-Manufacturer-1-600x600.webp 600w, https:\/\/www.shouyasanitary.com\/wp-content\/uploads\/2025\/04\/Bathroom-Cabinets-Custom-PVC-Black-Bathroom-with-Mirror-Manufacturer-1-100x100.webp 100w\" sizes=\"(max-width: 3000px) 100vw, 3000px\" \/><\/figure>\n<\/div><\/div>\n<\/div>","protected":false},"excerpt":{"rendered":"<p>Armarios de ba\u00f1o personalizados, montados en la pared, el material de PVC es duradero y respetuoso con el medio ambiente, adecuado para diversos entornos de ba\u00f1o. Suministro estable, precio al por mayor, y soluciones personalizadas est\u00e1n disponibles. P\u00f3ngase en contacto con nosotros para un presupuesto.<\/p>\n<h2>Armarios de ba\u00f1o de PVC Atributos\uff1a<\/h2>\n<p><strong>Art\u00edculo No: <\/strong>JL1007<strong><br \/>Material del armario:<\/strong> PVC<br \/><strong>Color del armario:<\/strong> Negro<br \/><strong>Espejo:<\/strong> Espejo LED (3,5 mm\/3,8 mm), iluminaci\u00f3n tricolor, desempa\u00f1ado con un solo toque, protegido con embalaje de espuma multicapa<br \/><strong>Tipo de instalaci\u00f3n:<\/strong>\u00a0Montaje en pared<br \/><strong>Dimensiones (L\u00d7A\u00d7H):<\/strong> 80x47x45 cm<br \/><strong>Peso bruto:<\/strong> 30 kg\/set<\/p>\n<h2>Personalizaci\u00f3n y servicios:<\/h2>\n<p><strong>OEM Y ODM<\/strong>: Soporte<br \/><strong>Dise\u00f1o<\/strong>: Gratis<br \/><strong>Accesorios<\/strong>: Lavabos, espejos, grifos y otros accesorios de ba\u00f1o<br \/><strong>Embalaje<\/strong>: Listo para montar<\/p>","protected":false},"featured_media":515,"comment_status":"closed","ping_status":"closed","template":"","meta":{"_acf_changed":false},"product_brand":[],"product_cat":[24],"product_tag":[],"class_list":{"0":"post-514","1":"product","2":"type-product","3":"status-publish","4":"has-post-thumbnail","6":"product_cat-wholesale-pvc-bathroom-vanity-cabinets","8":"first","9":"instock","10":"shipping-taxable","11":"product-type-simple"},"acf":[],"_links":{"self":[{"href":"https:\/\/www.shouyasanitary.com\/es\/wp-json\/wp\/v2\/product\/514","targetHints":{"allow":["GET"]}}],"collection":[{"href":"https:\/\/www.shouyasanitary.com\/es\/wp-json\/wp\/v2\/product"}],"about":[{"href":"https:\/\/www.shouyasanitary.com\/es\/wp-json\/wp\/v2\/types\/product"}],"replies":[{"embeddable":true,"href":"https:\/\/www.shouyasanitary.com\/es\/wp-json\/wp\/v2\/comments?post=514"}],"wp:featuredmedia":[{"embeddable":true,"href":"https:\/\/www.shouyasanitary.com\/es\/wp-json\/wp\/v2\/media\/515"}],"wp:attachment":[{"href":"https:\/\/www.shouyasanitary.com\/es\/wp-json\/wp\/v2\/media?parent=514"}],"wp:term":[{"taxonomy":"product_brand","embeddable":true,"href":"https:\/\/www.shouyasanitary.com\/es\/wp-json\/wp\/v2\/product_brand?post=514"},{"taxonomy":"product_cat","embeddable":true,"href":"https:\/\/www.shouyasanitary.com\/es\/wp-json\/wp\/v2\/product_cat?post=514"},{"taxonomy":"product_tag","embeddable":true,"href":"https:\/\/www.shouyasanitary.com\/es\/wp-json\/wp\/v2\/product_tag?post=514"}],"curies":[{"name":"wp","href":"https:\/\/api.w.org\/{rel}","templated":true}]}}