{"id":518,"date":"2025-04-10T17:58:20","date_gmt":"2025-04-10T17:58:20","guid":{"rendered":"https:\/\/www.shouyasanitary.com\/?post_type=product&#038;p=518"},"modified":"2025-05-12T10:24:10","modified_gmt":"2025-05-12T10:24:10","slug":"custom-bathroom-vanity","status":"publish","type":"product","link":"https:\/\/www.shouyasanitary.com\/es\/producto\/custom-bathroom-vanity\/","title":{"rendered":"Tocador de Ba\u00f1o a Medida, Mayorista Tocador de Ba\u00f1o con Espejo"},"content":{"rendered":"<div class=\"wp-block-columns is-layout-flex wp-container-core-columns-is-layout-9d6595d7 wp-block-columns-is-layout-flex\">\n<div class=\"wp-block-column is-layout-flow wp-block-column-is-layout-flow\">\n<h2 class=\"wp-block-heading\">Caracter\u00edsticas del lavabo\uff1a<\/h2>\n\n\n\n<p><strong>Estilo minimalista moderno<\/strong>: El dise\u00f1o general es minimalista con una superficie lisa de color gris claro, que realza la textura del cuarto de ba\u00f1o. Adecuado para apartamentos de gama alta, hoteles de lujo, villas, apartamentos, proyectos de ingenier\u00eda, etc.<\/p>\n\n\n\n<p><strong>Material de aluminio duradero<\/strong>: El material de aleaci\u00f3n de aluminio de alta calidad tiene mayor resistencia a la corrosi\u00f3n y durabilidad, especialmente para entornos h\u00famedos.<\/p>\n\n\n\n<p><strong>Gran capacidad de almacenamiento<\/strong>: El gabinete de ba\u00f1o colgante y el dise\u00f1o del gabinete del espejo proporcionan el espacio de almacenamiento grande, almacenan con eficacia art\u00edculos, y aseguran un cuarto de ba\u00f1o ordenado y limpio.<\/p>\n\n\n\n<p><strong>Armario con espejo y tira de luz:<\/strong> El armario con espejo integra una tira de luz LED, un espejo de alta definici\u00f3n, un toque inteligente y una funci\u00f3n de desempa\u00f1ado, lo que proporciona una experiencia de uso diario vers\u00e1til.<\/p>\n\n\n\n<p><strong>Servicio de personalizaci\u00f3n masiva<\/strong>: Ofrecemos opciones semipersonalizadas a granel, como el color del armario, el tama\u00f1o, el acabado, la configuraci\u00f3n del armario con espejo y el estilo de la grifer\u00eda y otras caracter\u00edsticas en funci\u00f3n de sus requisitos.<\/p>\n<\/div>\n\n\n\n<div class=\"wp-block-column is-layout-flow wp-block-column-is-layout-flow\"><div class=\"wp-block-image\">\n<figure class=\"aligncenter size-full\"><img decoding=\"async\" width=\"545\" height=\"547\" src=\"https:\/\/www.shouyasanitary.com\/wp-content\/uploads\/2025\/04\/Custom-Bathroom-Vanity-Wholesale-Bathroom-Medicine-Cabinet-with-Mirror-1.webp\" alt=\"Tocador de Ba\u00f1o a Medida Mayorista Tocador de Ba\u00f1o con Espejo (1)\" class=\"wp-image-519\" style=\"object-fit:cover\" srcset=\"https:\/\/www.shouyasanitary.com\/wp-content\/uploads\/2025\/04\/Custom-Bathroom-Vanity-Wholesale-Bathroom-Medicine-Cabinet-with-Mirror-1.webp 545w, https:\/\/www.shouyasanitary.com\/wp-content\/uploads\/2025\/04\/Custom-Bathroom-Vanity-Wholesale-Bathroom-Medicine-Cabinet-with-Mirror-1-300x300.webp 300w, https:\/\/www.shouyasanitary.com\/wp-content\/uploads\/2025\/04\/Custom-Bathroom-Vanity-Wholesale-Bathroom-Medicine-Cabinet-with-Mirror-1-150x150.webp 150w, https:\/\/www.shouyasanitary.com\/wp-content\/uploads\/2025\/04\/Custom-Bathroom-Vanity-Wholesale-Bathroom-Medicine-Cabinet-with-Mirror-1-100x100.webp 100w\" sizes=\"(max-width: 545px) 100vw, 545px\" \/><\/figure>\n<\/div><\/div>\n<\/div>","protected":false},"excerpt":{"rendered":"<p>Los armarios de ba\u00f1o personalizados al por mayor est\u00e1n hechos de aleaci\u00f3n de aluminio duradera, que es ligera y f\u00e1cil de instalar. Equipado con gabinetes de espejo LED, lavabos, etc, puede satisfacer las necesidades de ba\u00f1o de varias escenas. Apoyo a la personalizaci\u00f3n al por mayor, bienvenido a consultar.<\/p>\n<h2>Atributos del lavabo\uff1a<\/h2>\n<p><strong>Art\u00edculo No: <\/strong>SY604<strong><br \/>Material del armario:<\/strong> Aluminio<br \/><strong>Color del armario:<\/strong> Gris<br \/><strong>Espejo:<\/strong> Espejo LED (3,5 mm\/3,8 mm), iluminaci\u00f3n tricolor, desempa\u00f1ado con un solo toque, protegido con embalaje de espuma multicapa<br \/><strong>Tipo de instalaci\u00f3n:<\/strong>\u00a0Montaje en pared<br \/><strong>Dimensiones (L\u00d7A\u00d7H):<\/strong> 60x47x44 cm<br \/><strong>Peso bruto:<\/strong> 27 kg\/set<\/p>\n<h2>Personalizaci\u00f3n y servicios:<\/h2>\n<p><strong>OEM Y ODM<\/strong>: Soporte<br \/><strong>Dise\u00f1o<\/strong>: Gratis<br \/><strong>Accesorios<\/strong>: Lavabos, espejos, grifos y otros accesorios de ba\u00f1o<br \/><strong>Embalaje<\/strong>: Listo para montar<\/p>","protected":false},"featured_media":519,"comment_status":"closed","ping_status":"closed","template":"","meta":{"_acf_changed":true},"product_brand":[],"product_cat":[23],"product_tag":[],"class_list":{"0":"post-518","1":"product","2":"type-product","3":"status-publish","4":"has-post-thumbnail","6":"product_cat-wholesale-aluminum-bathroom-vanity-cabinets","8":"first","9":"instock","10":"shipping-taxable","11":"product-type-simple"},"acf":[],"_links":{"self":[{"href":"https:\/\/www.shouyasanitary.com\/es\/wp-json\/wp\/v2\/product\/518","targetHints":{"allow":["GET"]}}],"collection":[{"href":"https:\/\/www.shouyasanitary.com\/es\/wp-json\/wp\/v2\/product"}],"about":[{"href":"https:\/\/www.shouyasanitary.com\/es\/wp-json\/wp\/v2\/types\/product"}],"replies":[{"embeddable":true,"href":"https:\/\/www.shouyasanitary.com\/es\/wp-json\/wp\/v2\/comments?post=518"}],"wp:featuredmedia":[{"embeddable":true,"href":"https:\/\/www.shouyasanitary.com\/es\/wp-json\/wp\/v2\/media\/519"}],"wp:attachment":[{"href":"https:\/\/www.shouyasanitary.com\/es\/wp-json\/wp\/v2\/media?parent=518"}],"wp:term":[{"taxonomy":"product_brand","embeddable":true,"href":"https:\/\/www.shouyasanitary.com\/es\/wp-json\/wp\/v2\/product_brand?post=518"},{"taxonomy":"product_cat","embeddable":true,"href":"https:\/\/www.shouyasanitary.com\/es\/wp-json\/wp\/v2\/product_cat?post=518"},{"taxonomy":"product_tag","embeddable":true,"href":"https:\/\/www.shouyasanitary.com\/es\/wp-json\/wp\/v2\/product_tag?post=518"}],"curies":[{"name":"wp","href":"https:\/\/api.w.org\/{rel}","templated":true}]}}