{"id":522,"date":"2025-04-10T17:51:57","date_gmt":"2025-04-10T17:51:57","guid":{"rendered":"https:\/\/www.shouyasanitary.com\/?post_type=product&#038;p=522"},"modified":"2025-05-12T10:21:55","modified_gmt":"2025-05-12T10:21:55","slug":"custom-bathroom-vanity-cabinet","status":"publish","type":"product","link":"https:\/\/www.shouyasanitary.com\/es\/producto\/custom-bathroom-vanity-cabinet\/","title":{"rendered":"Gabinete de la vanidad del cuarto de ba\u00f1o de aluminio de encargo con el gabinete de Mrrior al por mayor"},"content":{"rendered":"<div class=\"wp-block-columns is-layout-flex wp-container-core-columns-is-layout-9d6595d7 wp-block-columns-is-layout-flex\">\n<div class=\"wp-block-column is-layout-flow wp-block-column-is-layout-flow\">\n<h2 class=\"wp-block-heading\">Caracter\u00edsticas del gabinete de la vanidad del cuarto de ba\u00f1o\uff1a<\/h2>\n\n\n\n<p><strong>Dise\u00f1o de montaje en pared<\/strong>: El dise\u00f1o de montaje en pared ahorra espacio y es f\u00e1cil de limpiar, proporcionando un aspecto limpio y minimalista, que puede adaptarse a diversos ambientes de ba\u00f1o.<\/p>\n\n\n\n<p><strong>Materiales medioambientales<\/strong>: Hecho de aleaci\u00f3n de aluminio ambiental, no t\u00f3xico e inofensivo, en l\u00ednea con la norma ambiental mundial. Es una opci\u00f3n ideal para armarios de ba\u00f1o seguro.<\/p>\n\n\n\n<p><strong>Dise\u00f1o de estilo moderno y elegante: <\/strong>Dise\u00f1o de l\u00edneas minimalistas, combinado con gris claro, el conjunto de estilo moderno y elegante,<\/p>\n\n\n\n<p><strong>Ajustes de almacenamiento cient\u00edfico<\/strong>: Tanto el armario con espejo como el armario de ba\u00f1o est\u00e1n equipados con espacio de almacenamiento y ofrecen diferentes divisiones para colocar objetos, combinando funcionalidad y est\u00e9tica.<\/p>\n\n\n\n<p><strong>F\u00e1cil de instalar<\/strong>: El armario de ba\u00f1o montado en la pared es f\u00e1cil de instalar en la pared, y la instalaci\u00f3n es r\u00e1pida y sencilla, ahorrando esfuerzo y tiempo.<\/p>\n\n\n\n<p><strong>Prestaci\u00f3n de servicios OEM\/ODM<\/strong>: Los armarios OBathroom pueden dise\u00f1arse de forma innovadora seg\u00fan las necesidades de los clientes, proporcionando soluciones m\u00e1s flexibles y OEM para lograr ventajas en el mercado.<\/p>\n<\/div>\n\n\n\n<div class=\"wp-block-column is-layout-flow wp-block-column-is-layout-flow\"><div class=\"wp-block-image\">\n<figure class=\"aligncenter size-full\"><img decoding=\"async\" width=\"662\" height=\"683\" src=\"https:\/\/www.shouyasanitary.com\/wp-content\/uploads\/2025\/04\/Custom-Bathroom-Vanity-Cabinet-Aluminum-Modern-Wash-Basin-Cabinet-Supplier-3.webp\" alt=\"Custom Ba\u00f1o Vanidad Gabinete Aluminio Moderno Lavabo Gabinete Proveedor (3)\" class=\"wp-image-524\" style=\"object-fit:cover\" srcset=\"https:\/\/www.shouyasanitary.com\/wp-content\/uploads\/2025\/04\/Custom-Bathroom-Vanity-Cabinet-Aluminum-Modern-Wash-Basin-Cabinet-Supplier-3.webp 662w, https:\/\/www.shouyasanitary.com\/wp-content\/uploads\/2025\/04\/Custom-Bathroom-Vanity-Cabinet-Aluminum-Modern-Wash-Basin-Cabinet-Supplier-3-291x300.webp 291w, https:\/\/www.shouyasanitary.com\/wp-content\/uploads\/2025\/04\/Custom-Bathroom-Vanity-Cabinet-Aluminum-Modern-Wash-Basin-Cabinet-Supplier-3-600x619.webp 600w\" sizes=\"(max-width: 662px) 100vw, 662px\" \/><\/figure>\n<\/div><\/div>\n<\/div>","protected":false},"excerpt":{"rendered":"<p>Bienvenido a la venta al por mayor y la costumbre mueble de ba\u00f1o. Con un dise\u00f1o montado en la pared, almacenamiento multifuncional y aleaci\u00f3n de aluminio de alta calidad, proporciona soluciones de gabinete de ba\u00f1o moderno. Ofrecemos un conjunto completo de soluciones de accesorios de armario de ba\u00f1o y servicios de apoyo OEM \/ ODM para satisfacer sus necesidades de pedidos a granel.<\/p>\n<h2>Gabinete de la vanidad del cuarto de ba\u00f1o Atributos\uff1a<\/h2>\n<p><strong>Art\u00edculo No:<\/strong>SY603<strong><br \/>Material del armario:<\/strong> Aluminio<br \/><strong>Color del armario:<\/strong> Gris<br \/><strong>Espejo:<\/strong> Espejo LED (3,5 mm\/3,8 mm), iluminaci\u00f3n tricolor, desempa\u00f1ado con un solo toque, protegido con embalaje de espuma multicapa<br \/><strong>Tipo de instalaci\u00f3n:<\/strong>\u00a0Montaje en pared<br \/><strong>Dimensiones (L\u00d7A\u00d7H):<\/strong> 60x47x44 cm<br \/><strong>Peso bruto:<\/strong> 28kg\/set<\/p>\n<h2>Personalizaci\u00f3n y servicios:<\/h2>\n<p><strong>OEM Y ODM<\/strong>: Soporte<br \/><strong>Dise\u00f1o<\/strong>: Gratis<br \/><strong>Accesorios<\/strong>: Lavabos, espejos, grifos y otros accesorios de ba\u00f1o<br \/><strong>Embalaje<\/strong>: Listo para montar<\/p>","protected":false},"featured_media":524,"comment_status":"closed","ping_status":"closed","template":"","meta":{"_acf_changed":true},"product_brand":[],"product_cat":[23],"product_tag":[],"class_list":{"0":"post-522","1":"product","2":"type-product","3":"status-publish","4":"has-post-thumbnail","6":"product_cat-wholesale-aluminum-bathroom-vanity-cabinets","8":"first","9":"instock","10":"shipping-taxable","11":"product-type-simple"},"acf":[],"_links":{"self":[{"href":"https:\/\/www.shouyasanitary.com\/es\/wp-json\/wp\/v2\/product\/522","targetHints":{"allow":["GET"]}}],"collection":[{"href":"https:\/\/www.shouyasanitary.com\/es\/wp-json\/wp\/v2\/product"}],"about":[{"href":"https:\/\/www.shouyasanitary.com\/es\/wp-json\/wp\/v2\/types\/product"}],"replies":[{"embeddable":true,"href":"https:\/\/www.shouyasanitary.com\/es\/wp-json\/wp\/v2\/comments?post=522"}],"wp:featuredmedia":[{"embeddable":true,"href":"https:\/\/www.shouyasanitary.com\/es\/wp-json\/wp\/v2\/media\/524"}],"wp:attachment":[{"href":"https:\/\/www.shouyasanitary.com\/es\/wp-json\/wp\/v2\/media?parent=522"}],"wp:term":[{"taxonomy":"product_brand","embeddable":true,"href":"https:\/\/www.shouyasanitary.com\/es\/wp-json\/wp\/v2\/product_brand?post=522"},{"taxonomy":"product_cat","embeddable":true,"href":"https:\/\/www.shouyasanitary.com\/es\/wp-json\/wp\/v2\/product_cat?post=522"},{"taxonomy":"product_tag","embeddable":true,"href":"https:\/\/www.shouyasanitary.com\/es\/wp-json\/wp\/v2\/product_tag?post=522"}],"curies":[{"name":"wp","href":"https:\/\/api.w.org\/{rel}","templated":true}]}}