{"id":526,"date":"2025-04-12T12:39:16","date_gmt":"2025-04-12T12:39:16","guid":{"rendered":"https:\/\/www.shouyasanitary.com\/?post_type=product&#038;p=526"},"modified":"2025-05-12T10:30:08","modified_gmt":"2025-05-12T10:30:08","slug":"custom-bathroom-mirrors","status":"publish","type":"product","link":"https:\/\/www.shouyasanitary.com\/es\/producto\/custom-bathroom-mirrors\/","title":{"rendered":"Espejos de ba\u00f1o personalizados con luces, Espejo redondo al por mayor"},"content":{"rendered":"<div class=\"wp-block-columns is-layout-flex wp-container-core-columns-is-layout-9d6595d7 wp-block-columns-is-layout-flex\">\n<div class=\"wp-block-column is-layout-flow wp-block-column-is-layout-flow\">\n<h2 class=\"wp-block-heading\">Espejos de ba\u00f1o Caracter\u00edsticas\uff1a<\/h2>\n\n\n\n<p><strong>Estilo moderno de alta gama<\/strong>: adopta un dise\u00f1o redondeado de l\u00edneas suaves, que encaja con la tendencia est\u00e9tica actual de los cuartos de ba\u00f1o de gama alta.<\/p>\n\n\n\n<p><strong><strong>Entorno<\/strong> Luz LED<\/strong>Equipado con tira de luz LED de alta luminosidad, suave y no deslumbrante, crea un ambiente de alta gama y realza el estilo del espacio de ba\u00f1o.<\/p>\n\n\n\n<p><strong>Espejo antivaho de alta definici\u00f3n<\/strong>: La funci\u00f3n antivaho puede hacer frente bien al ambiente h\u00famedo del cuarto de ba\u00f1o, teniendo siempre una visi\u00f3n clara.<\/p>\n\n\n\n<p><strong>Material de alta calidad<\/strong>: El espejo est\u00e1 fabricado con espejo de plata de alta calidad, el efecto de reflexi\u00f3n es natural y transparente, y el marco y la base est\u00e1n fabricados con materiales a prueba de humedad y \u00f3xido.<\/p>\n\n\n\n<p><strong>Variedad de opciones personalizables<\/strong>: admiten la personalizaci\u00f3n de distintos tama\u00f1os, colores de luz, interruptores t\u00e1ctiles, indicadores de hora y temperatura y otras funciones.<\/p>\n<\/div>\n\n\n\n<div class=\"wp-block-column is-layout-flow wp-block-column-is-layout-flow\"><div class=\"wp-block-image\">\n<figure class=\"aligncenter size-full\"><img decoding=\"async\" width=\"1280\" height=\"1280\" src=\"https:\/\/www.shouyasanitary.com\/wp-content\/uploads\/2025\/04\/Custom-Bathroom-Mirrors-with-Lights-Round-Shaped-Bathroom-Cabinets-Mirror-Wholesale-3.webp\" alt=\"Espejos de Ba\u00f1o Personalizados con Luces Armarios de Ba\u00f1o con Forma Redonda Espejo al por mayor (3)\" class=\"wp-image-536\" style=\"object-fit:cover\" srcset=\"https:\/\/www.shouyasanitary.com\/wp-content\/uploads\/2025\/04\/Custom-Bathroom-Mirrors-with-Lights-Round-Shaped-Bathroom-Cabinets-Mirror-Wholesale-3.webp 1280w, https:\/\/www.shouyasanitary.com\/wp-content\/uploads\/2025\/04\/Custom-Bathroom-Mirrors-with-Lights-Round-Shaped-Bathroom-Cabinets-Mirror-Wholesale-3-300x300.webp 300w, https:\/\/www.shouyasanitary.com\/wp-content\/uploads\/2025\/04\/Custom-Bathroom-Mirrors-with-Lights-Round-Shaped-Bathroom-Cabinets-Mirror-Wholesale-3-150x150.webp 150w, https:\/\/www.shouyasanitary.com\/wp-content\/uploads\/2025\/04\/Custom-Bathroom-Mirrors-with-Lights-Round-Shaped-Bathroom-Cabinets-Mirror-Wholesale-3-768x768.webp 768w, https:\/\/www.shouyasanitary.com\/wp-content\/uploads\/2025\/04\/Custom-Bathroom-Mirrors-with-Lights-Round-Shaped-Bathroom-Cabinets-Mirror-Wholesale-3-1200x1200.webp 1200w, https:\/\/www.shouyasanitary.com\/wp-content\/uploads\/2025\/04\/Custom-Bathroom-Mirrors-with-Lights-Round-Shaped-Bathroom-Cabinets-Mirror-Wholesale-3-600x600.webp 600w, https:\/\/www.shouyasanitary.com\/wp-content\/uploads\/2025\/04\/Custom-Bathroom-Mirrors-with-Lights-Round-Shaped-Bathroom-Cabinets-Mirror-Wholesale-3-100x100.webp 100w\" sizes=\"(max-width: 1280px) 100vw, 1280px\" \/><\/figure>\n<\/div><\/div>\n<\/div>","protected":false},"excerpt":{"rendered":"<p>Los espejos de ba\u00f1o personalizados est\u00e1n equipados con retroiluminaci\u00f3n LED circular, espejos antivaho de alta definici\u00f3n y dise\u00f1o circular minimalista. Apoyamos la personalizaci\u00f3n flexible para satisfacer las necesidades de diferentes escenarios comerciales. P\u00f3ngase en contacto con nosotros para obtener presupuestos y soluciones.<\/p>\n<h2>Espejos de ba\u00f1o Atributos\uff1a<\/h2>\n<p><strong>Art\u00edculo No: <\/strong>SYM240801<strong><br \/>Material:<\/strong> Pl\u00e1stico ABS y vidrio<br \/><strong>Funci\u00f3n:<\/strong> Iluminaci\u00f3n tricolor, desempa\u00f1ado con un solo toque<strong><br \/><\/strong><strong>Dimensiones:<\/strong> 60\u00d760 cm<br \/><strong>Grosor del espejo:<\/strong> 3,5 mm\/3,8 mm<br \/><strong>Peso bruto:<\/strong> 5kg\/PCS<\/p>\n<h2>Personalizaci\u00f3n y servicios:<\/h2>\n<p><strong>OEM Y ODM<\/strong>: Soporte<br \/><strong>Dise\u00f1o<\/strong>: Gratis<br \/><strong>Embalaje<\/strong>: Embalaje fijo de espuma multicapa<\/p>","protected":false},"featured_media":536,"comment_status":"closed","ping_status":"closed","template":"","meta":{"_acf_changed":false},"product_brand":[],"product_cat":[26],"product_tag":[],"class_list":{"0":"post-526","1":"product","2":"type-product","3":"status-publish","4":"has-post-thumbnail","6":"product_cat-wholesale-bathroom-mirror","8":"first","9":"instock","10":"shipping-taxable","11":"product-type-simple"},"acf":[],"_links":{"self":[{"href":"https:\/\/www.shouyasanitary.com\/es\/wp-json\/wp\/v2\/product\/526","targetHints":{"allow":["GET"]}}],"collection":[{"href":"https:\/\/www.shouyasanitary.com\/es\/wp-json\/wp\/v2\/product"}],"about":[{"href":"https:\/\/www.shouyasanitary.com\/es\/wp-json\/wp\/v2\/types\/product"}],"replies":[{"embeddable":true,"href":"https:\/\/www.shouyasanitary.com\/es\/wp-json\/wp\/v2\/comments?post=526"}],"wp:featuredmedia":[{"embeddable":true,"href":"https:\/\/www.shouyasanitary.com\/es\/wp-json\/wp\/v2\/media\/536"}],"wp:attachment":[{"href":"https:\/\/www.shouyasanitary.com\/es\/wp-json\/wp\/v2\/media?parent=526"}],"wp:term":[{"taxonomy":"product_brand","embeddable":true,"href":"https:\/\/www.shouyasanitary.com\/es\/wp-json\/wp\/v2\/product_brand?post=526"},{"taxonomy":"product_cat","embeddable":true,"href":"https:\/\/www.shouyasanitary.com\/es\/wp-json\/wp\/v2\/product_cat?post=526"},{"taxonomy":"product_tag","embeddable":true,"href":"https:\/\/www.shouyasanitary.com\/es\/wp-json\/wp\/v2\/product_tag?post=526"}],"curies":[{"name":"wp","href":"https:\/\/api.w.org\/{rel}","templated":true}]}}