{"id":541,"date":"2025-04-12T12:52:51","date_gmt":"2025-04-12T12:52:51","guid":{"rendered":"https:\/\/www.shouyasanitary.com\/?post_type=product&#038;p=541"},"modified":"2025-05-12T10:31:28","modified_gmt":"2025-05-12T10:31:28","slug":"wholesale-bathroom-mirrors","status":"publish","type":"product","link":"https:\/\/www.shouyasanitary.com\/es\/producto\/wholesale-bathroom-mirrors\/","title":{"rendered":"Mayorista Espejos de Ba\u00f1o, Espejo Redondo LED a Granel Personalizado"},"content":{"rendered":"<div class=\"wp-block-columns is-layout-flex wp-container-core-columns-is-layout-9d6595d7 wp-block-columns-is-layout-flex\">\n<div class=\"wp-block-column is-layout-flow wp-block-column-is-layout-flow\">\n<h2 class=\"wp-block-heading\">Espejos de ba\u00f1o Caracter\u00edsticas\uff1a<\/h2>\n\n\n\n<p><strong>Lujo de alta gama<\/strong>: apertura LED panor\u00e1mica y espejo redondo simple, el aspecto general es grandioso y claro, puede aplicarse a ba\u00f1os de gama alta en la mayor\u00eda de los lugares.<\/p>\n\n\n\n<p><strong>Luz LED anular<\/strong>: La tira de luz LED incrustada rodea el cuerpo del espejo, con brillo uniforme, y se puede utilizar para la iluminaci\u00f3n en varias escenas, como el maquillaje y el lavado.<\/p>\n\n\n\n<p><strong>Funci\u00f3n antivaho y t\u00e1ctil<\/strong>: Dise\u00f1o con funci\u00f3n antivaho e interruptor sensible al tacto, f\u00e1cil de usar, adapt\u00e1ndose a la tendencia del hogar inteligente moderno.<\/p>\n\n\n\n<p><strong>F\u00e1cil de limpiar<\/strong>: El cuerpo del espejo y la tira de luz LED encajan a la perfecci\u00f3n, con una estructura compacta, no es f\u00e1cil ocultar la suciedad.<\/p>\n\n\n\n<p><strong>Apoyo personalizado<\/strong> <strong>Servicios<\/strong>: Ofrecemos la personalizaci\u00f3n de la apariencia, la configuraci\u00f3n funcional, etc., incluyendo el tama\u00f1o del espejo, la forma, el color del marco, el color de la luz, etc., para satisfacer las necesidades de los proyectos de ingenier\u00eda.<\/p>\n\n\n\n<p><strong>Suministro directo de f\u00e1brica, precio al por mayor<\/strong>: Shouya f\u00e1brica de espejos, la fabricaci\u00f3n de alta calidad, suministro directo, proporcionar el precio de f\u00e1brica y descuento personalizado a granel.<\/p>\n<\/div>\n\n\n\n<div class=\"wp-block-column is-layout-flow wp-block-column-is-layout-flow\"><div class=\"wp-block-image\">\n<figure class=\"aligncenter size-full\"><img decoding=\"async\" width=\"1008\" height=\"1008\" src=\"https:\/\/www.shouyasanitary.com\/wp-content\/uploads\/2025\/04\/Wholesale-Bathroom-Mirrors-Wall-Mounted-Bathroom-Vanity-Mirror-Modern-Makeup-Mirror-1.webp\" alt=\"Mayorista Espejos de Ba\u00f1o Espejo de Ba\u00f1o de Pared Espejo de Maquillaje Moderno (1)\" class=\"wp-image-537\" style=\"object-fit:cover\" srcset=\"https:\/\/www.shouyasanitary.com\/wp-content\/uploads\/2025\/04\/Wholesale-Bathroom-Mirrors-Wall-Mounted-Bathroom-Vanity-Mirror-Modern-Makeup-Mirror-1.webp 1008w, https:\/\/www.shouyasanitary.com\/wp-content\/uploads\/2025\/04\/Wholesale-Bathroom-Mirrors-Wall-Mounted-Bathroom-Vanity-Mirror-Modern-Makeup-Mirror-1-300x300.webp 300w, https:\/\/www.shouyasanitary.com\/wp-content\/uploads\/2025\/04\/Wholesale-Bathroom-Mirrors-Wall-Mounted-Bathroom-Vanity-Mirror-Modern-Makeup-Mirror-1-150x150.webp 150w, https:\/\/www.shouyasanitary.com\/wp-content\/uploads\/2025\/04\/Wholesale-Bathroom-Mirrors-Wall-Mounted-Bathroom-Vanity-Mirror-Modern-Makeup-Mirror-1-768x768.webp 768w, https:\/\/www.shouyasanitary.com\/wp-content\/uploads\/2025\/04\/Wholesale-Bathroom-Mirrors-Wall-Mounted-Bathroom-Vanity-Mirror-Modern-Makeup-Mirror-1-600x600.webp 600w, https:\/\/www.shouyasanitary.com\/wp-content\/uploads\/2025\/04\/Wholesale-Bathroom-Mirrors-Wall-Mounted-Bathroom-Vanity-Mirror-Modern-Makeup-Mirror-1-100x100.webp 100w\" sizes=\"(max-width: 1008px) 100vw, 1008px\" \/><\/figure>\n<\/div><\/div>\n<\/div>","protected":false},"excerpt":{"rendered":"<p>Bienvenido a la venta al por mayor de espejos de ba\u00f1o, con l\u00e1mparas LED de anillo, espejo antivaho de alta definici\u00f3n, funci\u00f3n t\u00e1ctil, etc, adecuado para el hogar y situaciones comerciales. Apoyo a granel pedidos personalizados a precio de f\u00e1brica. \u00a1P\u00f3ngase en contacto con nosotros ahora!<\/p>\n<h2>Espejos de ba\u00f1o Atributos\uff1a<\/h2>\n<p><strong>Art\u00edculo No: <\/strong>SYM240802<strong><br \/>Material:<\/strong>\u00a0Pl\u00e1stico ABS y vidrio<br \/><strong>Funci\u00f3n:<\/strong>\u00a0Iluminaci\u00f3n tricolor, desempa\u00f1ado con un solo toque<strong><br \/><\/strong><strong>Dimensiones:<\/strong> 80\u00d780 cm<br \/><strong>Grosor del espejo:<\/strong>\u00a03,5 mm\/3,8 mm<br \/><strong>Peso bruto:<\/strong> 7kg\/PCS<\/p>\n<h2>Personalizaci\u00f3n y servicios:<\/h2>\n<p><strong>OEM Y ODM<\/strong>: Soporte<br \/><strong>Dise\u00f1o<\/strong>: Gratis<br \/><strong>Embalaje<\/strong>: Embalaje fijo de espuma multicapa<\/p>","protected":false},"featured_media":538,"comment_status":"closed","ping_status":"closed","template":"","meta":{"_acf_changed":false},"product_brand":[],"product_cat":[26],"product_tag":[],"class_list":{"0":"post-541","1":"product","2":"type-product","3":"status-publish","4":"has-post-thumbnail","6":"product_cat-wholesale-bathroom-mirror","8":"first","9":"instock","10":"shipping-taxable","11":"product-type-simple"},"acf":[],"_links":{"self":[{"href":"https:\/\/www.shouyasanitary.com\/es\/wp-json\/wp\/v2\/product\/541","targetHints":{"allow":["GET"]}}],"collection":[{"href":"https:\/\/www.shouyasanitary.com\/es\/wp-json\/wp\/v2\/product"}],"about":[{"href":"https:\/\/www.shouyasanitary.com\/es\/wp-json\/wp\/v2\/types\/product"}],"replies":[{"embeddable":true,"href":"https:\/\/www.shouyasanitary.com\/es\/wp-json\/wp\/v2\/comments?post=541"}],"wp:featuredmedia":[{"embeddable":true,"href":"https:\/\/www.shouyasanitary.com\/es\/wp-json\/wp\/v2\/media\/538"}],"wp:attachment":[{"href":"https:\/\/www.shouyasanitary.com\/es\/wp-json\/wp\/v2\/media?parent=541"}],"wp:term":[{"taxonomy":"product_brand","embeddable":true,"href":"https:\/\/www.shouyasanitary.com\/es\/wp-json\/wp\/v2\/product_brand?post=541"},{"taxonomy":"product_cat","embeddable":true,"href":"https:\/\/www.shouyasanitary.com\/es\/wp-json\/wp\/v2\/product_cat?post=541"},{"taxonomy":"product_tag","embeddable":true,"href":"https:\/\/www.shouyasanitary.com\/es\/wp-json\/wp\/v2\/product_tag?post=541"}],"curies":[{"name":"wp","href":"https:\/\/api.w.org\/{rel}","templated":true}]}}