{"id":543,"date":"2025-04-12T13:06:41","date_gmt":"2025-04-12T13:06:41","guid":{"rendered":"https:\/\/www.shouyasanitary.com\/?post_type=product&#038;p=543"},"modified":"2025-05-12T10:33:30","modified_gmt":"2025-05-12T10:33:30","slug":"custom-bathroom-accessories","status":"publish","type":"product","link":"https:\/\/www.shouyasanitary.com\/es\/producto\/custom-bathroom-accessories\/","title":{"rendered":"Accesorios de ba\u00f1o personalizados, Toallero negro al por mayor"},"content":{"rendered":"<div class=\"wp-block-columns is-layout-flex wp-container-core-columns-is-layout-9d6595d7 wp-block-columns-is-layout-flex\">\n<div class=\"wp-block-column is-layout-flow wp-block-column-is-layout-flow\">\n<h2 class=\"wp-block-heading\">Accesorios de ba\u00f1o Caracter\u00edsticas\uff1a<\/h2>\n\n\n\n<p><strong>Material de alta calidad<\/strong>: Hecho de acero inoxidable de alta calidad y vidrio esmerilado, tiene buena capacidad anticorrosi\u00f3n y antioxidante, fuerte durabilidad.<\/p>\n\n\n\n<p><strong>Estanter\u00eda de cristal templado<\/strong>: gran capacidad de carga, bordes redondeados que no cortan las manos, que son bonitos y seguros.<\/p>\n\n\n\n<p><strong>Estilo minimalista en negro<\/strong>: Todo el conjunto de accesorios utiliza un tratamiento superficial negro mate, moderno y adecuado para muchos estilos de ba\u00f1o.<\/p>\n\n\n\n<p><strong>Dise\u00f1o mural<\/strong>: Todos los accesorios se montan en la pared, lo que ahorra espacio en el suelo y facilita la instalaci\u00f3n, adecuada para todo tipo de espacios de ba\u00f1o comerciales y residenciales.<\/p>\n\n\n\n<p><strong>Combinaci\u00f3n de accesorios multifuncionales<\/strong>: incluyendo estante de almacenamiento, toallero, toallero, jabonera, taza de cepillo de inodoro, para satisfacer las necesidades de uso diario del cuarto de ba\u00f1o en todos los escenarios.<\/p>\n\n\n\n<p><strong>Admite personalizaci\u00f3n OEM\/ODM<\/strong>Personalizaci\u00f3n: el color, el tama\u00f1o, la combinaci\u00f3n, el logotipo, el embalaje y otras personalizaciones multidimensionales pueden llevarse a cabo seg\u00fan las necesidades del cliente.<\/p>\n<\/div>\n\n\n\n<div class=\"wp-block-column is-layout-flow wp-block-column-is-layout-flow\"><div class=\"wp-block-image\">\n<figure class=\"aligncenter size-full\"><img decoding=\"async\" width=\"800\" height=\"800\" src=\"https:\/\/www.shouyasanitary.com\/wp-content\/uploads\/2025\/04\/Custom-Bathroom-Accessories-Wall-Mounted-Design-Bathroom-Hardware-Set-Supplier-1.webp\" alt=\"Accesorios de ba\u00f1o personalizados Dise\u00f1o montado en la pared Juego de accesorios de ba\u00f1o Proveedor (1)\" class=\"wp-image-544\" style=\"object-fit:cover\" srcset=\"https:\/\/www.shouyasanitary.com\/wp-content\/uploads\/2025\/04\/Custom-Bathroom-Accessories-Wall-Mounted-Design-Bathroom-Hardware-Set-Supplier-1.webp 800w, https:\/\/www.shouyasanitary.com\/wp-content\/uploads\/2025\/04\/Custom-Bathroom-Accessories-Wall-Mounted-Design-Bathroom-Hardware-Set-Supplier-1-300x300.webp 300w, https:\/\/www.shouyasanitary.com\/wp-content\/uploads\/2025\/04\/Custom-Bathroom-Accessories-Wall-Mounted-Design-Bathroom-Hardware-Set-Supplier-1-150x150.webp 150w, https:\/\/www.shouyasanitary.com\/wp-content\/uploads\/2025\/04\/Custom-Bathroom-Accessories-Wall-Mounted-Design-Bathroom-Hardware-Set-Supplier-1-768x768.webp 768w, https:\/\/www.shouyasanitary.com\/wp-content\/uploads\/2025\/04\/Custom-Bathroom-Accessories-Wall-Mounted-Design-Bathroom-Hardware-Set-Supplier-1-600x600.webp 600w, https:\/\/www.shouyasanitary.com\/wp-content\/uploads\/2025\/04\/Custom-Bathroom-Accessories-Wall-Mounted-Design-Bathroom-Hardware-Set-Supplier-1-100x100.webp 100w\" sizes=\"(max-width: 800px) 100vw, 800px\" \/><\/figure>\n<\/div><\/div>\n<\/div>","protected":false},"excerpt":{"rendered":"<p>Accesorios de ba\u00f1o personalizados y al por mayor, de acero inoxidable negro, incluyendo toallero, toallero de barra, soporte de papel y escobillero. Dise\u00f1o minimalista moderno, duradero y hermoso. Proporcionar soluciones de art\u00edculos sanitarios para distribuidores, contratistas de proyectos, etc. P\u00f3ngase en contacto con nosotros para solicitar un presupuesto.<\/p>\n<h2>Accesorios de ba\u00f1o Atributos\uff1a<\/h2>\n<p><strong>Art\u00edculo No:<\/strong> SYA250301<strong><br \/>Material:<\/strong> Acero inoxidable 304, Vidrio<br \/><strong>Color: <\/strong>Negro<br \/><strong>Tipo de juego:<\/strong> Toallero, toallero de barra, portarrollos, escobillero<br \/><strong>Dimensiones (L\u00d7A\u00d7H):<\/strong> 60x24x15 cm<br \/><strong>Peso bruto:<\/strong> 3 kg\/set<br \/><strong>OEM Y ODM<\/strong>: Soporte<\/p>","protected":false},"featured_media":544,"comment_status":"closed","ping_status":"closed","template":"","meta":{"_acf_changed":false},"product_brand":[],"product_cat":[21],"product_tag":[],"class_list":{"0":"post-543","1":"product","2":"type-product","3":"status-publish","4":"has-post-thumbnail","6":"product_cat-wholesale-bathroom-accessories","8":"first","9":"instock","10":"shipping-taxable","11":"product-type-simple"},"acf":[],"_links":{"self":[{"href":"https:\/\/www.shouyasanitary.com\/es\/wp-json\/wp\/v2\/product\/543","targetHints":{"allow":["GET"]}}],"collection":[{"href":"https:\/\/www.shouyasanitary.com\/es\/wp-json\/wp\/v2\/product"}],"about":[{"href":"https:\/\/www.shouyasanitary.com\/es\/wp-json\/wp\/v2\/types\/product"}],"replies":[{"embeddable":true,"href":"https:\/\/www.shouyasanitary.com\/es\/wp-json\/wp\/v2\/comments?post=543"}],"wp:featuredmedia":[{"embeddable":true,"href":"https:\/\/www.shouyasanitary.com\/es\/wp-json\/wp\/v2\/media\/544"}],"wp:attachment":[{"href":"https:\/\/www.shouyasanitary.com\/es\/wp-json\/wp\/v2\/media?parent=543"}],"wp:term":[{"taxonomy":"product_brand","embeddable":true,"href":"https:\/\/www.shouyasanitary.com\/es\/wp-json\/wp\/v2\/product_brand?post=543"},{"taxonomy":"product_cat","embeddable":true,"href":"https:\/\/www.shouyasanitary.com\/es\/wp-json\/wp\/v2\/product_cat?post=543"},{"taxonomy":"product_tag","embeddable":true,"href":"https:\/\/www.shouyasanitary.com\/es\/wp-json\/wp\/v2\/product_tag?post=543"}],"curies":[{"name":"wp","href":"https:\/\/api.w.org\/{rel}","templated":true}]}}