{"id":554,"date":"2025-04-12T13:22:34","date_gmt":"2025-04-12T13:22:34","guid":{"rendered":"https:\/\/www.shouyasanitary.com\/?post_type=product&#038;p=554"},"modified":"2025-05-12T10:34:55","modified_gmt":"2025-05-12T10:34:55","slug":"wholesale-bathroom-vanity-faucets","status":"publish","type":"product","link":"https:\/\/www.shouyasanitary.com\/es\/producto\/wholesale-bathroom-vanity-faucets\/","title":{"rendered":"Mayorista Griferia de Ba\u00f1o, Grifo de lavabo de acero inoxidable al por mayor"},"content":{"rendered":"<div class=\"wp-block-columns is-layout-flex wp-container-core-columns-is-layout-9d6595d7 wp-block-columns-is-layout-flex\">\n<div class=\"wp-block-column is-layout-flow wp-block-column-is-layout-flow\">\n<h2 class=\"wp-block-heading\">Grifer\u00eda para lavabo Caracter\u00edsticas\uff1a<\/h2>\n\n\n\n<p><strong>Dise\u00f1o moderno y minimalista<\/strong>: L\u00edneas n\u00edtidas con textura de metal mate, sencillas y de alta gama, realzan la belleza general del cuarto de ba\u00f1o.<\/p>\n\n\n\n<p><strong>Material de acero inoxidable de alta calidad<\/strong>: Fabricado en acero inoxidable de alta calidad, es resistente a la corrosi\u00f3n y al \u00f3xido, y permanece tan brillante y limpio como nuevo tras un uso prolongado.<\/p>\n\n\n\n<p><strong>Estructura de base estable<\/strong>: La estructura de la interfaz de instalaci\u00f3n inferior est\u00e1 optimizada, se ajusta de forma segura a la encimera, es antivibraciones y se adapta a una amplia gama de encimeras de lavabo.<\/p>\n\n\n\n<p><strong>Control de la velocidad del flujo de agua con una sola pulsaci\u00f3n:<\/strong> Equipado con un bot\u00f3n de baja velocidad de agua y un bot\u00f3n de alta velocidad de agua, conmutaci\u00f3n de un solo toque, cambiando diferentes rangos de flujo de agua y velocidades para mejorar la experiencia del usuario.<\/p>\n\n\n\n<p><strong>F\u00e1cil de limpiar<\/strong>: La superficie utiliza tecnolog\u00eda de cepillado, textura de alto nivel, antihuellas y antimanchas de agua.<\/p>\n\n\n\n<p><strong>Opciones de personalizaci\u00f3n disponibles<\/strong>: Ofrecemos servicios personalizados como el color, LOGO grabado l\u00e1ser, etc, apoyar la producci\u00f3n en masa.<\/p>\n<\/div>\n\n\n\n<div class=\"wp-block-column is-layout-flow wp-block-column-is-layout-flow\"><div class=\"wp-block-image\">\n<figure class=\"aligncenter size-full\"><img decoding=\"async\" width=\"1124\" height=\"1124\" src=\"https:\/\/www.shouyasanitary.com\/wp-content\/uploads\/2025\/04\/Wholesale-Bathroom-Vanity-Faucets-Stainless-Steel-Kitchen-Faucet-Manufacturer-1.webp\" alt=\"Mayorista Grifos de Ba\u00f1o Grifo de Cocina de Acero Inoxidable Fabricante (1)\" class=\"wp-image-539\" style=\"object-fit:cover\" srcset=\"https:\/\/www.shouyasanitary.com\/wp-content\/uploads\/2025\/04\/Wholesale-Bathroom-Vanity-Faucets-Stainless-Steel-Kitchen-Faucet-Manufacturer-1.webp 1124w, https:\/\/www.shouyasanitary.com\/wp-content\/uploads\/2025\/04\/Wholesale-Bathroom-Vanity-Faucets-Stainless-Steel-Kitchen-Faucet-Manufacturer-1-300x300.webp 300w, https:\/\/www.shouyasanitary.com\/wp-content\/uploads\/2025\/04\/Wholesale-Bathroom-Vanity-Faucets-Stainless-Steel-Kitchen-Faucet-Manufacturer-1-150x150.webp 150w, https:\/\/www.shouyasanitary.com\/wp-content\/uploads\/2025\/04\/Wholesale-Bathroom-Vanity-Faucets-Stainless-Steel-Kitchen-Faucet-Manufacturer-1-768x768.webp 768w, https:\/\/www.shouyasanitary.com\/wp-content\/uploads\/2025\/04\/Wholesale-Bathroom-Vanity-Faucets-Stainless-Steel-Kitchen-Faucet-Manufacturer-1-600x600.webp 600w, https:\/\/www.shouyasanitary.com\/wp-content\/uploads\/2025\/04\/Wholesale-Bathroom-Vanity-Faucets-Stainless-Steel-Kitchen-Faucet-Manufacturer-1-100x100.webp 100w\" sizes=\"(max-width: 1124px) 100vw, 1124px\" \/><\/figure>\n<\/div><\/div>\n<\/div>\n\n\n\n<p><\/p>","protected":false},"excerpt":{"rendered":"<p>Bienvenido a la venta al por mayor de grifos para tocador de ba\u00f1o, fabricados en acero inoxidable de alta calidad, con una base estable y un elegante aspecto negro. Venta directa de f\u00e1brica, proporcionando servicios de venta al por mayor y personalizaci\u00f3n para satisfacer los estilos y requisitos funcionales de los diferentes proyectos.<\/p>\n<h2>Grifer\u00eda para lavabo Atributos\uff1a<\/h2>\n<p><strong>Art\u00edculo No: <\/strong>SYF250301<strong><br \/>Material:<\/strong> Lat\u00f3n<br \/><strong>Color:<\/strong> Plateado<br \/><strong>Dimensiones (L\u00d7A\u00d7H):<\/strong> 18x5x19 cm<br \/><strong>Peso bruto:<\/strong> 2kg\/PCS<br \/><strong>OEM Y ODM<\/strong>: Soporte<\/p>","protected":false},"featured_media":539,"comment_status":"closed","ping_status":"closed","template":"","meta":{"_acf_changed":false},"product_brand":[],"product_cat":[21],"product_tag":[],"class_list":{"0":"post-554","1":"product","2":"type-product","3":"status-publish","4":"has-post-thumbnail","6":"product_cat-wholesale-bathroom-accessories","8":"first","9":"instock","10":"shipping-taxable","11":"product-type-simple"},"acf":[],"_links":{"self":[{"href":"https:\/\/www.shouyasanitary.com\/es\/wp-json\/wp\/v2\/product\/554","targetHints":{"allow":["GET"]}}],"collection":[{"href":"https:\/\/www.shouyasanitary.com\/es\/wp-json\/wp\/v2\/product"}],"about":[{"href":"https:\/\/www.shouyasanitary.com\/es\/wp-json\/wp\/v2\/types\/product"}],"replies":[{"embeddable":true,"href":"https:\/\/www.shouyasanitary.com\/es\/wp-json\/wp\/v2\/comments?post=554"}],"wp:featuredmedia":[{"embeddable":true,"href":"https:\/\/www.shouyasanitary.com\/es\/wp-json\/wp\/v2\/media\/539"}],"wp:attachment":[{"href":"https:\/\/www.shouyasanitary.com\/es\/wp-json\/wp\/v2\/media?parent=554"}],"wp:term":[{"taxonomy":"product_brand","embeddable":true,"href":"https:\/\/www.shouyasanitary.com\/es\/wp-json\/wp\/v2\/product_brand?post=554"},{"taxonomy":"product_cat","embeddable":true,"href":"https:\/\/www.shouyasanitary.com\/es\/wp-json\/wp\/v2\/product_cat?post=554"},{"taxonomy":"product_tag","embeddable":true,"href":"https:\/\/www.shouyasanitary.com\/es\/wp-json\/wp\/v2\/product_tag?post=554"}],"curies":[{"name":"wp","href":"https:\/\/api.w.org\/{rel}","templated":true}]}}