{"id":745,"date":"2025-04-14T10:26:47","date_gmt":"2025-04-14T10:26:47","guid":{"rendered":"https:\/\/www.shouyasanitary.com\/?post_type=product&#038;p=745"},"modified":"2025-05-12T10:44:11","modified_gmt":"2025-05-12T10:44:11","slug":"bathroom-accessories-set-wholesale","status":"publish","type":"product","link":"https:\/\/www.shouyasanitary.com\/es\/producto\/bathroom-accessories-set-wholesale\/","title":{"rendered":"Juego de accesorios de ba\u00f1o al por mayor, porta pa\u00f1uelos dorado de pared Suministros"},"content":{"rendered":"<div class=\"wp-block-columns is-layout-flex wp-container-core-columns-is-layout-9d6595d7 wp-block-columns-is-layout-flex\">\n<div class=\"wp-block-column is-layout-flow wp-block-column-is-layout-flow\">\n<h2 class=\"wp-block-heading\">Set de accesorios de ba\u00f1o Caracter\u00edsticas\uff1a<\/h2>\n\n\n\n<p><strong>Material de acero inoxidable superior<\/strong>: Utilizando acero inoxidable 304, tiene excelentes propiedades a prueba de humedad, anticorrosi\u00f3n y antioxidaci\u00f3n, y est\u00e1 dise\u00f1ado para entornos h\u00famedos.<\/p>\n\n\n\n<p><strong>Proceso de galvanoplastia fina:<\/strong> Tratamiento superficial de oro mate, tecnolog\u00eda de galvanoplastia al vac\u00edo, no se decolora f\u00e1cilmente, es suave al tacto y realza la textura del ba\u00f1o.<\/p>\n\n\n\n<p><strong>Base de apoyo redonda<\/strong>: Con l\u00edneas suaves de barras horizontales y anillos, instalaci\u00f3n en pared, ligereza visual, estabilidad y durabilidad, realzan la sensaci\u00f3n de pulcritud del espacio.<\/p>\n\n\n\n<p><strong>Superficie pulida y lisa<\/strong>: Las piezas de contacto est\u00e1n libres de rebabas para evitar ara\u00f1azos en las manos, especialmente adecuado para escenas de ba\u00f1o en el hogar y espacios comerciales.<\/p>\n\n\n\n<p><strong>Tama\u00f1o razonable<\/strong>: El toallero es de longitud moderada, que puede ser utilizado para colgar toallas de ba\u00f1o o particiones secas y h\u00famedas; el toallero de papel es suave y no es f\u00e1cil de deslizarse; el anillo de toalla es conveniente para colgar toallas de mano todos los d\u00edas.<\/p>\n\n\n\n<p><strong>Prestar servicios personalizados<\/strong>: El color, el m\u00e9todo de galvanoplastia, el espaciado de los orificios de instalaci\u00f3n, el LOGO, etc. se pueden personalizar seg\u00fan las necesidades del cliente para satisfacer los proyectos de ingenier\u00eda y las adquisiciones de la marca.<\/p>\n<\/div>\n\n\n\n<div class=\"wp-block-column is-layout-flow wp-block-column-is-layout-flow\"><div class=\"wp-block-image\">\n<figure class=\"aligncenter size-full\"><img decoding=\"async\" width=\"800\" height=\"800\" src=\"https:\/\/www.shouyasanitary.com\/wp-content\/uploads\/2025\/04\/Bathroom-Accessories-Set-Wholesale-Gold-Tissue-Holder-Wall-Mounted-Supplies-1.webp\" alt=\"Juego de Accesorios de Ba\u00f1o al por mayor, Porta pa\u00f1uelos dorado de pared (1)\" class=\"wp-image-729\" style=\"object-fit:cover\" srcset=\"https:\/\/www.shouyasanitary.com\/wp-content\/uploads\/2025\/04\/Bathroom-Accessories-Set-Wholesale-Gold-Tissue-Holder-Wall-Mounted-Supplies-1.webp 800w, https:\/\/www.shouyasanitary.com\/wp-content\/uploads\/2025\/04\/Bathroom-Accessories-Set-Wholesale-Gold-Tissue-Holder-Wall-Mounted-Supplies-1-300x300.webp 300w, https:\/\/www.shouyasanitary.com\/wp-content\/uploads\/2025\/04\/Bathroom-Accessories-Set-Wholesale-Gold-Tissue-Holder-Wall-Mounted-Supplies-1-150x150.webp 150w, https:\/\/www.shouyasanitary.com\/wp-content\/uploads\/2025\/04\/Bathroom-Accessories-Set-Wholesale-Gold-Tissue-Holder-Wall-Mounted-Supplies-1-768x768.webp 768w, https:\/\/www.shouyasanitary.com\/wp-content\/uploads\/2025\/04\/Bathroom-Accessories-Set-Wholesale-Gold-Tissue-Holder-Wall-Mounted-Supplies-1-600x600.webp 600w, https:\/\/www.shouyasanitary.com\/wp-content\/uploads\/2025\/04\/Bathroom-Accessories-Set-Wholesale-Gold-Tissue-Holder-Wall-Mounted-Supplies-1-100x100.webp 100w\" sizes=\"(max-width: 800px) 100vw, 800px\" \/><\/figure>\n<\/div><\/div>\n<\/div>","protected":false},"excerpt":{"rendered":"<p>El juego de accesorios de ba\u00f1o al por mayor incluye un toallero, un toallero y un toallero de papel. El material es acero inoxidable seleccionado, cuya superficie est\u00e1 chapada en oro mate, a prueba de \u00f3xido, duradero y con una buena textura, dise\u00f1ado para el cuarto de ba\u00f1o moderno. Ofrecemos servicios de venta al por mayor y personalizaci\u00f3n para satisfacer las necesidades de su proyecto de marca.<\/p>\n<h2>Juego de accesorios de ba\u00f1o Atributos\uff1a<\/h2>\n<p><strong>Art\u00edculo No:<\/strong>SYA250303<strong><br \/>Material:<\/strong> Acero inoxidable 304<br \/><strong>Color: <\/strong>Dorado<br \/><strong>Tipo de juego:<\/strong> Toallero, toallero de anilla, portapapeles<br \/><strong>Dimensiones (L\u00d7A\u00d7H):<\/strong> 60x8x5,5 cm<br \/><strong>Peso bruto:<\/strong> 2,5 kg\/set<br \/><strong>OEM Y ODM<\/strong>: Soporte<\/p>","protected":false},"featured_media":729,"comment_status":"closed","ping_status":"closed","template":"","meta":{"_acf_changed":false},"product_brand":[],"product_cat":[21],"product_tag":[],"class_list":{"0":"post-745","1":"product","2":"type-product","3":"status-publish","4":"has-post-thumbnail","6":"product_cat-wholesale-bathroom-accessories","8":"first","9":"instock","10":"shipping-taxable","11":"product-type-simple"},"acf":[],"_links":{"self":[{"href":"https:\/\/www.shouyasanitary.com\/es\/wp-json\/wp\/v2\/product\/745","targetHints":{"allow":["GET"]}}],"collection":[{"href":"https:\/\/www.shouyasanitary.com\/es\/wp-json\/wp\/v2\/product"}],"about":[{"href":"https:\/\/www.shouyasanitary.com\/es\/wp-json\/wp\/v2\/types\/product"}],"replies":[{"embeddable":true,"href":"https:\/\/www.shouyasanitary.com\/es\/wp-json\/wp\/v2\/comments?post=745"}],"wp:featuredmedia":[{"embeddable":true,"href":"https:\/\/www.shouyasanitary.com\/es\/wp-json\/wp\/v2\/media\/729"}],"wp:attachment":[{"href":"https:\/\/www.shouyasanitary.com\/es\/wp-json\/wp\/v2\/media?parent=745"}],"wp:term":[{"taxonomy":"product_brand","embeddable":true,"href":"https:\/\/www.shouyasanitary.com\/es\/wp-json\/wp\/v2\/product_brand?post=745"},{"taxonomy":"product_cat","embeddable":true,"href":"https:\/\/www.shouyasanitary.com\/es\/wp-json\/wp\/v2\/product_cat?post=745"},{"taxonomy":"product_tag","embeddable":true,"href":"https:\/\/www.shouyasanitary.com\/es\/wp-json\/wp\/v2\/product_tag?post=745"}],"curies":[{"name":"wp","href":"https:\/\/api.w.org\/{rel}","templated":true}]}}