{"id":774,"date":"2025-04-14T10:48:29","date_gmt":"2025-04-14T10:48:29","guid":{"rendered":"https:\/\/www.shouyasanitary.com\/?post_type=product&#038;p=774"},"modified":"2025-10-27T03:58:17","modified_gmt":"2025-10-27T03:58:17","slug":"bathroom-accessories-custom","status":"publish","type":"product","link":"https:\/\/www.shouyasanitary.com\/es\/producto\/bathroom-accessories-custom\/","title":{"rendered":"Accesorios de ba\u00f1o de 5 piezas de acero inoxidable personalizados"},"content":{"rendered":"<div class=\"wp-block-columns is-layout-flex wp-container-core-columns-is-layout-9d6595d7 wp-block-columns-is-layout-flex\">\n<div class=\"wp-block-column is-layout-flow wp-block-column-is-layout-flow\">\n<h2 class=\"wp-block-heading\">Accesorios de ba\u00f1o Caracter\u00edsticas\uff1a<\/h2>\n\n\n\n<p><strong>Estilo minimalista moderno<\/strong>: Fabricado en acero inoxidable de alta calidad, la textura de espejo plateado presenta un estilo moderno de alta gama, mejora la experiencia visual general y es adecuado para diversos espacios de ba\u00f1o.<\/p>\n\n\n\n<p><strong>Excelente tecnolog\u00eda de galvanoplastia<\/strong>: Gracias a la tecnolog\u00eda de galvanoplastia de alta calidad, la superficie es brillante y duradera, resistente a la corrosi\u00f3n y a los ara\u00f1azos, y apta para entornos h\u00famedos de larga duraci\u00f3n.<\/p>\n\n\n\n<p><strong>Dise\u00f1o mural<\/strong>: Todos los accesorios adoptan una estructura montada en la pared, utilizando eficazmente el espacio vertical para hacer que el cuarto de ba\u00f1o sea m\u00e1s organizado y espacioso.<\/p>\n\n\n\n<p><strong>Completa combinaci\u00f3n de juegos<\/strong>: El juego incluye accesorios funcionales como toalleros, toalleros, jaboneras, portarrollos, escobilleros, etc., que cubren las necesidades diarias de almacenamiento y limpieza del ba\u00f1o.<\/p>\n\n\n\n<p><strong>F\u00e1cil de limpiar<\/strong>:  Con acero inoxidable galvanizado, la superficie es lisa y no tiene esquinas muertas, el polvo y las manchas de agua no son f\u00e1ciles de adherir, y una simple limpieza puede mantener el cuarto de ba\u00f1o limpio y ordenado.<\/p>\n\n\n\n<p><strong>F\u00e1cil de instalar<\/strong>: Accesorios completos, instalaci\u00f3n simple y conveniente, adecuado para una variedad de materiales de pared, conveniente para proyectos personales y de ingenier\u00eda.<\/p>\n\n\n\n<p><strong>Soluciones OEM\/ODM<\/strong>: El tama\u00f1o, la estructura, el logotipo y el embalaje pueden personalizarse seg\u00fan las necesidades del cliente, lo que permite la personalizaci\u00f3n de la marca y la producci\u00f3n en masa, y ayuda a los clientes a ampliar el mercado.<\/p>\n<\/div>\n\n\n\n<div class=\"wp-block-column is-layout-flow wp-block-column-is-layout-flow\"><div class=\"wp-block-image\">\n<figure class=\"aligncenter size-full\"><img decoding=\"async\" width=\"1919\" height=\"1919\" src=\"https:\/\/www.shouyasanitary.com\/wp-content\/uploads\/2025\/04\/Bathroom-Accessories-Custom-Stainless-Steel-Bathroom-Toilet-Paper-Holder-Wholesale-1.webp\" alt=\"Accesorios de Ba\u00f1o Personalizados, Portarrollos de Papel Higi\u00e9nico de Acero Inoxidable al por mayor (1)\" class=\"wp-image-723\" style=\"object-fit:cover\" srcset=\"https:\/\/www.shouyasanitary.com\/wp-content\/uploads\/2025\/04\/Bathroom-Accessories-Custom-Stainless-Steel-Bathroom-Toilet-Paper-Holder-Wholesale-1.webp 1919w, https:\/\/www.shouyasanitary.com\/wp-content\/uploads\/2025\/04\/Bathroom-Accessories-Custom-Stainless-Steel-Bathroom-Toilet-Paper-Holder-Wholesale-1-300x300.webp 300w, https:\/\/www.shouyasanitary.com\/wp-content\/uploads\/2025\/04\/Bathroom-Accessories-Custom-Stainless-Steel-Bathroom-Toilet-Paper-Holder-Wholesale-1-150x150.webp 150w, https:\/\/www.shouyasanitary.com\/wp-content\/uploads\/2025\/04\/Bathroom-Accessories-Custom-Stainless-Steel-Bathroom-Toilet-Paper-Holder-Wholesale-1-768x768.webp 768w, https:\/\/www.shouyasanitary.com\/wp-content\/uploads\/2025\/04\/Bathroom-Accessories-Custom-Stainless-Steel-Bathroom-Toilet-Paper-Holder-Wholesale-1-1200x1200.webp 1200w, https:\/\/www.shouyasanitary.com\/wp-content\/uploads\/2025\/04\/Bathroom-Accessories-Custom-Stainless-Steel-Bathroom-Toilet-Paper-Holder-Wholesale-1-600x600.webp 600w, https:\/\/www.shouyasanitary.com\/wp-content\/uploads\/2025\/04\/Bathroom-Accessories-Custom-Stainless-Steel-Bathroom-Toilet-Paper-Holder-Wholesale-1-100x100.webp 100w\" sizes=\"(max-width: 1919px) 100vw, 1919px\" \/><\/figure>\n<\/div><\/div>\n<\/div>","protected":false},"excerpt":{"rendered":"<p>Accesorios de ba\u00f1o de 5 piezas a medida, hechos de acero inoxidable de alta calidad, dise\u00f1o montado en la pared ahorra espacio, reflejando el estilo minimalista moderno. Accesorios ricos, funciones completas, adecuadas para diversos escenarios en el hogar y proyectos comerciales. Apoyo OEM \/ ODM personalizaci\u00f3n y venta al por mayor para satisfacer las diversas necesidades de los clientes. \u00a1Bienvenido a preguntar!<\/p>\n<h2>Accesorios de ba\u00f1o Atributos\uff1a<\/h2>\n<p><strong>Art\u00edculo No: <\/strong>SYA250304<strong><br \/>Material:<\/strong> Acero inoxidable 304<br \/><strong>Color: <\/strong>Plateado<br \/><strong>Tipo de juego:<\/strong> Toallero, toallero colgante monoposte, portarrollos, vaso escobillero, toallero de almacenaje<br \/><strong>Dimensiones (L\u00d7A\u00d7H):<\/strong> 60x24x15 cm<br \/><strong>Peso bruto:<\/strong> 3 kg\/set<br \/><strong>OEM Y ODM<\/strong>: Soporte<\/p>","protected":false},"featured_media":723,"comment_status":"closed","ping_status":"closed","template":"","meta":{"_acf_changed":true},"product_brand":[],"product_cat":[21],"product_tag":[],"class_list":{"0":"post-774","1":"product","2":"type-product","3":"status-publish","4":"has-post-thumbnail","6":"product_cat-wholesale-bathroom-accessories","8":"first","9":"instock","10":"shipping-taxable","11":"product-type-simple"},"acf":[],"_links":{"self":[{"href":"https:\/\/www.shouyasanitary.com\/es\/wp-json\/wp\/v2\/product\/774","targetHints":{"allow":["GET"]}}],"collection":[{"href":"https:\/\/www.shouyasanitary.com\/es\/wp-json\/wp\/v2\/product"}],"about":[{"href":"https:\/\/www.shouyasanitary.com\/es\/wp-json\/wp\/v2\/types\/product"}],"replies":[{"embeddable":true,"href":"https:\/\/www.shouyasanitary.com\/es\/wp-json\/wp\/v2\/comments?post=774"}],"wp:featuredmedia":[{"embeddable":true,"href":"https:\/\/www.shouyasanitary.com\/es\/wp-json\/wp\/v2\/media\/723"}],"wp:attachment":[{"href":"https:\/\/www.shouyasanitary.com\/es\/wp-json\/wp\/v2\/media?parent=774"}],"wp:term":[{"taxonomy":"product_brand","embeddable":true,"href":"https:\/\/www.shouyasanitary.com\/es\/wp-json\/wp\/v2\/product_brand?post=774"},{"taxonomy":"product_cat","embeddable":true,"href":"https:\/\/www.shouyasanitary.com\/es\/wp-json\/wp\/v2\/product_cat?post=774"},{"taxonomy":"product_tag","embeddable":true,"href":"https:\/\/www.shouyasanitary.com\/es\/wp-json\/wp\/v2\/product_tag?post=774"}],"curies":[{"name":"wp","href":"https:\/\/api.w.org\/{rel}","templated":true}]}}