{"id":842,"date":"2025-04-14T10:56:38","date_gmt":"2025-04-14T10:56:38","guid":{"rendered":"https:\/\/www.shouyasanitary.com\/?post_type=product&#038;p=842"},"modified":"2025-05-12T10:47:53","modified_gmt":"2025-05-12T10:47:53","slug":"bathroom-faucet-wholesale","status":"publish","type":"product","link":"https:\/\/www.shouyasanitary.com\/es\/producto\/bathroom-faucet-wholesale\/","title":{"rendered":"Grifo de ba\u00f1o de un orificio al por mayor, grifos abatibles a granel personalizados"},"content":{"rendered":"<div class=\"wp-block-columns is-layout-flex wp-container-core-columns-is-layout-9d6595d7 wp-block-columns-is-layout-flex\">\n<div class=\"wp-block-column is-layout-flow wp-block-column-is-layout-flow\">\n<h2 class=\"wp-block-heading\">Caracter\u00edsticas de la grifer\u00eda de ba\u00f1o\uff1a<\/h2>\n\n\n\n<p><strong>Lujoso aspecto dorado<\/strong>Adopta la tecnolog\u00eda de galvanoplastia de oro, la superficie es brillante y lustrosa, presenta una textura de alta gama, resistente a la corrosi\u00f3n, antihuellas y realza el estilo general del cuarto de ba\u00f1o.<\/p>\n\n\n\n<p><strong>Dise\u00f1o de salida de agua abatible<\/strong>: flexible y retr\u00e1ctil, rebote suave, satisface diferentes necesidades de uso, funcionamiento m\u00e1s c\u00f3modo y mejora la experiencia de uso diario.<\/p>\n\n\n\n<p><strong>Estructura de instalaci\u00f3n de un solo orificio<\/strong>Estructura sencilla, adecuada para encimeras de armarios de ba\u00f1o convencionales, f\u00e1cil de instalar y sustituir r\u00e1pidamente, y mejora la eficiencia de uso.<\/p>\n\n\n\n<p><strong>Material de lat\u00f3n de alta calidad:<\/strong> Fabricado en cobre de alta calidad, robusto y duradero, resistente a la presi\u00f3n y a prueba de explosiones, con una larga vida \u00fatil, adecuado para escenarios de uso de alta frecuencia.<\/p>\n\n\n\n<p><strong>Conmutaci\u00f3n de control dual de fr\u00edo y calor<\/strong>: dise\u00f1o ergon\u00f3mico del mango, control suave y preciso de la temperatura, teniendo en cuenta tanto la funci\u00f3n como la experiencia de comodidad.<\/p>\n\n\n\n<p><strong>Apoyo a la personalizaci\u00f3n y la venta al por mayor<\/strong>Tratamiento superficial, color, embalaje, etc. personalizables seg\u00fan las necesidades del cliente. Ventas directas de f\u00e1brica, inventario semipersonalizado por lotes, para satisfacer diferentes posicionamientos de marca y necesidades del mercado.<\/p>\n<\/div>\n\n\n\n<div class=\"wp-block-column is-layout-flow wp-block-column-is-layout-flow\"><div class=\"wp-block-image\">\n<figure class=\"aligncenter size-full\"><img decoding=\"async\" width=\"5279\" height=\"5279\" src=\"https:\/\/www.shouyasanitary.com\/wp-content\/uploads\/2025\/04\/Single-Hole-Bathroom-Faucet-Wholesale-Gold-Pull-Down-Faucets-Custom-Bulk-1.webp\" alt=\"grifo de ba\u00f1o de un solo agujero al por mayor, oro tire hacia abajo grifos personalizados a granel (1)\" class=\"wp-image-732\" style=\"object-fit:cover\" srcset=\"https:\/\/www.shouyasanitary.com\/wp-content\/uploads\/2025\/04\/Single-Hole-Bathroom-Faucet-Wholesale-Gold-Pull-Down-Faucets-Custom-Bulk-1.webp 5279w, https:\/\/www.shouyasanitary.com\/wp-content\/uploads\/2025\/04\/Single-Hole-Bathroom-Faucet-Wholesale-Gold-Pull-Down-Faucets-Custom-Bulk-1-300x300.webp 300w, https:\/\/www.shouyasanitary.com\/wp-content\/uploads\/2025\/04\/Single-Hole-Bathroom-Faucet-Wholesale-Gold-Pull-Down-Faucets-Custom-Bulk-1-150x150.webp 150w, https:\/\/www.shouyasanitary.com\/wp-content\/uploads\/2025\/04\/Single-Hole-Bathroom-Faucet-Wholesale-Gold-Pull-Down-Faucets-Custom-Bulk-1-768x768.webp 768w, https:\/\/www.shouyasanitary.com\/wp-content\/uploads\/2025\/04\/Single-Hole-Bathroom-Faucet-Wholesale-Gold-Pull-Down-Faucets-Custom-Bulk-1-1200x1200.webp 1200w, https:\/\/www.shouyasanitary.com\/wp-content\/uploads\/2025\/04\/Single-Hole-Bathroom-Faucet-Wholesale-Gold-Pull-Down-Faucets-Custom-Bulk-1-600x600.webp 600w, https:\/\/www.shouyasanitary.com\/wp-content\/uploads\/2025\/04\/Single-Hole-Bathroom-Faucet-Wholesale-Gold-Pull-Down-Faucets-Custom-Bulk-1-100x100.webp 100w\" sizes=\"(max-width: 5279px) 100vw, 5279px\" \/><\/figure>\n<\/div><\/div>\n<\/div>\n\n\n\n<p><\/p>","protected":false},"excerpt":{"rendered":"<p>El grifo de ba\u00f1o de un orificio al por mayor tiene un lujoso aspecto dorado. El material de cobre de alta calidad es duradero. La salida de agua flexible y el dise\u00f1o de un solo orificio garantizan un funcionamiento sencillo y sin problemas. Ofrecemos servicios de venta al por mayor personalizados para satisfacer diversas necesidades. P\u00f3ngase en contacto con nosotros para solicitar un presupuesto.<\/p>\n<h2>Grifo de ba\u00f1o de un orificio Atributos\uff1a<\/h2>\n<p><strong>Art\u00edculo No: <\/strong>SYF250302<strong><br \/>Material:<\/strong> Lat\u00f3n<br \/><strong>Color:<\/strong> Dorado<br \/><strong>Dimensiones (L\u00d7A\u00d7H):<\/strong> 18x5x19 cm<br \/><strong>Peso bruto:<\/strong> 2kg\/PCS<br \/><strong>OEM Y ODM<\/strong>: Soporte<\/p>","protected":false},"featured_media":733,"comment_status":"closed","ping_status":"closed","template":"","meta":{"_acf_changed":true},"product_brand":[],"product_cat":[21],"product_tag":[],"class_list":{"0":"post-842","1":"product","2":"type-product","3":"status-publish","4":"has-post-thumbnail","6":"product_cat-wholesale-bathroom-accessories","8":"first","9":"instock","10":"shipping-taxable","11":"product-type-simple"},"acf":[],"_links":{"self":[{"href":"https:\/\/www.shouyasanitary.com\/es\/wp-json\/wp\/v2\/product\/842","targetHints":{"allow":["GET"]}}],"collection":[{"href":"https:\/\/www.shouyasanitary.com\/es\/wp-json\/wp\/v2\/product"}],"about":[{"href":"https:\/\/www.shouyasanitary.com\/es\/wp-json\/wp\/v2\/types\/product"}],"replies":[{"embeddable":true,"href":"https:\/\/www.shouyasanitary.com\/es\/wp-json\/wp\/v2\/comments?post=842"}],"wp:featuredmedia":[{"embeddable":true,"href":"https:\/\/www.shouyasanitary.com\/es\/wp-json\/wp\/v2\/media\/733"}],"wp:attachment":[{"href":"https:\/\/www.shouyasanitary.com\/es\/wp-json\/wp\/v2\/media?parent=842"}],"wp:term":[{"taxonomy":"product_brand","embeddable":true,"href":"https:\/\/www.shouyasanitary.com\/es\/wp-json\/wp\/v2\/product_brand?post=842"},{"taxonomy":"product_cat","embeddable":true,"href":"https:\/\/www.shouyasanitary.com\/es\/wp-json\/wp\/v2\/product_cat?post=842"},{"taxonomy":"product_tag","embeddable":true,"href":"https:\/\/www.shouyasanitary.com\/es\/wp-json\/wp\/v2\/product_tag?post=842"}],"curies":[{"name":"wp","href":"https:\/\/api.w.org\/{rel}","templated":true}]}}