{"id":873,"date":"2025-04-30T02:17:05","date_gmt":"2025-04-30T02:17:05","guid":{"rendered":"https:\/\/www.shouyasanitary.com\/?post_type=product&#038;p=873"},"modified":"2025-04-30T02:17:12","modified_gmt":"2025-04-30T02:17:12","slug":"bathroom-faucet-custom","status":"publish","type":"product","link":"https:\/\/www.shouyasanitary.com\/es\/producto\/bathroom-faucet-custom\/","title":{"rendered":"Grifo de ba\u00f1o a medida, grifo de lavabo de oro rosa a granel"},"content":{"rendered":"<div class=\"wp-block-columns is-layout-flex wp-container-core-columns-is-layout-9d6595d7 wp-block-columns-is-layout-flex\">\n<div class=\"wp-block-column is-layout-flow wp-block-column-is-layout-flow\">\n<h2 class=\"wp-block-heading\">Caracter\u00edsticas de la grifer\u00eda de ba\u00f1o\uff1a<\/h2>\n\n\n\n<p><strong>Aspecto de oro rosa de alta gama:<\/strong> El lujoso color oro rosa y el suave brillo met\u00e1lico van a juego, adecuado para ba\u00f1os modernos de gama alta.<\/p>\n\n\n\n<p><strong>Material de alta calidad: <\/strong>Hecho de cobre de alta calidad, galvanoplastia, excelente rendimiento anti-oxidaci\u00f3n y anti-corrosi\u00f3n, y m\u00e1s duradero.<\/p>\n\n\n\n<p><strong>Sistema de control dual de fr\u00edo y calor: <\/strong>Dise\u00f1o monomando, control preciso del agua caliente y fr\u00eda, los usuarios pueden ajustar con flexibilidad la temperatura del agua seg\u00fan sus necesidades.<\/p>\n\n\n\n<p><strong>F\u00e1cil de limpiar: <\/strong>La superficie lisa no se adhiere f\u00e1cilmente a las manchas, y las manchas de agua pueden limpiarse con facilidad.<\/p>\n<\/div>\n\n\n\n<div class=\"wp-block-column is-layout-flow wp-block-column-is-layout-flow\"><div class=\"wp-block-image\">\n<figure class=\"aligncenter size-full\"><img decoding=\"async\" width=\"3959\" height=\"3959\" src=\"https:\/\/www.shouyasanitary.com\/wp-content\/uploads\/2025\/04\/Bathroom-Faucet-Custom-Hand-Wash-Sink-Faucet-Manufacturer-1.webp\" alt=\"Grifo de ba\u00f1o a medida, Fabricante de grifo de lavamanos (1)\" class=\"wp-image-875\" style=\"object-fit:cover\" srcset=\"https:\/\/www.shouyasanitary.com\/wp-content\/uploads\/2025\/04\/Bathroom-Faucet-Custom-Hand-Wash-Sink-Faucet-Manufacturer-1.webp 3959w, https:\/\/www.shouyasanitary.com\/wp-content\/uploads\/2025\/04\/Bathroom-Faucet-Custom-Hand-Wash-Sink-Faucet-Manufacturer-1-300x300.webp 300w, https:\/\/www.shouyasanitary.com\/wp-content\/uploads\/2025\/04\/Bathroom-Faucet-Custom-Hand-Wash-Sink-Faucet-Manufacturer-1-150x150.webp 150w, https:\/\/www.shouyasanitary.com\/wp-content\/uploads\/2025\/04\/Bathroom-Faucet-Custom-Hand-Wash-Sink-Faucet-Manufacturer-1-768x768.webp 768w, https:\/\/www.shouyasanitary.com\/wp-content\/uploads\/2025\/04\/Bathroom-Faucet-Custom-Hand-Wash-Sink-Faucet-Manufacturer-1-12x12.webp 12w, https:\/\/www.shouyasanitary.com\/wp-content\/uploads\/2025\/04\/Bathroom-Faucet-Custom-Hand-Wash-Sink-Faucet-Manufacturer-1-1200x1200.webp 1200w, https:\/\/www.shouyasanitary.com\/wp-content\/uploads\/2025\/04\/Bathroom-Faucet-Custom-Hand-Wash-Sink-Faucet-Manufacturer-1-600x600.webp 600w, https:\/\/www.shouyasanitary.com\/wp-content\/uploads\/2025\/04\/Bathroom-Faucet-Custom-Hand-Wash-Sink-Faucet-Manufacturer-1-100x100.webp 100w\" sizes=\"(max-width: 3959px) 100vw, 3959px\" \/><\/figure>\n<\/div><\/div>\n<\/div>","protected":false},"excerpt":{"rendered":"<p>El grifo de ba\u00f1o personalizado de color oro rosa, que es de gama alta y de moda. El sistema de control dual de agua fr\u00eda y caliente es f\u00e1cil de utilizar y se adapta a la mayor\u00eda de lavabos. Ofrecemos un conjunto completo de soluciones para sanitarios de ba\u00f1o. P\u00f3ngase en contacto con nosotros para obtener soluciones personalizadas.<\/p>\n<h2>Grifer\u00eda de ba\u00f1o Atributos\uff1a<\/h2>\n<p><strong>Material:<\/strong> Lat\u00f3n<br \/><strong>Color:<\/strong> Dorado<br \/><strong>Dimensiones (L\u00d7A\u00d7H):<\/strong> 18x5x19 cm<br \/><strong>Peso bruto:<\/strong> 2kg\/PCS<br \/><strong>OEM Y ODM<\/strong>: Soporte<\/p>","protected":false},"featured_media":875,"comment_status":"closed","ping_status":"closed","template":"","meta":{"_acf_changed":false},"product_brand":[],"product_cat":[21],"product_tag":[],"class_list":{"0":"post-873","1":"product","2":"type-product","3":"status-publish","4":"has-post-thumbnail","6":"product_cat-wholesale-bathroom-accessories","8":"first","9":"instock","10":"shipping-taxable","11":"product-type-simple"},"acf":[],"_links":{"self":[{"href":"https:\/\/www.shouyasanitary.com\/es\/wp-json\/wp\/v2\/product\/873","targetHints":{"allow":["GET"]}}],"collection":[{"href":"https:\/\/www.shouyasanitary.com\/es\/wp-json\/wp\/v2\/product"}],"about":[{"href":"https:\/\/www.shouyasanitary.com\/es\/wp-json\/wp\/v2\/types\/product"}],"replies":[{"embeddable":true,"href":"https:\/\/www.shouyasanitary.com\/es\/wp-json\/wp\/v2\/comments?post=873"}],"wp:featuredmedia":[{"embeddable":true,"href":"https:\/\/www.shouyasanitary.com\/es\/wp-json\/wp\/v2\/media\/875"}],"wp:attachment":[{"href":"https:\/\/www.shouyasanitary.com\/es\/wp-json\/wp\/v2\/media?parent=873"}],"wp:term":[{"taxonomy":"product_brand","embeddable":true,"href":"https:\/\/www.shouyasanitary.com\/es\/wp-json\/wp\/v2\/product_brand?post=873"},{"taxonomy":"product_cat","embeddable":true,"href":"https:\/\/www.shouyasanitary.com\/es\/wp-json\/wp\/v2\/product_cat?post=873"},{"taxonomy":"product_tag","embeddable":true,"href":"https:\/\/www.shouyasanitary.com\/es\/wp-json\/wp\/v2\/product_tag?post=873"}],"curies":[{"name":"wp","href":"https:\/\/api.w.org\/{rel}","templated":true}]}}