{"id":984,"date":"2025-04-30T09:43:16","date_gmt":"2025-04-30T09:43:16","guid":{"rendered":"https:\/\/www.shouyasanitary.com\/?post_type=product&#038;p=984"},"modified":"2025-05-13T10:30:21","modified_gmt":"2025-05-13T10:30:21","slug":"wholesale-bathroom-vanity-cabinets","status":"publish","type":"product","link":"https:\/\/www.shouyasanitary.com\/es\/producto\/wholesale-bathroom-vanity-cabinets\/","title":{"rendered":"Mayorista Armarios de Ba\u00f1o Gris con Lavabo de una Pieza al por Mayor"},"content":{"rendered":"<div class=\"wp-block-columns is-layout-flex wp-container-core-columns-is-layout-9d6595d7 wp-block-columns-is-layout-flex\">\n<div class=\"wp-block-column is-layout-flow wp-block-column-is-layout-flow\">\n<h2 class=\"wp-block-heading\">Caracter\u00edsticas de los gabinetes de la vanidad del cuarto de ba\u00f1o\uff1a<\/h2>\n\n\n\n<p><strong>Acero inoxidable 304 de calidad militar aeroespacial: <\/strong>Utilizamos materias primas de acero inoxidable de alta calidad para lograr un compromiso antioxidante de 10 a\u00f1os, una prueba de niebla salina de m\u00e1s de 5000 horas y cero corrosi\u00f3n en ambientes h\u00famedos.<\/p>\n\n\n\n<p><strong>Revestimiento de calidad alimentaria: <\/strong>Revestimiento antibacteriano con el mismo material que los biberones, tasa antibacteriana 24 horas \u2265 99,6%, seguro y no t\u00f3xico.<\/p>\n\n\n\n<p><strong>Moderno y elegante color gris<\/strong>: el color gris moderno es c\u00e1lido, muestra una textura elegante y puede coordinarse f\u00e1cilmente con diversos ambientes de ba\u00f1o modernos.<\/p>\n\n\n\n<p><strong>Lavabo cer\u00e1mico de una sola pieza:<\/strong> La encimera y el lavabo est\u00e1n formados en una sola pieza, con l\u00edneas suaves y haciendo que no sea f\u00e1cil ocultar la suciedad, f\u00e1cil de limpiar.<\/p>\n\n\n\n<p><strong>Soldadura l\u00e1ser en espejo sin juntas<\/strong>: La tecnolog\u00eda de soldadura l\u00e1ser de precisi\u00f3n de 0,5 mm consigue esquinas sin juntas, suavidad de espejo y detalles delicados.<\/p>\n\n\n\n<p><strong>Certificaci\u00f3n de emisi\u00f3n de formaldeh\u00eddo 0: <\/strong>protecci\u00f3n del medio ambiente, las normas de seguridad de nivel de maternidad, la instalaci\u00f3n est\u00e1 a la altura de las condiciones de ocupaci\u00f3n, no tienen que preocuparse por el olor de los nuevos productos despu\u00e9s de la instalaci\u00f3n.<\/p>\n\n\n\n<p><strong>Gran capacidad de carga<\/strong>: El tabique de una sola capa puede soportar 80 kg, botellas y latas apiladas sin miedo a la deformaci\u00f3n, incluso si el peso de los art\u00edculos de gran tama\u00f1o no tienen miedo.<\/p>\n\n\n\n<p><strong>Armario con espejo multifuncional con luz LED de 3 colores<\/strong>: La tira de luz posee la funci\u00f3n de iluminaci\u00f3n, pr\u00e1ctica para el uso diario, y el espacio de almacenamiento razonable satisface las demandas de almacenamiento de art\u00edculos de tocador.<\/p>\n\n\n\n<p><strong>Admite personalizaci\u00f3n OEM\/ODM<\/strong>: Ofrecemos servicios profesionales de personalizaci\u00f3n para satisfacer el dise\u00f1o de marca y los requisitos funcionales de los clientes minoristas y de proyectos.<\/p>\n<\/div>\n\n\n\n<div class=\"wp-block-column is-layout-flow wp-block-column-is-layout-flow\"><div class=\"wp-block-image\">\n<figure class=\"aligncenter size-full\"><img decoding=\"async\" width=\"1000\" height=\"1000\" src=\"https:\/\/www.shouyasanitary.com\/wp-content\/uploads\/2025\/04\/Wholesale-Bathroom-Vanity-Cabinets-1.webp\" alt=\"Mayorista Armarios de Ba\u00f1o (1)\" class=\"wp-image-1050\" style=\"object-fit:cover\" srcset=\"https:\/\/www.shouyasanitary.com\/wp-content\/uploads\/2025\/04\/Wholesale-Bathroom-Vanity-Cabinets-1.webp 1000w, https:\/\/www.shouyasanitary.com\/wp-content\/uploads\/2025\/04\/Wholesale-Bathroom-Vanity-Cabinets-1-300x300.webp 300w, https:\/\/www.shouyasanitary.com\/wp-content\/uploads\/2025\/04\/Wholesale-Bathroom-Vanity-Cabinets-1-150x150.webp 150w, https:\/\/www.shouyasanitary.com\/wp-content\/uploads\/2025\/04\/Wholesale-Bathroom-Vanity-Cabinets-1-768x768.webp 768w, https:\/\/www.shouyasanitary.com\/wp-content\/uploads\/2025\/04\/Wholesale-Bathroom-Vanity-Cabinets-1-12x12.webp 12w, https:\/\/www.shouyasanitary.com\/wp-content\/uploads\/2025\/04\/Wholesale-Bathroom-Vanity-Cabinets-1-600x600.webp 600w, https:\/\/www.shouyasanitary.com\/wp-content\/uploads\/2025\/04\/Wholesale-Bathroom-Vanity-Cabinets-1-100x100.webp 100w\" sizes=\"(max-width: 1000px) 100vw, 1000px\" \/><\/figure>\n<\/div><\/div>\n<\/div>","protected":false},"excerpt":{"rendered":"<p>Armarios de ba\u00f1o al por mayor, material de acero inoxidable de alta calidad, dise\u00f1o minimalista gris moderno, con lavabo de cer\u00e1mica, elegante y hermoso, adecuado para varios dise\u00f1os de ba\u00f1o. Apoyo OEM \/ ODM personalizaci\u00f3n, recepci\u00f3n para entrarnos en contacto con para una cita.<\/p>\n<h2>Gabinetes de la vanidad del cuarto de ba\u00f1o Atributos\uff1a<\/h2>\n<p><strong>Art\u00edculo No: <\/strong>SY2504<strong><br \/>Material del armario:<\/strong> Acero inoxidable<br \/><strong>Color del armario: <\/strong>Gris<br \/><strong>Espejo: <\/strong>Espejo LED (3,5 mm\/3,8 mm), iluminaci\u00f3n tricolor, desempa\u00f1ado con un solo toque, protegido con embalaje de espuma multicapa<strong><br \/>Tipo de instalaci\u00f3n: <\/strong>Montaje en pared<br \/><strong>Dimensiones (L\u00d7A\u00d7H):<\/strong> 80*47*47 cm<br \/><strong>Peso bruto:<\/strong> 28kg\/set<\/p>\n<h2>Personalizaci\u00f3n y servicios:<\/h2>\n<p><strong>OEM Y ODM<\/strong>: Soporte<br \/><strong>Dise\u00f1o<\/strong>: Gratis<br \/><strong>Accesorios<\/strong>: Lavabos, espejos, grifos y otros accesorios de ba\u00f1o<br \/><strong>Embalaje<\/strong>: Listo para montar<\/p>","protected":false},"featured_media":1050,"comment_status":"closed","ping_status":"closed","template":"","meta":{"_acf_changed":true},"product_brand":[],"product_cat":[27],"product_tag":[],"class_list":{"0":"post-984","1":"product","2":"type-product","3":"status-publish","4":"has-post-thumbnail","6":"product_cat-wholesale-stainless-steel-bathroom-vanity-cabinets","8":"first","9":"instock","10":"shipping-taxable","11":"product-type-simple"},"acf":[],"_links":{"self":[{"href":"https:\/\/www.shouyasanitary.com\/es\/wp-json\/wp\/v2\/product\/984","targetHints":{"allow":["GET"]}}],"collection":[{"href":"https:\/\/www.shouyasanitary.com\/es\/wp-json\/wp\/v2\/product"}],"about":[{"href":"https:\/\/www.shouyasanitary.com\/es\/wp-json\/wp\/v2\/types\/product"}],"replies":[{"embeddable":true,"href":"https:\/\/www.shouyasanitary.com\/es\/wp-json\/wp\/v2\/comments?post=984"}],"wp:featuredmedia":[{"embeddable":true,"href":"https:\/\/www.shouyasanitary.com\/es\/wp-json\/wp\/v2\/media\/1050"}],"wp:attachment":[{"href":"https:\/\/www.shouyasanitary.com\/es\/wp-json\/wp\/v2\/media?parent=984"}],"wp:term":[{"taxonomy":"product_brand","embeddable":true,"href":"https:\/\/www.shouyasanitary.com\/es\/wp-json\/wp\/v2\/product_brand?post=984"},{"taxonomy":"product_cat","embeddable":true,"href":"https:\/\/www.shouyasanitary.com\/es\/wp-json\/wp\/v2\/product_cat?post=984"},{"taxonomy":"product_tag","embeddable":true,"href":"https:\/\/www.shouyasanitary.com\/es\/wp-json\/wp\/v2\/product_tag?post=984"}],"curies":[{"name":"wp","href":"https:\/\/api.w.org\/{rel}","templated":true}]}}