{"id":988,"date":"2025-04-30T03:34:23","date_gmt":"2025-04-30T03:34:23","guid":{"rendered":"https:\/\/www.shouyasanitary.com\/?post_type=product&#038;p=988"},"modified":"2025-05-12T10:59:39","modified_gmt":"2025-05-12T10:59:39","slug":"wholesale-bathroom-vanities","status":"publish","type":"product","link":"https:\/\/www.shouyasanitary.com\/es\/producto\/wholesale-bathroom-vanities\/","title":{"rendered":"Mayorista Tocadores de Ba\u00f1o Armario de Acero Inoxidable Ba\u00f1o a Medida"},"content":{"rendered":"<div class=\"wp-block-columns is-layout-flex wp-container-core-columns-is-layout-9d6595d7 wp-block-columns-is-layout-flex\">\n<div class=\"wp-block-column is-layout-flow wp-block-column-is-layout-flow\">\n<h2 class=\"wp-block-heading\">Caracter\u00edsticas de los tocadores de ba\u00f1o de acero inoxidable\uff1a<\/h2>\n\n\n\n<p><strong>Material de acero inoxidable de alta calidad: <\/strong>El mueble de ba\u00f1o est\u00e1 fabricado en acero inoxidable 304. Tras el tratamiento de la superficie, resulta m\u00e1s liso y duradero. La textura met\u00e1lica mate presenta un estilo minimalista de lujo, acorde con la tendencia actual de consumo joven.<\/p>\n\n\n\n<p><strong>Elegante textura de grano de madera gris claro: <\/strong>La superficie del mueble de ba\u00f1o est\u00e1 revestida con textura de grano de madera natural, combinada con tonos grises claros, natural y suave, adecuada para diferentes estilos de ba\u00f1o.<\/p>\n\n\n\n<p><strong>Alto \u00edndice de impermeabilidad y antibacteriano:<\/strong> El armario de ba\u00f1o de acero inoxidable 304 es impermeable y es un buen material antibacteriano y antioxidante. Ya sea en un ambiente h\u00famedo o en un rinc\u00f3n oscuro, el gabinete de ba\u00f1o de acero inoxidable no se moho o grietas y deformaciones.<\/p>\n\n\n\n<p><strong>Dise\u00f1o mural: <\/strong>La instalaci\u00f3n mural ahorra espacio en el suelo, mejora el efecto general de ventilaci\u00f3n y tiene un efecto visual sencillo y cuidado.<\/p>\n\n\n\n<p><strong>Proporcionar soluciones de personalizaci\u00f3n masiva: <\/strong>El tama\u00f1o, el color y la configuraci\u00f3n pueden personalizarse seg\u00fan las necesidades del cliente. Adecuado para proyectos de ingenier\u00eda y personalizaci\u00f3n por lotes de marcas de ba\u00f1o de gama alta.<\/p>\n<\/div>\n\n\n\n<div class=\"wp-block-column is-layout-flow wp-block-column-is-layout-flow\"><div class=\"wp-block-image\">\n<figure class=\"aligncenter size-full\"><img decoding=\"async\" width=\"1000\" height=\"1000\" src=\"https:\/\/www.shouyasanitary.com\/wp-content\/uploads\/2025\/04\/Wholesale-Bathroom-Vanities-Stainless-Steel-Cabinet-Bathroom-Custom-1-1.webp\" alt=\"Mayorista Tocadores de Ba\u00f1o Armario de Acero Inoxidable Ba\u00f1o a Medida (1)\" class=\"wp-image-1057\" style=\"object-fit:cover\" srcset=\"https:\/\/www.shouyasanitary.com\/wp-content\/uploads\/2025\/04\/Wholesale-Bathroom-Vanities-Stainless-Steel-Cabinet-Bathroom-Custom-1-1.webp 1000w, https:\/\/www.shouyasanitary.com\/wp-content\/uploads\/2025\/04\/Wholesale-Bathroom-Vanities-Stainless-Steel-Cabinet-Bathroom-Custom-1-1-300x300.webp 300w, https:\/\/www.shouyasanitary.com\/wp-content\/uploads\/2025\/04\/Wholesale-Bathroom-Vanities-Stainless-Steel-Cabinet-Bathroom-Custom-1-1-150x150.webp 150w, https:\/\/www.shouyasanitary.com\/wp-content\/uploads\/2025\/04\/Wholesale-Bathroom-Vanities-Stainless-Steel-Cabinet-Bathroom-Custom-1-1-768x768.webp 768w, https:\/\/www.shouyasanitary.com\/wp-content\/uploads\/2025\/04\/Wholesale-Bathroom-Vanities-Stainless-Steel-Cabinet-Bathroom-Custom-1-1-12x12.webp 12w, https:\/\/www.shouyasanitary.com\/wp-content\/uploads\/2025\/04\/Wholesale-Bathroom-Vanities-Stainless-Steel-Cabinet-Bathroom-Custom-1-1-600x600.webp 600w, https:\/\/www.shouyasanitary.com\/wp-content\/uploads\/2025\/04\/Wholesale-Bathroom-Vanities-Stainless-Steel-Cabinet-Bathroom-Custom-1-1-100x100.webp 100w\" sizes=\"(max-width: 1000px) 100vw, 1000px\" \/><\/figure>\n<\/div><\/div>\n<\/div>","protected":false},"excerpt":{"rendered":"<p>Mayorista tocador de ba\u00f1o de acero inoxidable 304 de alta calidad, con dise\u00f1o de textura de grano de madera, elegante, impermeable y duradero. Ofrecemos el conjunto completo de precio de f\u00e1brica armarios de ba\u00f1o y soluciones de accesorios de ba\u00f1o. \u00a1Bienvenido a preguntar, apoyar la personalizaci\u00f3n y compra a granel!<\/p>\n<h2>tocadores de ba\u00f1o de acero inoxidable atributos\uff1a<\/h2>\n<p><strong>Art\u00edculo No:<\/strong> SY2502<strong><br \/>Material del armario:<\/strong> Acero inoxidable<br \/><strong>Color del armario: <\/strong>Gris claro<br \/><strong>Espejo: <\/strong>Espejo LED (3,5 mm\/3,8 mm), iluminaci\u00f3n tricolor, desempa\u00f1ado con un solo toque, protegido con embalaje de espuma multicapa<strong><br \/>Tipo de instalaci\u00f3n: <\/strong>Montaje en pared<br \/><strong>Dimensiones (L\u00d7A\u00d7H): <\/strong>90*47*45 cm<br \/><strong>Peso bruto: <\/strong>30 kg\/set<\/p>\n<h2>Personalizaci\u00f3n y servicios:<\/h2>\n<p><strong>OEM Y ODM<\/strong>: Soporte<br \/><strong>Dise\u00f1o<\/strong>: Gratis<br \/><strong>Accesorios<\/strong>: Lavabos, espejos, grifos y otros accesorios de ba\u00f1o<br \/><strong>Embalaje<\/strong>: Listo para montar<\/p>","protected":false},"featured_media":1057,"comment_status":"closed","ping_status":"closed","template":"","meta":{"_acf_changed":true},"product_brand":[],"product_cat":[27],"product_tag":[],"class_list":{"0":"post-988","1":"product","2":"type-product","3":"status-publish","4":"has-post-thumbnail","6":"product_cat-wholesale-stainless-steel-bathroom-vanity-cabinets","8":"first","9":"instock","10":"shipping-taxable","11":"product-type-simple"},"acf":[],"_links":{"self":[{"href":"https:\/\/www.shouyasanitary.com\/es\/wp-json\/wp\/v2\/product\/988","targetHints":{"allow":["GET"]}}],"collection":[{"href":"https:\/\/www.shouyasanitary.com\/es\/wp-json\/wp\/v2\/product"}],"about":[{"href":"https:\/\/www.shouyasanitary.com\/es\/wp-json\/wp\/v2\/types\/product"}],"replies":[{"embeddable":true,"href":"https:\/\/www.shouyasanitary.com\/es\/wp-json\/wp\/v2\/comments?post=988"}],"wp:featuredmedia":[{"embeddable":true,"href":"https:\/\/www.shouyasanitary.com\/es\/wp-json\/wp\/v2\/media\/1057"}],"wp:attachment":[{"href":"https:\/\/www.shouyasanitary.com\/es\/wp-json\/wp\/v2\/media?parent=988"}],"wp:term":[{"taxonomy":"product_brand","embeddable":true,"href":"https:\/\/www.shouyasanitary.com\/es\/wp-json\/wp\/v2\/product_brand?post=988"},{"taxonomy":"product_cat","embeddable":true,"href":"https:\/\/www.shouyasanitary.com\/es\/wp-json\/wp\/v2\/product_cat?post=988"},{"taxonomy":"product_tag","embeddable":true,"href":"https:\/\/www.shouyasanitary.com\/es\/wp-json\/wp\/v2\/product_tag?post=988"}],"curies":[{"name":"wp","href":"https:\/\/api.w.org\/{rel}","templated":true}]}}