{"id":992,"date":"2025-04-30T08:18:15","date_gmt":"2025-04-30T08:18:15","guid":{"rendered":"https:\/\/www.shouyasanitary.com\/?post_type=product&#038;p=992"},"modified":"2025-10-27T03:41:45","modified_gmt":"2025-10-27T03:41:45","slug":"custom-stainless-bathroom-vanity","status":"publish","type":"product","link":"https:\/\/www.shouyasanitary.com\/es\/producto\/custom-stainless-bathroom-vanity\/","title":{"rendered":"Mueble de ba\u00f1o de acero inoxidable a medida, mueble de ba\u00f1o flotante minimalista a granel"},"content":{"rendered":"<div class=\"wp-block-columns is-layout-flex wp-container-core-columns-is-layout-9d6595d7 wp-block-columns-is-layout-flex\">\n<div class=\"wp-block-column is-layout-flow wp-block-column-is-layout-flow\">\n<h2 class=\"wp-block-heading\">Caracter\u00edsticas del tocador de ba\u00f1o inoxidable\uff1a<\/h2>\n\n\n\n<p><strong>Aspecto moderno: <\/strong>Este elegante mueble de ba\u00f1o de acero inoxidable cuenta con un acabado de metal cepillado y l\u00edneas minimalistas, perfecto para hogares contempor\u00e1neos, resorts de lujo, hoteles boutique y proyectos residenciales de alta gama.<\/p>\n\n\n\n<p><strong>Construcci\u00f3n de acero inoxidable de alta calidad: <\/strong>Fabricado en acero inoxidable 304, ofrece una resistencia superior a la oxidaci\u00f3n, durabilidad y f\u00e1cil mantenimiento. El revestimiento antihuellas es ideal para entornos h\u00famedos, garantizando un aspecto limpio a la vez que duradero.<\/p>\n\n\n\n<p><strong>Soluciones de almacenamiento inteligentes: <\/strong>El armario de pared y el armario con espejo LED integrado maximizan el espacio vertical y proporcionan un amplio almacenamiento con estantes ajustables, cajones de cierre suave y compartimentos ocultos.<\/p>\n\n\n\n<p><strong>Armario con espejo LED<\/strong>: Con iluminaci\u00f3n LED de bajo consumo (tonos c\u00e1lidos y fr\u00edos ajustables), modo de desempa\u00f1ado y control t\u00e1ctil. El espejo ultratransparente y resistente a las roturas cuenta con un punto de carga de dispositivos a trav\u00e9s de su puerto USB integrado, lo que facilita el aseo y la rutina diaria.<\/p>\n\n\n\n<p><strong>Servicio a medida:<\/strong> Ofrecemos una gama de opciones personalizadas para personalizar armarios, puertas, tiradores, espejos (temperatura de color de la luz, enchufes adicionales) y grifer\u00eda. Los acabados personalizados (mates o brillantes) y las distribuciones modulares se adaptan a los distintos requisitos de los proyectos y garantizan una integraci\u00f3n perfecta en cualquier espacio.<\/p>\n<\/div>\n\n\n\n<div class=\"wp-block-column is-layout-flow wp-block-column-is-layout-flow\"><div class=\"wp-block-image\">\n<figure class=\"aligncenter size-full\"><img decoding=\"async\" width=\"4500\" height=\"4500\" src=\"https:\/\/www.shouyasanitary.com\/wp-content\/uploads\/2025\/04\/Custom-stainless-bathroom-vanity-wall-mounted-bathroom-cabinet-with-mirror-bulk-1.webp\" alt=\"Personalizado inoxidable tocador de ba\u00f1o montado en la pared armario de ba\u00f1o con espejo a granel (1)\" class=\"wp-image-993\" style=\"object-fit:cover\" srcset=\"https:\/\/www.shouyasanitary.com\/wp-content\/uploads\/2025\/04\/Custom-stainless-bathroom-vanity-wall-mounted-bathroom-cabinet-with-mirror-bulk-1.webp 4500w, https:\/\/www.shouyasanitary.com\/wp-content\/uploads\/2025\/04\/Custom-stainless-bathroom-vanity-wall-mounted-bathroom-cabinet-with-mirror-bulk-1-300x300.webp 300w, https:\/\/www.shouyasanitary.com\/wp-content\/uploads\/2025\/04\/Custom-stainless-bathroom-vanity-wall-mounted-bathroom-cabinet-with-mirror-bulk-1-150x150.webp 150w, https:\/\/www.shouyasanitary.com\/wp-content\/uploads\/2025\/04\/Custom-stainless-bathroom-vanity-wall-mounted-bathroom-cabinet-with-mirror-bulk-1-768x768.webp 768w, https:\/\/www.shouyasanitary.com\/wp-content\/uploads\/2025\/04\/Custom-stainless-bathroom-vanity-wall-mounted-bathroom-cabinet-with-mirror-bulk-1-12x12.webp 12w, https:\/\/www.shouyasanitary.com\/wp-content\/uploads\/2025\/04\/Custom-stainless-bathroom-vanity-wall-mounted-bathroom-cabinet-with-mirror-bulk-1-1200x1200.webp 1200w, https:\/\/www.shouyasanitary.com\/wp-content\/uploads\/2025\/04\/Custom-stainless-bathroom-vanity-wall-mounted-bathroom-cabinet-with-mirror-bulk-1-600x600.webp 600w, https:\/\/www.shouyasanitary.com\/wp-content\/uploads\/2025\/04\/Custom-stainless-bathroom-vanity-wall-mounted-bathroom-cabinet-with-mirror-bulk-1-100x100.webp 100w\" sizes=\"(max-width: 4500px) 100vw, 4500px\" \/><\/figure>\n<\/div><\/div>\n<\/div>","protected":false},"excerpt":{"rendered":"<p>Bienvenido a la venta al por mayor de acero inoxidable personalizado cuarto de ba\u00f1o vanidad, elegante blanco, con anti-huellas dactilares recubiertos de metal acabado, mostrando un estilo industrial moderno. La grifer\u00eda y el armario con espejo adoptan el mismo dise\u00f1o, proporcionando un servicio integral de venta al por mayor de armarios de ba\u00f1o. \u00a1Ventas directas de f\u00e1brica, bienvenido a preguntar en cualquier momento!<\/p>\n<h2 class=\"wp-block wp-block-post-title block-editor-block-list__block editor-post-title editor-post-title__input rich-text is-selected\" role=\"textbox\" aria-label=\"Nombre del producto\">Atributos del lavabo de acero inoxidable\uff1a<\/h2>\n<p><strong>Art\u00edculo No: <\/strong>SY2503<strong><br \/>Material del armario:<\/strong> Acero inoxidable<br \/><strong>Color del armario: <\/strong>Blanco<br \/><strong>Espejo: <\/strong>Espejo LED (3,5 mm\/3,8 mm), iluminaci\u00f3n tricolor, desempa\u00f1ado con un solo toque, protegido con embalaje de espuma multicapa<strong><br \/>Tipo de instalaci\u00f3n: <\/strong>Montaje en pared<br \/><strong>Dimensiones (L\u00d7A\u00d7H):<\/strong> 90*47*45 cm<br \/><strong>Peso bruto:<\/strong> 28kg\/set<\/p>\n<h2>Personalizaci\u00f3n y servicios:<\/h2>\n<p><strong>OEM Y ODM<\/strong>: Soporte<br \/><strong>Dise\u00f1o<\/strong>: Gratis<br \/><strong>Accesorios<\/strong>: Lavabos, espejos, grifos y otros accesorios de ba\u00f1o<br \/><strong>Embalaje<\/strong>: Listo para montar<\/p>","protected":false},"featured_media":1056,"comment_status":"closed","ping_status":"closed","template":"","meta":{"_acf_changed":true},"product_brand":[],"product_cat":[27],"product_tag":[],"class_list":{"0":"post-992","1":"product","2":"type-product","3":"status-publish","4":"has-post-thumbnail","6":"product_cat-wholesale-stainless-steel-bathroom-vanity-cabinets","8":"first","9":"instock","10":"shipping-taxable","11":"product-type-simple"},"acf":[],"_links":{"self":[{"href":"https:\/\/www.shouyasanitary.com\/es\/wp-json\/wp\/v2\/product\/992","targetHints":{"allow":["GET"]}}],"collection":[{"href":"https:\/\/www.shouyasanitary.com\/es\/wp-json\/wp\/v2\/product"}],"about":[{"href":"https:\/\/www.shouyasanitary.com\/es\/wp-json\/wp\/v2\/types\/product"}],"replies":[{"embeddable":true,"href":"https:\/\/www.shouyasanitary.com\/es\/wp-json\/wp\/v2\/comments?post=992"}],"wp:featuredmedia":[{"embeddable":true,"href":"https:\/\/www.shouyasanitary.com\/es\/wp-json\/wp\/v2\/media\/1056"}],"wp:attachment":[{"href":"https:\/\/www.shouyasanitary.com\/es\/wp-json\/wp\/v2\/media?parent=992"}],"wp:term":[{"taxonomy":"product_brand","embeddable":true,"href":"https:\/\/www.shouyasanitary.com\/es\/wp-json\/wp\/v2\/product_brand?post=992"},{"taxonomy":"product_cat","embeddable":true,"href":"https:\/\/www.shouyasanitary.com\/es\/wp-json\/wp\/v2\/product_cat?post=992"},{"taxonomy":"product_tag","embeddable":true,"href":"https:\/\/www.shouyasanitary.com\/es\/wp-json\/wp\/v2\/product_tag?post=992"}],"curies":[{"name":"wp","href":"https:\/\/api.w.org\/{rel}","templated":true}]}}