{"id":996,"date":"2025-04-30T10:11:36","date_gmt":"2025-04-30T10:11:36","guid":{"rendered":"https:\/\/www.shouyasanitary.com\/?post_type=product&#038;p=996"},"modified":"2025-10-28T07:10:12","modified_gmt":"2025-10-28T07:10:12","slug":"wholesale-vanities-for-bathrooms","status":"publish","type":"product","link":"https:\/\/www.shouyasanitary.com\/es\/producto\/wholesale-vanities-for-bathrooms\/","title":{"rendered":"Mayorista Tocadores para Ba\u00f1os, Espejo de Ba\u00f1o de Rejilla con Nano-film Personalizado"},"content":{"rendered":"<div class=\"wp-block-columns is-layout-flex wp-container-core-columns-is-layout-9d6595d7 wp-block-columns-is-layout-flex\">\n<div class=\"wp-block-column is-layout-flow wp-block-column-is-layout-flow\">\n<h2 class=\"wp-block-heading\">Caracter\u00edsticas de Vanidades Para Ba\u00f1os\uff1a<\/h2>\n\n\n\n<p><strong>Mueble de ba\u00f1o moderno de acero inoxidable:<\/strong> El mueble de ba\u00f1o est\u00e1 fabricado en acero inoxidable 304, con un dise\u00f1o de rejilla aerodin\u00e1mico y un tono gris. Es moderno, bonito y duradero, y no se oxida tras un uso prolongado.<\/p>\n\n\n\n<p><strong>Revestimiento de aleaci\u00f3n de titanio aeroespacial: <\/strong>3 veces mayor dureza que el acero inoxidable ordinario, el rendimiento anti-ara\u00f1azos a trav\u00e9s de 100.000 veces de la prueba de fricci\u00f3n bola de alambre de acero, a trav\u00e9s de la tecnolog\u00eda de pulverizaci\u00f3n cat\u00f3dica de iones de vac\u00edo para lograr 0,02 mm de recubrimiento ultrafino, la dureza de Mohs de hasta 8,2 grados (acero inoxidable ordinario) la dureza de Mohs de 8,2 grados (acero inoxidable ordinario es de 5,5 grados), el tacto de la textura de metal fr\u00edo, transmitiendo el \"hogar nave espacial\" sensaci\u00f3n de asombro de ingenier\u00eda.<\/p>\n\n\n\n<p><strong>Tecnolog\u00eda de nanopel\u00edculas autorregenerativas: <\/strong>Reparaci\u00f3n autom\u00e1tica en 24 horas de peque\u00f1os ara\u00f1azos, brillo superficial como nuevo en diez a\u00f1os, estructura de millones de micras grabada con l\u00e1ser, combinada con revestimiento de pol\u00edmero de fluorocarbono.<\/p>\n\n\n\n<p><strong>Control de la temperatura de los superconductores: <\/strong>temperatura t\u00e1ctil de invierno 8-10 \u2103, adi\u00f3s a la sensaci\u00f3n de cuerpo fr\u00edo de metal, levantarse por la ma\u00f1ana y el tacto ya no es encimeras fr\u00edas.<\/p>\n\n\n\n<p>Superficie hidr\u00f3foba a nivel molecular: \u00e1ngulo de contacto de la gota de agua de 160 \u00b0, las manchas de aceite de maquillaje limpie, no dejar\u00e1 manchas.<\/p>\n\n\n\n<p><strong>Dise\u00f1o anticolisi\u00f3n de esquinas redondeadas: <\/strong>El borde curvado reduce los da\u00f1os por colisi\u00f3n al tiempo que mejora el aspecto general, adecuado para familias con ni\u00f1os y espacios de ba\u00f1o de gama alta.<\/p>\n\n\n\n<p><strong>Fregadero integrado y armario con espejo de dise\u00f1o: <\/strong>Fregadero liso esmaltado, f\u00e1cil de limpiar. LED espejo gabinete con toque inteligente, operaci\u00f3n m\u00e1s conveniente.<\/p>\n<\/div>\n\n\n\n<div class=\"wp-block-column is-layout-flow wp-block-column-is-layout-flow\"><div class=\"wp-block-image\">\n<figure class=\"aligncenter size-full\"><img decoding=\"async\" width=\"1000\" height=\"1000\" src=\"https:\/\/www.shouyasanitary.com\/wp-content\/uploads\/2025\/04\/Wholesale-Vanities-for-Bathrooms-Grate-Bathroom-Cabinet-with-Nano-film-1.webp\" alt=\"Mayorista Armarios de Ba\u00f1o, Armario de Ba\u00f1o de Rejilla con Nano-film (1)\" class=\"wp-image-1040\" style=\"object-fit:cover\" srcset=\"https:\/\/www.shouyasanitary.com\/wp-content\/uploads\/2025\/04\/Wholesale-Vanities-for-Bathrooms-Grate-Bathroom-Cabinet-with-Nano-film-1.webp 1000w, https:\/\/www.shouyasanitary.com\/wp-content\/uploads\/2025\/04\/Wholesale-Vanities-for-Bathrooms-Grate-Bathroom-Cabinet-with-Nano-film-1-300x300.webp 300w, https:\/\/www.shouyasanitary.com\/wp-content\/uploads\/2025\/04\/Wholesale-Vanities-for-Bathrooms-Grate-Bathroom-Cabinet-with-Nano-film-1-150x150.webp 150w, https:\/\/www.shouyasanitary.com\/wp-content\/uploads\/2025\/04\/Wholesale-Vanities-for-Bathrooms-Grate-Bathroom-Cabinet-with-Nano-film-1-768x768.webp 768w, https:\/\/www.shouyasanitary.com\/wp-content\/uploads\/2025\/04\/Wholesale-Vanities-for-Bathrooms-Grate-Bathroom-Cabinet-with-Nano-film-1-12x12.webp 12w, https:\/\/www.shouyasanitary.com\/wp-content\/uploads\/2025\/04\/Wholesale-Vanities-for-Bathrooms-Grate-Bathroom-Cabinet-with-Nano-film-1-600x600.webp 600w, https:\/\/www.shouyasanitary.com\/wp-content\/uploads\/2025\/04\/Wholesale-Vanities-for-Bathrooms-Grate-Bathroom-Cabinet-with-Nano-film-1-100x100.webp 100w\" sizes=\"(max-width: 1000px) 100vw, 1000px\" \/><\/figure>\n<\/div><\/div>\n<\/div>","protected":false},"excerpt":{"rendered":"<p>Mayorista de tocadores para ba\u00f1o, de acero inoxidable, con revestimiento de aleaci\u00f3n de titanio y tecnolog\u00eda de nanopel\u00edcula, que tiene una mayor resistencia a los ara\u00f1azos y capacidad de reparaci\u00f3n autom\u00e1tica. Es una soluci\u00f3n avanzada y moderna de mueble de ba\u00f1o, que proporciona un mueble con espejo, lavabo y accesorios de ba\u00f1o. P\u00f3ngase en contacto con nosotros hoy mismo para obtener un presupuesto gratuito.<\/p>\n<h2>Atributos de los tocadores para cuartos de ba\u00f1o\uff1a<\/h2>\n<p><strong>Art\u00edculo No: <\/strong>SY2501<strong><br \/>Material del armario:<\/strong> Acero inoxidable<br \/><strong>Color del armario: <\/strong>Gris<br \/><strong>Espejo: <\/strong>Espejo LED (3,5 mm\/3,8 mm), iluminaci\u00f3n tricolor, desempa\u00f1ado con un solo toque, protegido con embalaje de espuma multicapa<strong><br \/>Tipo de instalaci\u00f3n: <\/strong>Montaje en pared<br \/><strong>Dimensiones (L\u00d7A\u00d7H):<\/strong> 80*47*47 cm<br \/><strong>Peso bruto:<\/strong> 28kg\/set<\/p>\n<h2>Personalizaci\u00f3n y servicios:<\/h2>\n<p><strong>OEM Y ODM<\/strong>: Soporte<br \/><strong>Dise\u00f1o<\/strong>: Gratis<br \/><strong>Accesorios<\/strong>: Lavabos, espejos, grifos y otros accesorios de ba\u00f1o<br \/><strong>Embalaje<\/strong>: Listo para montar<\/p>","protected":false},"featured_media":1040,"comment_status":"closed","ping_status":"closed","template":"","meta":{"_acf_changed":false},"product_brand":[],"product_cat":[27],"product_tag":[],"class_list":{"0":"post-996","1":"product","2":"type-product","3":"status-publish","4":"has-post-thumbnail","6":"product_cat-wholesale-stainless-steel-bathroom-vanity-cabinets","8":"first","9":"instock","10":"shipping-taxable","11":"product-type-simple"},"acf":[],"_links":{"self":[{"href":"https:\/\/www.shouyasanitary.com\/es\/wp-json\/wp\/v2\/product\/996","targetHints":{"allow":["GET"]}}],"collection":[{"href":"https:\/\/www.shouyasanitary.com\/es\/wp-json\/wp\/v2\/product"}],"about":[{"href":"https:\/\/www.shouyasanitary.com\/es\/wp-json\/wp\/v2\/types\/product"}],"replies":[{"embeddable":true,"href":"https:\/\/www.shouyasanitary.com\/es\/wp-json\/wp\/v2\/comments?post=996"}],"wp:featuredmedia":[{"embeddable":true,"href":"https:\/\/www.shouyasanitary.com\/es\/wp-json\/wp\/v2\/media\/1040"}],"wp:attachment":[{"href":"https:\/\/www.shouyasanitary.com\/es\/wp-json\/wp\/v2\/media?parent=996"}],"wp:term":[{"taxonomy":"product_brand","embeddable":true,"href":"https:\/\/www.shouyasanitary.com\/es\/wp-json\/wp\/v2\/product_brand?post=996"},{"taxonomy":"product_cat","embeddable":true,"href":"https:\/\/www.shouyasanitary.com\/es\/wp-json\/wp\/v2\/product_cat?post=996"},{"taxonomy":"product_tag","embeddable":true,"href":"https:\/\/www.shouyasanitary.com\/es\/wp-json\/wp\/v2\/product_tag?post=996"}],"curies":[{"name":"wp","href":"https:\/\/api.w.org\/{rel}","templated":true}]}}