{"id":1000,"date":"2025-04-30T10:21:13","date_gmt":"2025-04-30T10:21:13","guid":{"rendered":"https:\/\/www.shouyasanitary.com\/?post_type=product&#038;p=1000"},"modified":"2025-10-27T03:48:32","modified_gmt":"2025-10-27T03:48:32","slug":"wholesale-bathroom-mirror-vanity","status":"publish","type":"product","link":"https:\/\/www.shouyasanitary.com\/fr\/produit\/wholesale-bathroom-mirror-vanity\/","title":{"rendered":"Wholesale Bathroom Mirror Vanity, Dark Grey Stainless Steel Cabinet Supplier"},"content":{"rendered":"<div class=\"wp-block-columns is-layout-flex wp-container-core-columns-is-layout-9d6595d7 wp-block-columns-is-layout-flex\">\n<div class=\"wp-block-column is-layout-flow wp-block-column-is-layout-flow\">\n<h2 class=\"wp-block-heading\">Miroir de salle de bains Caract\u00e9ristiques\uff1a<\/h2>\n\n\n\n<p><strong>Mat\u00e9riau de haute qualit\u00e9 r\u00e9sistant \u00e0 l'humidit\u00e9<\/strong>: Le mat\u00e9riau utilis\u00e9 est de l'acier inoxydable 304 de haute qualit\u00e9, qui poss\u00e8de d'excellentes propri\u00e9t\u00e9s anti-humidit\u00e9 et antirouille, ne se d\u00e9forme pas et ne se corrode pas apr\u00e8s une utilisation \u00e0 long terme.<\/p>\n\n\n\n<p><strong>Traitement noir mat<\/strong>: Un traitement par pulv\u00e9risation avanc\u00e9 est adopt\u00e9, la surface est d\u00e9licate et le noir est calme et discret, cr\u00e9ant un effet visuel moderne et avanc\u00e9. Anti-empreintes et facile \u00e0 nettoyer, l'entretien quotidien est facilit\u00e9.<\/p>\n\n\n\n<p><strong>Structure modulaire<\/strong>: Les armoires, les lavabos et les armoires \u00e0 glace peuvent \u00eatre combin\u00e9s librement en fonction des diff\u00e9rentes structures de la salle de bains. Facilit\u00e9 d'installation et de transport, et co\u00fbt de construction r\u00e9duit.<\/p>\n\n\n\n<p><strong>Miroir LED \u00e0 \u00e9clairage intelligent<\/strong>: Des bandes lumineuses LED douces int\u00e9gr\u00e9es fournissent une lumi\u00e8re naturelle. Les interrupteurs tactiles ou \u00e0 induction sont pratiques. Ils sont \u00e9quip\u00e9s d'une fonction antibu\u00e9e et la surface du miroir est toujours claire.<\/p>\n\n\n\n<p><strong>Conception raisonnable de l'espace de stockage<\/strong>: La structure de l'armoire est scientifiquement con\u00e7ue et offre des cloisons \u00e0 grilles multiples pour r\u00e9pondre aux besoins de rangement des articles de toilette, des produits de nettoyage, etc. et am\u00e9liorer l'efficacit\u00e9 de l'utilisation.<\/p>\n\n\n\n<p><strong>Soutenir les services OEM\/ODM<\/strong>: La taille, la couleur et la configuration peuvent \u00eatre personnalis\u00e9es en fonction des besoins du client. Elles conviennent \u00e0 la d\u00e9coration int\u00e9rieure, aux espaces commerciaux, aux projets d'ing\u00e9nierie et \u00e0 d'autres sc\u00e9narios.<\/p>\n\n\n\n<p><strong>Ventes directes \u00e0 l'usine, prix pr\u00e9f\u00e9rentiels<\/strong>: Approvisionnement direct de l'usine, qualit\u00e9 du produit et d\u00e9lai de livraison garantis, prix plus bas et plus comp\u00e9titifs. Prise en charge des commandes de petits lots et des achats en gros.<\/p>\n<\/div>\n\n\n\n<div class=\"wp-block-column is-layout-flow wp-block-column-is-layout-flow\"><div class=\"wp-block-image\">\n<figure class=\"aligncenter size-full\"><img decoding=\"async\" width=\"1000\" height=\"1000\" src=\"https:\/\/www.shouyasanitary.com\/wp-content\/uploads\/2025\/04\/Wholesale-Bathroom-Mirror-Vanity-Dark-Grey-Stainless-Steel-Cabinet-Bulk-1-1.webp\" alt=\"Wholesale Bathroom Mirror Vanity, Dark Grey Stainless Steel Cabinet Bulk (1)\" class=\"wp-image-1044\" style=\"object-fit:cover\" srcset=\"https:\/\/www.shouyasanitary.com\/wp-content\/uploads\/2025\/04\/Wholesale-Bathroom-Mirror-Vanity-Dark-Grey-Stainless-Steel-Cabinet-Bulk-1-1.webp 1000w, https:\/\/www.shouyasanitary.com\/wp-content\/uploads\/2025\/04\/Wholesale-Bathroom-Mirror-Vanity-Dark-Grey-Stainless-Steel-Cabinet-Bulk-1-1-300x300.webp 300w, https:\/\/www.shouyasanitary.com\/wp-content\/uploads\/2025\/04\/Wholesale-Bathroom-Mirror-Vanity-Dark-Grey-Stainless-Steel-Cabinet-Bulk-1-1-150x150.webp 150w, https:\/\/www.shouyasanitary.com\/wp-content\/uploads\/2025\/04\/Wholesale-Bathroom-Mirror-Vanity-Dark-Grey-Stainless-Steel-Cabinet-Bulk-1-1-768x768.webp 768w, https:\/\/www.shouyasanitary.com\/wp-content\/uploads\/2025\/04\/Wholesale-Bathroom-Mirror-Vanity-Dark-Grey-Stainless-Steel-Cabinet-Bulk-1-1-12x12.webp 12w, https:\/\/www.shouyasanitary.com\/wp-content\/uploads\/2025\/04\/Wholesale-Bathroom-Mirror-Vanity-Dark-Grey-Stainless-Steel-Cabinet-Bulk-1-1-600x600.webp 600w, https:\/\/www.shouyasanitary.com\/wp-content\/uploads\/2025\/04\/Wholesale-Bathroom-Mirror-Vanity-Dark-Grey-Stainless-Steel-Cabinet-Bulk-1-1-100x100.webp 100w\" sizes=\"(max-width: 1000px) 100vw, 1000px\" \/><\/figure>\n<\/div><\/div>\n<\/div>","protected":false},"excerpt":{"rendered":"<p>Miroir de salle de bain en gros, mat\u00e9riau en acier inoxydable de haute qualit\u00e9, avec installation murale, durable et beau, adapt\u00e9 aux diff\u00e9rents espaces de la salle de bain. Shouya est un fournisseur direct d'usine, qui prend en charge la personnalisation OEM\/ODM, contactez-nous pour obtenir des devis en gros.<\/p>\n<h2>Miroir de salle de bain Vanity Attributes\uff1a<\/h2>\n<p><strong>Num\u00e9ro d'article : <\/strong>SY2505<strong><br \/>Mat\u00e9riau de l'armoire :<\/strong> Acier inoxydable<br \/><strong>Couleur de l'armoire :<\/strong>Gris fonc\u00e9<br \/><strong>Miroir : <\/strong>Miroir LED (3,5 mm\/3,8 mm), \u00e9clairage tricolore, d\u00e9sembuage par simple pression d'une touche, s\u00e9curis\u00e9 par un emballage en mousse multicouche.<strong><br \/>Type d'installation : <\/strong>Montage mural<br \/><strong>Dimensions (L\u00d7L\u00d7H) :<\/strong> 80*47*47 cm<br \/><strong>Poids brut :<\/strong> 28kg\/set<\/p>\n<h2>Personnalisation et services :<\/h2>\n<p><strong>OEM ET ODM<\/strong>: Pris en charge<br \/><strong>Conception<\/strong>: Gratuit<br \/><strong>Accessoires<\/strong>: Lavabos, miroirs, robinets et autres accessoires de salle de bains<br \/><strong>Emballage<\/strong>: Pr\u00eat \u00e0 monter<\/p>","protected":false},"featured_media":1036,"comment_status":"closed","ping_status":"closed","template":"","meta":{"_acf_changed":false},"product_brand":[],"product_cat":[27],"product_tag":[],"class_list":{"0":"post-1000","1":"product","2":"type-product","3":"status-publish","4":"has-post-thumbnail","6":"product_cat-wholesale-stainless-steel-bathroom-vanity-cabinets","8":"first","9":"instock","10":"shipping-taxable","11":"product-type-simple"},"acf":[],"_links":{"self":[{"href":"https:\/\/www.shouyasanitary.com\/fr\/wp-json\/wp\/v2\/product\/1000","targetHints":{"allow":["GET"]}}],"collection":[{"href":"https:\/\/www.shouyasanitary.com\/fr\/wp-json\/wp\/v2\/product"}],"about":[{"href":"https:\/\/www.shouyasanitary.com\/fr\/wp-json\/wp\/v2\/types\/product"}],"replies":[{"embeddable":true,"href":"https:\/\/www.shouyasanitary.com\/fr\/wp-json\/wp\/v2\/comments?post=1000"}],"wp:featuredmedia":[{"embeddable":true,"href":"https:\/\/www.shouyasanitary.com\/fr\/wp-json\/wp\/v2\/media\/1036"}],"wp:attachment":[{"href":"https:\/\/www.shouyasanitary.com\/fr\/wp-json\/wp\/v2\/media?parent=1000"}],"wp:term":[{"taxonomy":"product_brand","embeddable":true,"href":"https:\/\/www.shouyasanitary.com\/fr\/wp-json\/wp\/v2\/product_brand?post=1000"},{"taxonomy":"product_cat","embeddable":true,"href":"https:\/\/www.shouyasanitary.com\/fr\/wp-json\/wp\/v2\/product_cat?post=1000"},{"taxonomy":"product_tag","embeddable":true,"href":"https:\/\/www.shouyasanitary.com\/fr\/wp-json\/wp\/v2\/product_tag?post=1000"}],"curies":[{"name":"wp","href":"https:\/\/api.w.org\/{rel}","templated":true}]}}