{"id":1061,"date":"2025-05-09T07:41:19","date_gmt":"2025-05-09T07:41:19","guid":{"rendered":"https:\/\/www.shouyasanitary.com\/?post_type=product&#038;p=1061"},"modified":"2025-05-13T10:43:10","modified_gmt":"2025-05-13T10:43:10","slug":"vanity-for-bathroom-wholesale","status":"publish","type":"product","link":"https:\/\/www.shouyasanitary.com\/fr\/produit\/vanity-for-bathroom-wholesale\/","title":{"rendered":"Vanit\u00e9 moderne pour salle de bain Wholesale, Plywood Bathroom Cabinets Cutsom"},"content":{"rendered":"<div class=\"wp-block-columns is-layout-flex wp-container-core-columns-is-layout-9d6595d7 wp-block-columns-is-layout-flex\">\n<div class=\"wp-block-column is-layout-flow wp-block-column-is-layout-flow\">\n<h2 class=\"wp-block-heading\">Caract\u00e9ristiques du meuble-lavabo pour salle de bains\uff1a<\/h2>\n\n\n\n<p><strong>Design d'apparence moderne<\/strong>: Les lignes simples et la forme \u00e9l\u00e9gante conviennent \u00e0 une vari\u00e9t\u00e9 de styles de d\u00e9coration de salle de bains, am\u00e9liorant la texture g\u00e9n\u00e9rale de l'espace.<\/p>\n\n\n\n<p><strong>Structure d'installation murale :<\/strong> Ils permettent de gagner de l'espace au sol, sont visuellement plus l\u00e9gers, faciles \u00e0 nettoyer et cr\u00e9ent un environnement propre et soign\u00e9 dans la salle de bains.<\/p>\n\n\n\n<p><strong>Armoire de toilette \u00e0 \u00e9clairage LED tricolore<\/strong>: La lumi\u00e8re chaude, la lumi\u00e8re neutre, la lumi\u00e8re froide et les trois lumi\u00e8res r\u00e9glables int\u00e9gr\u00e9es permettent d'\u00e9clairer et de cr\u00e9er diff\u00e9rentes ambiances dans la salle de bains pour r\u00e9pondre aux besoins quotidiens de maquillage et de toilette.<\/p>\n\n\n\n<p><strong>Lavabo en c\u00e9ramique<\/strong>: La surface du bassin en c\u00e9ramique cuite \u00e0 haute temp\u00e9rature est brillante et d\u00e9licate, r\u00e9sistante aux taches et aux rayures, ne dissimule pas facilement la salet\u00e9 et facilite le nettoyage quotidien.<\/p>\n\n\n\n<p><strong>Armoire de rangement \u00e0 double porte<\/strong>: L'espace int\u00e9rieur est spacieux et les articles de toilette, les outils de nettoyage, etc. peuvent \u00eatre rang\u00e9s par cat\u00e9gories pour que la salle de bains reste propre et bien rang\u00e9e.<\/p>\n\n\n\n<p><strong>Mat\u00e9riau en bois massif pr\u00e9f\u00e9r\u00e9 :<\/strong> S\u00e9lection de bois massif de haute qualit\u00e9, texture naturelle, texture chaleureuse, \u00e0 la fois protection de l'environnement et esth\u00e9tique, refl\u00e9tant le sens de la personnalisation haut de gamme.<\/p>\n\n\n\n<p><strong>Vente directe \u00e0 l'usine<\/strong>s : Approvisionnement direct aupr\u00e8s du fabricant source, ce qui permet de r\u00e9duire les co\u00fbts interm\u00e9diaires et de proposer des prix plus comp\u00e9titifs tout en garantissant la qualit\u00e9. Convient \u00e0 l'approvisionnement en gros et aux besoins de coop\u00e9ration de projets, avec une personnalisation flexible et des d\u00e9lais de livraison stables.<\/p>\n<\/div>\n\n\n\n<div class=\"wp-block-column is-layout-flow wp-block-column-is-layout-flow\"><div class=\"wp-block-image\">\n<figure class=\"aligncenter size-full\"><img decoding=\"async\" width=\"876\" height=\"875\" src=\"https:\/\/www.shouyasanitary.com\/wp-content\/uploads\/2025\/05\/Vanity-for-Bathroom-Wholesale-High-quality-Design-Plywood-Bathroom-Cabinets-Cutsom-1.webp\" alt=\"Vanit\u00e9 pour salle de bain Wholesale High-quality Design Plywood Bathroom Cabinets Cutsom (1)\" class=\"wp-image-1062\" style=\"object-fit:cover\" srcset=\"https:\/\/www.shouyasanitary.com\/wp-content\/uploads\/2025\/05\/Vanity-for-Bathroom-Wholesale-High-quality-Design-Plywood-Bathroom-Cabinets-Cutsom-1.webp 876w, https:\/\/www.shouyasanitary.com\/wp-content\/uploads\/2025\/05\/Vanity-for-Bathroom-Wholesale-High-quality-Design-Plywood-Bathroom-Cabinets-Cutsom-1-300x300.webp 300w, https:\/\/www.shouyasanitary.com\/wp-content\/uploads\/2025\/05\/Vanity-for-Bathroom-Wholesale-High-quality-Design-Plywood-Bathroom-Cabinets-Cutsom-1-150x150.webp 150w, https:\/\/www.shouyasanitary.com\/wp-content\/uploads\/2025\/05\/Vanity-for-Bathroom-Wholesale-High-quality-Design-Plywood-Bathroom-Cabinets-Cutsom-1-768x767.webp 768w, https:\/\/www.shouyasanitary.com\/wp-content\/uploads\/2025\/05\/Vanity-for-Bathroom-Wholesale-High-quality-Design-Plywood-Bathroom-Cabinets-Cutsom-1-12x12.webp 12w, https:\/\/www.shouyasanitary.com\/wp-content\/uploads\/2025\/05\/Vanity-for-Bathroom-Wholesale-High-quality-Design-Plywood-Bathroom-Cabinets-Cutsom-1-600x599.webp 600w, https:\/\/www.shouyasanitary.com\/wp-content\/uploads\/2025\/05\/Vanity-for-Bathroom-Wholesale-High-quality-Design-Plywood-Bathroom-Cabinets-Cutsom-1-100x100.webp 100w\" sizes=\"(max-width: 876px) 100vw, 876px\" \/><\/figure>\n<\/div><\/div>\n<\/div>","protected":false},"excerpt":{"rendered":"<p>Meuble de salle de bain moderne, structure murale, avec miroir LED, \u00e9vier en c\u00e9ramique, etc., durable et beau, adapt\u00e9 \u00e0 tous les styles de salle de bain. Fourniture d'usine, prix de gros. Contactez-nous pour une demande de renseignements.<\/p>\n<h2>Attributs du meuble-lavabo pour la salle de bains\uff1a<\/h2>\n<p><strong>Num\u00e9ro d'article : <\/strong>NS24-80<strong><br \/>Mat\u00e9riau de l'armoire :<\/strong>\u00a0Contreplaqu\u00e9<br \/><strong>Couleur de l'armoire :<\/strong> Gris fonc\u00e9<br \/><strong>Miroir :<\/strong> Miroir LED (3,5 mm\/3,8 mm), \u00e9clairage tricolore, d\u00e9sembuage par simple pression d'une touche, s\u00e9curis\u00e9 par un emballage en mousse multicouche.<br \/><strong>Type d'installation :<\/strong>\u00a0Montage mural<br \/><strong>Dimensions (L\u00d7L\u00d7H) :<\/strong> 80x47x48 cm<br \/><strong>Poids brut :<\/strong> 28kg\/set<\/p>\n<h2>Personnalisation et services :<\/h2>\n<p><strong>OEM ET ODM<\/strong>: Pris en charge<br \/><strong>Conception<\/strong>: Gratuit<br \/><strong>Accessoires<\/strong>: Lavabos, miroirs, robinets et autres accessoires de salle de bains<br \/><strong>Emballage<\/strong>: Pr\u00eat \u00e0 monter<\/p>","protected":false},"featured_media":1062,"comment_status":"closed","ping_status":"closed","template":"","meta":{"_acf_changed":false},"product_brand":[],"product_cat":[20],"product_tag":[],"class_list":{"0":"post-1061","1":"product","2":"type-product","3":"status-publish","4":"has-post-thumbnail","6":"product_cat-wholesale-plywood-bathroom-vanity-cabinets","8":"first","9":"instock","10":"shipping-taxable","11":"product-type-simple"},"acf":[],"_links":{"self":[{"href":"https:\/\/www.shouyasanitary.com\/fr\/wp-json\/wp\/v2\/product\/1061","targetHints":{"allow":["GET"]}}],"collection":[{"href":"https:\/\/www.shouyasanitary.com\/fr\/wp-json\/wp\/v2\/product"}],"about":[{"href":"https:\/\/www.shouyasanitary.com\/fr\/wp-json\/wp\/v2\/types\/product"}],"replies":[{"embeddable":true,"href":"https:\/\/www.shouyasanitary.com\/fr\/wp-json\/wp\/v2\/comments?post=1061"}],"wp:featuredmedia":[{"embeddable":true,"href":"https:\/\/www.shouyasanitary.com\/fr\/wp-json\/wp\/v2\/media\/1062"}],"wp:attachment":[{"href":"https:\/\/www.shouyasanitary.com\/fr\/wp-json\/wp\/v2\/media?parent=1061"}],"wp:term":[{"taxonomy":"product_brand","embeddable":true,"href":"https:\/\/www.shouyasanitary.com\/fr\/wp-json\/wp\/v2\/product_brand?post=1061"},{"taxonomy":"product_cat","embeddable":true,"href":"https:\/\/www.shouyasanitary.com\/fr\/wp-json\/wp\/v2\/product_cat?post=1061"},{"taxonomy":"product_tag","embeddable":true,"href":"https:\/\/www.shouyasanitary.com\/fr\/wp-json\/wp\/v2\/product_tag?post=1061"}],"curies":[{"name":"wp","href":"https:\/\/api.w.org\/{rel}","templated":true}]}}