{"id":1065,"date":"2025-05-09T07:35:53","date_gmt":"2025-05-09T07:35:53","guid":{"rendered":"https:\/\/www.shouyasanitary.com\/?post_type=product&#038;p=1065"},"modified":"2025-05-13T10:41:34","modified_gmt":"2025-05-13T10:41:34","slug":"wholesale-vanities-for-bathroom","status":"publish","type":"product","link":"https:\/\/www.shouyasanitary.com\/fr\/produit\/wholesale-vanities-for-bathroom\/","title":{"rendered":"Meubles de salle de bain avec miroir et lavabo, armoires de salle de bain sur mesure"},"content":{"rendered":"<div class=\"wp-block-columns is-layout-flex wp-container-core-columns-is-layout-9d6595d7 wp-block-columns-is-layout-flex\">\n<div class=\"wp-block-column is-layout-flow wp-block-column-is-layout-flow\">\n<h2 class=\"wp-block-heading\">Caract\u00e9ristiques des meubles-lavabos pour la salle de bains :<\/h2>\n\n\n\n<p><strong>Mat\u00e9riau en contreplaqu\u00e9 de haute qualit\u00e9<\/strong>Le contreplaqu\u00e9 am\u00e9liore la capacit\u00e9 de charge et la stabilit\u00e9 structurelle, il est durable, r\u00e9sistant \u00e0 l'humidit\u00e9 et facile \u00e0 nettoyer.<\/p>\n\n\n\n<p><strong>Esth\u00e9tique moderne et minimaliste<\/strong>\uff1a le blanc pur associ\u00e9 \u00e0 des lignes simples est soign\u00e9 et \u00e9l\u00e9gant, se mariant parfaitement avec les diff\u00e9rents styles de d\u00e9coration de la salle de bains.<\/p>\n\n\n\n<p><strong>Conception de la configuration de l'\u00e9clairage<\/strong>\uff1a la bande lumineuse au-dessus de l'armoire de toilette \u00e9met une lumi\u00e8re douce et brillante, r\u00e9pond aux besoins d'\u00e9clairage pour la toilette et le maquillage et cr\u00e9e une atmosph\u00e8re chaleureuse et confortable pour la salle de bains, c'est le choix id\u00e9al pour les salles de bains modernes.<\/p>\n\n\n\n<p><strong>Evier en c\u00e9ramique<\/strong>La surface est en c\u00e9ramique cuite \u00e0 haute temp\u00e9rature, d'une grande duret\u00e9, r\u00e9sistante aux rayures, sans taches d'eau ni \u00e9raflures.<\/p>\n\n\n\n<p><strong>Soutenir les services personnalis\u00e9s<\/strong>Il est possible de le personnaliser \u00e0 plusieurs reprises (couleur, taille, logo, mat\u00e9riau, etc.) afin de r\u00e9pondre aux besoins de diff\u00e9rents projets de d\u00e9coration.<\/p>\n\n\n\n<p><strong>Applicable \u00e0 de multiples sc\u00e9narios<\/strong>: Production standardis\u00e9e, facilit\u00e9 d'installation et d'arrimage, diff\u00e9rentes tailles et styles disponibles, adapt\u00e9s \u00e0 diff\u00e9rents sc\u00e9narios tels que la maison, l'h\u00f4tel et l'appartement.<\/p>\n<\/div>\n\n\n\n<div class=\"wp-block-column is-layout-flow wp-block-column-is-layout-flow\"><div class=\"wp-block-image\">\n<figure class=\"aligncenter size-full\"><img decoding=\"async\" width=\"1000\" height=\"1000\" src=\"https:\/\/www.shouyasanitary.com\/wp-content\/uploads\/2025\/05\/Wholesale-Vanities-for-Bathrooms-with-Mirror-Wash-Basin-1.webp\" alt=\"Wholesale Vanities for Bathrooms with Mirror Wash Basin (1)\" class=\"wp-image-1069\" style=\"object-fit:cover\" srcset=\"https:\/\/www.shouyasanitary.com\/wp-content\/uploads\/2025\/05\/Wholesale-Vanities-for-Bathrooms-with-Mirror-Wash-Basin-1.webp 1000w, https:\/\/www.shouyasanitary.com\/wp-content\/uploads\/2025\/05\/Wholesale-Vanities-for-Bathrooms-with-Mirror-Wash-Basin-1-300x300.webp 300w, https:\/\/www.shouyasanitary.com\/wp-content\/uploads\/2025\/05\/Wholesale-Vanities-for-Bathrooms-with-Mirror-Wash-Basin-1-150x150.webp 150w, https:\/\/www.shouyasanitary.com\/wp-content\/uploads\/2025\/05\/Wholesale-Vanities-for-Bathrooms-with-Mirror-Wash-Basin-1-768x768.webp 768w, https:\/\/www.shouyasanitary.com\/wp-content\/uploads\/2025\/05\/Wholesale-Vanities-for-Bathrooms-with-Mirror-Wash-Basin-1-12x12.webp 12w, https:\/\/www.shouyasanitary.com\/wp-content\/uploads\/2025\/05\/Wholesale-Vanities-for-Bathrooms-with-Mirror-Wash-Basin-1-600x600.webp 600w, https:\/\/www.shouyasanitary.com\/wp-content\/uploads\/2025\/05\/Wholesale-Vanities-for-Bathrooms-with-Mirror-Wash-Basin-1-100x100.webp 100w\" sizes=\"(max-width: 1000px) 100vw, 1000px\" \/><\/figure>\n<\/div><\/div>\n<\/div>","protected":false},"excerpt":{"rendered":"<p>Bienvenue dans la vente en gros de meubles de salle de bain avec miroir LED, \u00e9vier en c\u00e9ramique, robinet, etc. Design blanc \u00e9l\u00e9gant, approvisionnement direct aupr\u00e8s d'un fabricant chinois de meubles de salle de bain, et support pour des options de personnalisation rapide. Bluk est en stock, livraison rapide. Contactez-nous d\u00e8s aujourd'hui pour obtenir votre solution de meuble de salle de bain !<\/p>\n<h2>Attributs des meubles-lavabos pour la salle de bains\uff1a<\/h2>\n<p><strong>Num\u00e9ro d'article : <\/strong>NS06-80<strong><br \/>Mat\u00e9riau de l'armoire :<\/strong> Contreplaqu\u00e9<br \/><strong>Couleur de l'armoire :<\/strong> Argent\u00e9<br \/><strong>Miroir :<\/strong>\u00a0Miroir LED (3,5 mm \/ 3,8 mm), \u00e9clairage tricolore, d\u00e9sembuage par simple pression d'une touche, s\u00e9curis\u00e9 par un emballage en mousse multicouche<br \/><strong>Type d'installation :<\/strong>\u00a0Montage mural<br \/><strong>Dimensions (L \u00d7 L \u00d7 H) :<\/strong> 80 x 47 x 48 cm<br \/><strong>Poids brut :<\/strong> 28kg\/set<\/p>\n<h2>Personnalisation et services :<\/h2>\n<p><strong>OEM ET ODM<\/strong>: Pris en charge<br \/><strong>Conception<\/strong>: Gratuit<br \/><strong>Accessoires<\/strong>: Lavabos, miroirs, robinets et autres accessoires de salle de bains<br \/><strong>Emballage<\/strong>: Pr\u00eat \u00e0 monter<\/p>","protected":false},"featured_media":1069,"comment_status":"closed","ping_status":"closed","template":"","meta":{"_acf_changed":false},"product_brand":[],"product_cat":[20],"product_tag":[],"class_list":{"0":"post-1065","1":"product","2":"type-product","3":"status-publish","4":"has-post-thumbnail","6":"product_cat-wholesale-plywood-bathroom-vanity-cabinets","8":"first","9":"instock","10":"shipping-taxable","11":"product-type-simple"},"acf":[],"_links":{"self":[{"href":"https:\/\/www.shouyasanitary.com\/fr\/wp-json\/wp\/v2\/product\/1065","targetHints":{"allow":["GET"]}}],"collection":[{"href":"https:\/\/www.shouyasanitary.com\/fr\/wp-json\/wp\/v2\/product"}],"about":[{"href":"https:\/\/www.shouyasanitary.com\/fr\/wp-json\/wp\/v2\/types\/product"}],"replies":[{"embeddable":true,"href":"https:\/\/www.shouyasanitary.com\/fr\/wp-json\/wp\/v2\/comments?post=1065"}],"wp:featuredmedia":[{"embeddable":true,"href":"https:\/\/www.shouyasanitary.com\/fr\/wp-json\/wp\/v2\/media\/1069"}],"wp:attachment":[{"href":"https:\/\/www.shouyasanitary.com\/fr\/wp-json\/wp\/v2\/media?parent=1065"}],"wp:term":[{"taxonomy":"product_brand","embeddable":true,"href":"https:\/\/www.shouyasanitary.com\/fr\/wp-json\/wp\/v2\/product_brand?post=1065"},{"taxonomy":"product_cat","embeddable":true,"href":"https:\/\/www.shouyasanitary.com\/fr\/wp-json\/wp\/v2\/product_cat?post=1065"},{"taxonomy":"product_tag","embeddable":true,"href":"https:\/\/www.shouyasanitary.com\/fr\/wp-json\/wp\/v2\/product_tag?post=1065"}],"curies":[{"name":"wp","href":"https:\/\/api.w.org\/{rel}","templated":true}]}}