{"id":1072,"date":"2025-05-09T06:57:08","date_gmt":"2025-05-09T06:57:08","guid":{"rendered":"https:\/\/www.shouyasanitary.com\/?post_type=product&#038;p=1072"},"modified":"2025-05-13T10:39:42","modified_gmt":"2025-05-13T10:39:42","slug":"custom-cabinets-for-bathrooms","status":"publish","type":"product","link":"https:\/\/www.shouyasanitary.com\/fr\/produit\/custom-cabinets-for-bathrooms\/","title":{"rendered":"Armoires sur mesure pour salles de bains Miroirs flottants de salle de bains en vrac"},"content":{"rendered":"<div class=\"wp-block-columns is-layout-flex wp-container-core-columns-is-layout-9d6595d7 wp-block-columns-is-layout-flex\">\n<div class=\"wp-block-column is-layout-flow wp-block-column-is-layout-flow\">\n<h2 class=\"wp-block-heading\">Caract\u00e9ristiques des armoires pour salles de bains\uff1a<\/h2>\n\n\n\n<p><strong>Armoire de toilette de conception exquise<\/strong>L'armoire de toilette est compos\u00e9e d'un espace ferm\u00e9 d'un c\u00f4t\u00e9, offrant un espace de rangement dissimul\u00e9 pour les articles priv\u00e9s ou peu utilis\u00e9s, \u00e0 l'abri de la poussi\u00e8re. De l'autre c\u00f4t\u00e9, une \u00e9tag\u00e8re ouverte permet de placer les articles de toilette, les parfums et autres articles d'usage courant, pour un acc\u00e8s facile.<\/p>\n\n\n\n<p><strong>Des bandes lumineuses entourent le miroir<\/strong>: Des bandes lumineuses douces \u00e9clairent les activit\u00e9s quotidiennes telles que la toilette et le maquillage, tandis que l'ambiance lumineuse rehausse l'atmosph\u00e8re de l'espace.<\/p>\n\n\n\n<p><strong>Espace de rangement sur le comptoir<\/strong>: Les savons \u00e0 main d'usage courant, les produits d'aromath\u00e9rapie et d'autres articles peuvent \u00eatre plac\u00e9s sur le comptoir et d\u00e9cor\u00e9s de plantes vertes, ce qui est \u00e0 la fois beau et pratique.<\/p>\n\n\n\n<p><strong>\u00c9quip\u00e9 d'un lavabo<\/strong>: Le lavabo assorti r\u00e9pond aux besoins de la toilette quotidienne et convient aux besoins des salles de bains modernes.<\/p>\n\n\n\n<p><strong>Mat\u00e9riau en contreplaqu\u00e9 de haute qualit\u00e9<\/strong>: Le contreplaqu\u00e9 haute densit\u00e9 est r\u00e9sistant \u00e0 l'humidit\u00e9 et \u00e0 la d\u00e9formation, il est tr\u00e8s stable et convient aux salles de bains humides.<\/p>\n\n\n\n<p><strong>Structure d'installation murale<\/strong>: La conception murale n'occupe pas d'espace, est facile \u00e0 nettoyer, renforce la sensation de transparence de l'espace et convient \u00e0 un style de d\u00e9coration moderne et simple.<\/p>\n\n\n\n<p><strong>Support OEM et ODM<\/strong>: Des services semi-personnalis\u00e9s tels que le logo et l'emballage peuvent \u00eatre fournis en fonction des exigences du client ; par ailleurs, nous proposons une nouvelle conception en fonction des besoins du client, et un ensemble complet de services de conception et de d\u00e9veloppement d'armoires de toilette peut \u00eatre fourni afin d'aider les clients \u00e0 \u00e9tablir une image de marque.<\/p>\n<\/div>\n\n\n\n<div class=\"wp-block-column is-layout-flow wp-block-column-is-layout-flow\"><div class=\"wp-block-image\">\n<figure class=\"aligncenter size-full\"><img decoding=\"async\" width=\"1000\" height=\"1000\" src=\"https:\/\/www.shouyasanitary.com\/wp-content\/uploads\/2025\/05\/Custom-Cabinets-for-Bathrooms-Wall-Hung-Bathroom-Vanity-Mirrors-1.webp\" alt=\"Armoires sur mesure pour salles de bains Miroirs de salle de bains suspendus (1)\" class=\"wp-image-1073\" style=\"object-fit:cover\" srcset=\"https:\/\/www.shouyasanitary.com\/wp-content\/uploads\/2025\/05\/Custom-Cabinets-for-Bathrooms-Wall-Hung-Bathroom-Vanity-Mirrors-1.webp 1000w, https:\/\/www.shouyasanitary.com\/wp-content\/uploads\/2025\/05\/Custom-Cabinets-for-Bathrooms-Wall-Hung-Bathroom-Vanity-Mirrors-1-300x300.webp 300w, https:\/\/www.shouyasanitary.com\/wp-content\/uploads\/2025\/05\/Custom-Cabinets-for-Bathrooms-Wall-Hung-Bathroom-Vanity-Mirrors-1-150x150.webp 150w, https:\/\/www.shouyasanitary.com\/wp-content\/uploads\/2025\/05\/Custom-Cabinets-for-Bathrooms-Wall-Hung-Bathroom-Vanity-Mirrors-1-768x768.webp 768w, https:\/\/www.shouyasanitary.com\/wp-content\/uploads\/2025\/05\/Custom-Cabinets-for-Bathrooms-Wall-Hung-Bathroom-Vanity-Mirrors-1-12x12.webp 12w, https:\/\/www.shouyasanitary.com\/wp-content\/uploads\/2025\/05\/Custom-Cabinets-for-Bathrooms-Wall-Hung-Bathroom-Vanity-Mirrors-1-600x600.webp 600w, https:\/\/www.shouyasanitary.com\/wp-content\/uploads\/2025\/05\/Custom-Cabinets-for-Bathrooms-Wall-Hung-Bathroom-Vanity-Mirrors-1-100x100.webp 100w\" sizes=\"(max-width: 1000px) 100vw, 1000px\" \/><\/figure>\n<\/div><\/div>\n<\/div>","protected":false},"excerpt":{"rendered":"<p>Bienvenue aux armoires de salle de bains personnalis\u00e9es, au design flottant, avec \u00e9vier et armoire de toilette, adapt\u00e9es aux salles de bains modernes, supportant OEM\/ODM. Contactez-nous pour des solutions de vanit\u00e9 personnalis\u00e9es et des prix de gros.<\/p>\n<h2>Attributs des armoires de salle de bains\uff1a<\/h2>\n<p><strong>Num\u00e9ro d'article : <\/strong>GYS300-80<strong><br \/>Mat\u00e9riau de l'armoire :<\/strong>\u00a0Contreplaqu\u00e9<br \/><strong>Couleur de l'armoire : <\/strong>Jaune clair<br \/><strong>Miroir :<\/strong> Miroir LED (3,5 mm\/3,8 mm), \u00e9clairage tricolore, d\u00e9sembuage par simple pression d'une touche, s\u00e9curis\u00e9 par un emballage en mousse multicouche.<br \/><strong>Type d'installation :<\/strong>\u00a0Montage mural<br \/><strong>Dimensions (L\u00d7L\u00d7H) :<\/strong> 80x48x48 cm<br \/><strong>Poids brut :<\/strong> 28kg\/set<\/p>\n<h2>Personnalisation et services :<\/h2>\n<p><strong>OEM ET ODM<\/strong>: Pris en charge<br \/><strong>Conception<\/strong>: Gratuit<br \/><strong>Accessoires<\/strong>: Lavabos, miroirs, robinets et autres accessoires de salle de bains<br \/><strong>Emballage<\/strong>: Pr\u00eat \u00e0 monter<\/p>","protected":false},"featured_media":1073,"comment_status":"closed","ping_status":"closed","template":"","meta":{"_acf_changed":false},"product_brand":[],"product_cat":[20],"product_tag":[],"class_list":{"0":"post-1072","1":"product","2":"type-product","3":"status-publish","4":"has-post-thumbnail","6":"product_cat-wholesale-plywood-bathroom-vanity-cabinets","8":"first","9":"instock","10":"shipping-taxable","11":"product-type-simple"},"acf":[],"_links":{"self":[{"href":"https:\/\/www.shouyasanitary.com\/fr\/wp-json\/wp\/v2\/product\/1072","targetHints":{"allow":["GET"]}}],"collection":[{"href":"https:\/\/www.shouyasanitary.com\/fr\/wp-json\/wp\/v2\/product"}],"about":[{"href":"https:\/\/www.shouyasanitary.com\/fr\/wp-json\/wp\/v2\/types\/product"}],"replies":[{"embeddable":true,"href":"https:\/\/www.shouyasanitary.com\/fr\/wp-json\/wp\/v2\/comments?post=1072"}],"wp:featuredmedia":[{"embeddable":true,"href":"https:\/\/www.shouyasanitary.com\/fr\/wp-json\/wp\/v2\/media\/1073"}],"wp:attachment":[{"href":"https:\/\/www.shouyasanitary.com\/fr\/wp-json\/wp\/v2\/media?parent=1072"}],"wp:term":[{"taxonomy":"product_brand","embeddable":true,"href":"https:\/\/www.shouyasanitary.com\/fr\/wp-json\/wp\/v2\/product_brand?post=1072"},{"taxonomy":"product_cat","embeddable":true,"href":"https:\/\/www.shouyasanitary.com\/fr\/wp-json\/wp\/v2\/product_cat?post=1072"},{"taxonomy":"product_tag","embeddable":true,"href":"https:\/\/www.shouyasanitary.com\/fr\/wp-json\/wp\/v2\/product_tag?post=1072"}],"curies":[{"name":"wp","href":"https:\/\/api.w.org\/{rel}","templated":true}]}}