{"id":1076,"date":"2025-05-09T06:48:19","date_gmt":"2025-05-09T06:48:19","guid":{"rendered":"https:\/\/www.shouyasanitary.com\/?post_type=product&#038;p=1076"},"modified":"2025-05-13T10:38:23","modified_gmt":"2025-05-13T10:38:23","slug":"custom-bathroom-vanities-with-sink","status":"publish","type":"product","link":"https:\/\/www.shouyasanitary.com\/fr\/produit\/custom-bathroom-vanities-with-sink\/","title":{"rendered":"Meubles de salle de bain avec \u00e9vier, Wholesale Dark Grey Plywood Cabinets Salle de bain"},"content":{"rendered":"<div class=\"wp-block-columns is-layout-flex wp-container-core-columns-is-layout-9d6595d7 wp-block-columns-is-layout-flex\">\n<div class=\"wp-block-column is-layout-flow wp-block-column-is-layout-flow\">\n<h2 class=\"wp-block-heading\">Vanit\u00e9s de salle de bain Caract\u00e9ristiques :<\/h2>\n\n\n\n<p><strong>Style moderne et minimaliste<\/strong>Il se caract\u00e9rise principalement par un ton gris simple, des lignes \u00e9pur\u00e9es et lisses, mettant en valeur un style minimaliste moderne. Qu'il soit associ\u00e9 \u00e0 une salle de bains minimaliste ou \u00e0 une salle de bains l\u00e9g\u00e8re et luxueuse, il peut se compl\u00e9ter.<\/p>\n\n\n\n<p><strong>Mat\u00e9riau imperm\u00e9able durable : <\/strong>L'armoire est fabriqu\u00e9e \u00e0 partir de panneaux de haute qualit\u00e9 et a subi un traitement sp\u00e9cial d'imperm\u00e9abilisation, ce qui lui permet de r\u00e9sister efficacement aux \u00e9claboussures d'eau lors des lavages quotidiens. Les bandes lumineuses situ\u00e9es au-dessus et au-dessous de l'armoire de toilette ont \u00e9t\u00e9 con\u00e7ues en tenant compte de l'environnement humide de la salle de bains et pr\u00e9sentent de bonnes performances en mati\u00e8re d'\u00e9tanch\u00e9it\u00e9.<\/p>\n\n\n\n<p><strong>Mat\u00e9riau c\u00e9ramique de haute qualit\u00e9<\/strong>: Le lavabo est fabriqu\u00e9 en c\u00e9ramique, qui pr\u00e9sente une texture d\u00e9licate, une surface lisse et facile \u00e0 nettoyer, durable et r\u00e9sistante \u00e0 l'usure, et ne se raye pas facilement, m\u00eame apr\u00e8s une utilisation prolong\u00e9e.<\/p>\n\n\n\n<p><strong>Armoire de toilette int\u00e9gr\u00e9e<\/strong>: equipped with mirror and storage space, it is both practical and functional to meet daily grooming and storage needs.<\/p>\n\n\n\n<p><strong>Syst\u00e8me d'\u00e9clairage LED intelligent \u00e0 trois couleurs<\/strong>: L'armoire de toilette est \u00e9quip\u00e9e d'une bande lumineuse douce, d'un simple bouton tactile, d'une utilisation intuitive, d'un r\u00e9glage de la source lumineuse en trois couleurs et d'un \u00e9clairage suffisant pour r\u00e9pondre aux diff\u00e9rents sc\u00e9narios d'utilisation et aux exigences en mati\u00e8re d'atmosph\u00e8re.<\/p>\n\n\n\n<p><strong>Adaptation multi-sc\u00e9narios<\/strong>: L'aspect du meuble est simple et moderne, et ses multiples fonctions r\u00e9pondent aux besoins de la salle de bains. Il convient \u00e0 diverses salles de bains telles que les r\u00e9sidences, les h\u00f4tels et les appartements en location.<\/p>\n\n\n\n<p><strong>Vente directe \u00e0 l'usine, meilleur prix<\/strong>: L'usine source Shouya produit de mani\u00e8re ind\u00e9pendante, contr\u00f4le strictement la qualit\u00e9, produit en grandes quantit\u00e9s, est en contact direct avec les clients, n'a pas de liens interm\u00e9diaires et est comp\u00e9titive en termes de prix.<\/p>\n<\/div>\n\n\n\n<div class=\"wp-block-column is-layout-flow wp-block-column-is-layout-flow\"><div class=\"wp-block-image\">\n<figure class=\"aligncenter size-full\"><img decoding=\"async\" width=\"954\" height=\"954\" src=\"https:\/\/www.shouyasanitary.com\/wp-content\/uploads\/2025\/05\/Custom-Bathroom-Vanities-with-Sink-Wholesale-Dark-Grey-Plywood-Cabinets-Bathroom-1.webp\" alt=\"Meubles de salle de bain sur mesure avec \u00e9vier Wholesale Dark Grey Plywood Cabinets Salle de bain (1)\" class=\"wp-image-1077\" style=\"object-fit:cover\" srcset=\"https:\/\/www.shouyasanitary.com\/wp-content\/uploads\/2025\/05\/Custom-Bathroom-Vanities-with-Sink-Wholesale-Dark-Grey-Plywood-Cabinets-Bathroom-1.webp 954w, https:\/\/www.shouyasanitary.com\/wp-content\/uploads\/2025\/05\/Custom-Bathroom-Vanities-with-Sink-Wholesale-Dark-Grey-Plywood-Cabinets-Bathroom-1-300x300.webp 300w, https:\/\/www.shouyasanitary.com\/wp-content\/uploads\/2025\/05\/Custom-Bathroom-Vanities-with-Sink-Wholesale-Dark-Grey-Plywood-Cabinets-Bathroom-1-150x150.webp 150w, https:\/\/www.shouyasanitary.com\/wp-content\/uploads\/2025\/05\/Custom-Bathroom-Vanities-with-Sink-Wholesale-Dark-Grey-Plywood-Cabinets-Bathroom-1-768x768.webp 768w, https:\/\/www.shouyasanitary.com\/wp-content\/uploads\/2025\/05\/Custom-Bathroom-Vanities-with-Sink-Wholesale-Dark-Grey-Plywood-Cabinets-Bathroom-1-12x12.webp 12w, https:\/\/www.shouyasanitary.com\/wp-content\/uploads\/2025\/05\/Custom-Bathroom-Vanities-with-Sink-Wholesale-Dark-Grey-Plywood-Cabinets-Bathroom-1-600x600.webp 600w, https:\/\/www.shouyasanitary.com\/wp-content\/uploads\/2025\/05\/Custom-Bathroom-Vanities-with-Sink-Wholesale-Dark-Grey-Plywood-Cabinets-Bathroom-1-100x100.webp 100w\" sizes=\"(max-width: 954px) 100vw, 954px\" \/><\/figure>\n<\/div><\/div>\n<\/div>","protected":false},"excerpt":{"rendered":"<p>Bienvenue dans les vanit\u00e9s de salle de bain personnalis\u00e9es, un design simple gris moderne, adapt\u00e9 \u00e0 divers styles de salle de bain. Contreplaqu\u00e9 imperm\u00e9able avec lavabo en c\u00e9ramique, armoire de toilette, rangement int\u00e9gr\u00e9 et bande lumineuse LED, durable et belle. Nous soutenons les ventes directes d'usine et la personnalisation. Contactez-nous pour obtenir un devis !<\/p>\n<h2>Attributs des meubles-lavabos\uff1a<\/h2>\n<p><strong>Num\u00e9ro d'article : <\/strong>NS22-80<strong><br \/>Mat\u00e9riau de l'armoire<\/strong>: Contreplaqu\u00e9<br \/><strong>Couleur de l'armoire :<\/strong> Gris fonc\u00e9<br \/><strong>Miroir :<\/strong> Miroir LED (3,5 mm \/ 3,8 mm), \u00e9clairage tricolore, d\u00e9sembuage par simple pression d'une touche, s\u00e9curis\u00e9 par un emballage en mousse multicouche<br \/><strong>Type d'installation :<\/strong> Montage mural<br \/><strong>Dimensions (L \u00d7 L \u00d7 H) :<\/strong> 80 x 47 x 48 cm<br \/><strong>Poids brut :<\/strong> 28kg\/set<\/p>\n<h2>Personnalisation et services :<\/h2>\n<p><strong>OEM ET ODM<\/strong>: Pris en charge<br \/><strong>Conception<\/strong>: Gratuit<br \/><strong>Accessoires<\/strong>: Lavabos, miroirs, robinets et autres accessoires de salle de bains<br \/><strong>Emballage<\/strong>: Pr\u00eat \u00e0 monter<\/p>","protected":false},"featured_media":1077,"comment_status":"closed","ping_status":"closed","template":"","meta":{"_acf_changed":false},"product_brand":[],"product_cat":[20],"product_tag":[],"class_list":{"0":"post-1076","1":"product","2":"type-product","3":"status-publish","4":"has-post-thumbnail","6":"product_cat-wholesale-plywood-bathroom-vanity-cabinets","8":"first","9":"instock","10":"shipping-taxable","11":"product-type-simple"},"acf":[],"_links":{"self":[{"href":"https:\/\/www.shouyasanitary.com\/fr\/wp-json\/wp\/v2\/product\/1076","targetHints":{"allow":["GET"]}}],"collection":[{"href":"https:\/\/www.shouyasanitary.com\/fr\/wp-json\/wp\/v2\/product"}],"about":[{"href":"https:\/\/www.shouyasanitary.com\/fr\/wp-json\/wp\/v2\/types\/product"}],"replies":[{"embeddable":true,"href":"https:\/\/www.shouyasanitary.com\/fr\/wp-json\/wp\/v2\/comments?post=1076"}],"wp:featuredmedia":[{"embeddable":true,"href":"https:\/\/www.shouyasanitary.com\/fr\/wp-json\/wp\/v2\/media\/1077"}],"wp:attachment":[{"href":"https:\/\/www.shouyasanitary.com\/fr\/wp-json\/wp\/v2\/media?parent=1076"}],"wp:term":[{"taxonomy":"product_brand","embeddable":true,"href":"https:\/\/www.shouyasanitary.com\/fr\/wp-json\/wp\/v2\/product_brand?post=1076"},{"taxonomy":"product_cat","embeddable":true,"href":"https:\/\/www.shouyasanitary.com\/fr\/wp-json\/wp\/v2\/product_cat?post=1076"},{"taxonomy":"product_tag","embeddable":true,"href":"https:\/\/www.shouyasanitary.com\/fr\/wp-json\/wp\/v2\/product_tag?post=1076"}],"curies":[{"name":"wp","href":"https:\/\/api.w.org\/{rel}","templated":true}]}}