{"id":1080,"date":"2025-05-09T06:40:24","date_gmt":"2025-05-09T06:40:24","guid":{"rendered":"https:\/\/www.shouyasanitary.com\/?post_type=product&#038;p=1080"},"modified":"2025-05-13T10:36:28","modified_gmt":"2025-05-13T10:36:28","slug":"bathroom-vanity-custom","status":"publish","type":"product","link":"https:\/\/www.shouyasanitary.com\/fr\/produit\/bathroom-vanity-custom\/","title":{"rendered":"Meuble de salle de bain en contreplaqu\u00e9 Custom, Meuble de salle de bain moderne avec miroir en vrac"},"content":{"rendered":"<div class=\"wp-block-columns is-layout-flex wp-container-core-columns-is-layout-9d6595d7 wp-block-columns-is-layout-flex\">\n<div class=\"wp-block-column is-layout-flow wp-block-column-is-layout-flow\">\n<h2 class=\"wp-block-heading\">Vanit\u00e9 de salle de bain Caract\u00e9ristiques :<\/h2>\n\n\n\n<p><strong>Armoire de toilette multifonctionnelle : <\/strong>\u00e9quip\u00e9 d'un miroir de maquillage, pratique pour le maquillage et les soins quotidiens. L'espace int\u00e9rieur est spacieux et bien divis\u00e9. Il y a un espace de rangement pour les mouchoirs en papier, qui est facile \u00e0 prendre et \u00e0 mettre en place pour r\u00e9pondre aux besoins quotidiens.<\/p>\n\n\n\n<p><strong>Excellente conception de l'armoire principale<\/strong>Le meuble de toilette : associ\u00e9 \u00e0 deux tiroirs, il offre un vaste espace de rangement. Les tiroirs s'ouvrent et se ferment en douceur, ce qui rend leur utilisation facile et pratique.<\/p>\n\n\n\n<p><strong>Aspect simple et \u00e0 la mode<\/strong>\uff1a L'aspect g\u00e9n\u00e9ral moderne est parfaitement compatible avec les diff\u00e9rents styles de d\u00e9coration de la salle de bains. L'accent est mis sur les mat\u00e9riaux imperm\u00e9ables \u00e0 l'eau et \u00e0 l'humidit\u00e9, qui peuvent s'adapter aux environnements humides des salles de bains et sont durables.<\/p>\n\n\n\n<p><strong>Mat\u00e9riau durable et r\u00e9sistant \u00e0 l'humidit\u00e9<\/strong>: Le plan de travail en c\u00e9ramique se nettoie d'un simple coup de chiffon et le corps de l'armoire est fabriqu\u00e9 en contreplaqu\u00e9 r\u00e9sistant \u00e0 l'humidit\u00e9. Les bords et les coins sont arrondis pour r\u00e9duire les chocs.<\/p>\n\n\n\n<p><strong>Armoire de toilette murale<\/strong>: La conception de l'installation murale est flexible, et la position d'installation peut \u00eatre ajust\u00e9e en fonction des habitudes d'utilisation et de la hauteur de l'espace pour am\u00e9liorer le confort.<\/p>\n\n\n\n<p><br><strong>Soutenir les services personnalis\u00e9s<\/strong>: Taille, couleur et configuration fonctionnelle personnalis\u00e9es en fonction des besoins du client, contr\u00f4le de qualit\u00e9 strict, pour r\u00e9pondre aux divers besoins du march\u00e9 de la salle de bains.<\/p>\n<\/div>\n\n\n\n<div class=\"wp-block-column is-layout-flow wp-block-column-is-layout-flow\"><div class=\"wp-block-image\">\n<figure class=\"aligncenter size-full\"><img decoding=\"async\" width=\"877\" height=\"877\" src=\"https:\/\/www.shouyasanitary.com\/wp-content\/uploads\/2025\/05\/Dark-Grey-Bathroom-Vanity-Custom-Plywood-Modern-Bathroom-Cabinet-1.webp\" alt=\"Meuble de salle de bain gris fonc\u00e9 sur mesure, meuble de salle de bain moderne en contreplaqu\u00e9 (1)\" class=\"wp-image-1085\" style=\"object-fit:cover\" srcset=\"https:\/\/www.shouyasanitary.com\/wp-content\/uploads\/2025\/05\/Dark-Grey-Bathroom-Vanity-Custom-Plywood-Modern-Bathroom-Cabinet-1.webp 877w, https:\/\/www.shouyasanitary.com\/wp-content\/uploads\/2025\/05\/Dark-Grey-Bathroom-Vanity-Custom-Plywood-Modern-Bathroom-Cabinet-1-300x300.webp 300w, https:\/\/www.shouyasanitary.com\/wp-content\/uploads\/2025\/05\/Dark-Grey-Bathroom-Vanity-Custom-Plywood-Modern-Bathroom-Cabinet-1-150x150.webp 150w, https:\/\/www.shouyasanitary.com\/wp-content\/uploads\/2025\/05\/Dark-Grey-Bathroom-Vanity-Custom-Plywood-Modern-Bathroom-Cabinet-1-768x768.webp 768w, https:\/\/www.shouyasanitary.com\/wp-content\/uploads\/2025\/05\/Dark-Grey-Bathroom-Vanity-Custom-Plywood-Modern-Bathroom-Cabinet-1-12x12.webp 12w, https:\/\/www.shouyasanitary.com\/wp-content\/uploads\/2025\/05\/Dark-Grey-Bathroom-Vanity-Custom-Plywood-Modern-Bathroom-Cabinet-1-600x600.webp 600w, https:\/\/www.shouyasanitary.com\/wp-content\/uploads\/2025\/05\/Dark-Grey-Bathroom-Vanity-Custom-Plywood-Modern-Bathroom-Cabinet-1-100x100.webp 100w\" sizes=\"(max-width: 877px) 100vw, 877px\" \/><\/figure>\n<\/div><\/div>\n<\/div>","protected":false},"excerpt":{"rendered":"<p>Meuble de salle de bains personnalis\u00e9, mat\u00e9riau r\u00e9sistant \u00e0 l'humidit\u00e9 et conception murale, avec une armoire de toilette multifonctionnelle, un comptoir en c\u00e9ramique et deux tiroirs, polyvalent et durable. Service de personnalisation et vente en gros. N'h\u00e9sitez pas \u00e0 demander un devis.<\/p>\n<h2>Attributs du meuble-lavabo\uff1a<\/h2>\n<p><strong>Num\u00e9ro d'article : <\/strong>NS25-80<strong><br \/>Mat\u00e9riau de l'armoire :<\/strong> Contreplaqu\u00e9<br \/><strong>Couleur de l'armoire :<\/strong> Gris fonc\u00e9<br \/><strong>Miroir :<\/strong>\u00a0Miroir LED (3,5 mm \/ 3,8 mm), \u00e9clairage tricolore, d\u00e9sembuage par simple pression d'une touche, s\u00e9curis\u00e9 par un emballage en mousse multicouche<br \/><strong>Type d'installation :<\/strong>\u00a0Montage mural<br \/><strong>Dimensions (L \u00d7 L \u00d7 H) :<\/strong> 80 x 47 x 48 cm<br \/><strong>Poids brut :<\/strong> 28kg\/set<\/p>\n<h2>Personnalisation et services :<\/h2>\n<p><strong>OEM ET ODM<\/strong>: Pris en charge<br \/><strong>Conception<\/strong>: Gratuit<br \/><strong>Accessoires<\/strong>: Lavabos, miroirs, robinets et autres accessoires de salle de bains<br \/><strong>Emballage<\/strong>: Pr\u00eat \u00e0 monter<\/p>","protected":false},"featured_media":1085,"comment_status":"closed","ping_status":"closed","template":"","meta":{"_acf_changed":false},"product_brand":[],"product_cat":[20],"product_tag":[],"class_list":{"0":"post-1080","1":"product","2":"type-product","3":"status-publish","4":"has-post-thumbnail","6":"product_cat-wholesale-plywood-bathroom-vanity-cabinets","8":"first","9":"instock","10":"shipping-taxable","11":"product-type-simple"},"acf":[],"_links":{"self":[{"href":"https:\/\/www.shouyasanitary.com\/fr\/wp-json\/wp\/v2\/product\/1080","targetHints":{"allow":["GET"]}}],"collection":[{"href":"https:\/\/www.shouyasanitary.com\/fr\/wp-json\/wp\/v2\/product"}],"about":[{"href":"https:\/\/www.shouyasanitary.com\/fr\/wp-json\/wp\/v2\/types\/product"}],"replies":[{"embeddable":true,"href":"https:\/\/www.shouyasanitary.com\/fr\/wp-json\/wp\/v2\/comments?post=1080"}],"wp:featuredmedia":[{"embeddable":true,"href":"https:\/\/www.shouyasanitary.com\/fr\/wp-json\/wp\/v2\/media\/1085"}],"wp:attachment":[{"href":"https:\/\/www.shouyasanitary.com\/fr\/wp-json\/wp\/v2\/media?parent=1080"}],"wp:term":[{"taxonomy":"product_brand","embeddable":true,"href":"https:\/\/www.shouyasanitary.com\/fr\/wp-json\/wp\/v2\/product_brand?post=1080"},{"taxonomy":"product_cat","embeddable":true,"href":"https:\/\/www.shouyasanitary.com\/fr\/wp-json\/wp\/v2\/product_cat?post=1080"},{"taxonomy":"product_tag","embeddable":true,"href":"https:\/\/www.shouyasanitary.com\/fr\/wp-json\/wp\/v2\/product_tag?post=1080"}],"curies":[{"name":"wp","href":"https:\/\/api.w.org\/{rel}","templated":true}]}}