{"id":1113,"date":"2025-05-22T16:40:03","date_gmt":"2025-05-22T16:40:03","guid":{"rendered":"https:\/\/www.shouyasanitary.com\/?post_type=product&#038;p=1113"},"modified":"2025-05-22T16:40:10","modified_gmt":"2025-05-22T16:40:10","slug":"custom-vanities-for-bathrooms","status":"publish","type":"product","link":"https:\/\/www.shouyasanitary.com\/fr\/produit\/custom-vanities-for-bathrooms\/","title":{"rendered":"Vanit\u00e9s sur mesure pour salles de bains, Armoire de salle de bains en PVC gris moderne Wholesale"},"content":{"rendered":"<div class=\"wp-block-columns is-layout-flex wp-container-core-columns-is-layout-9d6595d7 wp-block-columns-is-layout-flex\">\n<div class=\"wp-block-column is-layout-flow wp-block-column-is-layout-flow\">\n<h2 class=\"wp-block-heading\">Caract\u00e9ristiques des meubles-lavabos pour salles de bains\uff1a<\/h2>\n\n\n\n<p><strong>Style moderne et simple<\/strong>Il s'agit d'un meuble de salle de bains : aux lignes douces et au ton blanc polyvalent. Il s'int\u00e8gre facilement \u00e0 diff\u00e9rents styles de d\u00e9coration et rehausse l'esth\u00e9tique g\u00e9n\u00e9rale de la salle de bains.<\/p>\n\n\n\n<p><strong>Grande capacit\u00e9 de stockage<\/strong>: Les \u00e9tag\u00e8res ouvertes multigrilles du haut permettent de ranger les produits cosm\u00e9tiques et les articles de toilette quotidiens pour un acc\u00e8s facile. La partie inf\u00e9rieure est \u00e9quip\u00e9e de portes de placard et de tiroirs pour faciliter le rangement des articles divers\uff0c tout en gardant le plan de travail propre.<\/p>\n\n\n\n<p><strong>Armoire de toilette multifonctionnelle<\/strong>: La surface rectangulaire du miroir garantit une r\u00e9flexion claire, sans angle mort. Le c\u00f4t\u00e9 r\u00e9serve un espace de rangement, ce qui permet de placer plus facilement les petits objets.<\/p>\n\n\n\n<p><strong>Mat\u00e9riau PVC de haute qualit\u00e9\uff1a <\/strong>Le PVC est imperm\u00e9able \u00e0 l'eau et \u00e0 l'humidit\u00e9, durable, beau et adapt\u00e9 \u00e0 toutes sortes d'environnements humides dans les salles de bains.<\/p>\n\n\n\n<p><strong>Facile \u00e0 nettoyer<\/strong>: La surface \u00e9tant lisse et plate, la poussi\u00e8re et les taches d'eau n'adh\u00e8rent pas facilement. Pour le nettoyage quotidien, il suffit d'essuyer d\u00e9licatement avec un chiffon humide, ce qui r\u00e9duit les co\u00fbts et le temps de nettoyage.<\/p>\n\n\n\n<p><strong>Personnalisation flexible<\/strong>L'entreprise : propose des services personnalis\u00e9s tels que des tailles, des couleurs, des configurations et des emballages multiples pour r\u00e9pondre \u00e0 des besoins vari\u00e9s tels que l'usage domestique, l'usage commercial et l'usage technique.<\/p>\n<\/div>\n\n\n\n<div class=\"wp-block-column is-layout-flow wp-block-column-is-layout-flow\"><div class=\"wp-block-image\">\n<figure class=\"aligncenter size-full\"><img decoding=\"async\" width=\"1981\" height=\"1981\" src=\"https:\/\/www.shouyasanitary.com\/wp-content\/uploads\/2025\/05\/Custom-Vanities-for-Bathrooms-Modern-PVC-Bathroom-Cabinet-1.webp\" alt=\"Vanit\u00e9s sur mesure pour salles de bains, armoires de salle de bains modernes en PVC (1)\" class=\"wp-image-1114\" style=\"object-fit:cover\" srcset=\"https:\/\/www.shouyasanitary.com\/wp-content\/uploads\/2025\/05\/Custom-Vanities-for-Bathrooms-Modern-PVC-Bathroom-Cabinet-1.webp 1981w, https:\/\/www.shouyasanitary.com\/wp-content\/uploads\/2025\/05\/Custom-Vanities-for-Bathrooms-Modern-PVC-Bathroom-Cabinet-1-300x300.webp 300w, https:\/\/www.shouyasanitary.com\/wp-content\/uploads\/2025\/05\/Custom-Vanities-for-Bathrooms-Modern-PVC-Bathroom-Cabinet-1-150x150.webp 150w, https:\/\/www.shouyasanitary.com\/wp-content\/uploads\/2025\/05\/Custom-Vanities-for-Bathrooms-Modern-PVC-Bathroom-Cabinet-1-768x768.webp 768w, https:\/\/www.shouyasanitary.com\/wp-content\/uploads\/2025\/05\/Custom-Vanities-for-Bathrooms-Modern-PVC-Bathroom-Cabinet-1-12x12.webp 12w, https:\/\/www.shouyasanitary.com\/wp-content\/uploads\/2025\/05\/Custom-Vanities-for-Bathrooms-Modern-PVC-Bathroom-Cabinet-1-1200x1200.webp 1200w, https:\/\/www.shouyasanitary.com\/wp-content\/uploads\/2025\/05\/Custom-Vanities-for-Bathrooms-Modern-PVC-Bathroom-Cabinet-1-600x600.webp 600w, https:\/\/www.shouyasanitary.com\/wp-content\/uploads\/2025\/05\/Custom-Vanities-for-Bathrooms-Modern-PVC-Bathroom-Cabinet-1-100x100.webp 100w\" sizes=\"(max-width: 1981px) 100vw, 1981px\" \/><\/figure>\n<\/div><\/div>\n<\/div>","protected":false},"excerpt":{"rendered":"<p>Vanit\u00e9s personnalis\u00e9es pour salles de bains, mat\u00e9riau PVC, design \u00e9l\u00e9gant, miroir spacieux, avec armoire de toilette et espace de rangement \u00e0 compartiments multiples, cr\u00e9ant un espace de salle de bains confortable et magnifique. Fourniture directe de l'usine, support de la personnalisation. Veuillez nous contacter pour un devis.<\/p>\n<h2>Attributs des meubles-lavabos pour salles de bains\uff1a<\/h2>\n<p><strong>Num\u00e9ro d'article : <\/strong>HR8813-90<strong><br \/>Mat\u00e9riau de l'armoire :<\/strong> PVC<br \/><strong>Couleur de l'armoire : <\/strong> Gris clair<br \/><strong>Miroir :<\/strong> Miroir LED (3,5 mm\/3,8 mm), \u00e9clairage tricolore, d\u00e9sembuage par simple pression d'une touche, s\u00e9curis\u00e9 par un emballage en mousse multicouche.<br \/><strong>Type d'installation :<\/strong>\u00a0Montage mural<br \/><strong>Dimensions (L\u00d7L\u00d7H) :<\/strong> 90*47*48 cm<br \/><strong>Poids brut :<\/strong> 30kg\/set<\/p>\n<h2>Personnalisation et services :<\/h2>\n<p><strong>OEM ET ODM<\/strong>: Pris en charge<br \/><strong>Conception<\/strong>: Gratuit<br \/><strong>Accessoires<\/strong>: Lavabos, miroirs, robinets et autres accessoires de salle de bains<br \/><strong>Emballage<\/strong>: Pr\u00eat \u00e0 monter<\/p>","protected":false},"featured_media":1114,"comment_status":"closed","ping_status":"closed","template":"","meta":{"_acf_changed":false},"product_brand":[],"product_cat":[24],"product_tag":[],"class_list":{"0":"post-1113","1":"product","2":"type-product","3":"status-publish","4":"has-post-thumbnail","6":"product_cat-wholesale-pvc-bathroom-vanity-cabinets","8":"first","9":"instock","10":"shipping-taxable","11":"product-type-simple"},"acf":[],"_links":{"self":[{"href":"https:\/\/www.shouyasanitary.com\/fr\/wp-json\/wp\/v2\/product\/1113","targetHints":{"allow":["GET"]}}],"collection":[{"href":"https:\/\/www.shouyasanitary.com\/fr\/wp-json\/wp\/v2\/product"}],"about":[{"href":"https:\/\/www.shouyasanitary.com\/fr\/wp-json\/wp\/v2\/types\/product"}],"replies":[{"embeddable":true,"href":"https:\/\/www.shouyasanitary.com\/fr\/wp-json\/wp\/v2\/comments?post=1113"}],"wp:featuredmedia":[{"embeddable":true,"href":"https:\/\/www.shouyasanitary.com\/fr\/wp-json\/wp\/v2\/media\/1114"}],"wp:attachment":[{"href":"https:\/\/www.shouyasanitary.com\/fr\/wp-json\/wp\/v2\/media?parent=1113"}],"wp:term":[{"taxonomy":"product_brand","embeddable":true,"href":"https:\/\/www.shouyasanitary.com\/fr\/wp-json\/wp\/v2\/product_brand?post=1113"},{"taxonomy":"product_cat","embeddable":true,"href":"https:\/\/www.shouyasanitary.com\/fr\/wp-json\/wp\/v2\/product_cat?post=1113"},{"taxonomy":"product_tag","embeddable":true,"href":"https:\/\/www.shouyasanitary.com\/fr\/wp-json\/wp\/v2\/product_tag?post=1113"}],"curies":[{"name":"wp","href":"https:\/\/api.w.org\/{rel}","templated":true}]}}