{"id":1117,"date":"2025-05-22T16:55:59","date_gmt":"2025-05-22T16:55:59","guid":{"rendered":"https:\/\/www.shouyasanitary.com\/?post_type=product&#038;p=1117"},"modified":"2025-05-22T16:56:05","modified_gmt":"2025-05-22T16:56:05","slug":"bathroom-vanities-wholesale","status":"publish","type":"product","link":"https:\/\/www.shouyasanitary.com\/fr\/produit\/bathroom-vanities-wholesale\/","title":{"rendered":"Meubles de salle de bain blancs Wholesale, Meuble de salle de bain en PVC avec miroir en vrac"},"content":{"rendered":"<div class=\"wp-block-columns is-layout-flex wp-container-core-columns-is-layout-9d6595d7 wp-block-columns-is-layout-flex\">\n<div class=\"wp-block-column is-layout-flow wp-block-column-is-layout-flow\">\n<h2 class=\"wp-block-heading\">Caract\u00e9ristiques des meubles-lavabos blancs\uff1a<\/h2>\n\n\n\n<p><strong>Aspect moderne et minimaliste<\/strong>Le mod\u00e8le de l'escalier : blanc et gris, lignes minimalistes assorties de poign\u00e9es hexagonales, unique et moderne, plus artistique.<\/p>\n\n\n\n<p><strong>Mat\u00e9riau PVC de haute qualit\u00e9<\/strong>: Fabriqu\u00e9 en PVC, ce mat\u00e9riau pr\u00e9sente de bonnes performances en mati\u00e8re d'\u00e9tanch\u00e9it\u00e9 et de r\u00e9sistance \u00e0 l'humidit\u00e9. Il ne se d\u00e9forme pas facilement dans un environnement de salle de bains humide et r\u00e9pond aux besoins des salles de bains modernes.<\/p>\n\n\n\n<p><strong>Fonction de stockage puissante<\/strong>: Conception \u00e0 double porte de grande capacit\u00e9, qui peut \u00eatre utilis\u00e9e pour ranger les articles de toilette quotidiens. Le compartiment ouvert est pratique pour acc\u00e9der aux petits objets et rendre le rangement plus ordonn\u00e9.<\/p>\n\n\n\n<p><strong>Des bandes lumineuses entourent le miroir<\/strong>: Les bandes lumineuses situ\u00e9es de part et d'autre fournissent un \u00e9clairage d'appoint, avec une lumi\u00e8re douce qui r\u00e9pond aux besoins d'\u00e9clairage de sc\u00e9narios tels que le toilettage.<\/p>\n\n\n\n<p><strong>Conception murale<\/strong>: La m\u00e9thode de pose suspendue facilite le nettoyage du sol et le maintient propre et ordonn\u00e9, cr\u00e9e une sensation visuelle de l\u00e9g\u00e8ret\u00e9 et am\u00e9liore l'impression g\u00e9n\u00e9rale d'espace.<\/p>\n\n\n\n<p><strong>Vente directe \u00e0 l'usine<\/strong>: Fourniture d'usine, prix d'usine, qualit\u00e9 stable, d\u00e9lai de livraison contr\u00f4lable, performance \u00e0 co\u00fbt \u00e9lev\u00e9.<\/p>\n<\/div>\n\n\n\n<div class=\"wp-block-column is-layout-flow wp-block-column-is-layout-flow\"><div class=\"wp-block-image\">\n<figure class=\"aligncenter size-full\"><img decoding=\"async\" width=\"2086\" height=\"2086\" src=\"https:\/\/www.shouyasanitary.com\/wp-content\/uploads\/2025\/05\/White-Bathroom-Vanities-Wholesale-Light-Luxury-PVC-Cabinet-Bathroom-1.webp\" alt=\"Meubles de salle de bain blancs Wholesale, Meubles de salle de bain l\u00e9gers en PVC de luxe (1)\" class=\"wp-image-1119\" style=\"object-fit:cover\" srcset=\"https:\/\/www.shouyasanitary.com\/wp-content\/uploads\/2025\/05\/White-Bathroom-Vanities-Wholesale-Light-Luxury-PVC-Cabinet-Bathroom-1.webp 2086w, https:\/\/www.shouyasanitary.com\/wp-content\/uploads\/2025\/05\/White-Bathroom-Vanities-Wholesale-Light-Luxury-PVC-Cabinet-Bathroom-1-300x300.webp 300w, https:\/\/www.shouyasanitary.com\/wp-content\/uploads\/2025\/05\/White-Bathroom-Vanities-Wholesale-Light-Luxury-PVC-Cabinet-Bathroom-1-150x150.webp 150w, https:\/\/www.shouyasanitary.com\/wp-content\/uploads\/2025\/05\/White-Bathroom-Vanities-Wholesale-Light-Luxury-PVC-Cabinet-Bathroom-1-768x768.webp 768w, https:\/\/www.shouyasanitary.com\/wp-content\/uploads\/2025\/05\/White-Bathroom-Vanities-Wholesale-Light-Luxury-PVC-Cabinet-Bathroom-1-12x12.webp 12w, https:\/\/www.shouyasanitary.com\/wp-content\/uploads\/2025\/05\/White-Bathroom-Vanities-Wholesale-Light-Luxury-PVC-Cabinet-Bathroom-1-1200x1200.webp 1200w, https:\/\/www.shouyasanitary.com\/wp-content\/uploads\/2025\/05\/White-Bathroom-Vanities-Wholesale-Light-Luxury-PVC-Cabinet-Bathroom-1-600x600.webp 600w, https:\/\/www.shouyasanitary.com\/wp-content\/uploads\/2025\/05\/White-Bathroom-Vanities-Wholesale-Light-Luxury-PVC-Cabinet-Bathroom-1-100x100.webp 100w\" sizes=\"(max-width: 2086px) 100vw, 2086px\" \/><\/figure>\n<\/div><\/div>\n<\/div>","protected":false},"excerpt":{"rendered":"<p>Vanit\u00e9s de salle de bain blanches en gros, style moderne et luxueux, design flottant avec poign\u00e9es g\u00e9om\u00e9triques et armoire de toilette, grande capacit\u00e9 et beaut\u00e9. Stock en vrac semi-personnalis\u00e9, prix d'usine. Contactez nous pour obtenir un devis maintenant !<\/p>\n<h2>Vanit\u00e9s de salle de bain blanches Attributs\uff1a<\/h2>\n<p><strong>Num\u00e9ro d'article :<\/strong>HR8808-90<strong><br \/>Mat\u00e9riau de l'armoire :<\/strong> PVC<br \/><strong>Couleur de l'armoire :<\/strong> Blanc<br \/><strong>Miroir :<\/strong> Miroir LED (3,5 mm\/3,8 mm), \u00e9clairage tricolore, d\u00e9sembuage par simple pression d'une touche, s\u00e9curis\u00e9 par un emballage en mousse multicouche.<br \/><strong>Type d'installation :<\/strong>\u00a0Montage mural<br \/><strong>Dimensions (L\u00d7L\u00d7H) :<\/strong> 90*47*50 cm<br \/><strong>Poids brut :<\/strong> 30kg\/set<\/p>\n<h2>Personnalisation et services :<\/h2>\n<p><strong>OEM ET ODM<\/strong>: Pris en charge<br \/><strong>Conception<\/strong>: Gratuit<br \/><strong>Accessoires<\/strong>: Lavabos, miroirs, robinets et autres accessoires de salle de bains<br \/><strong>Emballage<\/strong>: Pr\u00eat \u00e0 monter<\/p>","protected":false},"featured_media":1119,"comment_status":"closed","ping_status":"closed","template":"","meta":{"_acf_changed":false},"product_brand":[],"product_cat":[24],"product_tag":[],"class_list":{"0":"post-1117","1":"product","2":"type-product","3":"status-publish","4":"has-post-thumbnail","6":"product_cat-wholesale-pvc-bathroom-vanity-cabinets","8":"first","9":"instock","10":"shipping-taxable","11":"product-type-simple"},"acf":[],"_links":{"self":[{"href":"https:\/\/www.shouyasanitary.com\/fr\/wp-json\/wp\/v2\/product\/1117","targetHints":{"allow":["GET"]}}],"collection":[{"href":"https:\/\/www.shouyasanitary.com\/fr\/wp-json\/wp\/v2\/product"}],"about":[{"href":"https:\/\/www.shouyasanitary.com\/fr\/wp-json\/wp\/v2\/types\/product"}],"replies":[{"embeddable":true,"href":"https:\/\/www.shouyasanitary.com\/fr\/wp-json\/wp\/v2\/comments?post=1117"}],"wp:featuredmedia":[{"embeddable":true,"href":"https:\/\/www.shouyasanitary.com\/fr\/wp-json\/wp\/v2\/media\/1119"}],"wp:attachment":[{"href":"https:\/\/www.shouyasanitary.com\/fr\/wp-json\/wp\/v2\/media?parent=1117"}],"wp:term":[{"taxonomy":"product_brand","embeddable":true,"href":"https:\/\/www.shouyasanitary.com\/fr\/wp-json\/wp\/v2\/product_brand?post=1117"},{"taxonomy":"product_cat","embeddable":true,"href":"https:\/\/www.shouyasanitary.com\/fr\/wp-json\/wp\/v2\/product_cat?post=1117"},{"taxonomy":"product_tag","embeddable":true,"href":"https:\/\/www.shouyasanitary.com\/fr\/wp-json\/wp\/v2\/product_tag?post=1117"}],"curies":[{"name":"wp","href":"https:\/\/api.w.org\/{rel}","templated":true}]}}