{"id":1121,"date":"2025-05-22T17:05:14","date_gmt":"2025-05-22T17:05:14","guid":{"rendered":"https:\/\/www.shouyasanitary.com\/?post_type=product&#038;p=1121"},"modified":"2025-05-22T17:05:19","modified_gmt":"2025-05-22T17:05:19","slug":"wholesale-vanity-bathroom","status":"publish","type":"product","link":"https:\/\/www.shouyasanitary.com\/fr\/produit\/wholesale-vanity-bathroom\/","title":{"rendered":"Grossiste Meuble de salle de bain PVC gris avec miroirs en vrac"},"content":{"rendered":"<div class=\"wp-block-columns is-layout-flex wp-container-core-columns-is-layout-9d6595d7 wp-block-columns-is-layout-flex\">\n<div class=\"wp-block-column is-layout-flow wp-block-column-is-layout-flow\">\n<h2 class=\"wp-block-heading\">Caract\u00e9ristiques de la salle de bain \u00e0 l'italienne\uff1a<\/h2>\n\n\n\n<p><strong>Mat\u00e9riau PVC de haute qualit\u00e9<\/strong>: Il est \u00e9tanche, r\u00e9sistant \u00e0 l'humidit\u00e9 et \u00e0 la corrosion, et ne risque pas de moisir ou de se d\u00e9former dans une salle de bains humide. Il est l\u00e9ger et facile \u00e0 installer et \u00e0 transporter.<\/p>\n\n\n\n<p><strong>Vasque en c\u00e9ramique haut de gamme<\/strong>: Le mat\u00e9riau c\u00e9ramique pr\u00e9sente une surface lisse, une texture dure et r\u00e9sistante \u00e0 l'usure.<\/p>\n\n\n\n<p><strong>Porte d'armoire \u00e0 double battant<\/strong>: offre un vaste espace de rangement ferm\u00e9, permettant de classer et de ranger des articles plus volumineux tels que les serviettes de bain et les articles de toilette, ce qui permet de garder la salle de bains propre et bien rang\u00e9e.<\/p>\n\n\n\n<p><strong>Espace de stockage de la partition ouverte<\/strong>: Une cloison ouverte sur le c\u00f4t\u00e9 droit permet d'acc\u00e9der aux objets fr\u00e9quemment utilis\u00e9s, tels que les serviettes pli\u00e9es et les produits de toilette et de bain quotidiens.<\/p>\n\n\n\n<p><strong>Armoire de toilette multifonctionnelle :<\/strong> Il remplit les fonctions habituelles d'un miroir et offre un espace de rangement suppl\u00e9mentaire, qui peut \u00eatre utilis\u00e9 pour ranger de petits articles tels que des produits de soin de la peau et des cosm\u00e9tiques.<\/p>\n\n\n\n<p><strong>Support OEM\/ODM<\/strong>: L'apparence, la taille, la couleur et le mat\u00e9riau peuvent tous \u00eatre personnalis\u00e9s pour r\u00e9pondre \u00e0 une vari\u00e9t\u00e9 de types d'appartements et de styles d'am\u00e9nagement.<\/p>\n<\/div>\n\n\n\n<div class=\"wp-block-column is-layout-flow wp-block-column-is-layout-flow\"><div class=\"wp-block-image\">\n<figure class=\"aligncenter size-full\"><img decoding=\"async\" width=\"1986\" height=\"1986\" src=\"https:\/\/www.shouyasanitary.com\/wp-content\/uploads\/2025\/05\/Wholesale-Vanity-Bathrooms-PVC-Grey-Factory-Direct-Bathroom-Cabinet-with-Mirrors-1.webp\" alt=\"Wholesale Vanity Bathrooms PVC Grey, Factory Direct Bathroom Cabinet with Mirrors (1)\" class=\"wp-image-1123\" style=\"object-fit:cover\" srcset=\"https:\/\/www.shouyasanitary.com\/wp-content\/uploads\/2025\/05\/Wholesale-Vanity-Bathrooms-PVC-Grey-Factory-Direct-Bathroom-Cabinet-with-Mirrors-1.webp 1986w, https:\/\/www.shouyasanitary.com\/wp-content\/uploads\/2025\/05\/Wholesale-Vanity-Bathrooms-PVC-Grey-Factory-Direct-Bathroom-Cabinet-with-Mirrors-1-300x300.webp 300w, https:\/\/www.shouyasanitary.com\/wp-content\/uploads\/2025\/05\/Wholesale-Vanity-Bathrooms-PVC-Grey-Factory-Direct-Bathroom-Cabinet-with-Mirrors-1-150x150.webp 150w, https:\/\/www.shouyasanitary.com\/wp-content\/uploads\/2025\/05\/Wholesale-Vanity-Bathrooms-PVC-Grey-Factory-Direct-Bathroom-Cabinet-with-Mirrors-1-768x768.webp 768w, https:\/\/www.shouyasanitary.com\/wp-content\/uploads\/2025\/05\/Wholesale-Vanity-Bathrooms-PVC-Grey-Factory-Direct-Bathroom-Cabinet-with-Mirrors-1-12x12.webp 12w, https:\/\/www.shouyasanitary.com\/wp-content\/uploads\/2025\/05\/Wholesale-Vanity-Bathrooms-PVC-Grey-Factory-Direct-Bathroom-Cabinet-with-Mirrors-1-1200x1200.webp 1200w, https:\/\/www.shouyasanitary.com\/wp-content\/uploads\/2025\/05\/Wholesale-Vanity-Bathrooms-PVC-Grey-Factory-Direct-Bathroom-Cabinet-with-Mirrors-1-600x600.webp 600w, https:\/\/www.shouyasanitary.com\/wp-content\/uploads\/2025\/05\/Wholesale-Vanity-Bathrooms-PVC-Grey-Factory-Direct-Bathroom-Cabinet-with-Mirrors-1-100x100.webp 100w\" sizes=\"(max-width: 1986px) 100vw, 1986px\" \/><\/figure>\n<\/div><\/div>\n<\/div>","protected":false},"excerpt":{"rendered":"<p>Bienvenue sur le site de vente en gros de meuble de salle de bain, meuble de salle de bain gris \u00e0 motif vertical, design flottant, avec un lavabo et une armoire de toilette. Fourni directement par le fabricant chinois, support OEM\/ODM, et exp\u00e9dition globale. N'h\u00e9sitez pas \u00e0 vous renseigner d\u00e8s aujourd'hui !<\/p>\n<h2>Attributs du meuble-lavabo\uff1a<\/h2>\n<p><strong>Num\u00e9ro d'article : <\/strong>HR8806-90<strong><br \/>Mat\u00e9riau de l'armoire :<\/strong> PVC<br \/><strong>Couleur de l'armoire :\u00a0<\/strong>Gris<br \/><strong>Miroir :<\/strong> Miroir LED (3,5 mm\/3,8 mm), \u00e9clairage tricolore, d\u00e9sembuage par simple pression d'une touche, s\u00e9curis\u00e9 par un emballage en mousse multicouche.<br \/><strong>Type d'installation :<\/strong>\u00a0Montage mural<br \/><strong>Dimensions (L\u00d7L\u00d7H) :<\/strong> 90*47*50 cm<br \/><strong>Poids brut :<\/strong> 30kg\/set<\/p>\n<h2>Personnalisation et services :<\/h2>\n<p><strong>OEM ET ODM<\/strong>: Pris en charge<br \/><strong>Conception<\/strong>: Gratuit<br \/><strong>Accessoires<\/strong>: Lavabos, miroirs, robinets et autres accessoires de salle de bains<br \/><strong>Emballage<\/strong>: Pr\u00eat \u00e0 monter<\/p>","protected":false},"featured_media":1123,"comment_status":"closed","ping_status":"closed","template":"","meta":{"_acf_changed":false},"product_brand":[],"product_cat":[24],"product_tag":[],"class_list":{"0":"post-1121","1":"product","2":"type-product","3":"status-publish","4":"has-post-thumbnail","6":"product_cat-wholesale-pvc-bathroom-vanity-cabinets","8":"first","9":"instock","10":"shipping-taxable","11":"product-type-simple"},"acf":[],"_links":{"self":[{"href":"https:\/\/www.shouyasanitary.com\/fr\/wp-json\/wp\/v2\/product\/1121","targetHints":{"allow":["GET"]}}],"collection":[{"href":"https:\/\/www.shouyasanitary.com\/fr\/wp-json\/wp\/v2\/product"}],"about":[{"href":"https:\/\/www.shouyasanitary.com\/fr\/wp-json\/wp\/v2\/types\/product"}],"replies":[{"embeddable":true,"href":"https:\/\/www.shouyasanitary.com\/fr\/wp-json\/wp\/v2\/comments?post=1121"}],"wp:featuredmedia":[{"embeddable":true,"href":"https:\/\/www.shouyasanitary.com\/fr\/wp-json\/wp\/v2\/media\/1123"}],"wp:attachment":[{"href":"https:\/\/www.shouyasanitary.com\/fr\/wp-json\/wp\/v2\/media?parent=1121"}],"wp:term":[{"taxonomy":"product_brand","embeddable":true,"href":"https:\/\/www.shouyasanitary.com\/fr\/wp-json\/wp\/v2\/product_brand?post=1121"},{"taxonomy":"product_cat","embeddable":true,"href":"https:\/\/www.shouyasanitary.com\/fr\/wp-json\/wp\/v2\/product_cat?post=1121"},{"taxonomy":"product_tag","embeddable":true,"href":"https:\/\/www.shouyasanitary.com\/fr\/wp-json\/wp\/v2\/product_tag?post=1121"}],"curies":[{"name":"wp","href":"https:\/\/api.w.org\/{rel}","templated":true}]}}