{"id":1125,"date":"2025-05-22T17:17:48","date_gmt":"2025-05-22T17:17:48","guid":{"rendered":"https:\/\/www.shouyasanitary.com\/?post_type=product&#038;p=1125"},"modified":"2025-05-22T17:17:53","modified_gmt":"2025-05-22T17:17:53","slug":"custom-vanity-for-bathroom","status":"publish","type":"product","link":"https:\/\/www.shouyasanitary.com\/fr\/produit\/custom-vanity-for-bathroom\/","title":{"rendered":"Vanit\u00e9 personnalis\u00e9e pour salle de bain, vente en gros d'armoires de salle de bain flottantes en PVC jaune"},"content":{"rendered":"<div class=\"wp-block-columns is-layout-flex wp-container-core-columns-is-layout-9d6595d7 wp-block-columns-is-layout-flex\">\n<div class=\"wp-block-column is-layout-flow wp-block-column-is-layout-flow\">\n<h2 class=\"wp-block-heading\">Caract\u00e9ristiques du meuble-lavabo pour salle de bains\uff1a<\/h2>\n\n\n\n<p><strong>Aspect \u00e9l\u00e9gant jaune clair :<\/strong> Le meuble de salle de bains est d'un jaune clair \u00e9l\u00e9gant, assorti d'un design sans poign\u00e9e, convenant \u00e0 une vari\u00e9t\u00e9 d'espaces de salle de bains \u00e0 la mode, vivants et \u00e9l\u00e9gants.<\/p>\n\n\n\n<p><strong>Int\u00e9gration d'armoires de toilette \u00e0 LED<\/strong>: La surface du miroir est \u00e9quip\u00e9e d'une bande lumineuse LED, et le design de l'interrupteur tactile sur le bord rend l'\u00e9clairage naturel et confortable, en tenant compte \u00e0 la fois de la praticit\u00e9 et de la beaut\u00e9.<\/p>\n\n\n\n<p><strong>Stockage partitionn\u00e9<\/strong>: Tiroirs multiples + double porte, l'armoire de toilette sup\u00e9rieure et l'armoire principale inf\u00e9rieure sont raisonnablement divis\u00e9es, ce qui permet de ranger les articles de toilette de mani\u00e8re flexible et de rendre la salle de bains plus ordonn\u00e9e.<\/p>\n\n\n\n<p><strong>Mat\u00e9riau PVC de haute qualit\u00e9 :<\/strong> Le cadre de l'armoire est fabriqu\u00e9 \u00e0 partir d'une feuille de PVC de qualit\u00e9 sup\u00e9rieure, trait\u00e9e contre l'humidit\u00e9. Il est difficile de le d\u00e9former ou de le fissurer apr\u00e8s une longue p\u00e9riode d'utilisation, et il peut \u00eatre utilis\u00e9 dans des conditions humides.<\/p>\n\n\n\n<p><strong>Installation flottante<\/strong>: Le design flottant laisse \u00e9galement le fond vide, ce qui est pratique pour le nettoyage quotidien du sol, \u00e0 la fois en termes de fonctionnalit\u00e9 et de beaut\u00e9, et peut s'appliquer aux petits appartements.<\/p>\n\n\n\n<p><strong>Personnalisation du support<\/strong>: Fournir des services personnalis\u00e9s pour la taille, la couleur, le mat\u00e9riau et le style de la bande lumineuse de l'armoire de toilette, ce qui convient aux projets d'ing\u00e9nierie et aux besoins d'approvisionnement personnalis\u00e9s des propri\u00e9taires de marques.<\/p>\n<\/div>\n\n\n\n<div class=\"wp-block-column is-layout-flow wp-block-column-is-layout-flow\"><div class=\"wp-block-image\">\n<figure class=\"aligncenter size-full\"><img decoding=\"async\" width=\"1000\" height=\"1000\" src=\"https:\/\/www.shouyasanitary.com\/wp-content\/uploads\/2025\/05\/Custom-Vanity-for-Bathroom-Wholesale-Floating-Bathroom-3.webp\" alt=\"Vanit\u00e9 sur mesure pour salle de bain Wholesale Floating Bathroom (3)\" class=\"wp-image-1131\" style=\"object-fit:cover\" srcset=\"https:\/\/www.shouyasanitary.com\/wp-content\/uploads\/2025\/05\/Custom-Vanity-for-Bathroom-Wholesale-Floating-Bathroom-3.webp 1000w, https:\/\/www.shouyasanitary.com\/wp-content\/uploads\/2025\/05\/Custom-Vanity-for-Bathroom-Wholesale-Floating-Bathroom-3-300x300.webp 300w, https:\/\/www.shouyasanitary.com\/wp-content\/uploads\/2025\/05\/Custom-Vanity-for-Bathroom-Wholesale-Floating-Bathroom-3-150x150.webp 150w, https:\/\/www.shouyasanitary.com\/wp-content\/uploads\/2025\/05\/Custom-Vanity-for-Bathroom-Wholesale-Floating-Bathroom-3-768x768.webp 768w, https:\/\/www.shouyasanitary.com\/wp-content\/uploads\/2025\/05\/Custom-Vanity-for-Bathroom-Wholesale-Floating-Bathroom-3-12x12.webp 12w, https:\/\/www.shouyasanitary.com\/wp-content\/uploads\/2025\/05\/Custom-Vanity-for-Bathroom-Wholesale-Floating-Bathroom-3-600x600.webp 600w, https:\/\/www.shouyasanitary.com\/wp-content\/uploads\/2025\/05\/Custom-Vanity-for-Bathroom-Wholesale-Floating-Bathroom-3-100x100.webp 100w\" sizes=\"(max-width: 1000px) 100vw, 1000px\" \/><\/figure>\n<\/div><\/div>\n<\/div>","protected":false},"excerpt":{"rendered":"<p>Le meuble de salle de bains personnalis\u00e9 Welcome est une structure murale \u00e9l\u00e9gante et durable. Directement fourni par l'usine d'armoires de salle de bain Shouya, fournissant des lavabos, des armoires de toilette, des accessoires de salle de bain, etc. Pour des solutions plus rentables, n'h\u00e9sitez pas \u00e0 nous contacter !<\/p>\n<h2>Attributs du meuble-lavabo pour la salle de bains\uff1a<\/h2>\n<p><strong>Num\u00e9ro d'article :<\/strong>HR8815-90<strong><br \/>Mat\u00e9riau de l'armoire :<\/strong> PVC<br \/><strong>Couleur de l'armoire :<\/strong> Jaune<br \/><strong>Miroir :<\/strong> Miroir LED (3,5 mm\/3,8 mm), \u00e9clairage tricolore, d\u00e9sembuage par simple pression d'une touche, s\u00e9curis\u00e9 par un emballage en mousse multicouche.<br \/><strong>Type d'installation :<\/strong>\u00a0Montage mural<br \/><strong>Dimensions (L\u00d7L\u00d7H) :<\/strong> 90*47.5*48.5 cm<br \/><strong>Poids brut :<\/strong> 30kg\/set<\/p>\n<h2>Personnalisation et services :<\/h2>\n<p><strong>OEM ET ODM<\/strong>: Pris en charge<br \/><strong>Conception<\/strong>: Gratuit<br \/><strong>Accessoires<\/strong>: Lavabos, miroirs, robinets et autres accessoires de salle de bains<br \/><strong>Emballage<\/strong>: Pr\u00eat \u00e0 monter<\/p>","protected":false},"featured_media":1131,"comment_status":"closed","ping_status":"closed","template":"","meta":{"_acf_changed":false},"product_brand":[],"product_cat":[24],"product_tag":[],"class_list":{"0":"post-1125","1":"product","2":"type-product","3":"status-publish","4":"has-post-thumbnail","6":"product_cat-wholesale-pvc-bathroom-vanity-cabinets","8":"first","9":"instock","10":"shipping-taxable","11":"product-type-simple"},"acf":[],"_links":{"self":[{"href":"https:\/\/www.shouyasanitary.com\/fr\/wp-json\/wp\/v2\/product\/1125","targetHints":{"allow":["GET"]}}],"collection":[{"href":"https:\/\/www.shouyasanitary.com\/fr\/wp-json\/wp\/v2\/product"}],"about":[{"href":"https:\/\/www.shouyasanitary.com\/fr\/wp-json\/wp\/v2\/types\/product"}],"replies":[{"embeddable":true,"href":"https:\/\/www.shouyasanitary.com\/fr\/wp-json\/wp\/v2\/comments?post=1125"}],"wp:featuredmedia":[{"embeddable":true,"href":"https:\/\/www.shouyasanitary.com\/fr\/wp-json\/wp\/v2\/media\/1131"}],"wp:attachment":[{"href":"https:\/\/www.shouyasanitary.com\/fr\/wp-json\/wp\/v2\/media?parent=1125"}],"wp:term":[{"taxonomy":"product_brand","embeddable":true,"href":"https:\/\/www.shouyasanitary.com\/fr\/wp-json\/wp\/v2\/product_brand?post=1125"},{"taxonomy":"product_cat","embeddable":true,"href":"https:\/\/www.shouyasanitary.com\/fr\/wp-json\/wp\/v2\/product_cat?post=1125"},{"taxonomy":"product_tag","embeddable":true,"href":"https:\/\/www.shouyasanitary.com\/fr\/wp-json\/wp\/v2\/product_tag?post=1125"}],"curies":[{"name":"wp","href":"https:\/\/api.w.org\/{rel}","templated":true}]}}